{"id":9367,"date":"2022-06-10T23:11:41","date_gmt":"2022-06-11T02:11:41","guid":{"rendered":"https:\/\/emprenderenfiestas.com.ar\/?post_type=product&#038;p=9367"},"modified":"2025-09-01T14:11:59","modified_gmt":"2025-09-01T17:11:59","slug":"presupuestos-para-mesas-tematicas-workshop-online","status":"publish","type":"product","link":"https:\/\/emprenderenfiestas.com\/index.php\/product\/presupuestos-para-mesas-tematicas-workshop-online\/","title":{"rendered":"Curso C\u00f3mo cobrar Mesas Tem\u00e1ticas para principiantes"},"content":{"rendered":"\t\t<div data-elementor-type=\"wp-post\" data-elementor-id=\"9367\" class=\"elementor elementor-9367\" data-elementor-post-type=\"product\">\n\t\t\t\t\t\t<section class=\"elementor-section elementor-top-section elementor-element elementor-element-2700d6b5 elementor-section-boxed elementor-section-height-default elementor-section-height-default\" data-id=\"2700d6b5\" data-element_type=\"section\" data-e-type=\"section\">\n\t\t\t\t\t\t<div class=\"elementor-container elementor-column-gap-default\">\n\t\t\t\t\t<div class=\"elementor-column elementor-col-100 elementor-top-column elementor-element elementor-element-7488bcf0\" data-id=\"7488bcf0\" data-element_type=\"column\" data-e-type=\"column\">\n\t\t\t<div class=\"elementor-widget-wrap elementor-element-populated\">\n\t\t\t\t\t\t<div class=\"elementor-element elementor-element-379cccce elementor-widget elementor-widget-text-editor\" data-id=\"379cccce\" data-element_type=\"widget\" data-e-type=\"widget\" data-widget_type=\"text-editor.default\">\n\t\t\t\t<div class=\"elementor-widget-container\">\n\t\t\t\t\t\t\t\t\t<p><strong>\ud83c\udfaf Objetivos del curso<\/strong><\/p><ul><li>Aprender a calcular los costos y precios de mesas tem\u00e1ticas de forma precisa.<\/li><li>Definir precios de venta justos y rentables, considerando mobiliario, insumos y honorarios.<\/li><li>Estandarizar precios de productos y presupuestos personalizados para cada cliente.<\/li><li>Identificar y calcular los costos de productos tercerizados.<\/li><li>Establecer una estrategia clara para el cobro de honorarios como decoradora.<\/li><li>Utilizar la <strong>calculadora autom\u00e1tica en Excel<\/strong> para automatizar los c\u00e1lculos de costos y precios de mesas tem\u00e1ticas.<\/li><li>Aprender las formas adecuadas de presentar una propuesta de presupuesto al cliente.<\/li><li>Definir las condiciones de contrataci\u00f3n de tus servicios.<\/li><\/ul><hr \/><p><strong>\ud83d\udc65 \u00bfA qui\u00e9n est\u00e1 dirigido?<\/strong><br \/>Este curso est\u00e1 dise\u00f1ado para:<\/p><ul><li><strong>Principiantes<\/strong> que est\u00e1n empezando en el mundo de las mesas tem\u00e1ticas y se sienten intimidadas por la falta de conocimientos. Comenzar con una base s\u00f3lida de precios y costos es esencial para hacer crecer su negocio.<\/li><li><strong>Decoradoras experimentadas<\/strong> que llevan tiempo en el rubro, pero que todav\u00eda calculan los precios &#8220;a ojo&#8221; y desean una metodolog\u00eda clara y profesional.<\/li><li><strong>Emprendedoras<\/strong> que desean dejar de depender de comparaciones con otras colegas y establecer sus propios precios con confianza y seguridad.<\/li><\/ul><hr \/><p><strong>\ud83d\udcda Formato y duraci\u00f3n<\/strong><\/p><ul><li><strong>Modalidad:<\/strong> Curso grabado, 100% online.<\/li><li><strong>Acceso:<\/strong> Permanente, sin l\u00edmite de visualizaciones.<\/li><li><strong>Duraci\u00f3n:<\/strong> \ud83d\udd52 5 horas.<\/li><\/ul><hr \/><p><strong>\ud83c\udf81 Material incluido<\/strong><\/p><ul><li><strong>Curso de Administraci\u00f3n Emprendedora para Principiantes<\/strong> con <strong>calculadora autom\u00e1tica en Excel<\/strong> para calcular costos y precios de productos manufacturados.<\/li><li><strong>Excel presupuestador de Mesas Tem\u00e1ticas<\/strong> para calcular precios de manera m\u00e1s r\u00e1pida y precisa.<\/li><li>Este curso <strong>NO incluye materiales f\u00edsicos, ni archivos digitales<\/strong> distintos a los dos Excels mencionados.<\/li><li>Los videos <strong>NO son descargables<\/strong>, se ven dentro de la web.<\/li><\/ul><hr \/><p><strong>\ud83d\udc8e Beneficios adicionales<\/strong><\/p><ul><li>Soporte t\u00e9cnico para resolver dudas durante el proceso de aprendizaje.<\/li><li>Acceso de por vida al contenido grabado para ver las veces que desees.<\/li><li>Certificado de finalizaci\u00f3n al completar el curso.<\/li><\/ul>\t\t\t\t\t\t\t\t<\/div>\n\t\t\t\t<\/div>\n\t\t\t\t\t<\/div>\n\t\t<\/div>\n\t\t\t\t\t<\/div>\n\t\t<\/section>\n\t\t\t\t<\/div>\n\t\t","protected":false},"excerpt":{"rendered":"<p>Aprend\u00e9 a calcular el precio justo de tus decoraciones para mesas tem\u00e1ticas, dejando atr\u00e1s la incertidumbre de &#8220;\u00bfCu\u00e1nto hay que cobrar por esta mesa?&#8221;. Este curso incluye la <strong>calculadora autom\u00e1tica de administraci\u00f3n<\/strong>, el curso completo de costos y precios, y una especializaci\u00f3n enfocada en la decoraci\u00f3n de mesas tem\u00e1ticas. Descubr\u00ed c\u00f3mo presupuestar de forma profesional, desde los productos que cre\u00e1s hasta los que terceriz\u00e1s, e incluso el alquiler de mobiliario.<\/p>\n","protected":false},"featured_media":29954,"comment_status":"open","ping_status":"closed","template":"","meta":{"site-sidebar-layout":"default","site-content-layout":"default","ast-site-content-layout":"default","site-content-style":"default","site-sidebar-style":"default","ast-global-header-display":"","ast-banner-title-visibility":"","ast-main-header-display":"","ast-hfb-above-header-display":"","ast-hfb-below-header-display":"","ast-hfb-mobile-header-display":"","site-post-title":"","ast-breadcrumbs-content":"","ast-featured-img":"","footer-sml-layout":"","ast-disable-related-posts":"","theme-transparent-header-meta":"default","adv-header-id-meta":"","stick-header-meta":"","header-above-stick-meta":"","header-main-stick-meta":"","header-below-stick-meta":"","astra-migrate-meta-layouts":"set","ast-page-background-enabled":"default","ast-page-background-meta":{"desktop":{"background-color":"var(--ast-global-color-4)","background-image":"","background-repeat":"repeat","background-position":"center center","background-size":"auto","background-attachment":"scroll","background-type":"","background-media":"","overlay-type":"","overlay-color":"","overlay-opacity":"","overlay-gradient":""},"tablet":{"background-color":"","background-image":"","background-repeat":"repeat","background-position":"center center","background-size":"auto","background-attachment":"scroll","background-type":"","background-media":"","overlay-type":"","overlay-color":"","overlay-opacity":"","overlay-gradient":""},"mobile":{"background-color":"","background-image":"","background-repeat":"repeat","background-position":"center center","background-size":"auto","background-attachment":"scroll","background-type":"","background-media":"","overlay-type":"","overlay-color":"","overlay-opacity":"","overlay-gradient":""}},"ast-content-background-meta":{"desktop":{"background-color":"var(--ast-global-color-5)","background-image":"","background-repeat":"repeat","background-position":"center center","background-size":"auto","background-attachment":"scroll","background-type":"","background-media":"","overlay-type":"","overlay-color":"","overlay-opacity":"","overlay-gradient":""},"tablet":{"background-color":"var(--ast-global-color-5)","background-image":"","background-repeat":"repeat","background-position":"center center","background-size":"auto","background-attachment":"scroll","background-type":"","background-media":"","overlay-type":"","overlay-color":"","overlay-opacity":"","overlay-gradient":""},"mobile":{"background-color":"var(--ast-global-color-5)","background-image":"","background-repeat":"repeat","background-position":"center center","background-size":"auto","background-attachment":"scroll","background-type":"","background-media":"","overlay-type":"","overlay-color":"","overlay-opacity":"","overlay-gradient":""}},"jetpack_post_was_ever_published":false,"jetpack_publicize_message":"","jetpack_publicize_feature_enabled":true,"jetpack_social_post_already_shared":true,"jetpack_social_options":{"image_generator_settings":{"template":"highway","default_image_id":0,"font":"","enabled":false},"version":2}},"product_brand":[],"product_cat":[566,427,433,422,416,434,414,424,421,417,415],"product_tag":[467,466,469,471,332,378,470,468,465],"class_list":{"0":"post-9367","1":"product","2":"type-product","3":"status-publish","4":"has-post-thumbnail","6":"product_cat-administracion","7":"product_cat-curso","8":"product_cat-decoracion","9":"product_cat-intermedio","10":"product_cat-modalidad","11":"product_cat-negocio","12":"product_cat-nivel","13":"product_cat-online","14":"product_cat-principiante","15":"product_cat-programa","16":"product_cat-tematica","17":"product_tag-como-cobrar","18":"product_tag-como-cobrar-mesas-tematicas","19":"product_tag-costos","20":"product_tag-emprender-en-candy-bar","21":"product_tag-emprender-en-eventos","22":"product_tag-emprender-en-fiestas","23":"product_tag-precios","24":"product_tag-presupuestar","25":"product_tag-presupuestos","26":"desktop-align-center","27":"tablet-align-left","28":"mobile-align-left","30":"first","31":"instock","32":"featured","33":"virtual","34":"purchasable","35":"product-type-simple"},"yoast_head":"<!-- This site is optimized with the Yoast SEO plugin v27.4 - https:\/\/yoast.com\/product\/yoast-seo-wordpress\/ -->\n<title>Curso C\u00f3mo cobrar Mesas Tem\u00e1ticas para principiantes - emprenderenfiestas.com<\/title>\n<meta name=\"description\" content=\"Aprend\u00e9 a cotizar y cobrar Mesas Tem\u00e1ticas con el Curso en vivo &quot;C\u00f3mo cobrar Mesas Tem\u00e1ticas&quot;\" \/>\n<meta name=\"robots\" content=\"index, follow, max-snippet:-1, max-image-preview:large, max-video-preview:-1\" \/>\n<link rel=\"canonical\" href=\"https:\/\/emprenderenfiestas.com\/index.php\/product\/presupuestos-para-mesas-tematicas-workshop-online\/\" \/>\n<meta property=\"og:locale\" content=\"es_ES\" \/>\n<meta property=\"og:type\" content=\"article\" \/>\n<meta property=\"og:title\" content=\"Curso C\u00f3mo cobrar Mesas Tem\u00e1ticas para principiantes - emprenderenfiestas.com\" \/>\n<meta property=\"og:description\" content=\"Aprend\u00e9 a cotizar y cobrar Mesas Tem\u00e1ticas con el Curso en vivo &quot;C\u00f3mo cobrar Mesas Tem\u00e1ticas&quot;\" \/>\n<meta property=\"og:url\" content=\"https:\/\/emprenderenfiestas.com\/index.php\/product\/presupuestos-para-mesas-tematicas-workshop-online\/\" \/>\n<meta property=\"og:site_name\" content=\"emprenderenfiestas.com\" \/>\n<meta property=\"article:modified_time\" content=\"2025-09-01T17:11:59+00:00\" \/>\n<meta property=\"og:image\" content=\"https:\/\/emprenderenfiestas.com\/wp-content\/uploads\/2021\/06\/portadas-web.png\" \/>\n\t<meta property=\"og:image:width\" content=\"1080\" \/>\n\t<meta property=\"og:image:height\" content=\"1080\" \/>\n\t<meta property=\"og:image:type\" content=\"image\/png\" \/>\n<meta name=\"twitter:card\" content=\"summary_large_image\" \/>\n<meta name=\"twitter:label1\" content=\"Tiempo de lectura\" \/>\n\t<meta name=\"twitter:data1\" content=\"2 minutos\" \/>\n<script type=\"application\/ld+json\" class=\"yoast-schema-graph\">{\"@context\":\"https:\\\/\\\/schema.org\",\"@graph\":[{\"@type\":\"WebPage\",\"@id\":\"https:\\\/\\\/emprenderenfiestas.com\\\/index.php\\\/product\\\/presupuestos-para-mesas-tematicas-workshop-online\\\/\",\"url\":\"https:\\\/\\\/emprenderenfiestas.com\\\/index.php\\\/product\\\/presupuestos-para-mesas-tematicas-workshop-online\\\/\",\"name\":\"Curso C\u00f3mo cobrar Mesas Tem\u00e1ticas para principiantes - emprenderenfiestas.com\",\"isPartOf\":{\"@id\":\"https:\\\/\\\/emprenderenfiestas.com\\\/#website\"},\"primaryImageOfPage\":{\"@id\":\"https:\\\/\\\/emprenderenfiestas.com\\\/index.php\\\/product\\\/presupuestos-para-mesas-tematicas-workshop-online\\\/#primaryimage\"},\"image\":{\"@id\":\"https:\\\/\\\/emprenderenfiestas.com\\\/index.php\\\/product\\\/presupuestos-para-mesas-tematicas-workshop-online\\\/#primaryimage\"},\"thumbnailUrl\":\"https:\\\/\\\/i0.wp.com\\\/emprenderenfiestas.com\\\/wp-content\\\/uploads\\\/2021\\\/06\\\/portadas-web.png?fit=1080%2C1080&ssl=1\",\"datePublished\":\"2022-06-11T02:11:41+00:00\",\"dateModified\":\"2025-09-01T17:11:59+00:00\",\"description\":\"Aprend\u00e9 a cotizar y cobrar Mesas Tem\u00e1ticas con el Curso en vivo \\\"C\u00f3mo cobrar Mesas Tem\u00e1ticas\\\"\",\"breadcrumb\":{\"@id\":\"https:\\\/\\\/emprenderenfiestas.com\\\/index.php\\\/product\\\/presupuestos-para-mesas-tematicas-workshop-online\\\/#breadcrumb\"},\"inLanguage\":\"es-AR\",\"potentialAction\":[{\"@type\":\"ReadAction\",\"target\":[\"https:\\\/\\\/emprenderenfiestas.com\\\/index.php\\\/product\\\/presupuestos-para-mesas-tematicas-workshop-online\\\/\"]}]},{\"@type\":\"ImageObject\",\"inLanguage\":\"es-AR\",\"@id\":\"https:\\\/\\\/emprenderenfiestas.com\\\/index.php\\\/product\\\/presupuestos-para-mesas-tematicas-workshop-online\\\/#primaryimage\",\"url\":\"https:\\\/\\\/i0.wp.com\\\/emprenderenfiestas.com\\\/wp-content\\\/uploads\\\/2021\\\/06\\\/portadas-web.png?fit=1080%2C1080&ssl=1\",\"contentUrl\":\"https:\\\/\\\/i0.wp.com\\\/emprenderenfiestas.com\\\/wp-content\\\/uploads\\\/2021\\\/06\\\/portadas-web.png?fit=1080%2C1080&ssl=1\",\"width\":1080,\"height\":1080},{\"@type\":\"BreadcrumbList\",\"@id\":\"https:\\\/\\\/emprenderenfiestas.com\\\/index.php\\\/product\\\/presupuestos-para-mesas-tematicas-workshop-online\\\/#breadcrumb\",\"itemListElement\":[{\"@type\":\"ListItem\",\"position\":1,\"name\":\"Inicio\",\"item\":\"https:\\\/\\\/emprenderenfiestas.com\\\/\"},{\"@type\":\"ListItem\",\"position\":2,\"name\":\"Shop\",\"item\":\"https:\\\/\\\/emprenderenfiestas.com\\\/index.php\\\/shop\\\/\"},{\"@type\":\"ListItem\",\"position\":3,\"name\":\"Curso C\u00f3mo cobrar Mesas Tem\u00e1ticas para principiantes\"}]},{\"@type\":\"WebSite\",\"@id\":\"https:\\\/\\\/emprenderenfiestas.com\\\/#website\",\"url\":\"https:\\\/\\\/emprenderenfiestas.com\\\/\",\"name\":\"Emprender en Fiestas\",\"description\":\"Cursos para emprender en eventos\",\"publisher\":{\"@id\":\"https:\\\/\\\/emprenderenfiestas.com\\\/#\\\/schema\\\/person\\\/7ae3f63e8e0d298333f421659b10fec6\"},\"potentialAction\":[{\"@type\":\"SearchAction\",\"target\":{\"@type\":\"EntryPoint\",\"urlTemplate\":\"https:\\\/\\\/emprenderenfiestas.com\\\/?s={search_term_string}\"},\"query-input\":{\"@type\":\"PropertyValueSpecification\",\"valueRequired\":true,\"valueName\":\"search_term_string\"}}],\"inLanguage\":\"es-AR\"},{\"@type\":[\"Person\",\"Organization\"],\"@id\":\"https:\\\/\\\/emprenderenfiestas.com\\\/#\\\/schema\\\/person\\\/7ae3f63e8e0d298333f421659b10fec6\",\"name\":\"Daniela Dana\",\"image\":{\"@type\":\"ImageObject\",\"inLanguage\":\"es-AR\",\"@id\":\"https:\\\/\\\/i0.wp.com\\\/emprenderenfiestas.com\\\/wp-content\\\/uploads\\\/2023\\\/06\\\/Mesa-de-trabajo-3%402x-e1742245783883.png?fit=2400%2C928&ssl=1\",\"url\":\"https:\\\/\\\/i0.wp.com\\\/emprenderenfiestas.com\\\/wp-content\\\/uploads\\\/2023\\\/06\\\/Mesa-de-trabajo-3%402x-e1742245783883.png?fit=2400%2C928&ssl=1\",\"contentUrl\":\"https:\\\/\\\/i0.wp.com\\\/emprenderenfiestas.com\\\/wp-content\\\/uploads\\\/2023\\\/06\\\/Mesa-de-trabajo-3%402x-e1742245783883.png?fit=2400%2C928&ssl=1\",\"width\":2400,\"height\":928,\"caption\":\"Daniela Dana\"},\"logo\":{\"@id\":\"https:\\\/\\\/i0.wp.com\\\/emprenderenfiestas.com\\\/wp-content\\\/uploads\\\/2023\\\/06\\\/Mesa-de-trabajo-3%402x-e1742245783883.png?fit=2400%2C928&ssl=1\"}}]}<\/script>\n<!-- \/ Yoast SEO plugin. -->","yoast_head_json":{"title":"Curso C\u00f3mo cobrar Mesas Tem\u00e1ticas para principiantes - emprenderenfiestas.com","description":"Aprend\u00e9 a cotizar y cobrar Mesas Tem\u00e1ticas con el Curso en vivo \"C\u00f3mo cobrar Mesas Tem\u00e1ticas\"","robots":{"index":"index","follow":"follow","max-snippet":"max-snippet:-1","max-image-preview":"max-image-preview:large","max-video-preview":"max-video-preview:-1"},"canonical":"https:\/\/emprenderenfiestas.com\/index.php\/product\/presupuestos-para-mesas-tematicas-workshop-online\/","og_locale":"es_ES","og_type":"article","og_title":"Curso C\u00f3mo cobrar Mesas Tem\u00e1ticas para principiantes - emprenderenfiestas.com","og_description":"Aprend\u00e9 a cotizar y cobrar Mesas Tem\u00e1ticas con el Curso en vivo \"C\u00f3mo cobrar Mesas Tem\u00e1ticas\"","og_url":"https:\/\/emprenderenfiestas.com\/index.php\/product\/presupuestos-para-mesas-tematicas-workshop-online\/","og_site_name":"emprenderenfiestas.com","article_modified_time":"2025-09-01T17:11:59+00:00","og_image":[{"width":1080,"height":1080,"url":"https:\/\/emprenderenfiestas.com\/wp-content\/uploads\/2021\/06\/portadas-web.png","type":"image\/png"}],"twitter_card":"summary_large_image","twitter_misc":{"Tiempo de lectura":"2 minutos"},"schema":{"@context":"https:\/\/schema.org","@graph":[{"@type":"WebPage","@id":"https:\/\/emprenderenfiestas.com\/index.php\/product\/presupuestos-para-mesas-tematicas-workshop-online\/","url":"https:\/\/emprenderenfiestas.com\/index.php\/product\/presupuestos-para-mesas-tematicas-workshop-online\/","name":"Curso C\u00f3mo cobrar Mesas Tem\u00e1ticas para principiantes - emprenderenfiestas.com","isPartOf":{"@id":"https:\/\/emprenderenfiestas.com\/#website"},"primaryImageOfPage":{"@id":"https:\/\/emprenderenfiestas.com\/index.php\/product\/presupuestos-para-mesas-tematicas-workshop-online\/#primaryimage"},"image":{"@id":"https:\/\/emprenderenfiestas.com\/index.php\/product\/presupuestos-para-mesas-tematicas-workshop-online\/#primaryimage"},"thumbnailUrl":"https:\/\/i0.wp.com\/emprenderenfiestas.com\/wp-content\/uploads\/2021\/06\/portadas-web.png?fit=1080%2C1080&ssl=1","datePublished":"2022-06-11T02:11:41+00:00","dateModified":"2025-09-01T17:11:59+00:00","description":"Aprend\u00e9 a cotizar y cobrar Mesas Tem\u00e1ticas con el Curso en vivo \"C\u00f3mo cobrar Mesas Tem\u00e1ticas\"","breadcrumb":{"@id":"https:\/\/emprenderenfiestas.com\/index.php\/product\/presupuestos-para-mesas-tematicas-workshop-online\/#breadcrumb"},"inLanguage":"es-AR","potentialAction":[{"@type":"ReadAction","target":["https:\/\/emprenderenfiestas.com\/index.php\/product\/presupuestos-para-mesas-tematicas-workshop-online\/"]}]},{"@type":"ImageObject","inLanguage":"es-AR","@id":"https:\/\/emprenderenfiestas.com\/index.php\/product\/presupuestos-para-mesas-tematicas-workshop-online\/#primaryimage","url":"https:\/\/i0.wp.com\/emprenderenfiestas.com\/wp-content\/uploads\/2021\/06\/portadas-web.png?fit=1080%2C1080&ssl=1","contentUrl":"https:\/\/i0.wp.com\/emprenderenfiestas.com\/wp-content\/uploads\/2021\/06\/portadas-web.png?fit=1080%2C1080&ssl=1","width":1080,"height":1080},{"@type":"BreadcrumbList","@id":"https:\/\/emprenderenfiestas.com\/index.php\/product\/presupuestos-para-mesas-tematicas-workshop-online\/#breadcrumb","itemListElement":[{"@type":"ListItem","position":1,"name":"Inicio","item":"https:\/\/emprenderenfiestas.com\/"},{"@type":"ListItem","position":2,"name":"Shop","item":"https:\/\/emprenderenfiestas.com\/index.php\/shop\/"},{"@type":"ListItem","position":3,"name":"Curso C\u00f3mo cobrar Mesas Tem\u00e1ticas para principiantes"}]},{"@type":"WebSite","@id":"https:\/\/emprenderenfiestas.com\/#website","url":"https:\/\/emprenderenfiestas.com\/","name":"Emprender en Fiestas","description":"Cursos para emprender en eventos","publisher":{"@id":"https:\/\/emprenderenfiestas.com\/#\/schema\/person\/7ae3f63e8e0d298333f421659b10fec6"},"potentialAction":[{"@type":"SearchAction","target":{"@type":"EntryPoint","urlTemplate":"https:\/\/emprenderenfiestas.com\/?s={search_term_string}"},"query-input":{"@type":"PropertyValueSpecification","valueRequired":true,"valueName":"search_term_string"}}],"inLanguage":"es-AR"},{"@type":["Person","Organization"],"@id":"https:\/\/emprenderenfiestas.com\/#\/schema\/person\/7ae3f63e8e0d298333f421659b10fec6","name":"Daniela Dana","image":{"@type":"ImageObject","inLanguage":"es-AR","@id":"https:\/\/i0.wp.com\/emprenderenfiestas.com\/wp-content\/uploads\/2023\/06\/Mesa-de-trabajo-3%402x-e1742245783883.png?fit=2400%2C928&ssl=1","url":"https:\/\/i0.wp.com\/emprenderenfiestas.com\/wp-content\/uploads\/2023\/06\/Mesa-de-trabajo-3%402x-e1742245783883.png?fit=2400%2C928&ssl=1","contentUrl":"https:\/\/i0.wp.com\/emprenderenfiestas.com\/wp-content\/uploads\/2023\/06\/Mesa-de-trabajo-3%402x-e1742245783883.png?fit=2400%2C928&ssl=1","width":2400,"height":928,"caption":"Daniela Dana"},"logo":{"@id":"https:\/\/i0.wp.com\/emprenderenfiestas.com\/wp-content\/uploads\/2023\/06\/Mesa-de-trabajo-3%402x-e1742245783883.png?fit=2400%2C928&ssl=1"}}]}},"jetpack_publicize_connections":[],"jetpack_sharing_enabled":true,"jetpack_likes_enabled":true,"jetpack-related-posts":[],"_links":{"self":[{"href":"https:\/\/emprenderenfiestas.com\/index.php\/wp-json\/wp\/v2\/product\/9367","targetHints":{"allow":["GET"]}}],"collection":[{"href":"https:\/\/emprenderenfiestas.com\/index.php\/wp-json\/wp\/v2\/product"}],"about":[{"href":"https:\/\/emprenderenfiestas.com\/index.php\/wp-json\/wp\/v2\/types\/product"}],"replies":[{"embeddable":true,"href":"https:\/\/emprenderenfiestas.com\/index.php\/wp-json\/wp\/v2\/comments?post=9367"}],"version-history":[{"count":9,"href":"https:\/\/emprenderenfiestas.com\/index.php\/wp-json\/wp\/v2\/product\/9367\/revisions"}],"predecessor-version":[{"id":29178,"href":"https:\/\/emprenderenfiestas.com\/index.php\/wp-json\/wp\/v2\/product\/9367\/revisions\/29178"}],"wp:featuredmedia":[{"embeddable":true,"href":"https:\/\/emprenderenfiestas.com\/index.php\/wp-json\/wp\/v2\/media\/29954"}],"wp:attachment":[{"href":"https:\/\/emprenderenfiestas.com\/index.php\/wp-json\/wp\/v2\/media?parent=9367"}],"wp:term":[{"taxonomy":"product_brand","embeddable":true,"href":"https:\/\/emprenderenfiestas.com\/index.php\/wp-json\/wp\/v2\/product_brand?post=9367"},{"taxonomy":"product_cat","embeddable":true,"href":"https:\/\/emprenderenfiestas.com\/index.php\/wp-json\/wp\/v2\/product_cat?post=9367"},{"taxonomy":"product_tag","embeddable":true,"href":"https:\/\/emprenderenfiestas.com\/index.php\/wp-json\/wp\/v2\/product_tag?post=9367"}],"curies":[{"name":"wp","href":"https:\/\/api.w.org\/{rel}","templated":true}]}}