{"id":9115,"date":"2022-05-29T16:18:54","date_gmt":"2022-05-29T19:18:54","guid":{"rendered":"https:\/\/emprenderenfiestas.com.ar\/?post_type=product&#038;p=9115"},"modified":"2025-08-21T13:09:41","modified_gmt":"2025-08-21T16:09:41","slug":"moldes-para-candybar-canva","status":"publish","type":"product","link":"https:\/\/emprenderenfiestas.com\/index.php\/product\/moldes-para-candybar-canva\/","title":{"rendered":"Moldes para Candy Bar y papeler\u00eda para eventos en CANVA"},"content":{"rendered":"\t\t<div data-elementor-type=\"product-post\" data-elementor-id=\"9115\" class=\"elementor elementor-9115\" data-elementor-post-type=\"product\">\n\t\t\t\t\t\t<section class=\"elementor-section elementor-top-section elementor-element elementor-element-f792851 elementor-section-boxed elementor-section-height-default elementor-section-height-default\" data-id=\"f792851\" data-element_type=\"section\" data-e-type=\"section\">\n\t\t\t\t\t\t<div class=\"elementor-container elementor-column-gap-default\">\n\t\t\t\t\t<div class=\"elementor-column elementor-col-100 elementor-top-column elementor-element elementor-element-af4c3aa\" data-id=\"af4c3aa\" data-element_type=\"column\" data-e-type=\"column\">\n\t\t\t<div class=\"elementor-widget-wrap elementor-element-populated\">\n\t\t\t\t\t\t<div class=\"elementor-element elementor-element-46468c3 elementor-widget elementor-widget-heading\" data-id=\"46468c3\" data-element_type=\"widget\" data-e-type=\"widget\" data-widget_type=\"heading.default\">\n\t\t\t\t<div class=\"elementor-widget-container\">\n\t\t\t\t\t<h2 class=\"elementor-heading-title elementor-size-default\">Decor\u00e1 con la herramienta m\u00e1s versatil y facil de usar. Canva es dise\u00f1o gr\u00e1fico para NO dise\u00f1adores.<\/h2>\t\t\t\t<\/div>\n\t\t\t\t<\/div>\n\t\t\t\t\t<\/div>\n\t\t<\/div>\n\t\t\t\t\t<\/div>\n\t\t<\/section>\n\t\t\t\t<section class=\"elementor-section elementor-top-section elementor-element elementor-element-35c75fb elementor-section-boxed elementor-section-height-default elementor-section-height-default\" data-id=\"35c75fb\" data-element_type=\"section\" data-e-type=\"section\">\n\t\t\t\t\t\t<div class=\"elementor-container elementor-column-gap-default\">\n\t\t\t\t\t<div class=\"elementor-column elementor-col-100 elementor-top-column elementor-element elementor-element-b1ec518\" data-id=\"b1ec518\" data-element_type=\"column\" data-e-type=\"column\">\n\t\t\t<div class=\"elementor-widget-wrap elementor-element-populated\">\n\t\t\t\t\t\t<div class=\"elementor-element elementor-element-3362616 elementor-widget elementor-widget-text-editor\" data-id=\"3362616\" data-element_type=\"widget\" data-e-type=\"widget\" data-widget_type=\"text-editor.default\">\n\t\t\t\t<div class=\"elementor-widget-container\">\n\t\t\t\t\t\t\t\t\t<p>Llevate una plantilla con los b\u00e1sicos de Candy Bar para editar en CANVA.<\/p><p>Para imprimir en cualquier tama\u00f1o. Los agrand\u00e1s y achicas sin que se deformen.<\/p><p>Cambiale el color o poneles un pattern.<\/p><p>Incluye un video tutorial de c\u00f3mo hacer la edici\u00f3n b\u00e1sica.<\/p>\t\t\t\t\t\t\t\t<\/div>\n\t\t\t\t<\/div>\n\t\t\t\t\t<\/div>\n\t\t<\/div>\n\t\t\t\t\t<\/div>\n\t\t<\/section>\n\t\t\t\t<\/div>\n\t\t","protected":false},"excerpt":{"rendered":"<p>Plantillas para crear tu papeler\u00eda para eventos tem\u00e1ticos en CANVA.<\/p>\n<p>Edit\u00e1 los colores y tama\u00f1o. A\u00f1adile texturas, patrones, im\u00e1genes y texto.<\/p>\n<p>Incluye video tutorial cortito para que veas ediciones b\u00e1sicas.<\/p>\n<p>Este pack incluye por ahora:<\/p>\n<p>Milkbox<\/p>\n<p>Pillowbox<\/p>\n<p>Bolsita<\/p>\n<p>Banderines<\/p>\n<p>Toppers<\/p>\n<p>Piramidbox<\/p>\n<p>Cajitas extra<\/p>\n<p>Y algunos envoltorios de golosinas, que se ir\u00e1n sumando pr\u00f3ximamente a las plantillas.<\/p>\n","protected":false},"featured_media":19588,"comment_status":"open","ping_status":"closed","template":"","meta":{"site-sidebar-layout":"no-sidebar","site-content-layout":"plain-container","ast-site-content-layout":"normal-width-container","site-content-style":"unboxed","site-sidebar-style":"unboxed","ast-global-header-display":"","ast-banner-title-visibility":"","ast-main-header-display":"","ast-hfb-above-header-display":"","ast-hfb-below-header-display":"","ast-hfb-mobile-header-display":"","site-post-title":"disabled","ast-breadcrumbs-content":"","ast-featured-img":"disabled","footer-sml-layout":"","ast-disable-related-posts":"","theme-transparent-header-meta":"default","adv-header-id-meta":"","stick-header-meta":"","header-above-stick-meta":"","header-main-stick-meta":"","header-below-stick-meta":"","astra-migrate-meta-layouts":"set","ast-page-background-enabled":"default","ast-page-background-meta":{"desktop":{"background-color":"var(--ast-global-color-4)","background-image":"","background-repeat":"repeat","background-position":"center center","background-size":"auto","background-attachment":"scroll","background-type":"","background-media":"","overlay-type":"","overlay-color":"","overlay-opacity":"","overlay-gradient":""},"tablet":{"background-color":"","background-image":"","background-repeat":"repeat","background-position":"center center","background-size":"auto","background-attachment":"scroll","background-type":"","background-media":"","overlay-type":"","overlay-color":"","overlay-opacity":"","overlay-gradient":""},"mobile":{"background-color":"","background-image":"","background-repeat":"repeat","background-position":"center center","background-size":"auto","background-attachment":"scroll","background-type":"","background-media":"","overlay-type":"","overlay-color":"","overlay-opacity":"","overlay-gradient":""}},"ast-content-background-meta":{"desktop":{"background-color":"var(--ast-global-color-5)","background-image":"","background-repeat":"repeat","background-position":"center center","background-size":"auto","background-attachment":"scroll","background-type":"","background-media":"","overlay-type":"","overlay-color":"","overlay-opacity":"","overlay-gradient":""},"tablet":{"background-color":"var(--ast-global-color-5)","background-image":"","background-repeat":"repeat","background-position":"center center","background-size":"auto","background-attachment":"scroll","background-type":"","background-media":"","overlay-type":"","overlay-color":"","overlay-opacity":"","overlay-gradient":""},"mobile":{"background-color":"var(--ast-global-color-5)","background-image":"","background-repeat":"repeat","background-position":"center center","background-size":"auto","background-attachment":"scroll","background-type":"","background-media":"","overlay-type":"","overlay-color":"","overlay-opacity":"","overlay-gradient":""}},"jetpack_post_was_ever_published":false,"jetpack_publicize_message":"","jetpack_publicize_feature_enabled":true,"jetpack_social_post_already_shared":true,"jetpack_social_options":{"image_generator_settings":{"template":"highway","default_image_id":0,"font":"","enabled":false},"version":2}},"product_brand":[],"product_cat":[430,422,416,28,414,431,421,417,415],"product_tag":[23,24,25,26,29],"class_list":{"0":"post-9115","1":"product","2":"type-product","3":"status-publish","4":"has-post-thumbnail","6":"product_cat-canva","7":"product_cat-intermedio","8":"product_cat-modalidad","9":"product_cat-moldes-candy-letras3d","10":"product_cat-nivel","11":"product_cat-papeleria","12":"product_cat-principiante","13":"product_cat-programa","14":"product_cat-tematica","15":"product_tag-decoracion-de-eventos","16":"product_tag-decoracion-en-papel","17":"product_tag-golosinas-personaliadas","18":"product_tag-kits-imprimibles","19":"product_tag-moldes-candy-bar","20":"desktop-align-center","21":"tablet-align-left","22":"mobile-align-left","24":"first","25":"instock","26":"downloadable","27":"virtual","28":"purchasable","29":"product-type-simple"},"yoast_head":"<!-- This site is optimized with the Yoast SEO plugin v27.3 - https:\/\/yoast.com\/product\/yoast-seo-wordpress\/ -->\n<title>Moldes para Candy Bar y papeler\u00eda para eventos en CANVA - emprenderenfiestas.com<\/title>\n<meta name=\"description\" content=\"Moldes en plantilla de CANVA para Candy Bar y papeler\u00eda para eventos\" \/>\n<meta name=\"robots\" content=\"index, follow, max-snippet:-1, max-image-preview:large, max-video-preview:-1\" \/>\n<link rel=\"canonical\" href=\"https:\/\/emprenderenfiestas.com\/index.php\/product\/moldes-para-candybar-canva\/\" \/>\n<meta property=\"og:locale\" content=\"es_ES\" \/>\n<meta property=\"og:type\" content=\"article\" \/>\n<meta property=\"og:title\" content=\"Moldes para Candy Bar y papeler\u00eda para eventos en CANVA - emprenderenfiestas.com\" \/>\n<meta property=\"og:description\" content=\"Moldes en plantilla de CANVA para Candy Bar y papeler\u00eda para eventos\" \/>\n<meta property=\"og:url\" content=\"https:\/\/emprenderenfiestas.com\/index.php\/product\/moldes-para-candybar-canva\/\" \/>\n<meta property=\"og:site_name\" content=\"emprenderenfiestas.com\" \/>\n<meta property=\"article:modified_time\" content=\"2025-08-21T16:09:41+00:00\" \/>\n<meta property=\"og:image\" content=\"https:\/\/emprenderenfiestas.com\/wp-content\/uploads\/2023\/07\/moldes-para-candy-bar-con-canva.png\" \/>\n\t<meta property=\"og:image:width\" content=\"587\" \/>\n\t<meta property=\"og:image:height\" content=\"498\" \/>\n\t<meta property=\"og:image:type\" content=\"image\/png\" \/>\n<meta name=\"twitter:card\" content=\"summary_large_image\" \/>\n<meta name=\"twitter:label1\" content=\"Tiempo de lectura\" \/>\n\t<meta name=\"twitter:data1\" content=\"1 minuto\" \/>\n<script type=\"application\/ld+json\" class=\"yoast-schema-graph\">{\"@context\":\"https:\\\/\\\/schema.org\",\"@graph\":[{\"@type\":\"WebPage\",\"@id\":\"https:\\\/\\\/emprenderenfiestas.com\\\/index.php\\\/product\\\/moldes-para-candybar-canva\\\/\",\"url\":\"https:\\\/\\\/emprenderenfiestas.com\\\/index.php\\\/product\\\/moldes-para-candybar-canva\\\/\",\"name\":\"Moldes para Candy Bar y papeler\u00eda para eventos en CANVA - emprenderenfiestas.com\",\"isPartOf\":{\"@id\":\"https:\\\/\\\/emprenderenfiestas.com\\\/#website\"},\"primaryImageOfPage\":{\"@id\":\"https:\\\/\\\/emprenderenfiestas.com\\\/index.php\\\/product\\\/moldes-para-candybar-canva\\\/#primaryimage\"},\"image\":{\"@id\":\"https:\\\/\\\/emprenderenfiestas.com\\\/index.php\\\/product\\\/moldes-para-candybar-canva\\\/#primaryimage\"},\"thumbnailUrl\":\"https:\\\/\\\/i0.wp.com\\\/emprenderenfiestas.com\\\/wp-content\\\/uploads\\\/2023\\\/07\\\/moldes-para-candy-bar-con-canva.png?fit=587%2C498&ssl=1\",\"datePublished\":\"2022-05-29T19:18:54+00:00\",\"dateModified\":\"2025-08-21T16:09:41+00:00\",\"description\":\"Moldes en plantilla de CANVA para Candy Bar y papeler\u00eda para eventos\",\"breadcrumb\":{\"@id\":\"https:\\\/\\\/emprenderenfiestas.com\\\/index.php\\\/product\\\/moldes-para-candybar-canva\\\/#breadcrumb\"},\"inLanguage\":\"es-AR\",\"potentialAction\":[{\"@type\":\"ReadAction\",\"target\":[\"https:\\\/\\\/emprenderenfiestas.com\\\/index.php\\\/product\\\/moldes-para-candybar-canva\\\/\"]}]},{\"@type\":\"ImageObject\",\"inLanguage\":\"es-AR\",\"@id\":\"https:\\\/\\\/emprenderenfiestas.com\\\/index.php\\\/product\\\/moldes-para-candybar-canva\\\/#primaryimage\",\"url\":\"https:\\\/\\\/i0.wp.com\\\/emprenderenfiestas.com\\\/wp-content\\\/uploads\\\/2023\\\/07\\\/moldes-para-candy-bar-con-canva.png?fit=587%2C498&ssl=1\",\"contentUrl\":\"https:\\\/\\\/i0.wp.com\\\/emprenderenfiestas.com\\\/wp-content\\\/uploads\\\/2023\\\/07\\\/moldes-para-candy-bar-con-canva.png?fit=587%2C498&ssl=1\",\"width\":587,\"height\":498},{\"@type\":\"BreadcrumbList\",\"@id\":\"https:\\\/\\\/emprenderenfiestas.com\\\/index.php\\\/product\\\/moldes-para-candybar-canva\\\/#breadcrumb\",\"itemListElement\":[{\"@type\":\"ListItem\",\"position\":1,\"name\":\"Inicio\",\"item\":\"https:\\\/\\\/emprenderenfiestas.com\\\/\"},{\"@type\":\"ListItem\",\"position\":2,\"name\":\"Shop\",\"item\":\"https:\\\/\\\/emprenderenfiestas.com\\\/index.php\\\/shop\\\/\"},{\"@type\":\"ListItem\",\"position\":3,\"name\":\"Moldes para Candy Bar y papeler\u00eda para eventos en CANVA\"}]},{\"@type\":\"WebSite\",\"@id\":\"https:\\\/\\\/emprenderenfiestas.com\\\/#website\",\"url\":\"https:\\\/\\\/emprenderenfiestas.com\\\/\",\"name\":\"Emprender en Fiestas\",\"description\":\"Cursos para emprender en eventos\",\"publisher\":{\"@id\":\"https:\\\/\\\/emprenderenfiestas.com\\\/#\\\/schema\\\/person\\\/7ae3f63e8e0d298333f421659b10fec6\"},\"potentialAction\":[{\"@type\":\"SearchAction\",\"target\":{\"@type\":\"EntryPoint\",\"urlTemplate\":\"https:\\\/\\\/emprenderenfiestas.com\\\/?s={search_term_string}\"},\"query-input\":{\"@type\":\"PropertyValueSpecification\",\"valueRequired\":true,\"valueName\":\"search_term_string\"}}],\"inLanguage\":\"es-AR\"},{\"@type\":[\"Person\",\"Organization\"],\"@id\":\"https:\\\/\\\/emprenderenfiestas.com\\\/#\\\/schema\\\/person\\\/7ae3f63e8e0d298333f421659b10fec6\",\"name\":\"Daniela Dana\",\"image\":{\"@type\":\"ImageObject\",\"inLanguage\":\"es-AR\",\"@id\":\"https:\\\/\\\/i0.wp.com\\\/emprenderenfiestas.com\\\/wp-content\\\/uploads\\\/2023\\\/06\\\/Mesa-de-trabajo-3%402x-e1742245783883.png?fit=2400%2C928&ssl=1\",\"url\":\"https:\\\/\\\/i0.wp.com\\\/emprenderenfiestas.com\\\/wp-content\\\/uploads\\\/2023\\\/06\\\/Mesa-de-trabajo-3%402x-e1742245783883.png?fit=2400%2C928&ssl=1\",\"contentUrl\":\"https:\\\/\\\/i0.wp.com\\\/emprenderenfiestas.com\\\/wp-content\\\/uploads\\\/2023\\\/06\\\/Mesa-de-trabajo-3%402x-e1742245783883.png?fit=2400%2C928&ssl=1\",\"width\":2400,\"height\":928,\"caption\":\"Daniela Dana\"},\"logo\":{\"@id\":\"https:\\\/\\\/i0.wp.com\\\/emprenderenfiestas.com\\\/wp-content\\\/uploads\\\/2023\\\/06\\\/Mesa-de-trabajo-3%402x-e1742245783883.png?fit=2400%2C928&ssl=1\"}}]}<\/script>\n<!-- \/ Yoast SEO plugin. -->","yoast_head_json":{"title":"Moldes para Candy Bar y papeler\u00eda para eventos en CANVA - emprenderenfiestas.com","description":"Moldes en plantilla de CANVA para Candy Bar y papeler\u00eda para eventos","robots":{"index":"index","follow":"follow","max-snippet":"max-snippet:-1","max-image-preview":"max-image-preview:large","max-video-preview":"max-video-preview:-1"},"canonical":"https:\/\/emprenderenfiestas.com\/index.php\/product\/moldes-para-candybar-canva\/","og_locale":"es_ES","og_type":"article","og_title":"Moldes para Candy Bar y papeler\u00eda para eventos en CANVA - emprenderenfiestas.com","og_description":"Moldes en plantilla de CANVA para Candy Bar y papeler\u00eda para eventos","og_url":"https:\/\/emprenderenfiestas.com\/index.php\/product\/moldes-para-candybar-canva\/","og_site_name":"emprenderenfiestas.com","article_modified_time":"2025-08-21T16:09:41+00:00","og_image":[{"width":587,"height":498,"url":"https:\/\/emprenderenfiestas.com\/wp-content\/uploads\/2023\/07\/moldes-para-candy-bar-con-canva.png","type":"image\/png"}],"twitter_card":"summary_large_image","twitter_misc":{"Tiempo de lectura":"1 minuto"},"schema":{"@context":"https:\/\/schema.org","@graph":[{"@type":"WebPage","@id":"https:\/\/emprenderenfiestas.com\/index.php\/product\/moldes-para-candybar-canva\/","url":"https:\/\/emprenderenfiestas.com\/index.php\/product\/moldes-para-candybar-canva\/","name":"Moldes para Candy Bar y papeler\u00eda para eventos en CANVA - emprenderenfiestas.com","isPartOf":{"@id":"https:\/\/emprenderenfiestas.com\/#website"},"primaryImageOfPage":{"@id":"https:\/\/emprenderenfiestas.com\/index.php\/product\/moldes-para-candybar-canva\/#primaryimage"},"image":{"@id":"https:\/\/emprenderenfiestas.com\/index.php\/product\/moldes-para-candybar-canva\/#primaryimage"},"thumbnailUrl":"https:\/\/i0.wp.com\/emprenderenfiestas.com\/wp-content\/uploads\/2023\/07\/moldes-para-candy-bar-con-canva.png?fit=587%2C498&ssl=1","datePublished":"2022-05-29T19:18:54+00:00","dateModified":"2025-08-21T16:09:41+00:00","description":"Moldes en plantilla de CANVA para Candy Bar y papeler\u00eda para eventos","breadcrumb":{"@id":"https:\/\/emprenderenfiestas.com\/index.php\/product\/moldes-para-candybar-canva\/#breadcrumb"},"inLanguage":"es-AR","potentialAction":[{"@type":"ReadAction","target":["https:\/\/emprenderenfiestas.com\/index.php\/product\/moldes-para-candybar-canva\/"]}]},{"@type":"ImageObject","inLanguage":"es-AR","@id":"https:\/\/emprenderenfiestas.com\/index.php\/product\/moldes-para-candybar-canva\/#primaryimage","url":"https:\/\/i0.wp.com\/emprenderenfiestas.com\/wp-content\/uploads\/2023\/07\/moldes-para-candy-bar-con-canva.png?fit=587%2C498&ssl=1","contentUrl":"https:\/\/i0.wp.com\/emprenderenfiestas.com\/wp-content\/uploads\/2023\/07\/moldes-para-candy-bar-con-canva.png?fit=587%2C498&ssl=1","width":587,"height":498},{"@type":"BreadcrumbList","@id":"https:\/\/emprenderenfiestas.com\/index.php\/product\/moldes-para-candybar-canva\/#breadcrumb","itemListElement":[{"@type":"ListItem","position":1,"name":"Inicio","item":"https:\/\/emprenderenfiestas.com\/"},{"@type":"ListItem","position":2,"name":"Shop","item":"https:\/\/emprenderenfiestas.com\/index.php\/shop\/"},{"@type":"ListItem","position":3,"name":"Moldes para Candy Bar y papeler\u00eda para eventos en CANVA"}]},{"@type":"WebSite","@id":"https:\/\/emprenderenfiestas.com\/#website","url":"https:\/\/emprenderenfiestas.com\/","name":"Emprender en Fiestas","description":"Cursos para emprender en eventos","publisher":{"@id":"https:\/\/emprenderenfiestas.com\/#\/schema\/person\/7ae3f63e8e0d298333f421659b10fec6"},"potentialAction":[{"@type":"SearchAction","target":{"@type":"EntryPoint","urlTemplate":"https:\/\/emprenderenfiestas.com\/?s={search_term_string}"},"query-input":{"@type":"PropertyValueSpecification","valueRequired":true,"valueName":"search_term_string"}}],"inLanguage":"es-AR"},{"@type":["Person","Organization"],"@id":"https:\/\/emprenderenfiestas.com\/#\/schema\/person\/7ae3f63e8e0d298333f421659b10fec6","name":"Daniela Dana","image":{"@type":"ImageObject","inLanguage":"es-AR","@id":"https:\/\/i0.wp.com\/emprenderenfiestas.com\/wp-content\/uploads\/2023\/06\/Mesa-de-trabajo-3%402x-e1742245783883.png?fit=2400%2C928&ssl=1","url":"https:\/\/i0.wp.com\/emprenderenfiestas.com\/wp-content\/uploads\/2023\/06\/Mesa-de-trabajo-3%402x-e1742245783883.png?fit=2400%2C928&ssl=1","contentUrl":"https:\/\/i0.wp.com\/emprenderenfiestas.com\/wp-content\/uploads\/2023\/06\/Mesa-de-trabajo-3%402x-e1742245783883.png?fit=2400%2C928&ssl=1","width":2400,"height":928,"caption":"Daniela Dana"},"logo":{"@id":"https:\/\/i0.wp.com\/emprenderenfiestas.com\/wp-content\/uploads\/2023\/06\/Mesa-de-trabajo-3%402x-e1742245783883.png?fit=2400%2C928&ssl=1"}}]}},"jetpack_publicize_connections":[],"jetpack_sharing_enabled":true,"jetpack_likes_enabled":true,"jetpack-related-posts":[],"_links":{"self":[{"href":"https:\/\/emprenderenfiestas.com\/index.php\/wp-json\/wp\/v2\/product\/9115","targetHints":{"allow":["GET"]}}],"collection":[{"href":"https:\/\/emprenderenfiestas.com\/index.php\/wp-json\/wp\/v2\/product"}],"about":[{"href":"https:\/\/emprenderenfiestas.com\/index.php\/wp-json\/wp\/v2\/types\/product"}],"replies":[{"embeddable":true,"href":"https:\/\/emprenderenfiestas.com\/index.php\/wp-json\/wp\/v2\/comments?post=9115"}],"version-history":[{"count":3,"href":"https:\/\/emprenderenfiestas.com\/index.php\/wp-json\/wp\/v2\/product\/9115\/revisions"}],"predecessor-version":[{"id":30758,"href":"https:\/\/emprenderenfiestas.com\/index.php\/wp-json\/wp\/v2\/product\/9115\/revisions\/30758"}],"wp:featuredmedia":[{"embeddable":true,"href":"https:\/\/emprenderenfiestas.com\/index.php\/wp-json\/wp\/v2\/media\/19588"}],"wp:attachment":[{"href":"https:\/\/emprenderenfiestas.com\/index.php\/wp-json\/wp\/v2\/media?parent=9115"}],"wp:term":[{"taxonomy":"product_brand","embeddable":true,"href":"https:\/\/emprenderenfiestas.com\/index.php\/wp-json\/wp\/v2\/product_brand?post=9115"},{"taxonomy":"product_cat","embeddable":true,"href":"https:\/\/emprenderenfiestas.com\/index.php\/wp-json\/wp\/v2\/product_cat?post=9115"},{"taxonomy":"product_tag","embeddable":true,"href":"https:\/\/emprenderenfiestas.com\/index.php\/wp-json\/wp\/v2\/product_tag?post=9115"}],"curies":[{"name":"wp","href":"https:\/\/api.w.org\/{rel}","templated":true}]}}