{"id":3320,"date":"2021-06-04T14:43:19","date_gmt":"2021-06-04T17:43:19","guid":{"rendered":"https:\/\/emprenderenfiestas.com.ar\/?post_type=product&#038;p=3320"},"modified":"2026-02-21T21:12:30","modified_gmt":"2026-02-22T00:12:30","slug":"calculadora-automatica-precios","status":"publish","type":"product","link":"https:\/\/emprenderenfiestas.com\/index.php\/product\/calculadora-automatica-precios\/","title":{"rendered":"Calculadora de precios + Curso de Administraci\u00f3n Emprendedora para principiantes"},"content":{"rendered":"\t\t<div data-elementor-type=\"wp-post\" data-elementor-id=\"3320\" class=\"elementor elementor-3320\" data-elementor-post-type=\"product\">\n\t\t\t\t<div class=\"elementor-element elementor-element-41b07db e-flex e-con-boxed e-con e-parent\" data-id=\"41b07db\" data-element_type=\"container\" data-e-type=\"container\">\n\t\t\t\t\t<div class=\"e-con-inner\">\n\t\t\t\t<div class=\"elementor-element elementor-element-d9451ae elementor-widget elementor-widget-text-editor\" data-id=\"d9451ae\" data-element_type=\"widget\" data-e-type=\"widget\" data-widget_type=\"text-editor.default\">\n\t\t\t\t<div class=\"elementor-widget-container\">\n\t\t\t\t\t\t\t\t\t<h6>Despu\u00e9s de este curso:<\/h6><h6>\u2714\ufe0f sab\u00e9s cu\u00e1nto gan\u00e1s antes de aceptar un pedido<br data-start=\"3671\" data-end=\"3674\" \/>\u2714\ufe0f dej\u00e1s de improvisar presupuestos<br data-start=\"3709\" data-end=\"3712\" \/>\u2714\ufe0f pod\u00e9s subir precios sin culpa<\/h6><h3>\u2728 Calculadora autom\u00e1tica lista para usar<br data-start=\"4245\" data-end=\"4248\" \/>(no necesit\u00e1s saber usar Excel)<\/h3><p><strong>\ud83c\udfaf Objetivos del curso<\/strong><\/p><ul><li>Identificar los factores clave para calcular el costo de productos manufacturados.<\/li><li>Aprender a definir precios de venta justos y rentables.<\/li><li>Estandarizar precios de productos y presupuestos personalizados.<\/li><li>Calcular tu sueldo como emprendedora y establecer m\u00e1rgenes de ganancia.<\/li><li>Utilizar la <strong>calculadora autom\u00e1tica en Excel<\/strong> para automatizar los c\u00e1lculos de costos y precios.<\/li><li>Dolarizar los valores de tus productos para trabajar con una moneda estable y proteger tu rentabilidad en contextos inflacionarios.<\/li><\/ul><hr \/><p><strong>\ud83d\udc65 \u00bfA qui\u00e9n est\u00e1 dirigido?<\/strong><br \/>Este curso est\u00e1 dise\u00f1ado para:<\/p><ul><li>Emprendedoras que fabrican sus propios productos, como papeler\u00eda creativa, pasteler\u00eda, artesan\u00edas, entre otros.<\/li><li>Personas que desean profesionalizar la forma en que calculan los precios de sus productos.<\/li><li>Emprendedoras que buscan protegerse de la inflaci\u00f3n mediante la dolarizaci\u00f3n de sus precios.<\/li><li><strong>Este curso NO est\u00e1 dirigido a revendedores.<\/strong><\/li><\/ul><hr \/><p><strong>\ud83d\udcda Formato y duraci\u00f3n<\/strong><\/p><ul><li><strong>Modalidad:<\/strong> Curso grabado, 100% online.<\/li><li><strong>Acceso:<\/strong> Permanente, sin l\u00edmite de visualizaciones.<\/li><li><strong>Duraci\u00f3n:<\/strong> \ud83d\udd52 3 horas.<\/li><\/ul><hr \/><p><strong>\ud83c\udf81 Material incluido<\/strong><\/p><ul><li><strong>Calculadora autom\u00e1tica en Excel<\/strong> para calcular costos y precios de productos manufacturados.<\/li><li>Este curso <strong>NO incluye materiales f\u00edsicos, ni archivos digitales<\/strong> distintos a la calculadora Excel mencionada.<\/li><li>Los videos <strong>NO son descargables<\/strong>, se ven dentro de la web.<\/li><\/ul><hr \/><p><strong>\ud83d\udc8e Beneficios adicionales<\/strong><\/p><ul><li>Soporte t\u00e9cnico para resolver dudas durante el proceso de aprendizaje.<\/li><li>Acceso de por vida al contenido grabado para ver las veces que desees.<\/li><li>Certificado de finalizaci\u00f3n al completar el curso.<\/li><\/ul>\t\t\t\t\t\t\t\t<\/div>\n\t\t\t\t<\/div>\n\t\t\t\t\t<\/div>\n\t\t\t\t<\/div>\n\t\t\t\t<\/div>\n\t\t","protected":false},"excerpt":{"rendered":"<p data-start=\"2900\" data-end=\"2954\">Si sent\u00eds que trabaj\u00e1s mucho pero no sab\u00e9s si gan\u00e1s. Si segu\u00eds poniendo precios a ojo.\u00a0Si te cuesta cobrar lo que val\u00e9s, este curso con una calculadora autom\u00e1tica es para vos.<\/p>\n<p data-start=\"2900\" data-end=\"2954\">Aprend\u00e9 a calcular el precio justo de tus productos manufacturados, ya sea que trabajes con papeler\u00eda creativa, pasteler\u00eda, artesan\u00edas u otros productos hechos a mano. Este curso te ense\u00f1ar\u00e1 a calcular costos, precios de venta y ganancias, permiti\u00e9ndote tener control sobre tu negocio y proteger tu poder adquisitivo frente a la inflaci\u00f3n.<\/p>\n","protected":false},"featured_media":29954,"comment_status":"open","ping_status":"closed","template":"","meta":{"site-sidebar-layout":"no-sidebar","site-content-layout":"plain-container","ast-site-content-layout":"normal-width-container","site-content-style":"unboxed","site-sidebar-style":"unboxed","ast-global-header-display":"","ast-banner-title-visibility":"","ast-main-header-display":"","ast-hfb-above-header-display":"","ast-hfb-below-header-display":"","ast-hfb-mobile-header-display":"","site-post-title":"disabled","ast-breadcrumbs-content":"","ast-featured-img":"disabled","footer-sml-layout":"","ast-disable-related-posts":"","theme-transparent-header-meta":"default","adv-header-id-meta":"","stick-header-meta":"","header-above-stick-meta":"","header-main-stick-meta":"","header-below-stick-meta":"","astra-migrate-meta-layouts":"set","ast-page-background-enabled":"default","ast-page-background-meta":{"desktop":{"background-color":"var(--ast-global-color-4)","background-image":"","background-repeat":"repeat","background-position":"center center","background-size":"auto","background-attachment":"scroll","background-type":"","background-media":"","overlay-type":"","overlay-color":"","overlay-opacity":"","overlay-gradient":""},"tablet":{"background-color":"","background-image":"","background-repeat":"repeat","background-position":"center center","background-size":"auto","background-attachment":"scroll","background-type":"","background-media":"","overlay-type":"","overlay-color":"","overlay-opacity":"","overlay-gradient":""},"mobile":{"background-color":"","background-image":"","background-repeat":"repeat","background-position":"center center","background-size":"auto","background-attachment":"scroll","background-type":"","background-media":"","overlay-type":"","overlay-color":"","overlay-opacity":"","overlay-gradient":""}},"ast-content-background-meta":{"desktop":{"background-color":"var(--ast-global-color-5)","background-image":"","background-repeat":"repeat","background-position":"center center","background-size":"auto","background-attachment":"scroll","background-type":"","background-media":"","overlay-type":"","overlay-color":"","overlay-opacity":"","overlay-gradient":""},"tablet":{"background-color":"var(--ast-global-color-5)","background-image":"","background-repeat":"repeat","background-position":"center center","background-size":"auto","background-attachment":"scroll","background-type":"","background-media":"","overlay-type":"","overlay-color":"","overlay-opacity":"","overlay-gradient":""},"mobile":{"background-color":"var(--ast-global-color-5)","background-image":"","background-repeat":"repeat","background-position":"center center","background-size":"auto","background-attachment":"scroll","background-type":"","background-media":"","overlay-type":"","overlay-color":"","overlay-opacity":"","overlay-gradient":""}},"jetpack_post_was_ever_published":false,"jetpack_publicize_message":"","jetpack_publicize_feature_enabled":true,"jetpack_social_post_already_shared":false,"jetpack_social_options":{"image_generator_settings":{"template":"highway","default_image_id":0,"font":"","enabled":false},"version":2}},"product_brand":[],"product_cat":[566,427,422,416,434,414,424,421,417,415],"product_tag":[490,332,378,491,470,494,492,493],"class_list":{"0":"post-3320","1":"product","2":"type-product","3":"status-publish","4":"has-post-thumbnail","6":"product_cat-administracion","7":"product_cat-curso","8":"product_cat-intermedio","9":"product_cat-modalidad","10":"product_cat-negocio","11":"product_cat-nivel","12":"product_cat-online","13":"product_cat-principiante","14":"product_cat-programa","15":"product_cat-tematica","16":"product_tag-como-cobrar-tus-producos","17":"product_tag-emprender-en-eventos","18":"product_tag-emprender-en-fiestas","19":"product_tag-emprender-en-papeleria-creativa","20":"product_tag-precios","21":"product_tag-presupuesto","22":"product_tag-productos","23":"product_tag-valor","24":"desktop-align-center","25":"tablet-align-left","26":"mobile-align-left","28":"first","29":"instock","30":"sale","31":"virtual","32":"purchasable","33":"product-type-simple"},"yoast_head":"<!-- This site is optimized with the Yoast SEO plugin v27.4 - https:\/\/yoast.com\/product\/yoast-seo-wordpress\/ -->\n<title>Calculadora de precios + Curso de Administraci\u00f3n Emprendedora para principiantes - emprenderenfiestas.com<\/title>\n<meta name=\"robots\" content=\"index, follow, max-snippet:-1, max-image-preview:large, max-video-preview:-1\" \/>\n<link rel=\"canonical\" href=\"https:\/\/emprenderenfiestas.com\/index.php\/product\/calculadora-automatica-precios\/\" \/>\n<meta property=\"og:locale\" content=\"es_ES\" \/>\n<meta property=\"og:type\" content=\"article\" \/>\n<meta property=\"og:title\" content=\"Calculadora de precios + Curso de Administraci\u00f3n Emprendedora para principiantes - emprenderenfiestas.com\" \/>\n<meta property=\"og:description\" content=\"Si sent\u00eds que trabaj\u00e1s mucho pero no sab\u00e9s si gan\u00e1s. Si segu\u00eds poniendo precios a ojo.\u00a0Si te cuesta cobrar lo que val\u00e9s, este curso con una calculadora autom\u00e1tica es para vos. Aprend\u00e9 a calcular el precio justo de tus productos manufacturados, ya sea que trabajes con papeler\u00eda creativa, pasteler\u00eda, artesan\u00edas u otros productos hechos a mano. Este curso te ense\u00f1ar\u00e1 a calcular costos, precios de venta y ganancias, permiti\u00e9ndote tener control sobre tu negocio y proteger tu poder adquisitivo frente a la inflaci\u00f3n.\" \/>\n<meta property=\"og:url\" content=\"https:\/\/emprenderenfiestas.com\/index.php\/product\/calculadora-automatica-precios\/\" \/>\n<meta property=\"og:site_name\" content=\"emprenderenfiestas.com\" \/>\n<meta property=\"article:modified_time\" content=\"2026-02-22T00:12:30+00:00\" \/>\n<meta property=\"og:image\" content=\"https:\/\/i0.wp.com\/emprenderenfiestas.com\/wp-content\/uploads\/2021\/06\/portadas-web.png?fit=1080%2C1080&ssl=1\" \/>\n\t<meta property=\"og:image:width\" content=\"1080\" \/>\n\t<meta property=\"og:image:height\" content=\"1080\" \/>\n\t<meta property=\"og:image:type\" content=\"image\/png\" \/>\n<meta name=\"twitter:card\" content=\"summary_large_image\" \/>\n<meta name=\"twitter:label1\" content=\"Tiempo de lectura\" \/>\n\t<meta name=\"twitter:data1\" content=\"4 minutos\" \/>\n<script type=\"application\/ld+json\" class=\"yoast-schema-graph\">{\"@context\":\"https:\\\/\\\/schema.org\",\"@graph\":[{\"@type\":\"WebPage\",\"@id\":\"https:\\\/\\\/emprenderenfiestas.com\\\/index.php\\\/product\\\/calculadora-automatica-precios\\\/\",\"url\":\"https:\\\/\\\/emprenderenfiestas.com\\\/index.php\\\/product\\\/calculadora-automatica-precios\\\/\",\"name\":\"Calculadora de precios + Curso de Administraci\u00f3n Emprendedora para principiantes - emprenderenfiestas.com\",\"isPartOf\":{\"@id\":\"https:\\\/\\\/emprenderenfiestas.com\\\/#website\"},\"primaryImageOfPage\":{\"@id\":\"https:\\\/\\\/emprenderenfiestas.com\\\/index.php\\\/product\\\/calculadora-automatica-precios\\\/#primaryimage\"},\"image\":{\"@id\":\"https:\\\/\\\/emprenderenfiestas.com\\\/index.php\\\/product\\\/calculadora-automatica-precios\\\/#primaryimage\"},\"thumbnailUrl\":\"https:\\\/\\\/i0.wp.com\\\/emprenderenfiestas.com\\\/wp-content\\\/uploads\\\/2021\\\/06\\\/portadas-web.png?fit=1080%2C1080&ssl=1\",\"datePublished\":\"2021-06-04T17:43:19+00:00\",\"dateModified\":\"2026-02-22T00:12:30+00:00\",\"breadcrumb\":{\"@id\":\"https:\\\/\\\/emprenderenfiestas.com\\\/index.php\\\/product\\\/calculadora-automatica-precios\\\/#breadcrumb\"},\"inLanguage\":\"es-AR\",\"potentialAction\":[{\"@type\":\"ReadAction\",\"target\":[\"https:\\\/\\\/emprenderenfiestas.com\\\/index.php\\\/product\\\/calculadora-automatica-precios\\\/\"]}]},{\"@type\":\"ImageObject\",\"inLanguage\":\"es-AR\",\"@id\":\"https:\\\/\\\/emprenderenfiestas.com\\\/index.php\\\/product\\\/calculadora-automatica-precios\\\/#primaryimage\",\"url\":\"https:\\\/\\\/i0.wp.com\\\/emprenderenfiestas.com\\\/wp-content\\\/uploads\\\/2021\\\/06\\\/portadas-web.png?fit=1080%2C1080&ssl=1\",\"contentUrl\":\"https:\\\/\\\/i0.wp.com\\\/emprenderenfiestas.com\\\/wp-content\\\/uploads\\\/2021\\\/06\\\/portadas-web.png?fit=1080%2C1080&ssl=1\",\"width\":1080,\"height\":1080},{\"@type\":\"BreadcrumbList\",\"@id\":\"https:\\\/\\\/emprenderenfiestas.com\\\/index.php\\\/product\\\/calculadora-automatica-precios\\\/#breadcrumb\",\"itemListElement\":[{\"@type\":\"ListItem\",\"position\":1,\"name\":\"Inicio\",\"item\":\"https:\\\/\\\/emprenderenfiestas.com\\\/\"},{\"@type\":\"ListItem\",\"position\":2,\"name\":\"Shop\",\"item\":\"https:\\\/\\\/emprenderenfiestas.com\\\/index.php\\\/shop\\\/\"},{\"@type\":\"ListItem\",\"position\":3,\"name\":\"Calculadora de precios + Curso de Administraci\u00f3n Emprendedora para principiantes\"}]},{\"@type\":\"WebSite\",\"@id\":\"https:\\\/\\\/emprenderenfiestas.com\\\/#website\",\"url\":\"https:\\\/\\\/emprenderenfiestas.com\\\/\",\"name\":\"Emprender en Fiestas\",\"description\":\"Cursos para emprender en eventos\",\"publisher\":{\"@id\":\"https:\\\/\\\/emprenderenfiestas.com\\\/#\\\/schema\\\/person\\\/7ae3f63e8e0d298333f421659b10fec6\"},\"potentialAction\":[{\"@type\":\"SearchAction\",\"target\":{\"@type\":\"EntryPoint\",\"urlTemplate\":\"https:\\\/\\\/emprenderenfiestas.com\\\/?s={search_term_string}\"},\"query-input\":{\"@type\":\"PropertyValueSpecification\",\"valueRequired\":true,\"valueName\":\"search_term_string\"}}],\"inLanguage\":\"es-AR\"},{\"@type\":[\"Person\",\"Organization\"],\"@id\":\"https:\\\/\\\/emprenderenfiestas.com\\\/#\\\/schema\\\/person\\\/7ae3f63e8e0d298333f421659b10fec6\",\"name\":\"Daniela Dana\",\"image\":{\"@type\":\"ImageObject\",\"inLanguage\":\"es-AR\",\"@id\":\"https:\\\/\\\/i0.wp.com\\\/emprenderenfiestas.com\\\/wp-content\\\/uploads\\\/2023\\\/06\\\/Mesa-de-trabajo-3%402x-e1742245783883.png?fit=2400%2C928&ssl=1\",\"url\":\"https:\\\/\\\/i0.wp.com\\\/emprenderenfiestas.com\\\/wp-content\\\/uploads\\\/2023\\\/06\\\/Mesa-de-trabajo-3%402x-e1742245783883.png?fit=2400%2C928&ssl=1\",\"contentUrl\":\"https:\\\/\\\/i0.wp.com\\\/emprenderenfiestas.com\\\/wp-content\\\/uploads\\\/2023\\\/06\\\/Mesa-de-trabajo-3%402x-e1742245783883.png?fit=2400%2C928&ssl=1\",\"width\":2400,\"height\":928,\"caption\":\"Daniela Dana\"},\"logo\":{\"@id\":\"https:\\\/\\\/i0.wp.com\\\/emprenderenfiestas.com\\\/wp-content\\\/uploads\\\/2023\\\/06\\\/Mesa-de-trabajo-3%402x-e1742245783883.png?fit=2400%2C928&ssl=1\"}}]}<\/script>\n<!-- \/ Yoast SEO plugin. -->","yoast_head_json":{"title":"Calculadora de precios + Curso de Administraci\u00f3n Emprendedora para principiantes - emprenderenfiestas.com","robots":{"index":"index","follow":"follow","max-snippet":"max-snippet:-1","max-image-preview":"max-image-preview:large","max-video-preview":"max-video-preview:-1"},"canonical":"https:\/\/emprenderenfiestas.com\/index.php\/product\/calculadora-automatica-precios\/","og_locale":"es_ES","og_type":"article","og_title":"Calculadora de precios + Curso de Administraci\u00f3n Emprendedora para principiantes - emprenderenfiestas.com","og_description":"Si sent\u00eds que trabaj\u00e1s mucho pero no sab\u00e9s si gan\u00e1s. Si segu\u00eds poniendo precios a ojo.\u00a0Si te cuesta cobrar lo que val\u00e9s, este curso con una calculadora autom\u00e1tica es para vos. Aprend\u00e9 a calcular el precio justo de tus productos manufacturados, ya sea que trabajes con papeler\u00eda creativa, pasteler\u00eda, artesan\u00edas u otros productos hechos a mano. Este curso te ense\u00f1ar\u00e1 a calcular costos, precios de venta y ganancias, permiti\u00e9ndote tener control sobre tu negocio y proteger tu poder adquisitivo frente a la inflaci\u00f3n.","og_url":"https:\/\/emprenderenfiestas.com\/index.php\/product\/calculadora-automatica-precios\/","og_site_name":"emprenderenfiestas.com","article_modified_time":"2026-02-22T00:12:30+00:00","og_image":[{"width":1080,"height":1080,"url":"https:\/\/i0.wp.com\/emprenderenfiestas.com\/wp-content\/uploads\/2021\/06\/portadas-web.png?fit=1080%2C1080&ssl=1","type":"image\/png"}],"twitter_card":"summary_large_image","twitter_misc":{"Tiempo de lectura":"4 minutos"},"schema":{"@context":"https:\/\/schema.org","@graph":[{"@type":"WebPage","@id":"https:\/\/emprenderenfiestas.com\/index.php\/product\/calculadora-automatica-precios\/","url":"https:\/\/emprenderenfiestas.com\/index.php\/product\/calculadora-automatica-precios\/","name":"Calculadora de precios + Curso de Administraci\u00f3n Emprendedora para principiantes - emprenderenfiestas.com","isPartOf":{"@id":"https:\/\/emprenderenfiestas.com\/#website"},"primaryImageOfPage":{"@id":"https:\/\/emprenderenfiestas.com\/index.php\/product\/calculadora-automatica-precios\/#primaryimage"},"image":{"@id":"https:\/\/emprenderenfiestas.com\/index.php\/product\/calculadora-automatica-precios\/#primaryimage"},"thumbnailUrl":"https:\/\/i0.wp.com\/emprenderenfiestas.com\/wp-content\/uploads\/2021\/06\/portadas-web.png?fit=1080%2C1080&ssl=1","datePublished":"2021-06-04T17:43:19+00:00","dateModified":"2026-02-22T00:12:30+00:00","breadcrumb":{"@id":"https:\/\/emprenderenfiestas.com\/index.php\/product\/calculadora-automatica-precios\/#breadcrumb"},"inLanguage":"es-AR","potentialAction":[{"@type":"ReadAction","target":["https:\/\/emprenderenfiestas.com\/index.php\/product\/calculadora-automatica-precios\/"]}]},{"@type":"ImageObject","inLanguage":"es-AR","@id":"https:\/\/emprenderenfiestas.com\/index.php\/product\/calculadora-automatica-precios\/#primaryimage","url":"https:\/\/i0.wp.com\/emprenderenfiestas.com\/wp-content\/uploads\/2021\/06\/portadas-web.png?fit=1080%2C1080&ssl=1","contentUrl":"https:\/\/i0.wp.com\/emprenderenfiestas.com\/wp-content\/uploads\/2021\/06\/portadas-web.png?fit=1080%2C1080&ssl=1","width":1080,"height":1080},{"@type":"BreadcrumbList","@id":"https:\/\/emprenderenfiestas.com\/index.php\/product\/calculadora-automatica-precios\/#breadcrumb","itemListElement":[{"@type":"ListItem","position":1,"name":"Inicio","item":"https:\/\/emprenderenfiestas.com\/"},{"@type":"ListItem","position":2,"name":"Shop","item":"https:\/\/emprenderenfiestas.com\/index.php\/shop\/"},{"@type":"ListItem","position":3,"name":"Calculadora de precios + Curso de Administraci\u00f3n Emprendedora para principiantes"}]},{"@type":"WebSite","@id":"https:\/\/emprenderenfiestas.com\/#website","url":"https:\/\/emprenderenfiestas.com\/","name":"Emprender en Fiestas","description":"Cursos para emprender en eventos","publisher":{"@id":"https:\/\/emprenderenfiestas.com\/#\/schema\/person\/7ae3f63e8e0d298333f421659b10fec6"},"potentialAction":[{"@type":"SearchAction","target":{"@type":"EntryPoint","urlTemplate":"https:\/\/emprenderenfiestas.com\/?s={search_term_string}"},"query-input":{"@type":"PropertyValueSpecification","valueRequired":true,"valueName":"search_term_string"}}],"inLanguage":"es-AR"},{"@type":["Person","Organization"],"@id":"https:\/\/emprenderenfiestas.com\/#\/schema\/person\/7ae3f63e8e0d298333f421659b10fec6","name":"Daniela Dana","image":{"@type":"ImageObject","inLanguage":"es-AR","@id":"https:\/\/i0.wp.com\/emprenderenfiestas.com\/wp-content\/uploads\/2023\/06\/Mesa-de-trabajo-3%402x-e1742245783883.png?fit=2400%2C928&ssl=1","url":"https:\/\/i0.wp.com\/emprenderenfiestas.com\/wp-content\/uploads\/2023\/06\/Mesa-de-trabajo-3%402x-e1742245783883.png?fit=2400%2C928&ssl=1","contentUrl":"https:\/\/i0.wp.com\/emprenderenfiestas.com\/wp-content\/uploads\/2023\/06\/Mesa-de-trabajo-3%402x-e1742245783883.png?fit=2400%2C928&ssl=1","width":2400,"height":928,"caption":"Daniela Dana"},"logo":{"@id":"https:\/\/i0.wp.com\/emprenderenfiestas.com\/wp-content\/uploads\/2023\/06\/Mesa-de-trabajo-3%402x-e1742245783883.png?fit=2400%2C928&ssl=1"}}]}},"jetpack_publicize_connections":[],"jetpack_sharing_enabled":true,"jetpack_likes_enabled":true,"jetpack-related-posts":[],"_links":{"self":[{"href":"https:\/\/emprenderenfiestas.com\/index.php\/wp-json\/wp\/v2\/product\/3320","targetHints":{"allow":["GET"]}}],"collection":[{"href":"https:\/\/emprenderenfiestas.com\/index.php\/wp-json\/wp\/v2\/product"}],"about":[{"href":"https:\/\/emprenderenfiestas.com\/index.php\/wp-json\/wp\/v2\/types\/product"}],"replies":[{"embeddable":true,"href":"https:\/\/emprenderenfiestas.com\/index.php\/wp-json\/wp\/v2\/comments?post=3320"}],"version-history":[{"count":25,"href":"https:\/\/emprenderenfiestas.com\/index.php\/wp-json\/wp\/v2\/product\/3320\/revisions"}],"predecessor-version":[{"id":33817,"href":"https:\/\/emprenderenfiestas.com\/index.php\/wp-json\/wp\/v2\/product\/3320\/revisions\/33817"}],"wp:featuredmedia":[{"embeddable":true,"href":"https:\/\/emprenderenfiestas.com\/index.php\/wp-json\/wp\/v2\/media\/29954"}],"wp:attachment":[{"href":"https:\/\/emprenderenfiestas.com\/index.php\/wp-json\/wp\/v2\/media?parent=3320"}],"wp:term":[{"taxonomy":"product_brand","embeddable":true,"href":"https:\/\/emprenderenfiestas.com\/index.php\/wp-json\/wp\/v2\/product_brand?post=3320"},{"taxonomy":"product_cat","embeddable":true,"href":"https:\/\/emprenderenfiestas.com\/index.php\/wp-json\/wp\/v2\/product_cat?post=3320"},{"taxonomy":"product_tag","embeddable":true,"href":"https:\/\/emprenderenfiestas.com\/index.php\/wp-json\/wp\/v2\/product_tag?post=3320"}],"curies":[{"name":"wp","href":"https:\/\/api.w.org\/{rel}","templated":true}]}}