{"id":31782,"date":"2025-06-04T09:22:33","date_gmt":"2025-06-04T12:22:33","guid":{"rendered":"https:\/\/emprenderenfiestas.com\/index.php\/product\/taller-presencial-mesas-tematicas-express-18-7-2\/"},"modified":"2025-10-21T18:23:51","modified_gmt":"2025-10-21T21:23:51","slug":"taller-presencial-mesas-tematicas-express-18-7-2","status":"publish","type":"product","link":"https:\/\/emprenderenfiestas.com\/index.php\/product\/taller-presencial-mesas-tematicas-express-18-7-2\/","title":{"rendered":"Taller Presencial Mesas Tem\u00e1ticas Express 18\/7"},"content":{"rendered":"<h4>\u00bfQu\u00e9 vas a aprender?<\/h4>\n<p>&nbsp;<\/p>\n<p>\u2714 C\u00f3mo armar una mesa tem\u00e1tica express (medidas estimadas: 2 m x 2 m)<\/p>\n<p>\u2714 Trucos para optimizar tiempo y recursos<\/p>\n<p>\u2714 C\u00f3mo organizarte cuando no ten\u00e9s ayuda y el sal\u00f3n no da margen<\/p>\n<p>\u2714 Qu\u00e9 elementos usar para lograr impacto visual sin perder agilidad<\/p>\n<p>&nbsp;<\/p>\n<h4>\u00bfC\u00f3mo es el taller?<\/h4>\n<p>Es te\u00f3rico-pr\u00e1ctico. Vas a aprender los conceptos y los vas a aplicar en el momento. \u00a1Ac\u00e1 se trabaja de verdad!<\/p>\n<p>Incluye:<\/p>\n<ul>\n<li>Materiales para la pr\u00e1ctica<\/li>\n<li>Refrigerio<\/li>\n<li>Certificado de asistencia<\/li>\n<\/ul>\n<p>Ubicaci\u00f3n: Barrio de V\u00e9lez Sarsfield CABA (la direcci\u00f3n exacta se env\u00eda una vez confirmada la inscripci\u00f3n)<\/p>\n<p>Fechas disponibles:<\/p>\n<p>\ud83d\udcc5 Viernes 18 de julio \u2014 de 11 a 16 h<\/p>\n<p>\ud83d\udcc5 S\u00e1bado 19 de julio \u2014 de 15:30 a 19 h<\/p>\n<p>&nbsp;<\/p>\n<p>Nivel: Principiantes<\/p>\n<p>Requisitos: \u00a1Ninguno! Solo ganas de aprender<\/p>\n<p><span style=\"color: #ff00ff\"><strong>Cupos limitados<\/strong><\/span><\/p>\n<p>\u00bfEst\u00e1s lista para empezar a trabajar como decoradora profesional?<\/p>\n<p>Sumate al taller y llevate ideas, pr\u00e1ctica y confianza para salir a ofrecer tus servicios desde el minuto uno.<\/p>\n<p>\ud83d\udc49 Eleg\u00ed tu fecha y reserv\u00e1 tu lugar antes de que se agoten los cupos.<\/p>\n","protected":false},"excerpt":{"rendered":"<p>\u00a1Ideal para quienes quieren empezar a decorar fiestas con resultados profesionales, incluso en tiempo r\u00e9cord!<\/p>\n<p>En este taller 100 % presencial te voy a ense\u00f1ar c\u00f3mo armar una mesa tem\u00e1tica en salones tipo pelotero, donde el tiempo es oro: apenas media hora para montar todo, poco espacio para trabajar y ning\u00fan ayudante a la vista. \u00bfTe suena familiar? Entonces este taller es para vos.<\/p>\n","protected":false},"featured_media":31779,"comment_status":"open","ping_status":"closed","template":"","meta":{"site-sidebar-layout":"default","site-content-layout":"","ast-site-content-layout":"default","site-content-style":"default","site-sidebar-style":"default","ast-global-header-display":"","ast-banner-title-visibility":"","ast-main-header-display":"","ast-hfb-above-header-display":"","ast-hfb-below-header-display":"","ast-hfb-mobile-header-display":"","site-post-title":"","ast-breadcrumbs-content":"","ast-featured-img":"","footer-sml-layout":"","ast-disable-related-posts":"","theme-transparent-header-meta":"default","adv-header-id-meta":"","stick-header-meta":"","header-above-stick-meta":"","header-main-stick-meta":"","header-below-stick-meta":"","astra-migrate-meta-layouts":"set","ast-page-background-enabled":"default","ast-page-background-meta":{"desktop":{"background-color":"var(--ast-global-color-4)","background-image":"","background-repeat":"repeat","background-position":"center center","background-size":"auto","background-attachment":"scroll","background-type":"","background-media":"","overlay-type":"","overlay-color":"","overlay-opacity":"","overlay-gradient":""},"tablet":{"background-color":"","background-image":"","background-repeat":"repeat","background-position":"center center","background-size":"auto","background-attachment":"scroll","background-type":"","background-media":"","overlay-type":"","overlay-color":"","overlay-opacity":"","overlay-gradient":""},"mobile":{"background-color":"","background-image":"","background-repeat":"repeat","background-position":"center center","background-size":"auto","background-attachment":"scroll","background-type":"","background-media":"","overlay-type":"","overlay-color":"","overlay-opacity":"","overlay-gradient":""}},"ast-content-background-meta":{"desktop":{"background-color":"var(--ast-global-color-5)","background-image":"","background-repeat":"repeat","background-position":"center center","background-size":"auto","background-attachment":"scroll","background-type":"","background-media":"","overlay-type":"","overlay-color":"","overlay-opacity":"","overlay-gradient":""},"tablet":{"background-color":"var(--ast-global-color-5)","background-image":"","background-repeat":"repeat","background-position":"center center","background-size":"auto","background-attachment":"scroll","background-type":"","background-media":"","overlay-type":"","overlay-color":"","overlay-opacity":"","overlay-gradient":""},"mobile":{"background-color":"var(--ast-global-color-5)","background-image":"","background-repeat":"repeat","background-position":"center center","background-size":"auto","background-attachment":"scroll","background-type":"","background-media":"","overlay-type":"","overlay-color":"","overlay-opacity":"","overlay-gradient":""}},"jetpack_post_was_ever_published":false,"jetpack_publicize_message":"","jetpack_publicize_feature_enabled":true,"jetpack_social_post_already_shared":true,"jetpack_social_options":{"image_generator_settings":{"template":"highway","default_image_id":0,"font":"","enabled":false},"version":2}},"product_brand":[],"product_cat":[433,416,414,425,421,417,415],"product_tag":[37,372,332,563,168,167],"class_list":{"0":"post-31782","1":"product","2":"type-product","3":"status-publish","4":"has-post-thumbnail","6":"product_cat-decoracion","7":"product_cat-modalidad","8":"product_cat-nivel","9":"product_cat-presencial","10":"product_cat-principiante","11":"product_cat-programa","12":"product_cat-tematica","13":"product_tag-candy-bar","14":"product_tag-decoracion","15":"product_tag-emprender-en-eventos","16":"product_tag-eventos","17":"product_tag-globos","18":"product_tag-mesas-tematicas","19":"desktop-align-center","20":"tablet-align-left","21":"mobile-align-left","23":"first","24":"outofstock","25":"shipping-taxable","26":"purchasable","27":"product-type-simple"},"yoast_head":"<!-- This site is optimized with the Yoast SEO plugin v27.5 - https:\/\/yoast.com\/product\/yoast-seo-wordpress\/ -->\n<title>Taller Presencial Mesas Tem\u00e1ticas Express 18\/7 - emprenderenfiestas.com<\/title>\n<meta name=\"robots\" content=\"index, follow, max-snippet:-1, max-image-preview:large, max-video-preview:-1\" \/>\n<link rel=\"canonical\" href=\"https:\/\/emprenderenfiestas.com\/index.php\/product\/taller-presencial-mesas-tematicas-express-18-7-2\/\" \/>\n<meta property=\"og:locale\" content=\"es_ES\" \/>\n<meta property=\"og:type\" content=\"article\" \/>\n<meta property=\"og:title\" content=\"Taller Presencial Mesas Tem\u00e1ticas Express 18\/7 - emprenderenfiestas.com\" \/>\n<meta property=\"og:description\" content=\"\u00a1Ideal para quienes quieren empezar a decorar fiestas con resultados profesionales, incluso en tiempo r\u00e9cord!  En este taller 100 % presencial te voy a ense\u00f1ar c\u00f3mo armar una mesa tem\u00e1tica en salones tipo pelotero, donde el tiempo es oro: apenas media hora para montar todo, poco espacio para trabajar y ning\u00fan ayudante a la vista. \u00bfTe suena familiar? Entonces este taller es para vos.\" \/>\n<meta property=\"og:url\" content=\"https:\/\/emprenderenfiestas.com\/index.php\/product\/taller-presencial-mesas-tematicas-express-18-7-2\/\" \/>\n<meta property=\"og:site_name\" content=\"emprenderenfiestas.com\" \/>\n<meta property=\"article:modified_time\" content=\"2025-10-21T21:23:51+00:00\" \/>\n<meta property=\"og:image\" content=\"https:\/\/emprenderenfiestas.com\/wp-content\/uploads\/2025\/06\/IMG_4189.jpg\" \/>\n\t<meta property=\"og:image:width\" content=\"2115\" \/>\n\t<meta property=\"og:image:height\" content=\"2115\" \/>\n\t<meta property=\"og:image:type\" content=\"image\/jpeg\" \/>\n<meta name=\"twitter:card\" content=\"summary_large_image\" \/>\n<meta name=\"twitter:label1\" content=\"Tiempo de lectura\" \/>\n\t<meta name=\"twitter:data1\" content=\"1 minuto\" \/>\n<script type=\"application\/ld+json\" class=\"yoast-schema-graph\">{\"@context\":\"https:\\\/\\\/schema.org\",\"@graph\":[{\"@type\":\"WebPage\",\"@id\":\"https:\\\/\\\/emprenderenfiestas.com\\\/index.php\\\/product\\\/taller-presencial-mesas-tematicas-express-18-7-2\\\/\",\"url\":\"https:\\\/\\\/emprenderenfiestas.com\\\/index.php\\\/product\\\/taller-presencial-mesas-tematicas-express-18-7-2\\\/\",\"name\":\"Taller Presencial Mesas Tem\u00e1ticas Express 18\\\/7 - emprenderenfiestas.com\",\"isPartOf\":{\"@id\":\"https:\\\/\\\/emprenderenfiestas.com\\\/#website\"},\"primaryImageOfPage\":{\"@id\":\"https:\\\/\\\/emprenderenfiestas.com\\\/index.php\\\/product\\\/taller-presencial-mesas-tematicas-express-18-7-2\\\/#primaryimage\"},\"image\":{\"@id\":\"https:\\\/\\\/emprenderenfiestas.com\\\/index.php\\\/product\\\/taller-presencial-mesas-tematicas-express-18-7-2\\\/#primaryimage\"},\"thumbnailUrl\":\"https:\\\/\\\/i0.wp.com\\\/emprenderenfiestas.com\\\/wp-content\\\/uploads\\\/2025\\\/06\\\/IMG_4189.jpg?fit=2115%2C2115&ssl=1\",\"datePublished\":\"2025-06-04T12:22:33+00:00\",\"dateModified\":\"2025-10-21T21:23:51+00:00\",\"breadcrumb\":{\"@id\":\"https:\\\/\\\/emprenderenfiestas.com\\\/index.php\\\/product\\\/taller-presencial-mesas-tematicas-express-18-7-2\\\/#breadcrumb\"},\"inLanguage\":\"es-AR\",\"potentialAction\":[{\"@type\":\"ReadAction\",\"target\":[\"https:\\\/\\\/emprenderenfiestas.com\\\/index.php\\\/product\\\/taller-presencial-mesas-tematicas-express-18-7-2\\\/\"]}]},{\"@type\":\"ImageObject\",\"inLanguage\":\"es-AR\",\"@id\":\"https:\\\/\\\/emprenderenfiestas.com\\\/index.php\\\/product\\\/taller-presencial-mesas-tematicas-express-18-7-2\\\/#primaryimage\",\"url\":\"https:\\\/\\\/i0.wp.com\\\/emprenderenfiestas.com\\\/wp-content\\\/uploads\\\/2025\\\/06\\\/IMG_4189.jpg?fit=2115%2C2115&ssl=1\",\"contentUrl\":\"https:\\\/\\\/i0.wp.com\\\/emprenderenfiestas.com\\\/wp-content\\\/uploads\\\/2025\\\/06\\\/IMG_4189.jpg?fit=2115%2C2115&ssl=1\",\"width\":2115,\"height\":2115},{\"@type\":\"BreadcrumbList\",\"@id\":\"https:\\\/\\\/emprenderenfiestas.com\\\/index.php\\\/product\\\/taller-presencial-mesas-tematicas-express-18-7-2\\\/#breadcrumb\",\"itemListElement\":[{\"@type\":\"ListItem\",\"position\":1,\"name\":\"Inicio\",\"item\":\"https:\\\/\\\/emprenderenfiestas.com\\\/\"},{\"@type\":\"ListItem\",\"position\":2,\"name\":\"Shop\",\"item\":\"https:\\\/\\\/emprenderenfiestas.com\\\/index.php\\\/shop\\\/\"},{\"@type\":\"ListItem\",\"position\":3,\"name\":\"Taller Presencial Mesas Tem\u00e1ticas Express 18\\\/7\"}]},{\"@type\":\"WebSite\",\"@id\":\"https:\\\/\\\/emprenderenfiestas.com\\\/#website\",\"url\":\"https:\\\/\\\/emprenderenfiestas.com\\\/\",\"name\":\"Emprender en Fiestas\",\"description\":\"Cursos para emprender en eventos\",\"publisher\":{\"@id\":\"https:\\\/\\\/emprenderenfiestas.com\\\/#\\\/schema\\\/person\\\/7ae3f63e8e0d298333f421659b10fec6\"},\"potentialAction\":[{\"@type\":\"SearchAction\",\"target\":{\"@type\":\"EntryPoint\",\"urlTemplate\":\"https:\\\/\\\/emprenderenfiestas.com\\\/?s={search_term_string}\"},\"query-input\":{\"@type\":\"PropertyValueSpecification\",\"valueRequired\":true,\"valueName\":\"search_term_string\"}}],\"inLanguage\":\"es-AR\"},{\"@type\":[\"Person\",\"Organization\"],\"@id\":\"https:\\\/\\\/emprenderenfiestas.com\\\/#\\\/schema\\\/person\\\/7ae3f63e8e0d298333f421659b10fec6\",\"name\":\"Daniela Dana\",\"image\":{\"@type\":\"ImageObject\",\"inLanguage\":\"es-AR\",\"@id\":\"https:\\\/\\\/i0.wp.com\\\/emprenderenfiestas.com\\\/wp-content\\\/uploads\\\/2023\\\/06\\\/Mesa-de-trabajo-3%402x-e1742245783883.png?fit=2400%2C928&ssl=1\",\"url\":\"https:\\\/\\\/i0.wp.com\\\/emprenderenfiestas.com\\\/wp-content\\\/uploads\\\/2023\\\/06\\\/Mesa-de-trabajo-3%402x-e1742245783883.png?fit=2400%2C928&ssl=1\",\"contentUrl\":\"https:\\\/\\\/i0.wp.com\\\/emprenderenfiestas.com\\\/wp-content\\\/uploads\\\/2023\\\/06\\\/Mesa-de-trabajo-3%402x-e1742245783883.png?fit=2400%2C928&ssl=1\",\"width\":2400,\"height\":928,\"caption\":\"Daniela Dana\"},\"logo\":{\"@id\":\"https:\\\/\\\/i0.wp.com\\\/emprenderenfiestas.com\\\/wp-content\\\/uploads\\\/2023\\\/06\\\/Mesa-de-trabajo-3%402x-e1742245783883.png?fit=2400%2C928&ssl=1\"}}]}<\/script>\n<!-- \/ Yoast SEO plugin. -->","yoast_head_json":{"title":"Taller Presencial Mesas Tem\u00e1ticas Express 18\/7 - emprenderenfiestas.com","robots":{"index":"index","follow":"follow","max-snippet":"max-snippet:-1","max-image-preview":"max-image-preview:large","max-video-preview":"max-video-preview:-1"},"canonical":"https:\/\/emprenderenfiestas.com\/index.php\/product\/taller-presencial-mesas-tematicas-express-18-7-2\/","og_locale":"es_ES","og_type":"article","og_title":"Taller Presencial Mesas Tem\u00e1ticas Express 18\/7 - emprenderenfiestas.com","og_description":"\u00a1Ideal para quienes quieren empezar a decorar fiestas con resultados profesionales, incluso en tiempo r\u00e9cord!  En este taller 100 % presencial te voy a ense\u00f1ar c\u00f3mo armar una mesa tem\u00e1tica en salones tipo pelotero, donde el tiempo es oro: apenas media hora para montar todo, poco espacio para trabajar y ning\u00fan ayudante a la vista. \u00bfTe suena familiar? Entonces este taller es para vos.","og_url":"https:\/\/emprenderenfiestas.com\/index.php\/product\/taller-presencial-mesas-tematicas-express-18-7-2\/","og_site_name":"emprenderenfiestas.com","article_modified_time":"2025-10-21T21:23:51+00:00","og_image":[{"width":2115,"height":2115,"url":"https:\/\/emprenderenfiestas.com\/wp-content\/uploads\/2025\/06\/IMG_4189.jpg","type":"image\/jpeg"}],"twitter_card":"summary_large_image","twitter_misc":{"Tiempo de lectura":"1 minuto"},"schema":{"@context":"https:\/\/schema.org","@graph":[{"@type":"WebPage","@id":"https:\/\/emprenderenfiestas.com\/index.php\/product\/taller-presencial-mesas-tematicas-express-18-7-2\/","url":"https:\/\/emprenderenfiestas.com\/index.php\/product\/taller-presencial-mesas-tematicas-express-18-7-2\/","name":"Taller Presencial Mesas Tem\u00e1ticas Express 18\/7 - emprenderenfiestas.com","isPartOf":{"@id":"https:\/\/emprenderenfiestas.com\/#website"},"primaryImageOfPage":{"@id":"https:\/\/emprenderenfiestas.com\/index.php\/product\/taller-presencial-mesas-tematicas-express-18-7-2\/#primaryimage"},"image":{"@id":"https:\/\/emprenderenfiestas.com\/index.php\/product\/taller-presencial-mesas-tematicas-express-18-7-2\/#primaryimage"},"thumbnailUrl":"https:\/\/i0.wp.com\/emprenderenfiestas.com\/wp-content\/uploads\/2025\/06\/IMG_4189.jpg?fit=2115%2C2115&ssl=1","datePublished":"2025-06-04T12:22:33+00:00","dateModified":"2025-10-21T21:23:51+00:00","breadcrumb":{"@id":"https:\/\/emprenderenfiestas.com\/index.php\/product\/taller-presencial-mesas-tematicas-express-18-7-2\/#breadcrumb"},"inLanguage":"es-AR","potentialAction":[{"@type":"ReadAction","target":["https:\/\/emprenderenfiestas.com\/index.php\/product\/taller-presencial-mesas-tematicas-express-18-7-2\/"]}]},{"@type":"ImageObject","inLanguage":"es-AR","@id":"https:\/\/emprenderenfiestas.com\/index.php\/product\/taller-presencial-mesas-tematicas-express-18-7-2\/#primaryimage","url":"https:\/\/i0.wp.com\/emprenderenfiestas.com\/wp-content\/uploads\/2025\/06\/IMG_4189.jpg?fit=2115%2C2115&ssl=1","contentUrl":"https:\/\/i0.wp.com\/emprenderenfiestas.com\/wp-content\/uploads\/2025\/06\/IMG_4189.jpg?fit=2115%2C2115&ssl=1","width":2115,"height":2115},{"@type":"BreadcrumbList","@id":"https:\/\/emprenderenfiestas.com\/index.php\/product\/taller-presencial-mesas-tematicas-express-18-7-2\/#breadcrumb","itemListElement":[{"@type":"ListItem","position":1,"name":"Inicio","item":"https:\/\/emprenderenfiestas.com\/"},{"@type":"ListItem","position":2,"name":"Shop","item":"https:\/\/emprenderenfiestas.com\/index.php\/shop\/"},{"@type":"ListItem","position":3,"name":"Taller Presencial Mesas Tem\u00e1ticas Express 18\/7"}]},{"@type":"WebSite","@id":"https:\/\/emprenderenfiestas.com\/#website","url":"https:\/\/emprenderenfiestas.com\/","name":"Emprender en Fiestas","description":"Cursos para emprender en eventos","publisher":{"@id":"https:\/\/emprenderenfiestas.com\/#\/schema\/person\/7ae3f63e8e0d298333f421659b10fec6"},"potentialAction":[{"@type":"SearchAction","target":{"@type":"EntryPoint","urlTemplate":"https:\/\/emprenderenfiestas.com\/?s={search_term_string}"},"query-input":{"@type":"PropertyValueSpecification","valueRequired":true,"valueName":"search_term_string"}}],"inLanguage":"es-AR"},{"@type":["Person","Organization"],"@id":"https:\/\/emprenderenfiestas.com\/#\/schema\/person\/7ae3f63e8e0d298333f421659b10fec6","name":"Daniela Dana","image":{"@type":"ImageObject","inLanguage":"es-AR","@id":"https:\/\/i0.wp.com\/emprenderenfiestas.com\/wp-content\/uploads\/2023\/06\/Mesa-de-trabajo-3%402x-e1742245783883.png?fit=2400%2C928&ssl=1","url":"https:\/\/i0.wp.com\/emprenderenfiestas.com\/wp-content\/uploads\/2023\/06\/Mesa-de-trabajo-3%402x-e1742245783883.png?fit=2400%2C928&ssl=1","contentUrl":"https:\/\/i0.wp.com\/emprenderenfiestas.com\/wp-content\/uploads\/2023\/06\/Mesa-de-trabajo-3%402x-e1742245783883.png?fit=2400%2C928&ssl=1","width":2400,"height":928,"caption":"Daniela Dana"},"logo":{"@id":"https:\/\/i0.wp.com\/emprenderenfiestas.com\/wp-content\/uploads\/2023\/06\/Mesa-de-trabajo-3%402x-e1742245783883.png?fit=2400%2C928&ssl=1"}}]}},"jetpack_publicize_connections":[],"jetpack_sharing_enabled":true,"jetpack_likes_enabled":true,"jetpack-related-posts":[],"_links":{"self":[{"href":"https:\/\/emprenderenfiestas.com\/index.php\/wp-json\/wp\/v2\/product\/31782","targetHints":{"allow":["GET"]}}],"collection":[{"href":"https:\/\/emprenderenfiestas.com\/index.php\/wp-json\/wp\/v2\/product"}],"about":[{"href":"https:\/\/emprenderenfiestas.com\/index.php\/wp-json\/wp\/v2\/types\/product"}],"replies":[{"embeddable":true,"href":"https:\/\/emprenderenfiestas.com\/index.php\/wp-json\/wp\/v2\/comments?post=31782"}],"version-history":[{"count":5,"href":"https:\/\/emprenderenfiestas.com\/index.php\/wp-json\/wp\/v2\/product\/31782\/revisions"}],"predecessor-version":[{"id":32079,"href":"https:\/\/emprenderenfiestas.com\/index.php\/wp-json\/wp\/v2\/product\/31782\/revisions\/32079"}],"wp:featuredmedia":[{"embeddable":true,"href":"https:\/\/emprenderenfiestas.com\/index.php\/wp-json\/wp\/v2\/media\/31779"}],"wp:attachment":[{"href":"https:\/\/emprenderenfiestas.com\/index.php\/wp-json\/wp\/v2\/media?parent=31782"}],"wp:term":[{"taxonomy":"product_brand","embeddable":true,"href":"https:\/\/emprenderenfiestas.com\/index.php\/wp-json\/wp\/v2\/product_brand?post=31782"},{"taxonomy":"product_cat","embeddable":true,"href":"https:\/\/emprenderenfiestas.com\/index.php\/wp-json\/wp\/v2\/product_cat?post=31782"},{"taxonomy":"product_tag","embeddable":true,"href":"https:\/\/emprenderenfiestas.com\/index.php\/wp-json\/wp\/v2\/product_tag?post=31782"}],"curies":[{"name":"wp","href":"https:\/\/api.w.org\/{rel}","templated":true}]}}