{"id":29314,"date":"2024-12-18T19:52:39","date_gmt":"2024-12-18T22:52:39","guid":{"rendered":"https:\/\/emprenderenfiestas.com\/?post_type=product&#038;p=29314"},"modified":"2025-11-04T14:05:13","modified_gmt":"2025-11-04T17:05:13","slug":"taller-de-canvas-workspace-topper-mariposa","status":"publish","type":"product","link":"https:\/\/emprenderenfiestas.com\/index.php\/product\/taller-de-canvas-workspace-topper-mariposa\/","title":{"rendered":"Masterclass Canvas Workspace Topper Mariposa"},"content":{"rendered":"<p>\ud83d\udd39 <strong>Dise\u00f1o del Caketopper Mariposa<\/strong><\/p>\n<ul>\n<li>Creaci\u00f3n de formas y figuras para personalizar el dise\u00f1o.<\/li>\n<li>Agregado de textos y personalizaci\u00f3n con nombres o frases.<\/li>\n<li>Preparaci\u00f3n del archivo de corte para el Scanncut.<\/li>\n<\/ul>\n<hr \/>\n<p>&nbsp;<\/p>\n<p><strong>\ud83e\uddf0 Materiales y requisitos<\/strong><\/p>\n<ul>\n<li><strong>Acceso a Canvas Workspace<\/strong> (online o instalado en la computadora).<\/li>\n<li><strong>Plotter de corte Scanncut Brother<\/strong> para la parte pr\u00e1ctica de corte.<\/li>\n<li><strong>Conocimientos b\u00e1sicos del uso de Scanncut Brother<\/strong> (no se ense\u00f1a desde cero).<\/li>\n<li>Acceso a <strong>Internet y una computadora<\/strong> para el uso de Canvas Workspace.<\/li>\n<\/ul>\n<p>&nbsp;<\/p>\n<hr \/>\n<p><strong>\ud83d\udc65 \u00bfA qui\u00e9n est\u00e1 dirigido este taller?<\/strong><\/p>\n<ul>\n<li><strong>Emprendedoras de papeler\u00eda creativa y personalizaci\u00f3n<\/strong> que quieren crear toppers de alta precisi\u00f3n.<\/li>\n<li><strong>Personas que ya tienen una Scanncut Brother<\/strong> y quieren aprender a usar Canvas Workspace para dise\u00f1ar desde cero.<\/li>\n<li><strong>Creativas y dise\u00f1adoras<\/strong> que desean sumar proyectos personalizables a su cat\u00e1logo de productos.<\/li>\n<\/ul>\n<p>&nbsp;<\/p>\n<hr \/>\n<p><strong>\ud83d\udcda Formato y duraci\u00f3n<\/strong><\/p>\n<ul>\n<li><strong>Modalidad:<\/strong> Taller grabado, 100% online.<\/li>\n<li><strong>Acceso:<\/strong> Permanente, sin l\u00edmite de visualizaciones.<\/li>\n<li><strong>Duraci\u00f3n:<\/strong> \ud83d\udd52 1 hora.<\/li>\n<\/ul>\n<p>&nbsp;<\/p>\n<hr \/>\n<p><strong>\ud83c\udf81 Material incluido<\/strong><\/p>\n<ul>\n<li>Este curso <strong>NO incluye materiales f\u00edsicos, ni archivos digitales<\/strong> adicionales.<\/li>\n<li>Los videos <strong>NO son descargables<\/strong>, se ven dentro de la web.<\/li>\n<\/ul>\n<p>&nbsp;<\/p>\n<hr \/>\n<p><strong>\ud83d\udce2 Importante<\/strong><\/p>\n<ul>\n<li><strong>Este taller NO incluye certificado<\/strong> de finalizaci\u00f3n.<\/li>\n<li><strong>No incluye soporte posterior a la visualizaci\u00f3n<\/strong>.<\/li>\n<li><strong>No incluye archivos ni productos f\u00edsicos<\/strong>.<\/li>\n<li><strong>Requisitos previos<\/strong>: Conocimientos b\u00e1sicos de <strong>Scanncut Brother<\/strong> y acceso a <strong>Canvas Workspace (online o instalado)<\/strong>.<\/li>\n<\/ul>\n","protected":false},"excerpt":{"rendered":"<p>En este taller 100% pr\u00e1ctico, vas a descubrir c\u00f3mo dise\u00f1ar desde cero utilizando <strong>Canvas Workspace un caketopper<\/strong>.<\/p>\n<p>Aprender\u00e1s a <strong>crear, personalizar y adaptar<\/strong> el dise\u00f1o para que tu plotter de corte realice cortes perfectos y precisos. Este taller es ideal para quienes ya tienen <strong>nociones b\u00e1sicas de Scanncut<\/strong> y quieren sacar el m\u00e1ximo provecho de la herramienta <strong>Canvas Workspace<\/strong>.<\/p>\n<p>El taller est\u00e1 dise\u00f1ado para que puedas <strong>verlo a tu ritmo<\/strong>, con acceso ilimitado y videotutoriales explicados paso a paso. \u00a1En menos de una hora estar\u00e1s lista para crear tu topper mariposa personalizado!<\/p>\n","protected":false},"featured_media":29897,"comment_status":"open","ping_status":"closed","template":"","meta":{"site-sidebar-layout":"default","site-content-layout":"","ast-site-content-layout":"default","site-content-style":"default","site-sidebar-style":"default","ast-global-header-display":"","ast-banner-title-visibility":"","ast-main-header-display":"","ast-hfb-above-header-display":"","ast-hfb-below-header-display":"","ast-hfb-mobile-header-display":"","site-post-title":"","ast-breadcrumbs-content":"","ast-featured-img":"","footer-sml-layout":"","ast-disable-related-posts":"","theme-transparent-header-meta":"default","adv-header-id-meta":"","stick-header-meta":"","header-above-stick-meta":"","header-main-stick-meta":"","header-below-stick-meta":"","astra-migrate-meta-layouts":"set","ast-page-background-enabled":"default","ast-page-background-meta":{"desktop":{"background-color":"var(--ast-global-color-4)","background-image":"","background-repeat":"repeat","background-position":"center center","background-size":"auto","background-attachment":"scroll","background-type":"","background-media":"","overlay-type":"","overlay-color":"","overlay-opacity":"","overlay-gradient":""},"tablet":{"background-color":"","background-image":"","background-repeat":"repeat","background-position":"center center","background-size":"auto","background-attachment":"scroll","background-type":"","background-media":"","overlay-type":"","overlay-color":"","overlay-opacity":"","overlay-gradient":""},"mobile":{"background-color":"","background-image":"","background-repeat":"repeat","background-position":"center center","background-size":"auto","background-attachment":"scroll","background-type":"","background-media":"","overlay-type":"","overlay-color":"","overlay-opacity":"","overlay-gradient":""}},"ast-content-background-meta":{"desktop":{"background-color":"var(--ast-global-color-5)","background-image":"","background-repeat":"repeat","background-position":"center center","background-size":"auto","background-attachment":"scroll","background-type":"","background-media":"","overlay-type":"","overlay-color":"","overlay-opacity":"","overlay-gradient":""},"tablet":{"background-color":"var(--ast-global-color-5)","background-image":"","background-repeat":"repeat","background-position":"center center","background-size":"auto","background-attachment":"scroll","background-type":"","background-media":"","overlay-type":"","overlay-color":"","overlay-opacity":"","overlay-gradient":""},"mobile":{"background-color":"var(--ast-global-color-5)","background-image":"","background-repeat":"repeat","background-position":"center center","background-size":"auto","background-attachment":"scroll","background-type":"","background-media":"","overlay-type":"","overlay-color":"","overlay-opacity":"","overlay-gradient":""}},"jetpack_post_was_ever_published":false,"jetpack_publicize_message":"","jetpack_publicize_feature_enabled":true,"jetpack_social_post_already_shared":false,"jetpack_social_options":{"image_generator_settings":{"template":"highway","default_image_id":0,"font":"","enabled":false},"version":2}},"product_brand":[],"product_cat":[426,428,416,414,424,431,421,417,432,415],"product_tag":[36,386,387,54,33,34,329],"class_list":{"0":"post-29314","1":"product","2":"type-product","3":"status-publish","4":"has-post-thumbnail","6":"product_cat-brother","7":"product_cat-masterclass","8":"product_cat-modalidad","9":"product_cat-nivel","10":"product_cat-online","11":"product_cat-papeleria","12":"product_cat-principiante","13":"product_cat-programa","14":"product_cat-scanncut-brother","15":"product_cat-tematica","16":"product_tag-brother","17":"product_tag-cake-topper","18":"product_tag-canvas","19":"product_tag-craft","20":"product_tag-plotter-de-corte","21":"product_tag-scanncut","22":"product_tag-topper-para-torta","23":"desktop-align-center","24":"tablet-align-left","25":"mobile-align-left","27":"first","28":"instock","29":"virtual","30":"purchasable","31":"product-type-simple"},"yoast_head":"<!-- This site is optimized with the Yoast SEO plugin v27.5 - https:\/\/yoast.com\/product\/yoast-seo-wordpress\/ -->\n<title>Masterclass Canvas Workspace Topper Mariposa - emprenderenfiestas.com<\/title>\n<meta name=\"robots\" content=\"index, follow, max-snippet:-1, max-image-preview:large, max-video-preview:-1\" \/>\n<link rel=\"canonical\" href=\"https:\/\/emprenderenfiestas.com\/index.php\/product\/taller-de-canvas-workspace-topper-mariposa\/\" \/>\n<meta property=\"og:locale\" content=\"es_ES\" \/>\n<meta property=\"og:type\" content=\"article\" \/>\n<meta property=\"og:title\" content=\"Masterclass Canvas Workspace Topper Mariposa - emprenderenfiestas.com\" \/>\n<meta property=\"og:description\" content=\"En este taller 100% pr\u00e1ctico, vas a descubrir c\u00f3mo dise\u00f1ar desde cero utilizando Canvas Workspace un caketopper.  Aprender\u00e1s a crear, personalizar y adaptar el dise\u00f1o para que tu plotter de corte realice cortes perfectos y precisos. Este taller es ideal para quienes ya tienen nociones b\u00e1sicas de Scanncut y quieren sacar el m\u00e1ximo provecho de la herramienta Canvas Workspace.  El taller est\u00e1 dise\u00f1ado para que puedas verlo a tu ritmo, con acceso ilimitado y videotutoriales explicados paso a paso. \u00a1En menos de una hora estar\u00e1s lista para crear tu topper mariposa personalizado!\" \/>\n<meta property=\"og:url\" content=\"https:\/\/emprenderenfiestas.com\/index.php\/product\/taller-de-canvas-workspace-topper-mariposa\/\" \/>\n<meta property=\"og:site_name\" content=\"emprenderenfiestas.com\" \/>\n<meta property=\"article:modified_time\" content=\"2025-11-04T17:05:13+00:00\" \/>\n<meta property=\"og:image\" content=\"https:\/\/emprenderenfiestas.com\/wp-content\/uploads\/2024\/12\/portadas-web.zip-1.png\" \/>\n\t<meta property=\"og:image:width\" content=\"1080\" \/>\n\t<meta property=\"og:image:height\" content=\"1080\" \/>\n\t<meta property=\"og:image:type\" content=\"image\/png\" \/>\n<meta name=\"twitter:card\" content=\"summary_large_image\" \/>\n<meta name=\"twitter:label1\" content=\"Tiempo de lectura\" \/>\n\t<meta name=\"twitter:data1\" content=\"2 minutos\" \/>\n<script type=\"application\/ld+json\" class=\"yoast-schema-graph\">{\"@context\":\"https:\\\/\\\/schema.org\",\"@graph\":[{\"@type\":\"WebPage\",\"@id\":\"https:\\\/\\\/emprenderenfiestas.com\\\/index.php\\\/product\\\/taller-de-canvas-workspace-topper-mariposa\\\/\",\"url\":\"https:\\\/\\\/emprenderenfiestas.com\\\/index.php\\\/product\\\/taller-de-canvas-workspace-topper-mariposa\\\/\",\"name\":\"Masterclass Canvas Workspace Topper Mariposa - emprenderenfiestas.com\",\"isPartOf\":{\"@id\":\"https:\\\/\\\/emprenderenfiestas.com\\\/#website\"},\"primaryImageOfPage\":{\"@id\":\"https:\\\/\\\/emprenderenfiestas.com\\\/index.php\\\/product\\\/taller-de-canvas-workspace-topper-mariposa\\\/#primaryimage\"},\"image\":{\"@id\":\"https:\\\/\\\/emprenderenfiestas.com\\\/index.php\\\/product\\\/taller-de-canvas-workspace-topper-mariposa\\\/#primaryimage\"},\"thumbnailUrl\":\"https:\\\/\\\/i0.wp.com\\\/emprenderenfiestas.com\\\/wp-content\\\/uploads\\\/2024\\\/12\\\/portadas-web.zip-1.png?fit=1080%2C1080&ssl=1\",\"datePublished\":\"2024-12-18T22:52:39+00:00\",\"dateModified\":\"2025-11-04T17:05:13+00:00\",\"breadcrumb\":{\"@id\":\"https:\\\/\\\/emprenderenfiestas.com\\\/index.php\\\/product\\\/taller-de-canvas-workspace-topper-mariposa\\\/#breadcrumb\"},\"inLanguage\":\"es-AR\",\"potentialAction\":[{\"@type\":\"ReadAction\",\"target\":[\"https:\\\/\\\/emprenderenfiestas.com\\\/index.php\\\/product\\\/taller-de-canvas-workspace-topper-mariposa\\\/\"]}]},{\"@type\":\"ImageObject\",\"inLanguage\":\"es-AR\",\"@id\":\"https:\\\/\\\/emprenderenfiestas.com\\\/index.php\\\/product\\\/taller-de-canvas-workspace-topper-mariposa\\\/#primaryimage\",\"url\":\"https:\\\/\\\/i0.wp.com\\\/emprenderenfiestas.com\\\/wp-content\\\/uploads\\\/2024\\\/12\\\/portadas-web.zip-1.png?fit=1080%2C1080&ssl=1\",\"contentUrl\":\"https:\\\/\\\/i0.wp.com\\\/emprenderenfiestas.com\\\/wp-content\\\/uploads\\\/2024\\\/12\\\/portadas-web.zip-1.png?fit=1080%2C1080&ssl=1\",\"width\":1080,\"height\":1080},{\"@type\":\"BreadcrumbList\",\"@id\":\"https:\\\/\\\/emprenderenfiestas.com\\\/index.php\\\/product\\\/taller-de-canvas-workspace-topper-mariposa\\\/#breadcrumb\",\"itemListElement\":[{\"@type\":\"ListItem\",\"position\":1,\"name\":\"Inicio\",\"item\":\"https:\\\/\\\/emprenderenfiestas.com\\\/\"},{\"@type\":\"ListItem\",\"position\":2,\"name\":\"Shop\",\"item\":\"https:\\\/\\\/emprenderenfiestas.com\\\/index.php\\\/shop\\\/\"},{\"@type\":\"ListItem\",\"position\":3,\"name\":\"Masterclass Canvas Workspace Topper Mariposa\"}]},{\"@type\":\"WebSite\",\"@id\":\"https:\\\/\\\/emprenderenfiestas.com\\\/#website\",\"url\":\"https:\\\/\\\/emprenderenfiestas.com\\\/\",\"name\":\"Emprender en Fiestas\",\"description\":\"Cursos para emprender en eventos\",\"publisher\":{\"@id\":\"https:\\\/\\\/emprenderenfiestas.com\\\/#\\\/schema\\\/person\\\/7ae3f63e8e0d298333f421659b10fec6\"},\"potentialAction\":[{\"@type\":\"SearchAction\",\"target\":{\"@type\":\"EntryPoint\",\"urlTemplate\":\"https:\\\/\\\/emprenderenfiestas.com\\\/?s={search_term_string}\"},\"query-input\":{\"@type\":\"PropertyValueSpecification\",\"valueRequired\":true,\"valueName\":\"search_term_string\"}}],\"inLanguage\":\"es-AR\"},{\"@type\":[\"Person\",\"Organization\"],\"@id\":\"https:\\\/\\\/emprenderenfiestas.com\\\/#\\\/schema\\\/person\\\/7ae3f63e8e0d298333f421659b10fec6\",\"name\":\"Daniela Dana\",\"image\":{\"@type\":\"ImageObject\",\"inLanguage\":\"es-AR\",\"@id\":\"https:\\\/\\\/i0.wp.com\\\/emprenderenfiestas.com\\\/wp-content\\\/uploads\\\/2023\\\/06\\\/Mesa-de-trabajo-3%402x-e1742245783883.png?fit=2400%2C928&ssl=1\",\"url\":\"https:\\\/\\\/i0.wp.com\\\/emprenderenfiestas.com\\\/wp-content\\\/uploads\\\/2023\\\/06\\\/Mesa-de-trabajo-3%402x-e1742245783883.png?fit=2400%2C928&ssl=1\",\"contentUrl\":\"https:\\\/\\\/i0.wp.com\\\/emprenderenfiestas.com\\\/wp-content\\\/uploads\\\/2023\\\/06\\\/Mesa-de-trabajo-3%402x-e1742245783883.png?fit=2400%2C928&ssl=1\",\"width\":2400,\"height\":928,\"caption\":\"Daniela Dana\"},\"logo\":{\"@id\":\"https:\\\/\\\/i0.wp.com\\\/emprenderenfiestas.com\\\/wp-content\\\/uploads\\\/2023\\\/06\\\/Mesa-de-trabajo-3%402x-e1742245783883.png?fit=2400%2C928&ssl=1\"}}]}<\/script>\n<!-- \/ Yoast SEO plugin. -->","yoast_head_json":{"title":"Masterclass Canvas Workspace Topper Mariposa - emprenderenfiestas.com","robots":{"index":"index","follow":"follow","max-snippet":"max-snippet:-1","max-image-preview":"max-image-preview:large","max-video-preview":"max-video-preview:-1"},"canonical":"https:\/\/emprenderenfiestas.com\/index.php\/product\/taller-de-canvas-workspace-topper-mariposa\/","og_locale":"es_ES","og_type":"article","og_title":"Masterclass Canvas Workspace Topper Mariposa - emprenderenfiestas.com","og_description":"En este taller 100% pr\u00e1ctico, vas a descubrir c\u00f3mo dise\u00f1ar desde cero utilizando Canvas Workspace un caketopper.  Aprender\u00e1s a crear, personalizar y adaptar el dise\u00f1o para que tu plotter de corte realice cortes perfectos y precisos. Este taller es ideal para quienes ya tienen nociones b\u00e1sicas de Scanncut y quieren sacar el m\u00e1ximo provecho de la herramienta Canvas Workspace.  El taller est\u00e1 dise\u00f1ado para que puedas verlo a tu ritmo, con acceso ilimitado y videotutoriales explicados paso a paso. \u00a1En menos de una hora estar\u00e1s lista para crear tu topper mariposa personalizado!","og_url":"https:\/\/emprenderenfiestas.com\/index.php\/product\/taller-de-canvas-workspace-topper-mariposa\/","og_site_name":"emprenderenfiestas.com","article_modified_time":"2025-11-04T17:05:13+00:00","og_image":[{"width":1080,"height":1080,"url":"https:\/\/emprenderenfiestas.com\/wp-content\/uploads\/2024\/12\/portadas-web.zip-1.png","type":"image\/png"}],"twitter_card":"summary_large_image","twitter_misc":{"Tiempo de lectura":"2 minutos"},"schema":{"@context":"https:\/\/schema.org","@graph":[{"@type":"WebPage","@id":"https:\/\/emprenderenfiestas.com\/index.php\/product\/taller-de-canvas-workspace-topper-mariposa\/","url":"https:\/\/emprenderenfiestas.com\/index.php\/product\/taller-de-canvas-workspace-topper-mariposa\/","name":"Masterclass Canvas Workspace Topper Mariposa - emprenderenfiestas.com","isPartOf":{"@id":"https:\/\/emprenderenfiestas.com\/#website"},"primaryImageOfPage":{"@id":"https:\/\/emprenderenfiestas.com\/index.php\/product\/taller-de-canvas-workspace-topper-mariposa\/#primaryimage"},"image":{"@id":"https:\/\/emprenderenfiestas.com\/index.php\/product\/taller-de-canvas-workspace-topper-mariposa\/#primaryimage"},"thumbnailUrl":"https:\/\/i0.wp.com\/emprenderenfiestas.com\/wp-content\/uploads\/2024\/12\/portadas-web.zip-1.png?fit=1080%2C1080&ssl=1","datePublished":"2024-12-18T22:52:39+00:00","dateModified":"2025-11-04T17:05:13+00:00","breadcrumb":{"@id":"https:\/\/emprenderenfiestas.com\/index.php\/product\/taller-de-canvas-workspace-topper-mariposa\/#breadcrumb"},"inLanguage":"es-AR","potentialAction":[{"@type":"ReadAction","target":["https:\/\/emprenderenfiestas.com\/index.php\/product\/taller-de-canvas-workspace-topper-mariposa\/"]}]},{"@type":"ImageObject","inLanguage":"es-AR","@id":"https:\/\/emprenderenfiestas.com\/index.php\/product\/taller-de-canvas-workspace-topper-mariposa\/#primaryimage","url":"https:\/\/i0.wp.com\/emprenderenfiestas.com\/wp-content\/uploads\/2024\/12\/portadas-web.zip-1.png?fit=1080%2C1080&ssl=1","contentUrl":"https:\/\/i0.wp.com\/emprenderenfiestas.com\/wp-content\/uploads\/2024\/12\/portadas-web.zip-1.png?fit=1080%2C1080&ssl=1","width":1080,"height":1080},{"@type":"BreadcrumbList","@id":"https:\/\/emprenderenfiestas.com\/index.php\/product\/taller-de-canvas-workspace-topper-mariposa\/#breadcrumb","itemListElement":[{"@type":"ListItem","position":1,"name":"Inicio","item":"https:\/\/emprenderenfiestas.com\/"},{"@type":"ListItem","position":2,"name":"Shop","item":"https:\/\/emprenderenfiestas.com\/index.php\/shop\/"},{"@type":"ListItem","position":3,"name":"Masterclass Canvas Workspace Topper Mariposa"}]},{"@type":"WebSite","@id":"https:\/\/emprenderenfiestas.com\/#website","url":"https:\/\/emprenderenfiestas.com\/","name":"Emprender en Fiestas","description":"Cursos para emprender en eventos","publisher":{"@id":"https:\/\/emprenderenfiestas.com\/#\/schema\/person\/7ae3f63e8e0d298333f421659b10fec6"},"potentialAction":[{"@type":"SearchAction","target":{"@type":"EntryPoint","urlTemplate":"https:\/\/emprenderenfiestas.com\/?s={search_term_string}"},"query-input":{"@type":"PropertyValueSpecification","valueRequired":true,"valueName":"search_term_string"}}],"inLanguage":"es-AR"},{"@type":["Person","Organization"],"@id":"https:\/\/emprenderenfiestas.com\/#\/schema\/person\/7ae3f63e8e0d298333f421659b10fec6","name":"Daniela Dana","image":{"@type":"ImageObject","inLanguage":"es-AR","@id":"https:\/\/i0.wp.com\/emprenderenfiestas.com\/wp-content\/uploads\/2023\/06\/Mesa-de-trabajo-3%402x-e1742245783883.png?fit=2400%2C928&ssl=1","url":"https:\/\/i0.wp.com\/emprenderenfiestas.com\/wp-content\/uploads\/2023\/06\/Mesa-de-trabajo-3%402x-e1742245783883.png?fit=2400%2C928&ssl=1","contentUrl":"https:\/\/i0.wp.com\/emprenderenfiestas.com\/wp-content\/uploads\/2023\/06\/Mesa-de-trabajo-3%402x-e1742245783883.png?fit=2400%2C928&ssl=1","width":2400,"height":928,"caption":"Daniela Dana"},"logo":{"@id":"https:\/\/i0.wp.com\/emprenderenfiestas.com\/wp-content\/uploads\/2023\/06\/Mesa-de-trabajo-3%402x-e1742245783883.png?fit=2400%2C928&ssl=1"}}]}},"jetpack_publicize_connections":[],"jetpack_sharing_enabled":true,"jetpack_likes_enabled":true,"jetpack-related-posts":[],"_links":{"self":[{"href":"https:\/\/emprenderenfiestas.com\/index.php\/wp-json\/wp\/v2\/product\/29314","targetHints":{"allow":["GET"]}}],"collection":[{"href":"https:\/\/emprenderenfiestas.com\/index.php\/wp-json\/wp\/v2\/product"}],"about":[{"href":"https:\/\/emprenderenfiestas.com\/index.php\/wp-json\/wp\/v2\/types\/product"}],"replies":[{"embeddable":true,"href":"https:\/\/emprenderenfiestas.com\/index.php\/wp-json\/wp\/v2\/comments?post=29314"}],"version-history":[{"count":2,"href":"https:\/\/emprenderenfiestas.com\/index.php\/wp-json\/wp\/v2\/product\/29314\/revisions"}],"predecessor-version":[{"id":29334,"href":"https:\/\/emprenderenfiestas.com\/index.php\/wp-json\/wp\/v2\/product\/29314\/revisions\/29334"}],"wp:featuredmedia":[{"embeddable":true,"href":"https:\/\/emprenderenfiestas.com\/index.php\/wp-json\/wp\/v2\/media\/29897"}],"wp:attachment":[{"href":"https:\/\/emprenderenfiestas.com\/index.php\/wp-json\/wp\/v2\/media?parent=29314"}],"wp:term":[{"taxonomy":"product_brand","embeddable":true,"href":"https:\/\/emprenderenfiestas.com\/index.php\/wp-json\/wp\/v2\/product_brand?post=29314"},{"taxonomy":"product_cat","embeddable":true,"href":"https:\/\/emprenderenfiestas.com\/index.php\/wp-json\/wp\/v2\/product_cat?post=29314"},{"taxonomy":"product_tag","embeddable":true,"href":"https:\/\/emprenderenfiestas.com\/index.php\/wp-json\/wp\/v2\/product_tag?post=29314"}],"curies":[{"name":"wp","href":"https:\/\/api.w.org\/{rel}","templated":true}]}}