{"id":27729,"date":"2024-10-28T12:42:03","date_gmt":"2024-10-28T15:42:03","guid":{"rendered":"https:\/\/emprenderenfiestas.com\/?post_type=product&#038;p=27729"},"modified":"2025-10-10T14:45:38","modified_gmt":"2025-10-10T17:45:38","slug":"kit-creativo-halloween-archivos-para-imprimir-y-cortar-a-mano","status":"publish","type":"product","link":"https:\/\/emprenderenfiestas.com\/index.php\/product\/kit-creativo-halloween-archivos-para-imprimir-y-cortar-a-mano\/","title":{"rendered":"Kit Creativo Halloween &#8211; Archivos para imprimir y cortar a mano"},"content":{"rendered":"\t\t<div data-elementor-type=\"wp-post\" data-elementor-id=\"27729\" class=\"elementor elementor-27729\" data-elementor-post-type=\"product\">\n\t\t\t\t<div class=\"elementor-element elementor-element-2f97b1a3 e-flex e-con-boxed e-con e-parent\" data-id=\"2f97b1a3\" data-element_type=\"container\" data-e-type=\"container\">\n\t\t\t\t\t<div class=\"e-con-inner\">\n\t\t\t\t<div class=\"elementor-element elementor-element-3ff5c4da elementor-widget elementor-widget-text-editor\" data-id=\"3ff5c4da\" data-element_type=\"widget\" data-e-type=\"widget\" data-widget_type=\"text-editor.default\">\n\t\t\t\t<div class=\"elementor-widget-container\">\n\t\t\t\t\t\t\t\t\t<p>Finalizada la compra, recibir\u00e1s un mail con el acceso a la descarga de 1 archivo comprimido .ZIP para descomprimir en la computadora con todos los patrones.<\/p><p>\u00a0<\/p><p><em>Este producto Copyright Silvestre y Divertido &#8211; 27337960117 &#8211; 2024. Todos los derechos reservados.\u00a0<\/em><\/p>\t\t\t\t\t\t\t\t<\/div>\n\t\t\t\t<\/div>\n\t\t\t\t\t<\/div>\n\t\t\t\t<\/div>\n\t\t\t\t<\/div>\n\t\t","protected":false},"excerpt":{"rendered":"<p><strong>Kit Creativo de Halloween \u2013 Archivos para imprimir y cortar a mano<\/strong><\/p>\n<p>\u00a1Prep\u00e1rate para sorprender a todos en Halloween con nuestro <strong>Kit Creativo<\/strong>! Este kit trae todo lo necesario para que personalices tu fiesta de manera s\u00faper f\u00e1cil y divertida. Si te encanta hacer decoraciones a mano, \u00a1esto es justo lo que necesitas!<\/p>\n<p><strong>\u00bfQu\u00e9 incluye el kit?<\/strong><\/p>\n<ul>\n<li><strong>Bolsita para dulces<\/strong>: Ideal para rellenar con caramelos o regalitos.<\/li>\n<li><strong>Guirnalda tem\u00e1tica<\/strong>: Decora cualquier rinc\u00f3n con esta guirnalda llena de calabazas, fantasmas, murci\u00e9lagos, ara\u00f1itas y estrellas. \u00a1Quedar\u00e1 genial colgada en tu fiesta!<\/li>\n<li><strong>L\u00e1mpara decorativa<\/strong>: Arma una l\u00e1mpara con un toque terror\u00edfico que iluminar\u00e1 tu evento de forma s\u00faper original.<\/li>\n<\/ul>\n<p>Todos los archivos vienen en formato PDF para que puedas imprimir y cortar a mano , as\u00ed que podr\u00e1s crear todo al instante y a tu estilo. \u00a1Solo corta, arma y disfruta del proceso!<\/p>\n","protected":false},"featured_media":27366,"comment_status":"open","ping_status":"closed","template":"","meta":{"site-sidebar-layout":"default","site-content-layout":"","ast-site-content-layout":"default","site-content-style":"default","site-sidebar-style":"default","ast-global-header-display":"","ast-banner-title-visibility":"","ast-main-header-display":"","ast-hfb-above-header-display":"","ast-hfb-below-header-display":"","ast-hfb-mobile-header-display":"","site-post-title":"","ast-breadcrumbs-content":"","ast-featured-img":"","footer-sml-layout":"","ast-disable-related-posts":"","theme-transparent-header-meta":"default","adv-header-id-meta":"","stick-header-meta":"","header-above-stick-meta":"","header-main-stick-meta":"","header-below-stick-meta":"","astra-migrate-meta-layouts":"set","ast-page-background-enabled":"default","ast-page-background-meta":{"desktop":{"background-color":"var(--ast-global-color-4)","background-image":"","background-repeat":"repeat","background-position":"center center","background-size":"auto","background-attachment":"scroll","background-type":"","background-media":"","overlay-type":"","overlay-color":"","overlay-opacity":"","overlay-gradient":""},"tablet":{"background-color":"","background-image":"","background-repeat":"repeat","background-position":"center center","background-size":"auto","background-attachment":"scroll","background-type":"","background-media":"","overlay-type":"","overlay-color":"","overlay-opacity":"","overlay-gradient":""},"mobile":{"background-color":"","background-image":"","background-repeat":"repeat","background-position":"center center","background-size":"auto","background-attachment":"scroll","background-type":"","background-media":"","overlay-type":"","overlay-color":"","overlay-opacity":"","overlay-gradient":""}},"ast-content-background-meta":{"desktop":{"background-color":"var(--ast-global-color-5)","background-image":"","background-repeat":"repeat","background-position":"center center","background-size":"auto","background-attachment":"scroll","background-type":"","background-media":"","overlay-type":"","overlay-color":"","overlay-opacity":"","overlay-gradient":""},"tablet":{"background-color":"var(--ast-global-color-5)","background-image":"","background-repeat":"repeat","background-position":"center center","background-size":"auto","background-attachment":"scroll","background-type":"","background-media":"","overlay-type":"","overlay-color":"","overlay-opacity":"","overlay-gradient":""},"mobile":{"background-color":"var(--ast-global-color-5)","background-image":"","background-repeat":"repeat","background-position":"center center","background-size":"auto","background-attachment":"scroll","background-type":"","background-media":"","overlay-type":"","overlay-color":"","overlay-opacity":"","overlay-gradient":""}},"jetpack_post_was_ever_published":false,"jetpack_publicize_message":"","jetpack_publicize_feature_enabled":true,"jetpack_social_post_already_shared":false,"jetpack_social_options":{"image_generator_settings":{"template":"highway","default_image_id":0,"font":"","enabled":false},"version":2}},"product_brand":[],"product_cat":[416,28,414,431,173,417,415],"product_tag":[24,346,268,26,270,271,347],"class_list":{"0":"post-27729","1":"product","2":"type-product","3":"status-publish","4":"has-post-thumbnail","6":"product_cat-modalidad","7":"product_cat-moldes-candy-letras3d","8":"product_cat-nivel","9":"product_cat-papeleria","10":"product_cat-patrones-syd","11":"product_cat-programa","12":"product_cat-tematica","13":"product_tag-decoracion-en-papel","14":"product_tag-halloween","15":"product_tag-imprimibles","16":"product_tag-kits-imprimibles","17":"product_tag-papeleria-creativa","18":"product_tag-papeleria-para-eventos","19":"product_tag-papeleria-para-halloween","20":"desktop-align-center","21":"tablet-align-left","22":"mobile-align-left","24":"first","25":"instock","26":"downloadable","27":"virtual","28":"purchasable","29":"product-type-simple"},"yoast_head":"<!-- This site is optimized with the Yoast SEO plugin v27.3 - https:\/\/yoast.com\/product\/yoast-seo-wordpress\/ -->\n<title>Kit Creativo Halloween - Archivos para imprimir y cortar a mano - emprenderenfiestas.com<\/title>\n<meta name=\"description\" content=\"Kit Creativo de Halloween \u2013 Archivos para imprimir y cortar a mano\u00a1Prep\u00e1rate para sorprender a todos en Halloween con nuestro Kit Creativo! Este kit trae todo lo necesario para que personalices tu fiesta de manera s\u00faper f\u00e1cil y divertida. Si te encanta hacer decoraciones a mano, \u00a1esto es justo lo que necesitas!\u00bfQu\u00e9 incluye el kit?Bolsita para dulces: Ideal para rellenar con caramelos o regalitos.Guirnalda tem\u00e1tica: Decora cualquier rinc\u00f3n con esta guirnalda llena de calabazas, fantasmas, murci\u00e9lagos, ara\u00f1itas y estrellas. \u00a1Quedar\u00e1 genial colgada en tu fiesta!L\u00e1mpara decorativa: Arma una l\u00e1mpara con un toque terror\u00edfico que iluminar\u00e1 tu evento de forma s\u00faper original.Todos los archivos vienen en formato PDF para que puedas imprimir y cortar a mano, as\u00ed que podr\u00e1s crear todo al instante y a tu estilo. \u00a1Solo corta, arma y disfruta del proceso!\" \/>\n<meta name=\"robots\" content=\"index, follow, max-snippet:-1, max-image-preview:large, max-video-preview:-1\" \/>\n<link rel=\"canonical\" href=\"https:\/\/emprenderenfiestas.com\/index.php\/product\/kit-creativo-halloween-archivos-para-imprimir-y-cortar-a-mano\/\" \/>\n<meta property=\"og:locale\" content=\"es_ES\" \/>\n<meta property=\"og:type\" content=\"article\" \/>\n<meta property=\"og:title\" content=\"Kit Creativo Halloween - Archivos para imprimir y cortar a mano - emprenderenfiestas.com\" \/>\n<meta property=\"og:description\" content=\"Kit Creativo de Halloween \u2013 Archivos para imprimir y cortar a mano\u00a1Prep\u00e1rate para sorprender a todos en Halloween con nuestro Kit Creativo! Este kit trae todo lo necesario para que personalices tu fiesta de manera s\u00faper f\u00e1cil y divertida. Si te encanta hacer decoraciones a mano, \u00a1esto es justo lo que necesitas!\u00bfQu\u00e9 incluye el kit?Bolsita para dulces: Ideal para rellenar con caramelos o regalitos.Guirnalda tem\u00e1tica: Decora cualquier rinc\u00f3n con esta guirnalda llena de calabazas, fantasmas, murci\u00e9lagos, ara\u00f1itas y estrellas. \u00a1Quedar\u00e1 genial colgada en tu fiesta!L\u00e1mpara decorativa: Arma una l\u00e1mpara con un toque terror\u00edfico que iluminar\u00e1 tu evento de forma s\u00faper original.Todos los archivos vienen en formato PDF para que puedas imprimir y cortar a mano, as\u00ed que podr\u00e1s crear todo al instante y a tu estilo. \u00a1Solo corta, arma y disfruta del proceso!\" \/>\n<meta property=\"og:url\" content=\"https:\/\/emprenderenfiestas.com\/index.php\/product\/kit-creativo-halloween-archivos-para-imprimir-y-cortar-a-mano\/\" \/>\n<meta property=\"og:site_name\" content=\"emprenderenfiestas.com\" \/>\n<meta property=\"article:modified_time\" content=\"2025-10-10T17:45:38+00:00\" \/>\n<meta property=\"og:image\" content=\"https:\/\/emprenderenfiestas.com\/wp-content\/uploads\/2024\/10\/halloween-2.jpg\" \/>\n\t<meta property=\"og:image:width\" content=\"1080\" \/>\n\t<meta property=\"og:image:height\" content=\"1920\" \/>\n\t<meta property=\"og:image:type\" content=\"image\/jpeg\" \/>\n<meta name=\"twitter:card\" content=\"summary_large_image\" \/>\n<meta name=\"twitter:label1\" content=\"Tiempo de lectura\" \/>\n\t<meta name=\"twitter:data1\" content=\"1 minuto\" \/>\n<script type=\"application\/ld+json\" class=\"yoast-schema-graph\">{\"@context\":\"https:\\\/\\\/schema.org\",\"@graph\":[{\"@type\":\"WebPage\",\"@id\":\"https:\\\/\\\/emprenderenfiestas.com\\\/index.php\\\/product\\\/kit-creativo-halloween-archivos-para-imprimir-y-cortar-a-mano\\\/\",\"url\":\"https:\\\/\\\/emprenderenfiestas.com\\\/index.php\\\/product\\\/kit-creativo-halloween-archivos-para-imprimir-y-cortar-a-mano\\\/\",\"name\":\"Kit Creativo Halloween - Archivos para imprimir y cortar a mano - emprenderenfiestas.com\",\"isPartOf\":{\"@id\":\"https:\\\/\\\/emprenderenfiestas.com\\\/#website\"},\"primaryImageOfPage\":{\"@id\":\"https:\\\/\\\/emprenderenfiestas.com\\\/index.php\\\/product\\\/kit-creativo-halloween-archivos-para-imprimir-y-cortar-a-mano\\\/#primaryimage\"},\"image\":{\"@id\":\"https:\\\/\\\/emprenderenfiestas.com\\\/index.php\\\/product\\\/kit-creativo-halloween-archivos-para-imprimir-y-cortar-a-mano\\\/#primaryimage\"},\"thumbnailUrl\":\"https:\\\/\\\/i0.wp.com\\\/emprenderenfiestas.com\\\/wp-content\\\/uploads\\\/2024\\\/10\\\/halloween-2.jpg?fit=1080%2C1920&ssl=1\",\"datePublished\":\"2024-10-28T15:42:03+00:00\",\"dateModified\":\"2025-10-10T17:45:38+00:00\",\"description\":\"Kit Creativo de Halloween \u2013 Archivos para imprimir y cortar a mano\u00a1Prep\u00e1rate para sorprender a todos en Halloween con nuestro Kit Creativo! Este kit trae todo lo necesario para que personalices tu fiesta de manera s\u00faper f\u00e1cil y divertida. Si te encanta hacer decoraciones a mano, \u00a1esto es justo lo que necesitas!\u00bfQu\u00e9 incluye el kit?Bolsita para dulces: Ideal para rellenar con caramelos o regalitos.Guirnalda tem\u00e1tica: Decora cualquier rinc\u00f3n con esta guirnalda llena de calabazas, fantasmas, murci\u00e9lagos, ara\u00f1itas y estrellas. \u00a1Quedar\u00e1 genial colgada en tu fiesta!L\u00e1mpara decorativa: Arma una l\u00e1mpara con un toque terror\u00edfico que iluminar\u00e1 tu evento de forma s\u00faper original.Todos los archivos vienen en formato PDF para que puedas imprimir y cortar a mano, as\u00ed que podr\u00e1s crear todo al instante y a tu estilo. \u00a1Solo corta, arma y disfruta del proceso!\",\"breadcrumb\":{\"@id\":\"https:\\\/\\\/emprenderenfiestas.com\\\/index.php\\\/product\\\/kit-creativo-halloween-archivos-para-imprimir-y-cortar-a-mano\\\/#breadcrumb\"},\"inLanguage\":\"es-AR\",\"potentialAction\":[{\"@type\":\"ReadAction\",\"target\":[\"https:\\\/\\\/emprenderenfiestas.com\\\/index.php\\\/product\\\/kit-creativo-halloween-archivos-para-imprimir-y-cortar-a-mano\\\/\"]}]},{\"@type\":\"ImageObject\",\"inLanguage\":\"es-AR\",\"@id\":\"https:\\\/\\\/emprenderenfiestas.com\\\/index.php\\\/product\\\/kit-creativo-halloween-archivos-para-imprimir-y-cortar-a-mano\\\/#primaryimage\",\"url\":\"https:\\\/\\\/i0.wp.com\\\/emprenderenfiestas.com\\\/wp-content\\\/uploads\\\/2024\\\/10\\\/halloween-2.jpg?fit=1080%2C1920&ssl=1\",\"contentUrl\":\"https:\\\/\\\/i0.wp.com\\\/emprenderenfiestas.com\\\/wp-content\\\/uploads\\\/2024\\\/10\\\/halloween-2.jpg?fit=1080%2C1920&ssl=1\",\"width\":1080,\"height\":1920},{\"@type\":\"BreadcrumbList\",\"@id\":\"https:\\\/\\\/emprenderenfiestas.com\\\/index.php\\\/product\\\/kit-creativo-halloween-archivos-para-imprimir-y-cortar-a-mano\\\/#breadcrumb\",\"itemListElement\":[{\"@type\":\"ListItem\",\"position\":1,\"name\":\"Inicio\",\"item\":\"https:\\\/\\\/emprenderenfiestas.com\\\/\"},{\"@type\":\"ListItem\",\"position\":2,\"name\":\"Shop\",\"item\":\"https:\\\/\\\/emprenderenfiestas.com\\\/index.php\\\/shop\\\/\"},{\"@type\":\"ListItem\",\"position\":3,\"name\":\"Kit Creativo Halloween &#8211; Archivos para imprimir y cortar a mano\"}]},{\"@type\":\"WebSite\",\"@id\":\"https:\\\/\\\/emprenderenfiestas.com\\\/#website\",\"url\":\"https:\\\/\\\/emprenderenfiestas.com\\\/\",\"name\":\"Emprender en Fiestas\",\"description\":\"Cursos para emprender en eventos\",\"publisher\":{\"@id\":\"https:\\\/\\\/emprenderenfiestas.com\\\/#\\\/schema\\\/person\\\/7ae3f63e8e0d298333f421659b10fec6\"},\"potentialAction\":[{\"@type\":\"SearchAction\",\"target\":{\"@type\":\"EntryPoint\",\"urlTemplate\":\"https:\\\/\\\/emprenderenfiestas.com\\\/?s={search_term_string}\"},\"query-input\":{\"@type\":\"PropertyValueSpecification\",\"valueRequired\":true,\"valueName\":\"search_term_string\"}}],\"inLanguage\":\"es-AR\"},{\"@type\":[\"Person\",\"Organization\"],\"@id\":\"https:\\\/\\\/emprenderenfiestas.com\\\/#\\\/schema\\\/person\\\/7ae3f63e8e0d298333f421659b10fec6\",\"name\":\"Daniela Dana\",\"image\":{\"@type\":\"ImageObject\",\"inLanguage\":\"es-AR\",\"@id\":\"https:\\\/\\\/i0.wp.com\\\/emprenderenfiestas.com\\\/wp-content\\\/uploads\\\/2023\\\/06\\\/Mesa-de-trabajo-3%402x-e1742245783883.png?fit=2400%2C928&ssl=1\",\"url\":\"https:\\\/\\\/i0.wp.com\\\/emprenderenfiestas.com\\\/wp-content\\\/uploads\\\/2023\\\/06\\\/Mesa-de-trabajo-3%402x-e1742245783883.png?fit=2400%2C928&ssl=1\",\"contentUrl\":\"https:\\\/\\\/i0.wp.com\\\/emprenderenfiestas.com\\\/wp-content\\\/uploads\\\/2023\\\/06\\\/Mesa-de-trabajo-3%402x-e1742245783883.png?fit=2400%2C928&ssl=1\",\"width\":2400,\"height\":928,\"caption\":\"Daniela Dana\"},\"logo\":{\"@id\":\"https:\\\/\\\/i0.wp.com\\\/emprenderenfiestas.com\\\/wp-content\\\/uploads\\\/2023\\\/06\\\/Mesa-de-trabajo-3%402x-e1742245783883.png?fit=2400%2C928&ssl=1\"}}]}<\/script>\n<!-- \/ Yoast SEO plugin. -->","yoast_head_json":{"title":"Kit Creativo Halloween - Archivos para imprimir y cortar a mano - emprenderenfiestas.com","description":"Kit Creativo de Halloween \u2013 Archivos para imprimir y cortar a mano\u00a1Prep\u00e1rate para sorprender a todos en Halloween con nuestro Kit Creativo! Este kit trae todo lo necesario para que personalices tu fiesta de manera s\u00faper f\u00e1cil y divertida. Si te encanta hacer decoraciones a mano, \u00a1esto es justo lo que necesitas!\u00bfQu\u00e9 incluye el kit?Bolsita para dulces: Ideal para rellenar con caramelos o regalitos.Guirnalda tem\u00e1tica: Decora cualquier rinc\u00f3n con esta guirnalda llena de calabazas, fantasmas, murci\u00e9lagos, ara\u00f1itas y estrellas. \u00a1Quedar\u00e1 genial colgada en tu fiesta!L\u00e1mpara decorativa: Arma una l\u00e1mpara con un toque terror\u00edfico que iluminar\u00e1 tu evento de forma s\u00faper original.Todos los archivos vienen en formato PDF para que puedas imprimir y cortar a mano, as\u00ed que podr\u00e1s crear todo al instante y a tu estilo. \u00a1Solo corta, arma y disfruta del proceso!","robots":{"index":"index","follow":"follow","max-snippet":"max-snippet:-1","max-image-preview":"max-image-preview:large","max-video-preview":"max-video-preview:-1"},"canonical":"https:\/\/emprenderenfiestas.com\/index.php\/product\/kit-creativo-halloween-archivos-para-imprimir-y-cortar-a-mano\/","og_locale":"es_ES","og_type":"article","og_title":"Kit Creativo Halloween - Archivos para imprimir y cortar a mano - emprenderenfiestas.com","og_description":"Kit Creativo de Halloween \u2013 Archivos para imprimir y cortar a mano\u00a1Prep\u00e1rate para sorprender a todos en Halloween con nuestro Kit Creativo! Este kit trae todo lo necesario para que personalices tu fiesta de manera s\u00faper f\u00e1cil y divertida. Si te encanta hacer decoraciones a mano, \u00a1esto es justo lo que necesitas!\u00bfQu\u00e9 incluye el kit?Bolsita para dulces: Ideal para rellenar con caramelos o regalitos.Guirnalda tem\u00e1tica: Decora cualquier rinc\u00f3n con esta guirnalda llena de calabazas, fantasmas, murci\u00e9lagos, ara\u00f1itas y estrellas. \u00a1Quedar\u00e1 genial colgada en tu fiesta!L\u00e1mpara decorativa: Arma una l\u00e1mpara con un toque terror\u00edfico que iluminar\u00e1 tu evento de forma s\u00faper original.Todos los archivos vienen en formato PDF para que puedas imprimir y cortar a mano, as\u00ed que podr\u00e1s crear todo al instante y a tu estilo. \u00a1Solo corta, arma y disfruta del proceso!","og_url":"https:\/\/emprenderenfiestas.com\/index.php\/product\/kit-creativo-halloween-archivos-para-imprimir-y-cortar-a-mano\/","og_site_name":"emprenderenfiestas.com","article_modified_time":"2025-10-10T17:45:38+00:00","og_image":[{"width":1080,"height":1920,"url":"https:\/\/emprenderenfiestas.com\/wp-content\/uploads\/2024\/10\/halloween-2.jpg","type":"image\/jpeg"}],"twitter_card":"summary_large_image","twitter_misc":{"Tiempo de lectura":"1 minuto"},"schema":{"@context":"https:\/\/schema.org","@graph":[{"@type":"WebPage","@id":"https:\/\/emprenderenfiestas.com\/index.php\/product\/kit-creativo-halloween-archivos-para-imprimir-y-cortar-a-mano\/","url":"https:\/\/emprenderenfiestas.com\/index.php\/product\/kit-creativo-halloween-archivos-para-imprimir-y-cortar-a-mano\/","name":"Kit Creativo Halloween - Archivos para imprimir y cortar a mano - emprenderenfiestas.com","isPartOf":{"@id":"https:\/\/emprenderenfiestas.com\/#website"},"primaryImageOfPage":{"@id":"https:\/\/emprenderenfiestas.com\/index.php\/product\/kit-creativo-halloween-archivos-para-imprimir-y-cortar-a-mano\/#primaryimage"},"image":{"@id":"https:\/\/emprenderenfiestas.com\/index.php\/product\/kit-creativo-halloween-archivos-para-imprimir-y-cortar-a-mano\/#primaryimage"},"thumbnailUrl":"https:\/\/i0.wp.com\/emprenderenfiestas.com\/wp-content\/uploads\/2024\/10\/halloween-2.jpg?fit=1080%2C1920&ssl=1","datePublished":"2024-10-28T15:42:03+00:00","dateModified":"2025-10-10T17:45:38+00:00","description":"Kit Creativo de Halloween \u2013 Archivos para imprimir y cortar a mano\u00a1Prep\u00e1rate para sorprender a todos en Halloween con nuestro Kit Creativo! Este kit trae todo lo necesario para que personalices tu fiesta de manera s\u00faper f\u00e1cil y divertida. Si te encanta hacer decoraciones a mano, \u00a1esto es justo lo que necesitas!\u00bfQu\u00e9 incluye el kit?Bolsita para dulces: Ideal para rellenar con caramelos o regalitos.Guirnalda tem\u00e1tica: Decora cualquier rinc\u00f3n con esta guirnalda llena de calabazas, fantasmas, murci\u00e9lagos, ara\u00f1itas y estrellas. \u00a1Quedar\u00e1 genial colgada en tu fiesta!L\u00e1mpara decorativa: Arma una l\u00e1mpara con un toque terror\u00edfico que iluminar\u00e1 tu evento de forma s\u00faper original.Todos los archivos vienen en formato PDF para que puedas imprimir y cortar a mano, as\u00ed que podr\u00e1s crear todo al instante y a tu estilo. \u00a1Solo corta, arma y disfruta del proceso!","breadcrumb":{"@id":"https:\/\/emprenderenfiestas.com\/index.php\/product\/kit-creativo-halloween-archivos-para-imprimir-y-cortar-a-mano\/#breadcrumb"},"inLanguage":"es-AR","potentialAction":[{"@type":"ReadAction","target":["https:\/\/emprenderenfiestas.com\/index.php\/product\/kit-creativo-halloween-archivos-para-imprimir-y-cortar-a-mano\/"]}]},{"@type":"ImageObject","inLanguage":"es-AR","@id":"https:\/\/emprenderenfiestas.com\/index.php\/product\/kit-creativo-halloween-archivos-para-imprimir-y-cortar-a-mano\/#primaryimage","url":"https:\/\/i0.wp.com\/emprenderenfiestas.com\/wp-content\/uploads\/2024\/10\/halloween-2.jpg?fit=1080%2C1920&ssl=1","contentUrl":"https:\/\/i0.wp.com\/emprenderenfiestas.com\/wp-content\/uploads\/2024\/10\/halloween-2.jpg?fit=1080%2C1920&ssl=1","width":1080,"height":1920},{"@type":"BreadcrumbList","@id":"https:\/\/emprenderenfiestas.com\/index.php\/product\/kit-creativo-halloween-archivos-para-imprimir-y-cortar-a-mano\/#breadcrumb","itemListElement":[{"@type":"ListItem","position":1,"name":"Inicio","item":"https:\/\/emprenderenfiestas.com\/"},{"@type":"ListItem","position":2,"name":"Shop","item":"https:\/\/emprenderenfiestas.com\/index.php\/shop\/"},{"@type":"ListItem","position":3,"name":"Kit Creativo Halloween &#8211; Archivos para imprimir y cortar a mano"}]},{"@type":"WebSite","@id":"https:\/\/emprenderenfiestas.com\/#website","url":"https:\/\/emprenderenfiestas.com\/","name":"Emprender en Fiestas","description":"Cursos para emprender en eventos","publisher":{"@id":"https:\/\/emprenderenfiestas.com\/#\/schema\/person\/7ae3f63e8e0d298333f421659b10fec6"},"potentialAction":[{"@type":"SearchAction","target":{"@type":"EntryPoint","urlTemplate":"https:\/\/emprenderenfiestas.com\/?s={search_term_string}"},"query-input":{"@type":"PropertyValueSpecification","valueRequired":true,"valueName":"search_term_string"}}],"inLanguage":"es-AR"},{"@type":["Person","Organization"],"@id":"https:\/\/emprenderenfiestas.com\/#\/schema\/person\/7ae3f63e8e0d298333f421659b10fec6","name":"Daniela Dana","image":{"@type":"ImageObject","inLanguage":"es-AR","@id":"https:\/\/i0.wp.com\/emprenderenfiestas.com\/wp-content\/uploads\/2023\/06\/Mesa-de-trabajo-3%402x-e1742245783883.png?fit=2400%2C928&ssl=1","url":"https:\/\/i0.wp.com\/emprenderenfiestas.com\/wp-content\/uploads\/2023\/06\/Mesa-de-trabajo-3%402x-e1742245783883.png?fit=2400%2C928&ssl=1","contentUrl":"https:\/\/i0.wp.com\/emprenderenfiestas.com\/wp-content\/uploads\/2023\/06\/Mesa-de-trabajo-3%402x-e1742245783883.png?fit=2400%2C928&ssl=1","width":2400,"height":928,"caption":"Daniela Dana"},"logo":{"@id":"https:\/\/i0.wp.com\/emprenderenfiestas.com\/wp-content\/uploads\/2023\/06\/Mesa-de-trabajo-3%402x-e1742245783883.png?fit=2400%2C928&ssl=1"}}]}},"jetpack_publicize_connections":[],"jetpack_sharing_enabled":true,"jetpack_likes_enabled":true,"jetpack-related-posts":[],"_links":{"self":[{"href":"https:\/\/emprenderenfiestas.com\/index.php\/wp-json\/wp\/v2\/product\/27729","targetHints":{"allow":["GET"]}}],"collection":[{"href":"https:\/\/emprenderenfiestas.com\/index.php\/wp-json\/wp\/v2\/product"}],"about":[{"href":"https:\/\/emprenderenfiestas.com\/index.php\/wp-json\/wp\/v2\/types\/product"}],"replies":[{"embeddable":true,"href":"https:\/\/emprenderenfiestas.com\/index.php\/wp-json\/wp\/v2\/comments?post=27729"}],"version-history":[{"count":2,"href":"https:\/\/emprenderenfiestas.com\/index.php\/wp-json\/wp\/v2\/product\/27729\/revisions"}],"predecessor-version":[{"id":30264,"href":"https:\/\/emprenderenfiestas.com\/index.php\/wp-json\/wp\/v2\/product\/27729\/revisions\/30264"}],"wp:featuredmedia":[{"embeddable":true,"href":"https:\/\/emprenderenfiestas.com\/index.php\/wp-json\/wp\/v2\/media\/27366"}],"wp:attachment":[{"href":"https:\/\/emprenderenfiestas.com\/index.php\/wp-json\/wp\/v2\/media?parent=27729"}],"wp:term":[{"taxonomy":"product_brand","embeddable":true,"href":"https:\/\/emprenderenfiestas.com\/index.php\/wp-json\/wp\/v2\/product_brand?post=27729"},{"taxonomy":"product_cat","embeddable":true,"href":"https:\/\/emprenderenfiestas.com\/index.php\/wp-json\/wp\/v2\/product_cat?post=27729"},{"taxonomy":"product_tag","embeddable":true,"href":"https:\/\/emprenderenfiestas.com\/index.php\/wp-json\/wp\/v2\/product_tag?post=27729"}],"curies":[{"name":"wp","href":"https:\/\/api.w.org\/{rel}","templated":true}]}}