{"id":27711,"date":"2024-10-26T14:33:10","date_gmt":"2024-10-26T17:33:10","guid":{"rendered":"https:\/\/emprenderenfiestas.com\/?post_type=product&#038;p=27711"},"modified":"2025-10-10T15:05:55","modified_gmt":"2025-10-10T18:05:55","slug":"lamparas-de-luz-halloween-archivos-para-imprimir","status":"publish","type":"product","link":"https:\/\/emprenderenfiestas.com\/index.php\/product\/lamparas-de-luz-halloween-archivos-para-imprimir\/","title":{"rendered":"L\u00e1mparas de Luz Halloween &#8211; Archivos para imprimir y cortar a mano"},"content":{"rendered":"\t\t<div data-elementor-type=\"wp-post\" data-elementor-id=\"27711\" class=\"elementor elementor-27711\" data-elementor-post-type=\"product\">\n\t\t\t\t<div class=\"elementor-element elementor-element-6daf16a9 e-flex e-con-boxed e-con e-parent\" data-id=\"6daf16a9\" data-element_type=\"container\" data-e-type=\"container\">\n\t\t\t\t\t<div class=\"e-con-inner\">\n\t\t\t\t<div class=\"elementor-element elementor-element-4bdd18f7 elementor-widget elementor-widget-text-editor\" data-id=\"4bdd18f7\" data-element_type=\"widget\" data-e-type=\"widget\" data-widget_type=\"text-editor.default\">\n\t\t\t\t<div class=\"elementor-widget-container\">\n\t\t\t\t\t\t\t\t\t<p>Finalizada la compra, recibir\u00e1s un mail con el acceso a la descarga de 1 archivo comprimido .ZIP para descomprimir en la computadora con todos los patrones.<\/p><p>\u00a0<\/p><p><em>Este producto Copyright Silvestre y Divertido &#8211; 27337960117 &#8211; 2024. Todos los derechos reservados.\u00a0<\/em><\/p>\t\t\t\t\t\t\t\t<\/div>\n\t\t\t\t<\/div>\n\t\t\t\t\t<\/div>\n\t\t\t\t<\/div>\n\t\t\t\t<\/div>\n\t\t","protected":false},"excerpt":{"rendered":"<p>Ilumina tu celebraci\u00f3n de Halloween con una l\u00e1mpara decorativa tem\u00e1tica que podes armar vos misma. Los archivos descargables est\u00e1n disponibles en formato PDF, dise\u00f1ado para que puedas cortar y armar a mano, lo que te permitir\u00e1 crear una l\u00e1mpara \u00fanica con dise\u00f1os de Halloween. Perfecta para darle un toque especial a tu evento nocturno, esta l\u00e1mpara no solo ilumina, sino que tambi\u00e9n a\u00f1ade un ambiente encantador y espeluznante. El proceso de montaje es f\u00e1cil y r\u00e1pido, con instrucciones claras para que puedas disfrutar tanto del proceso como del resultado final. Personal\u00edzala a tu gusto cambiando colores o a\u00f1adiendo detalles que hagan que tu l\u00e1mpara destaque en la noche de Halloween.<\/p>\n<ul>\n<li>Tutorial con el paso a paso del armado de <strong>Dai de Silvestre y Divertido<\/strong>.<\/li>\n<li>Disponible en dos tama\u00f1os<\/li>\n<li>Patrones para que puedas cortar a mano. (Formato PDF)<\/li>\n<\/ul>\n","protected":false},"featured_media":27365,"comment_status":"open","ping_status":"closed","template":"","meta":{"site-sidebar-layout":"default","site-content-layout":"","ast-site-content-layout":"default","site-content-style":"default","site-sidebar-style":"default","ast-global-header-display":"","ast-banner-title-visibility":"","ast-main-header-display":"","ast-hfb-above-header-display":"","ast-hfb-below-header-display":"","ast-hfb-mobile-header-display":"","site-post-title":"","ast-breadcrumbs-content":"","ast-featured-img":"","footer-sml-layout":"","ast-disable-related-posts":"","theme-transparent-header-meta":"default","adv-header-id-meta":"","stick-header-meta":"","header-above-stick-meta":"","header-main-stick-meta":"","header-below-stick-meta":"","astra-migrate-meta-layouts":"set","ast-page-background-enabled":"default","ast-page-background-meta":{"desktop":{"background-color":"var(--ast-global-color-4)","background-image":"","background-repeat":"repeat","background-position":"center center","background-size":"auto","background-attachment":"scroll","background-type":"","background-media":"","overlay-type":"","overlay-color":"","overlay-opacity":"","overlay-gradient":""},"tablet":{"background-color":"","background-image":"","background-repeat":"repeat","background-position":"center center","background-size":"auto","background-attachment":"scroll","background-type":"","background-media":"","overlay-type":"","overlay-color":"","overlay-opacity":"","overlay-gradient":""},"mobile":{"background-color":"","background-image":"","background-repeat":"repeat","background-position":"center center","background-size":"auto","background-attachment":"scroll","background-type":"","background-media":"","overlay-type":"","overlay-color":"","overlay-opacity":"","overlay-gradient":""}},"ast-content-background-meta":{"desktop":{"background-color":"var(--ast-global-color-5)","background-image":"","background-repeat":"repeat","background-position":"center center","background-size":"auto","background-attachment":"scroll","background-type":"","background-media":"","overlay-type":"","overlay-color":"","overlay-opacity":"","overlay-gradient":""},"tablet":{"background-color":"var(--ast-global-color-5)","background-image":"","background-repeat":"repeat","background-position":"center center","background-size":"auto","background-attachment":"scroll","background-type":"","background-media":"","overlay-type":"","overlay-color":"","overlay-opacity":"","overlay-gradient":""},"mobile":{"background-color":"var(--ast-global-color-5)","background-image":"","background-repeat":"repeat","background-position":"center center","background-size":"auto","background-attachment":"scroll","background-type":"","background-media":"","overlay-type":"","overlay-color":"","overlay-opacity":"","overlay-gradient":""}},"jetpack_post_was_ever_published":false,"jetpack_publicize_message":"","jetpack_publicize_feature_enabled":true,"jetpack_social_post_already_shared":false,"jetpack_social_options":{"image_generator_settings":{"template":"highway","default_image_id":0,"font":"","enabled":false},"version":2}},"product_brand":[],"product_cat":[149,422,416,28,414,431,173,417,415],"product_tag":[24,346,268,26,350,270,271,347],"class_list":{"0":"post-27711","1":"product","2":"type-product","3":"status-publish","4":"has-post-thumbnail","6":"product_cat-imprimibles","7":"product_cat-intermedio","8":"product_cat-modalidad","9":"product_cat-moldes-candy-letras3d","10":"product_cat-nivel","11":"product_cat-papeleria","12":"product_cat-patrones-syd","13":"product_cat-programa","14":"product_cat-tematica","15":"product_tag-decoracion-en-papel","16":"product_tag-halloween","17":"product_tag-imprimibles","18":"product_tag-kits-imprimibles","19":"product_tag-lampara-de-papel","20":"product_tag-papeleria-creativa","21":"product_tag-papeleria-para-eventos","22":"product_tag-papeleria-para-halloween","23":"desktop-align-center","24":"tablet-align-left","25":"mobile-align-left","27":"first","28":"instock","29":"downloadable","30":"virtual","31":"purchasable","32":"product-type-simple"},"yoast_head":"<!-- This site is optimized with the Yoast SEO plugin v27.4 - https:\/\/yoast.com\/product\/yoast-seo-wordpress\/ -->\n<title>L\u00e1mparas de Luz Halloween - Archivos para imprimir y cortar a mano - emprenderenfiestas.com<\/title>\n<meta name=\"description\" content=\"Ilumina tu celebraci\u00f3n de Halloween con una l\u00e1mpara decorativa tem\u00e1tica que podes armar vos misma. Los archivos descargables est\u00e1n disponibles en formato PDF, para que puedas cortar y armar a mano, lo que te permitir\u00e1 crear una l\u00e1mpara \u00fanica con dise\u00f1os de Halloween. Perfecta para darle un toque especial a tu evento nocturno, esta l\u00e1mpara no solo ilumina, sino que tambi\u00e9n a\u00f1ade un ambiente encantador y espeluznante. El proceso de montaje es f\u00e1cil y r\u00e1pido, con instrucciones claras para que puedas disfrutar tanto del proceso como del resultado final. Personal\u00edzala a tu gusto cambiando colores o a\u00f1adiendo detalles que hagan que tu l\u00e1mpara destaque en la noche de Halloween.\" \/>\n<meta name=\"robots\" content=\"index, follow, max-snippet:-1, max-image-preview:large, max-video-preview:-1\" \/>\n<link rel=\"canonical\" href=\"https:\/\/emprenderenfiestas.com\/index.php\/product\/lamparas-de-luz-halloween-archivos-para-imprimir\/\" \/>\n<meta property=\"og:locale\" content=\"es_ES\" \/>\n<meta property=\"og:type\" content=\"article\" \/>\n<meta property=\"og:title\" content=\"L\u00e1mparas de Luz Halloween - Archivos para imprimir y cortar a mano - emprenderenfiestas.com\" \/>\n<meta property=\"og:description\" content=\"Ilumina tu celebraci\u00f3n de Halloween con una l\u00e1mpara decorativa tem\u00e1tica que podes armar vos misma. Los archivos descargables est\u00e1n disponibles en formato PDF, para que puedas cortar y armar a mano, lo que te permitir\u00e1 crear una l\u00e1mpara \u00fanica con dise\u00f1os de Halloween. Perfecta para darle un toque especial a tu evento nocturno, esta l\u00e1mpara no solo ilumina, sino que tambi\u00e9n a\u00f1ade un ambiente encantador y espeluznante. El proceso de montaje es f\u00e1cil y r\u00e1pido, con instrucciones claras para que puedas disfrutar tanto del proceso como del resultado final. Personal\u00edzala a tu gusto cambiando colores o a\u00f1adiendo detalles que hagan que tu l\u00e1mpara destaque en la noche de Halloween.\" \/>\n<meta property=\"og:url\" content=\"https:\/\/emprenderenfiestas.com\/index.php\/product\/lamparas-de-luz-halloween-archivos-para-imprimir\/\" \/>\n<meta property=\"og:site_name\" content=\"emprenderenfiestas.com\" \/>\n<meta property=\"article:modified_time\" content=\"2025-10-10T18:05:55+00:00\" \/>\n<meta property=\"og:image\" content=\"https:\/\/emprenderenfiestas.com\/wp-content\/uploads\/2024\/10\/Halloween-21.jpg\" \/>\n\t<meta property=\"og:image:width\" content=\"1080\" \/>\n\t<meta property=\"og:image:height\" content=\"1350\" \/>\n\t<meta property=\"og:image:type\" content=\"image\/jpeg\" \/>\n<meta name=\"twitter:card\" content=\"summary_large_image\" \/>\n<meta name=\"twitter:label1\" content=\"Tiempo de lectura\" \/>\n\t<meta name=\"twitter:data1\" content=\"1 minuto\" \/>\n<script type=\"application\/ld+json\" class=\"yoast-schema-graph\">{\"@context\":\"https:\\\/\\\/schema.org\",\"@graph\":[{\"@type\":\"WebPage\",\"@id\":\"https:\\\/\\\/emprenderenfiestas.com\\\/index.php\\\/product\\\/lamparas-de-luz-halloween-archivos-para-imprimir\\\/\",\"url\":\"https:\\\/\\\/emprenderenfiestas.com\\\/index.php\\\/product\\\/lamparas-de-luz-halloween-archivos-para-imprimir\\\/\",\"name\":\"L\u00e1mparas de Luz Halloween - Archivos para imprimir y cortar a mano - emprenderenfiestas.com\",\"isPartOf\":{\"@id\":\"https:\\\/\\\/emprenderenfiestas.com\\\/#website\"},\"primaryImageOfPage\":{\"@id\":\"https:\\\/\\\/emprenderenfiestas.com\\\/index.php\\\/product\\\/lamparas-de-luz-halloween-archivos-para-imprimir\\\/#primaryimage\"},\"image\":{\"@id\":\"https:\\\/\\\/emprenderenfiestas.com\\\/index.php\\\/product\\\/lamparas-de-luz-halloween-archivos-para-imprimir\\\/#primaryimage\"},\"thumbnailUrl\":\"https:\\\/\\\/i0.wp.com\\\/emprenderenfiestas.com\\\/wp-content\\\/uploads\\\/2024\\\/10\\\/Halloween-21.jpg?fit=1080%2C1350&ssl=1\",\"datePublished\":\"2024-10-26T17:33:10+00:00\",\"dateModified\":\"2025-10-10T18:05:55+00:00\",\"description\":\"Ilumina tu celebraci\u00f3n de Halloween con una l\u00e1mpara decorativa tem\u00e1tica que podes armar vos misma. Los archivos descargables est\u00e1n disponibles en formato PDF, para que puedas cortar y armar a mano, lo que te permitir\u00e1 crear una l\u00e1mpara \u00fanica con dise\u00f1os de Halloween. Perfecta para darle un toque especial a tu evento nocturno, esta l\u00e1mpara no solo ilumina, sino que tambi\u00e9n a\u00f1ade un ambiente encantador y espeluznante. El proceso de montaje es f\u00e1cil y r\u00e1pido, con instrucciones claras para que puedas disfrutar tanto del proceso como del resultado final. Personal\u00edzala a tu gusto cambiando colores o a\u00f1adiendo detalles que hagan que tu l\u00e1mpara destaque en la noche de Halloween.\",\"breadcrumb\":{\"@id\":\"https:\\\/\\\/emprenderenfiestas.com\\\/index.php\\\/product\\\/lamparas-de-luz-halloween-archivos-para-imprimir\\\/#breadcrumb\"},\"inLanguage\":\"es-AR\",\"potentialAction\":[{\"@type\":\"ReadAction\",\"target\":[\"https:\\\/\\\/emprenderenfiestas.com\\\/index.php\\\/product\\\/lamparas-de-luz-halloween-archivos-para-imprimir\\\/\"]}]},{\"@type\":\"ImageObject\",\"inLanguage\":\"es-AR\",\"@id\":\"https:\\\/\\\/emprenderenfiestas.com\\\/index.php\\\/product\\\/lamparas-de-luz-halloween-archivos-para-imprimir\\\/#primaryimage\",\"url\":\"https:\\\/\\\/i0.wp.com\\\/emprenderenfiestas.com\\\/wp-content\\\/uploads\\\/2024\\\/10\\\/Halloween-21.jpg?fit=1080%2C1350&ssl=1\",\"contentUrl\":\"https:\\\/\\\/i0.wp.com\\\/emprenderenfiestas.com\\\/wp-content\\\/uploads\\\/2024\\\/10\\\/Halloween-21.jpg?fit=1080%2C1350&ssl=1\",\"width\":1080,\"height\":1350},{\"@type\":\"BreadcrumbList\",\"@id\":\"https:\\\/\\\/emprenderenfiestas.com\\\/index.php\\\/product\\\/lamparas-de-luz-halloween-archivos-para-imprimir\\\/#breadcrumb\",\"itemListElement\":[{\"@type\":\"ListItem\",\"position\":1,\"name\":\"Inicio\",\"item\":\"https:\\\/\\\/emprenderenfiestas.com\\\/\"},{\"@type\":\"ListItem\",\"position\":2,\"name\":\"Shop\",\"item\":\"https:\\\/\\\/emprenderenfiestas.com\\\/index.php\\\/shop\\\/\"},{\"@type\":\"ListItem\",\"position\":3,\"name\":\"L\u00e1mparas de Luz Halloween &#8211; Archivos para imprimir y cortar a mano\"}]},{\"@type\":\"WebSite\",\"@id\":\"https:\\\/\\\/emprenderenfiestas.com\\\/#website\",\"url\":\"https:\\\/\\\/emprenderenfiestas.com\\\/\",\"name\":\"Emprender en Fiestas\",\"description\":\"Cursos para emprender en eventos\",\"publisher\":{\"@id\":\"https:\\\/\\\/emprenderenfiestas.com\\\/#\\\/schema\\\/person\\\/7ae3f63e8e0d298333f421659b10fec6\"},\"potentialAction\":[{\"@type\":\"SearchAction\",\"target\":{\"@type\":\"EntryPoint\",\"urlTemplate\":\"https:\\\/\\\/emprenderenfiestas.com\\\/?s={search_term_string}\"},\"query-input\":{\"@type\":\"PropertyValueSpecification\",\"valueRequired\":true,\"valueName\":\"search_term_string\"}}],\"inLanguage\":\"es-AR\"},{\"@type\":[\"Person\",\"Organization\"],\"@id\":\"https:\\\/\\\/emprenderenfiestas.com\\\/#\\\/schema\\\/person\\\/7ae3f63e8e0d298333f421659b10fec6\",\"name\":\"Daniela Dana\",\"image\":{\"@type\":\"ImageObject\",\"inLanguage\":\"es-AR\",\"@id\":\"https:\\\/\\\/i0.wp.com\\\/emprenderenfiestas.com\\\/wp-content\\\/uploads\\\/2023\\\/06\\\/Mesa-de-trabajo-3%402x-e1742245783883.png?fit=2400%2C928&ssl=1\",\"url\":\"https:\\\/\\\/i0.wp.com\\\/emprenderenfiestas.com\\\/wp-content\\\/uploads\\\/2023\\\/06\\\/Mesa-de-trabajo-3%402x-e1742245783883.png?fit=2400%2C928&ssl=1\",\"contentUrl\":\"https:\\\/\\\/i0.wp.com\\\/emprenderenfiestas.com\\\/wp-content\\\/uploads\\\/2023\\\/06\\\/Mesa-de-trabajo-3%402x-e1742245783883.png?fit=2400%2C928&ssl=1\",\"width\":2400,\"height\":928,\"caption\":\"Daniela Dana\"},\"logo\":{\"@id\":\"https:\\\/\\\/i0.wp.com\\\/emprenderenfiestas.com\\\/wp-content\\\/uploads\\\/2023\\\/06\\\/Mesa-de-trabajo-3%402x-e1742245783883.png?fit=2400%2C928&ssl=1\"}}]}<\/script>\n<!-- \/ Yoast SEO plugin. -->","yoast_head_json":{"title":"L\u00e1mparas de Luz Halloween - Archivos para imprimir y cortar a mano - emprenderenfiestas.com","description":"Ilumina tu celebraci\u00f3n de Halloween con una l\u00e1mpara decorativa tem\u00e1tica que podes armar vos misma. Los archivos descargables est\u00e1n disponibles en formato PDF, para que puedas cortar y armar a mano, lo que te permitir\u00e1 crear una l\u00e1mpara \u00fanica con dise\u00f1os de Halloween. Perfecta para darle un toque especial a tu evento nocturno, esta l\u00e1mpara no solo ilumina, sino que tambi\u00e9n a\u00f1ade un ambiente encantador y espeluznante. El proceso de montaje es f\u00e1cil y r\u00e1pido, con instrucciones claras para que puedas disfrutar tanto del proceso como del resultado final. Personal\u00edzala a tu gusto cambiando colores o a\u00f1adiendo detalles que hagan que tu l\u00e1mpara destaque en la noche de Halloween.","robots":{"index":"index","follow":"follow","max-snippet":"max-snippet:-1","max-image-preview":"max-image-preview:large","max-video-preview":"max-video-preview:-1"},"canonical":"https:\/\/emprenderenfiestas.com\/index.php\/product\/lamparas-de-luz-halloween-archivos-para-imprimir\/","og_locale":"es_ES","og_type":"article","og_title":"L\u00e1mparas de Luz Halloween - Archivos para imprimir y cortar a mano - emprenderenfiestas.com","og_description":"Ilumina tu celebraci\u00f3n de Halloween con una l\u00e1mpara decorativa tem\u00e1tica que podes armar vos misma. Los archivos descargables est\u00e1n disponibles en formato PDF, para que puedas cortar y armar a mano, lo que te permitir\u00e1 crear una l\u00e1mpara \u00fanica con dise\u00f1os de Halloween. Perfecta para darle un toque especial a tu evento nocturno, esta l\u00e1mpara no solo ilumina, sino que tambi\u00e9n a\u00f1ade un ambiente encantador y espeluznante. El proceso de montaje es f\u00e1cil y r\u00e1pido, con instrucciones claras para que puedas disfrutar tanto del proceso como del resultado final. Personal\u00edzala a tu gusto cambiando colores o a\u00f1adiendo detalles que hagan que tu l\u00e1mpara destaque en la noche de Halloween.","og_url":"https:\/\/emprenderenfiestas.com\/index.php\/product\/lamparas-de-luz-halloween-archivos-para-imprimir\/","og_site_name":"emprenderenfiestas.com","article_modified_time":"2025-10-10T18:05:55+00:00","og_image":[{"width":1080,"height":1350,"url":"https:\/\/emprenderenfiestas.com\/wp-content\/uploads\/2024\/10\/Halloween-21.jpg","type":"image\/jpeg"}],"twitter_card":"summary_large_image","twitter_misc":{"Tiempo de lectura":"1 minuto"},"schema":{"@context":"https:\/\/schema.org","@graph":[{"@type":"WebPage","@id":"https:\/\/emprenderenfiestas.com\/index.php\/product\/lamparas-de-luz-halloween-archivos-para-imprimir\/","url":"https:\/\/emprenderenfiestas.com\/index.php\/product\/lamparas-de-luz-halloween-archivos-para-imprimir\/","name":"L\u00e1mparas de Luz Halloween - Archivos para imprimir y cortar a mano - emprenderenfiestas.com","isPartOf":{"@id":"https:\/\/emprenderenfiestas.com\/#website"},"primaryImageOfPage":{"@id":"https:\/\/emprenderenfiestas.com\/index.php\/product\/lamparas-de-luz-halloween-archivos-para-imprimir\/#primaryimage"},"image":{"@id":"https:\/\/emprenderenfiestas.com\/index.php\/product\/lamparas-de-luz-halloween-archivos-para-imprimir\/#primaryimage"},"thumbnailUrl":"https:\/\/i0.wp.com\/emprenderenfiestas.com\/wp-content\/uploads\/2024\/10\/Halloween-21.jpg?fit=1080%2C1350&ssl=1","datePublished":"2024-10-26T17:33:10+00:00","dateModified":"2025-10-10T18:05:55+00:00","description":"Ilumina tu celebraci\u00f3n de Halloween con una l\u00e1mpara decorativa tem\u00e1tica que podes armar vos misma. Los archivos descargables est\u00e1n disponibles en formato PDF, para que puedas cortar y armar a mano, lo que te permitir\u00e1 crear una l\u00e1mpara \u00fanica con dise\u00f1os de Halloween. Perfecta para darle un toque especial a tu evento nocturno, esta l\u00e1mpara no solo ilumina, sino que tambi\u00e9n a\u00f1ade un ambiente encantador y espeluznante. El proceso de montaje es f\u00e1cil y r\u00e1pido, con instrucciones claras para que puedas disfrutar tanto del proceso como del resultado final. Personal\u00edzala a tu gusto cambiando colores o a\u00f1adiendo detalles que hagan que tu l\u00e1mpara destaque en la noche de Halloween.","breadcrumb":{"@id":"https:\/\/emprenderenfiestas.com\/index.php\/product\/lamparas-de-luz-halloween-archivos-para-imprimir\/#breadcrumb"},"inLanguage":"es-AR","potentialAction":[{"@type":"ReadAction","target":["https:\/\/emprenderenfiestas.com\/index.php\/product\/lamparas-de-luz-halloween-archivos-para-imprimir\/"]}]},{"@type":"ImageObject","inLanguage":"es-AR","@id":"https:\/\/emprenderenfiestas.com\/index.php\/product\/lamparas-de-luz-halloween-archivos-para-imprimir\/#primaryimage","url":"https:\/\/i0.wp.com\/emprenderenfiestas.com\/wp-content\/uploads\/2024\/10\/Halloween-21.jpg?fit=1080%2C1350&ssl=1","contentUrl":"https:\/\/i0.wp.com\/emprenderenfiestas.com\/wp-content\/uploads\/2024\/10\/Halloween-21.jpg?fit=1080%2C1350&ssl=1","width":1080,"height":1350},{"@type":"BreadcrumbList","@id":"https:\/\/emprenderenfiestas.com\/index.php\/product\/lamparas-de-luz-halloween-archivos-para-imprimir\/#breadcrumb","itemListElement":[{"@type":"ListItem","position":1,"name":"Inicio","item":"https:\/\/emprenderenfiestas.com\/"},{"@type":"ListItem","position":2,"name":"Shop","item":"https:\/\/emprenderenfiestas.com\/index.php\/shop\/"},{"@type":"ListItem","position":3,"name":"L\u00e1mparas de Luz Halloween &#8211; Archivos para imprimir y cortar a mano"}]},{"@type":"WebSite","@id":"https:\/\/emprenderenfiestas.com\/#website","url":"https:\/\/emprenderenfiestas.com\/","name":"Emprender en Fiestas","description":"Cursos para emprender en eventos","publisher":{"@id":"https:\/\/emprenderenfiestas.com\/#\/schema\/person\/7ae3f63e8e0d298333f421659b10fec6"},"potentialAction":[{"@type":"SearchAction","target":{"@type":"EntryPoint","urlTemplate":"https:\/\/emprenderenfiestas.com\/?s={search_term_string}"},"query-input":{"@type":"PropertyValueSpecification","valueRequired":true,"valueName":"search_term_string"}}],"inLanguage":"es-AR"},{"@type":["Person","Organization"],"@id":"https:\/\/emprenderenfiestas.com\/#\/schema\/person\/7ae3f63e8e0d298333f421659b10fec6","name":"Daniela Dana","image":{"@type":"ImageObject","inLanguage":"es-AR","@id":"https:\/\/i0.wp.com\/emprenderenfiestas.com\/wp-content\/uploads\/2023\/06\/Mesa-de-trabajo-3%402x-e1742245783883.png?fit=2400%2C928&ssl=1","url":"https:\/\/i0.wp.com\/emprenderenfiestas.com\/wp-content\/uploads\/2023\/06\/Mesa-de-trabajo-3%402x-e1742245783883.png?fit=2400%2C928&ssl=1","contentUrl":"https:\/\/i0.wp.com\/emprenderenfiestas.com\/wp-content\/uploads\/2023\/06\/Mesa-de-trabajo-3%402x-e1742245783883.png?fit=2400%2C928&ssl=1","width":2400,"height":928,"caption":"Daniela Dana"},"logo":{"@id":"https:\/\/i0.wp.com\/emprenderenfiestas.com\/wp-content\/uploads\/2023\/06\/Mesa-de-trabajo-3%402x-e1742245783883.png?fit=2400%2C928&ssl=1"}}]}},"jetpack_publicize_connections":[],"jetpack_sharing_enabled":true,"jetpack_likes_enabled":true,"jetpack-related-posts":[],"_links":{"self":[{"href":"https:\/\/emprenderenfiestas.com\/index.php\/wp-json\/wp\/v2\/product\/27711","targetHints":{"allow":["GET"]}}],"collection":[{"href":"https:\/\/emprenderenfiestas.com\/index.php\/wp-json\/wp\/v2\/product"}],"about":[{"href":"https:\/\/emprenderenfiestas.com\/index.php\/wp-json\/wp\/v2\/types\/product"}],"replies":[{"embeddable":true,"href":"https:\/\/emprenderenfiestas.com\/index.php\/wp-json\/wp\/v2\/comments?post=27711"}],"version-history":[{"count":3,"href":"https:\/\/emprenderenfiestas.com\/index.php\/wp-json\/wp\/v2\/product\/27711\/revisions"}],"predecessor-version":[{"id":27725,"href":"https:\/\/emprenderenfiestas.com\/index.php\/wp-json\/wp\/v2\/product\/27711\/revisions\/27725"}],"wp:featuredmedia":[{"embeddable":true,"href":"https:\/\/emprenderenfiestas.com\/index.php\/wp-json\/wp\/v2\/media\/27365"}],"wp:attachment":[{"href":"https:\/\/emprenderenfiestas.com\/index.php\/wp-json\/wp\/v2\/media?parent=27711"}],"wp:term":[{"taxonomy":"product_brand","embeddable":true,"href":"https:\/\/emprenderenfiestas.com\/index.php\/wp-json\/wp\/v2\/product_brand?post=27711"},{"taxonomy":"product_cat","embeddable":true,"href":"https:\/\/emprenderenfiestas.com\/index.php\/wp-json\/wp\/v2\/product_cat?post=27711"},{"taxonomy":"product_tag","embeddable":true,"href":"https:\/\/emprenderenfiestas.com\/index.php\/wp-json\/wp\/v2\/product_tag?post=27711"}],"curies":[{"name":"wp","href":"https:\/\/api.w.org\/{rel}","templated":true}]}}