{"id":27607,"date":"2024-10-21T19:58:19","date_gmt":"2024-10-21T22:58:19","guid":{"rendered":"https:\/\/emprenderenfiestas.com\/?post_type=product&#038;p=27607"},"modified":"2025-08-21T13:09:20","modified_gmt":"2025-08-21T16:09:20","slug":"curso-illustrator-letras","status":"publish","type":"product","link":"https:\/\/emprenderenfiestas.com\/index.php\/product\/curso-illustrator-letras\/","title":{"rendered":"Curso Dise\u00f1o de Letras y N\u00fameros 3D con Illustrator"},"content":{"rendered":"<p>Dise\u00f1os m\u00e1s profesionales para tus fiestas y candy bar de golosinas personalizadas.<\/p>\n<p>Aprend\u00e9 a crear desde cero, sin ning\u00fan conocimiento previo:<\/p>\n<ul>\n<li style=\"font-weight: 400;\">Letras y n\u00fameros usando moldes.<\/li>\n<li>Adaptaci\u00f3n de moldes para distintos usos.<\/li>\n<li>Letra con visor.<\/li>\n<li>Letra caja.<\/li>\n<li>Creaci\u00f3n de moldes propios.<\/li>\n<\/ul>\n<p><b>Mir\u00e1 el primer video GRATIS <\/b>para que aprendas las nociones b\u00e1sicas del programa.<\/p>\n<p>Lo prepar\u00e9 para vos, que no ten\u00e9s idea de como arrancar, as\u00ed te pod\u00e9s dar cuenta de si este curso es o no para vos.<\/p>\n<p><span class=\"embed-youtube\" style=\"text-align:center; display: block;\"><iframe class=\"youtube-player\" width=\"640\" height=\"360\" src=\"https:\/\/www.youtube.com\/embed\/_spkrNrbESo?version=3&#038;rel=1&#038;showsearch=0&#038;showinfo=1&#038;iv_load_policy=1&#038;fs=1&#038;hl=es-AR&#038;autohide=2&#038;wmode=transparent\" allowfullscreen=\"true\" style=\"border:0;\" sandbox=\"allow-scripts allow-same-origin allow-popups allow-presentation allow-popups-to-escape-sandbox\"><\/iframe><\/span><\/p>\n","protected":false},"excerpt":{"rendered":"<p>CONTENIDO DISPONIBLE A PARTIR DEL 25\/11\/2024<br \/>\n<span style=\"font-weight: 400;\">Dise\u00f1os m\u00e1s profesionales para tus fiestas. Aprend\u00e9 a dise\u00f1ar desde cero con Illustrator, el mejor programa de dise\u00f1o profesional.<\/span><\/p>\n<p>No necesit\u00e1s ning\u00fan conocimiento previo.<\/p>\n","protected":false},"featured_media":20224,"comment_status":"open","ping_status":"closed","template":"","meta":{"site-sidebar-layout":"default","site-content-layout":"","ast-site-content-layout":"default","site-content-style":"default","site-sidebar-style":"default","ast-global-header-display":"","ast-banner-title-visibility":"","ast-main-header-display":"","ast-hfb-above-header-display":"","ast-hfb-below-header-display":"","ast-hfb-mobile-header-display":"","site-post-title":"","ast-breadcrumbs-content":"","ast-featured-img":"","footer-sml-layout":"","ast-disable-related-posts":"","theme-transparent-header-meta":"default","adv-header-id-meta":"","stick-header-meta":"","header-above-stick-meta":"","header-main-stick-meta":"","header-below-stick-meta":"","astra-migrate-meta-layouts":"set","ast-page-background-enabled":"default","ast-page-background-meta":{"desktop":{"background-color":"var(--ast-global-color-4)","background-image":"","background-repeat":"repeat","background-position":"center center","background-size":"auto","background-attachment":"scroll","background-type":"","background-media":"","overlay-type":"","overlay-color":"","overlay-opacity":"","overlay-gradient":""},"tablet":{"background-color":"","background-image":"","background-repeat":"repeat","background-position":"center center","background-size":"auto","background-attachment":"scroll","background-type":"","background-media":"","overlay-type":"","overlay-color":"","overlay-opacity":"","overlay-gradient":""},"mobile":{"background-color":"","background-image":"","background-repeat":"repeat","background-position":"center center","background-size":"auto","background-attachment":"scroll","background-type":"","background-media":"","overlay-type":"","overlay-color":"","overlay-opacity":"","overlay-gradient":""}},"ast-content-background-meta":{"desktop":{"background-color":"var(--ast-global-color-5)","background-image":"","background-repeat":"repeat","background-position":"center center","background-size":"auto","background-attachment":"scroll","background-type":"","background-media":"","overlay-type":"","overlay-color":"","overlay-opacity":"","overlay-gradient":""},"tablet":{"background-color":"var(--ast-global-color-5)","background-image":"","background-repeat":"repeat","background-position":"center center","background-size":"auto","background-attachment":"scroll","background-type":"","background-media":"","overlay-type":"","overlay-color":"","overlay-opacity":"","overlay-gradient":""},"mobile":{"background-color":"var(--ast-global-color-5)","background-image":"","background-repeat":"repeat","background-position":"center center","background-size":"auto","background-attachment":"scroll","background-type":"","background-media":"","overlay-type":"","overlay-color":"","overlay-opacity":"","overlay-gradient":""}},"jetpack_post_was_ever_published":false,"jetpack_publicize_message":"","jetpack_publicize_feature_enabled":true,"jetpack_social_post_already_shared":false,"jetpack_social_options":{"image_generator_settings":{"template":"highway","default_image_id":0,"font":"","enabled":false},"version":2}},"product_brand":[],"product_cat":[416,414,417,15,415],"product_tag":[],"class_list":{"0":"post-27607","1":"product","2":"type-product","3":"status-publish","4":"has-post-thumbnail","6":"product_cat-modalidad","7":"product_cat-nivel","8":"product_cat-programa","9":"product_cat-uncategorized","10":"product_cat-tematica","11":"desktop-align-center","12":"tablet-align-left","13":"mobile-align-left","15":"first","16":"outofstock","17":"featured","18":"virtual","19":"purchasable","20":"product-type-simple"},"yoast_head":"<!-- This site is optimized with the Yoast SEO plugin v27.5 - https:\/\/yoast.com\/product\/yoast-seo-wordpress\/ -->\n<title>Curso Dise\u00f1o de Letras y N\u00fameros 3D con Illustrator - emprenderenfiestas.com<\/title>\n<meta name=\"robots\" content=\"index, follow, max-snippet:-1, max-image-preview:large, max-video-preview:-1\" \/>\n<link rel=\"canonical\" href=\"https:\/\/emprenderenfiestas.com\/index.php\/product\/curso-illustrator-letras\/\" \/>\n<meta property=\"og:locale\" content=\"es_ES\" \/>\n<meta property=\"og:type\" content=\"article\" \/>\n<meta property=\"og:title\" content=\"Curso Dise\u00f1o de Letras y N\u00fameros 3D con Illustrator - emprenderenfiestas.com\" \/>\n<meta property=\"og:description\" content=\"CONTENIDO DISPONIBLE A PARTIR DEL 25\/11\/2024 Dise\u00f1os m\u00e1s profesionales para tus fiestas. Aprend\u00e9 a dise\u00f1ar desde cero con Illustrator, el mejor programa de dise\u00f1o profesional.  No necesit\u00e1s ning\u00fan conocimiento previo.\" \/>\n<meta property=\"og:url\" content=\"https:\/\/emprenderenfiestas.com\/index.php\/product\/curso-illustrator-letras\/\" \/>\n<meta property=\"og:site_name\" content=\"emprenderenfiestas.com\" \/>\n<meta property=\"article:modified_time\" content=\"2025-08-21T16:09:20+00:00\" \/>\n<meta property=\"og:image\" content=\"https:\/\/emprenderenfiestas.com\/wp-content\/uploads\/2022\/07\/IMG_20220109_173020451-scaled.jpg\" \/>\n\t<meta property=\"og:image:width\" content=\"2048\" \/>\n\t<meta property=\"og:image:height\" content=\"2560\" \/>\n\t<meta property=\"og:image:type\" content=\"image\/jpeg\" \/>\n<meta name=\"twitter:card\" content=\"summary_large_image\" \/>\n<meta name=\"twitter:label1\" content=\"Tiempo de lectura\" \/>\n\t<meta name=\"twitter:data1\" content=\"1 minuto\" \/>\n<script type=\"application\/ld+json\" class=\"yoast-schema-graph\">{\"@context\":\"https:\\\/\\\/schema.org\",\"@graph\":[{\"@type\":\"WebPage\",\"@id\":\"https:\\\/\\\/emprenderenfiestas.com\\\/index.php\\\/product\\\/curso-illustrator-letras\\\/\",\"url\":\"https:\\\/\\\/emprenderenfiestas.com\\\/index.php\\\/product\\\/curso-illustrator-letras\\\/\",\"name\":\"Curso Dise\u00f1o de Letras y N\u00fameros 3D con Illustrator - emprenderenfiestas.com\",\"isPartOf\":{\"@id\":\"https:\\\/\\\/emprenderenfiestas.com\\\/#website\"},\"primaryImageOfPage\":{\"@id\":\"https:\\\/\\\/emprenderenfiestas.com\\\/index.php\\\/product\\\/curso-illustrator-letras\\\/#primaryimage\"},\"image\":{\"@id\":\"https:\\\/\\\/emprenderenfiestas.com\\\/index.php\\\/product\\\/curso-illustrator-letras\\\/#primaryimage\"},\"thumbnailUrl\":\"https:\\\/\\\/i0.wp.com\\\/emprenderenfiestas.com\\\/wp-content\\\/uploads\\\/2022\\\/07\\\/IMG_20220109_173020451-scaled.jpg?fit=2048%2C2560&ssl=1\",\"datePublished\":\"2024-10-21T22:58:19+00:00\",\"dateModified\":\"2025-08-21T16:09:20+00:00\",\"breadcrumb\":{\"@id\":\"https:\\\/\\\/emprenderenfiestas.com\\\/index.php\\\/product\\\/curso-illustrator-letras\\\/#breadcrumb\"},\"inLanguage\":\"es-AR\",\"potentialAction\":[{\"@type\":\"ReadAction\",\"target\":[\"https:\\\/\\\/emprenderenfiestas.com\\\/index.php\\\/product\\\/curso-illustrator-letras\\\/\"]}]},{\"@type\":\"ImageObject\",\"inLanguage\":\"es-AR\",\"@id\":\"https:\\\/\\\/emprenderenfiestas.com\\\/index.php\\\/product\\\/curso-illustrator-letras\\\/#primaryimage\",\"url\":\"https:\\\/\\\/i0.wp.com\\\/emprenderenfiestas.com\\\/wp-content\\\/uploads\\\/2022\\\/07\\\/IMG_20220109_173020451-scaled.jpg?fit=2048%2C2560&ssl=1\",\"contentUrl\":\"https:\\\/\\\/i0.wp.com\\\/emprenderenfiestas.com\\\/wp-content\\\/uploads\\\/2022\\\/07\\\/IMG_20220109_173020451-scaled.jpg?fit=2048%2C2560&ssl=1\",\"width\":2048,\"height\":2560},{\"@type\":\"BreadcrumbList\",\"@id\":\"https:\\\/\\\/emprenderenfiestas.com\\\/index.php\\\/product\\\/curso-illustrator-letras\\\/#breadcrumb\",\"itemListElement\":[{\"@type\":\"ListItem\",\"position\":1,\"name\":\"Inicio\",\"item\":\"https:\\\/\\\/emprenderenfiestas.com\\\/\"},{\"@type\":\"ListItem\",\"position\":2,\"name\":\"Shop\",\"item\":\"https:\\\/\\\/emprenderenfiestas.com\\\/index.php\\\/shop\\\/\"},{\"@type\":\"ListItem\",\"position\":3,\"name\":\"Curso Dise\u00f1o de Letras y N\u00fameros 3D con Illustrator\"}]},{\"@type\":\"WebSite\",\"@id\":\"https:\\\/\\\/emprenderenfiestas.com\\\/#website\",\"url\":\"https:\\\/\\\/emprenderenfiestas.com\\\/\",\"name\":\"Emprender en Fiestas\",\"description\":\"Cursos para emprender en eventos\",\"publisher\":{\"@id\":\"https:\\\/\\\/emprenderenfiestas.com\\\/#\\\/schema\\\/person\\\/7ae3f63e8e0d298333f421659b10fec6\"},\"potentialAction\":[{\"@type\":\"SearchAction\",\"target\":{\"@type\":\"EntryPoint\",\"urlTemplate\":\"https:\\\/\\\/emprenderenfiestas.com\\\/?s={search_term_string}\"},\"query-input\":{\"@type\":\"PropertyValueSpecification\",\"valueRequired\":true,\"valueName\":\"search_term_string\"}}],\"inLanguage\":\"es-AR\"},{\"@type\":[\"Person\",\"Organization\"],\"@id\":\"https:\\\/\\\/emprenderenfiestas.com\\\/#\\\/schema\\\/person\\\/7ae3f63e8e0d298333f421659b10fec6\",\"name\":\"Daniela Dana\",\"image\":{\"@type\":\"ImageObject\",\"inLanguage\":\"es-AR\",\"@id\":\"https:\\\/\\\/i0.wp.com\\\/emprenderenfiestas.com\\\/wp-content\\\/uploads\\\/2023\\\/06\\\/Mesa-de-trabajo-3%402x-e1742245783883.png?fit=2400%2C928&ssl=1\",\"url\":\"https:\\\/\\\/i0.wp.com\\\/emprenderenfiestas.com\\\/wp-content\\\/uploads\\\/2023\\\/06\\\/Mesa-de-trabajo-3%402x-e1742245783883.png?fit=2400%2C928&ssl=1\",\"contentUrl\":\"https:\\\/\\\/i0.wp.com\\\/emprenderenfiestas.com\\\/wp-content\\\/uploads\\\/2023\\\/06\\\/Mesa-de-trabajo-3%402x-e1742245783883.png?fit=2400%2C928&ssl=1\",\"width\":2400,\"height\":928,\"caption\":\"Daniela Dana\"},\"logo\":{\"@id\":\"https:\\\/\\\/i0.wp.com\\\/emprenderenfiestas.com\\\/wp-content\\\/uploads\\\/2023\\\/06\\\/Mesa-de-trabajo-3%402x-e1742245783883.png?fit=2400%2C928&ssl=1\"}}]}<\/script>\n<!-- \/ Yoast SEO plugin. -->","yoast_head_json":{"title":"Curso Dise\u00f1o de Letras y N\u00fameros 3D con Illustrator - emprenderenfiestas.com","robots":{"index":"index","follow":"follow","max-snippet":"max-snippet:-1","max-image-preview":"max-image-preview:large","max-video-preview":"max-video-preview:-1"},"canonical":"https:\/\/emprenderenfiestas.com\/index.php\/product\/curso-illustrator-letras\/","og_locale":"es_ES","og_type":"article","og_title":"Curso Dise\u00f1o de Letras y N\u00fameros 3D con Illustrator - emprenderenfiestas.com","og_description":"CONTENIDO DISPONIBLE A PARTIR DEL 25\/11\/2024 Dise\u00f1os m\u00e1s profesionales para tus fiestas. Aprend\u00e9 a dise\u00f1ar desde cero con Illustrator, el mejor programa de dise\u00f1o profesional.  No necesit\u00e1s ning\u00fan conocimiento previo.","og_url":"https:\/\/emprenderenfiestas.com\/index.php\/product\/curso-illustrator-letras\/","og_site_name":"emprenderenfiestas.com","article_modified_time":"2025-08-21T16:09:20+00:00","og_image":[{"width":2048,"height":2560,"url":"https:\/\/emprenderenfiestas.com\/wp-content\/uploads\/2022\/07\/IMG_20220109_173020451-scaled.jpg","type":"image\/jpeg"}],"twitter_card":"summary_large_image","twitter_misc":{"Tiempo de lectura":"1 minuto"},"schema":{"@context":"https:\/\/schema.org","@graph":[{"@type":"WebPage","@id":"https:\/\/emprenderenfiestas.com\/index.php\/product\/curso-illustrator-letras\/","url":"https:\/\/emprenderenfiestas.com\/index.php\/product\/curso-illustrator-letras\/","name":"Curso Dise\u00f1o de Letras y N\u00fameros 3D con Illustrator - emprenderenfiestas.com","isPartOf":{"@id":"https:\/\/emprenderenfiestas.com\/#website"},"primaryImageOfPage":{"@id":"https:\/\/emprenderenfiestas.com\/index.php\/product\/curso-illustrator-letras\/#primaryimage"},"image":{"@id":"https:\/\/emprenderenfiestas.com\/index.php\/product\/curso-illustrator-letras\/#primaryimage"},"thumbnailUrl":"https:\/\/i0.wp.com\/emprenderenfiestas.com\/wp-content\/uploads\/2022\/07\/IMG_20220109_173020451-scaled.jpg?fit=2048%2C2560&ssl=1","datePublished":"2024-10-21T22:58:19+00:00","dateModified":"2025-08-21T16:09:20+00:00","breadcrumb":{"@id":"https:\/\/emprenderenfiestas.com\/index.php\/product\/curso-illustrator-letras\/#breadcrumb"},"inLanguage":"es-AR","potentialAction":[{"@type":"ReadAction","target":["https:\/\/emprenderenfiestas.com\/index.php\/product\/curso-illustrator-letras\/"]}]},{"@type":"ImageObject","inLanguage":"es-AR","@id":"https:\/\/emprenderenfiestas.com\/index.php\/product\/curso-illustrator-letras\/#primaryimage","url":"https:\/\/i0.wp.com\/emprenderenfiestas.com\/wp-content\/uploads\/2022\/07\/IMG_20220109_173020451-scaled.jpg?fit=2048%2C2560&ssl=1","contentUrl":"https:\/\/i0.wp.com\/emprenderenfiestas.com\/wp-content\/uploads\/2022\/07\/IMG_20220109_173020451-scaled.jpg?fit=2048%2C2560&ssl=1","width":2048,"height":2560},{"@type":"BreadcrumbList","@id":"https:\/\/emprenderenfiestas.com\/index.php\/product\/curso-illustrator-letras\/#breadcrumb","itemListElement":[{"@type":"ListItem","position":1,"name":"Inicio","item":"https:\/\/emprenderenfiestas.com\/"},{"@type":"ListItem","position":2,"name":"Shop","item":"https:\/\/emprenderenfiestas.com\/index.php\/shop\/"},{"@type":"ListItem","position":3,"name":"Curso Dise\u00f1o de Letras y N\u00fameros 3D con Illustrator"}]},{"@type":"WebSite","@id":"https:\/\/emprenderenfiestas.com\/#website","url":"https:\/\/emprenderenfiestas.com\/","name":"Emprender en Fiestas","description":"Cursos para emprender en eventos","publisher":{"@id":"https:\/\/emprenderenfiestas.com\/#\/schema\/person\/7ae3f63e8e0d298333f421659b10fec6"},"potentialAction":[{"@type":"SearchAction","target":{"@type":"EntryPoint","urlTemplate":"https:\/\/emprenderenfiestas.com\/?s={search_term_string}"},"query-input":{"@type":"PropertyValueSpecification","valueRequired":true,"valueName":"search_term_string"}}],"inLanguage":"es-AR"},{"@type":["Person","Organization"],"@id":"https:\/\/emprenderenfiestas.com\/#\/schema\/person\/7ae3f63e8e0d298333f421659b10fec6","name":"Daniela Dana","image":{"@type":"ImageObject","inLanguage":"es-AR","@id":"https:\/\/i0.wp.com\/emprenderenfiestas.com\/wp-content\/uploads\/2023\/06\/Mesa-de-trabajo-3%402x-e1742245783883.png?fit=2400%2C928&ssl=1","url":"https:\/\/i0.wp.com\/emprenderenfiestas.com\/wp-content\/uploads\/2023\/06\/Mesa-de-trabajo-3%402x-e1742245783883.png?fit=2400%2C928&ssl=1","contentUrl":"https:\/\/i0.wp.com\/emprenderenfiestas.com\/wp-content\/uploads\/2023\/06\/Mesa-de-trabajo-3%402x-e1742245783883.png?fit=2400%2C928&ssl=1","width":2400,"height":928,"caption":"Daniela Dana"},"logo":{"@id":"https:\/\/i0.wp.com\/emprenderenfiestas.com\/wp-content\/uploads\/2023\/06\/Mesa-de-trabajo-3%402x-e1742245783883.png?fit=2400%2C928&ssl=1"}}]}},"jetpack_publicize_connections":[],"jetpack_sharing_enabled":true,"jetpack_likes_enabled":true,"jetpack-related-posts":[],"_links":{"self":[{"href":"https:\/\/emprenderenfiestas.com\/index.php\/wp-json\/wp\/v2\/product\/27607","targetHints":{"allow":["GET"]}}],"collection":[{"href":"https:\/\/emprenderenfiestas.com\/index.php\/wp-json\/wp\/v2\/product"}],"about":[{"href":"https:\/\/emprenderenfiestas.com\/index.php\/wp-json\/wp\/v2\/types\/product"}],"replies":[{"embeddable":true,"href":"https:\/\/emprenderenfiestas.com\/index.php\/wp-json\/wp\/v2\/comments?post=27607"}],"version-history":[{"count":3,"href":"https:\/\/emprenderenfiestas.com\/index.php\/wp-json\/wp\/v2\/product\/27607\/revisions"}],"predecessor-version":[{"id":28635,"href":"https:\/\/emprenderenfiestas.com\/index.php\/wp-json\/wp\/v2\/product\/27607\/revisions\/28635"}],"wp:featuredmedia":[{"embeddable":true,"href":"https:\/\/emprenderenfiestas.com\/index.php\/wp-json\/wp\/v2\/media\/20224"}],"wp:attachment":[{"href":"https:\/\/emprenderenfiestas.com\/index.php\/wp-json\/wp\/v2\/media?parent=27607"}],"wp:term":[{"taxonomy":"product_brand","embeddable":true,"href":"https:\/\/emprenderenfiestas.com\/index.php\/wp-json\/wp\/v2\/product_brand?post=27607"},{"taxonomy":"product_cat","embeddable":true,"href":"https:\/\/emprenderenfiestas.com\/index.php\/wp-json\/wp\/v2\/product_cat?post=27607"},{"taxonomy":"product_tag","embeddable":true,"href":"https:\/\/emprenderenfiestas.com\/index.php\/wp-json\/wp\/v2\/product_tag?post=27607"}],"curies":[{"name":"wp","href":"https:\/\/api.w.org\/{rel}","templated":true}]}}