{"id":25946,"date":"2024-06-26T15:41:36","date_gmt":"2024-06-26T18:41:36","guid":{"rendered":"https:\/\/emprenderenfiestas.com\/?post_type=product&#038;p=25946"},"modified":"2025-11-04T14:05:07","modified_gmt":"2025-11-04T17:05:07","slug":"stickers-silhouette","status":"publish","type":"product","link":"https:\/\/emprenderenfiestas.com\/index.php\/product\/stickers-silhouette\/","title":{"rendered":"Masterclass Stickers Dise\u00f1o con Silhouette Studio"},"content":{"rendered":"<p><strong>\ud83e\uddf0 Materiales y requisitos<\/strong><\/p>\n<ul>\n<li><strong>Acceso a Silhouette Studio<\/strong>, compatible con las versiones gratuitas o pagas.<\/li>\n<li><strong>Computadora con conexi\u00f3n a Internet<\/strong> para trabajar con el programa.<\/li>\n<li><strong>Conocimientos b\u00e1sicos de Silhouette Studio<\/strong> (el taller no cubre conceptos iniciales).<\/li>\n<li>\u26a0\ufe0f Importante: Esta masterclass no incluye la parte de corte ni ense\u00f1a el uso de plotters de corte.<\/li>\n<\/ul>\n<hr \/>\n<p><strong>\ud83d\udc65 \u00bfA qui\u00e9n est\u00e1 dirigida esta masterclass?<\/strong><\/p>\n<ul>\n<li><strong>Emprendedoras creativas<\/strong> que quieren aprender a dise\u00f1ar stickers personalizados para su negocio.<\/li>\n<li><strong>Personas con plotters de corte compatibles<\/strong> (Cameo, Portrait, Curio) que desean optimizar el dise\u00f1o antes de cortar.<\/li>\n<li><strong>Creadoras de papeler\u00eda y productos personalizados<\/strong> que buscan dominar herramientas de dise\u00f1o gr\u00e1fico.<\/li>\n<\/ul>\n<hr \/>\n<p><strong>\ud83d\udcda Formato y duraci\u00f3n<\/strong><\/p>\n<ul>\n<li><strong>Modalidad:<\/strong> Masterclass grabada, 100% online.<\/li>\n<li><strong>Acceso:<\/strong> Permanente, sin l\u00edmite de visualizaciones.<\/li>\n<li><strong>Duraci\u00f3n:<\/strong> \ud83d\udd52 1 hora aprox.<\/li>\n<\/ul>\n<hr \/>\n<p><strong>\ud83c\udf81 Material incluido<\/strong><\/p>\n<ul>\n<li>Esta <strong>masterclass<\/strong> <strong>NO incluye materiales f\u00edsicos, ni archivos digitales<\/strong> adicionales.<\/li>\n<li>Los videos <strong>NO son descargables<\/strong>, se ven dentro de la web.<\/li>\n<\/ul>\n<hr \/>\n<p><strong>\ud83d\udce2 Importante<\/strong><\/p>\n<ul>\n<li><strong>Esta masterclass NO incluye certificado<\/strong> de finalizaci\u00f3n.<\/li>\n<li><strong>No incluye soporte posterior a la visualizaci\u00f3n<\/strong>.<\/li>\n<li><strong>No incluye archivos ni productos f\u00edsicos<\/strong>.<\/li>\n<\/ul>\n","protected":false},"excerpt":{"rendered":"<p>\u00bfQuer\u00e9s aprender a dise\u00f1ar stickers personalizados de forma profesional? En esta <strong>masterclass<\/strong>, vas a descubrir c\u00f3mo usar <strong>Silhouette Studio<\/strong> para crear stickers \u00fanicos y listos para cortar, adaptados a tus necesidades.<\/p>\n<p>Esta clase est\u00e1 enfocada \u00fanicamente en el <strong>dise\u00f1o<\/strong>. Si ya ten\u00e9s un plotter de corte compatible como <strong>Cameo, Portrait o Curio<\/strong>, esta masterclass te permitir\u00e1 dominar el dise\u00f1o de stickers en Silhouette Studio, aunque no se ense\u00f1a el uso del plotter en el curso.<\/p>\n","protected":false},"featured_media":29958,"comment_status":"open","ping_status":"closed","template":"","meta":{"site-sidebar-layout":"default","site-content-layout":"","ast-site-content-layout":"default","site-content-style":"default","site-sidebar-style":"default","ast-global-header-display":"","ast-banner-title-visibility":"","ast-main-header-display":"","ast-hfb-above-header-display":"","ast-hfb-below-header-display":"","ast-hfb-mobile-header-display":"","site-post-title":"","ast-breadcrumbs-content":"","ast-featured-img":"","footer-sml-layout":"","ast-disable-related-posts":"","theme-transparent-header-meta":"default","adv-header-id-meta":"","stick-header-meta":"","header-above-stick-meta":"","header-main-stick-meta":"","header-below-stick-meta":"","astra-migrate-meta-layouts":"set","ast-page-background-enabled":"default","ast-page-background-meta":{"desktop":{"background-color":"var(--ast-global-color-4)","background-image":"","background-repeat":"repeat","background-position":"center center","background-size":"auto","background-attachment":"scroll","background-type":"","background-media":"","overlay-type":"","overlay-color":"","overlay-opacity":"","overlay-gradient":""},"tablet":{"background-color":"","background-image":"","background-repeat":"repeat","background-position":"center center","background-size":"auto","background-attachment":"scroll","background-type":"","background-media":"","overlay-type":"","overlay-color":"","overlay-opacity":"","overlay-gradient":""},"mobile":{"background-color":"","background-image":"","background-repeat":"repeat","background-position":"center center","background-size":"auto","background-attachment":"scroll","background-type":"","background-media":"","overlay-type":"","overlay-color":"","overlay-opacity":"","overlay-gradient":""}},"ast-content-background-meta":{"desktop":{"background-color":"var(--ast-global-color-5)","background-image":"","background-repeat":"repeat","background-position":"center center","background-size":"auto","background-attachment":"scroll","background-type":"","background-media":"","overlay-type":"","overlay-color":"","overlay-opacity":"","overlay-gradient":""},"tablet":{"background-color":"var(--ast-global-color-5)","background-image":"","background-repeat":"repeat","background-position":"center center","background-size":"auto","background-attachment":"scroll","background-type":"","background-media":"","overlay-type":"","overlay-color":"","overlay-opacity":"","overlay-gradient":""},"mobile":{"background-color":"var(--ast-global-color-5)","background-image":"","background-repeat":"repeat","background-position":"center center","background-size":"auto","background-attachment":"scroll","background-type":"","background-media":"","overlay-type":"","overlay-color":"","overlay-opacity":"","overlay-gradient":""}},"jetpack_post_was_ever_published":false,"jetpack_publicize_message":"","jetpack_publicize_feature_enabled":true,"jetpack_social_post_already_shared":false,"jetpack_social_options":{"image_generator_settings":{"template":"highway","default_image_id":0,"font":"","enabled":false},"version":2}},"product_brand":[],"product_cat":[428,416,414,424,431,421,417,415],"product_tag":[36,32,20,57,67,33,34,68],"class_list":{"0":"post-25946","1":"product","2":"type-product","3":"status-publish","4":"has-post-thumbnail","6":"product_cat-masterclass","7":"product_cat-modalidad","8":"product_cat-nivel","9":"product_cat-online","10":"product_cat-papeleria","11":"product_cat-principiante","12":"product_cat-programa","13":"product_cat-tematica","14":"product_tag-brother","15":"product_tag-diseno-con-illustrator","16":"product_tag-emprender","17":"product_tag-papeleria","18":"product_tag-plotter","19":"product_tag-plotter-de-corte","20":"product_tag-scanncut","21":"product_tag-sdx","22":"desktop-align-center","23":"tablet-align-left","24":"mobile-align-left","26":"first","27":"instock","28":"virtual","29":"sold-individually","30":"purchasable","31":"product-type-simple"},"yoast_head":"<!-- This site is optimized with the Yoast SEO plugin v27.5 - https:\/\/yoast.com\/product\/yoast-seo-wordpress\/ -->\n<title>Masterclass Stickers Dise\u00f1o con Silhouette Studio - emprenderenfiestas.com<\/title>\n<meta name=\"robots\" content=\"index, follow, max-snippet:-1, max-image-preview:large, max-video-preview:-1\" \/>\n<link rel=\"canonical\" href=\"https:\/\/emprenderenfiestas.com\/index.php\/product\/stickers-silhouette\/\" \/>\n<meta property=\"og:locale\" content=\"es_ES\" \/>\n<meta property=\"og:type\" content=\"article\" \/>\n<meta property=\"og:title\" content=\"Masterclass Stickers Dise\u00f1o con Silhouette Studio - emprenderenfiestas.com\" \/>\n<meta property=\"og:description\" content=\"\u00bfQuer\u00e9s aprender a dise\u00f1ar stickers personalizados de forma profesional? En esta masterclass, vas a descubrir c\u00f3mo usar Silhouette Studio para crear stickers \u00fanicos y listos para cortar, adaptados a tus necesidades.  Esta clase est\u00e1 enfocada \u00fanicamente en el dise\u00f1o. Si ya ten\u00e9s un plotter de corte compatible como Cameo, Portrait o Curio, esta masterclass te permitir\u00e1 dominar el dise\u00f1o de stickers en Silhouette Studio, aunque no se ense\u00f1a el uso del plotter en el curso.\" \/>\n<meta property=\"og:url\" content=\"https:\/\/emprenderenfiestas.com\/index.php\/product\/stickers-silhouette\/\" \/>\n<meta property=\"og:site_name\" content=\"emprenderenfiestas.com\" \/>\n<meta property=\"article:modified_time\" content=\"2025-11-04T17:05:07+00:00\" \/>\n<meta property=\"og:image\" content=\"https:\/\/emprenderenfiestas.com\/wp-content\/uploads\/2024\/06\/portadas-web.zip-21.png\" \/>\n\t<meta property=\"og:image:width\" content=\"1080\" \/>\n\t<meta property=\"og:image:height\" content=\"1080\" \/>\n\t<meta property=\"og:image:type\" content=\"image\/png\" \/>\n<meta name=\"twitter:card\" content=\"summary_large_image\" \/>\n<meta name=\"twitter:label1\" content=\"Tiempo de lectura\" \/>\n\t<meta name=\"twitter:data1\" content=\"1 minuto\" \/>\n<script type=\"application\/ld+json\" class=\"yoast-schema-graph\">{\"@context\":\"https:\\\/\\\/schema.org\",\"@graph\":[{\"@type\":\"WebPage\",\"@id\":\"https:\\\/\\\/emprenderenfiestas.com\\\/index.php\\\/product\\\/stickers-silhouette\\\/\",\"url\":\"https:\\\/\\\/emprenderenfiestas.com\\\/index.php\\\/product\\\/stickers-silhouette\\\/\",\"name\":\"Masterclass Stickers Dise\u00f1o con Silhouette Studio - emprenderenfiestas.com\",\"isPartOf\":{\"@id\":\"https:\\\/\\\/emprenderenfiestas.com\\\/#website\"},\"primaryImageOfPage\":{\"@id\":\"https:\\\/\\\/emprenderenfiestas.com\\\/index.php\\\/product\\\/stickers-silhouette\\\/#primaryimage\"},\"image\":{\"@id\":\"https:\\\/\\\/emprenderenfiestas.com\\\/index.php\\\/product\\\/stickers-silhouette\\\/#primaryimage\"},\"thumbnailUrl\":\"https:\\\/\\\/i0.wp.com\\\/emprenderenfiestas.com\\\/wp-content\\\/uploads\\\/2024\\\/06\\\/portadas-web.zip-21.png?fit=1080%2C1080&ssl=1\",\"datePublished\":\"2024-06-26T18:41:36+00:00\",\"dateModified\":\"2025-11-04T17:05:07+00:00\",\"breadcrumb\":{\"@id\":\"https:\\\/\\\/emprenderenfiestas.com\\\/index.php\\\/product\\\/stickers-silhouette\\\/#breadcrumb\"},\"inLanguage\":\"es-AR\",\"potentialAction\":[{\"@type\":\"ReadAction\",\"target\":[\"https:\\\/\\\/emprenderenfiestas.com\\\/index.php\\\/product\\\/stickers-silhouette\\\/\"]}]},{\"@type\":\"ImageObject\",\"inLanguage\":\"es-AR\",\"@id\":\"https:\\\/\\\/emprenderenfiestas.com\\\/index.php\\\/product\\\/stickers-silhouette\\\/#primaryimage\",\"url\":\"https:\\\/\\\/i0.wp.com\\\/emprenderenfiestas.com\\\/wp-content\\\/uploads\\\/2024\\\/06\\\/portadas-web.zip-21.png?fit=1080%2C1080&ssl=1\",\"contentUrl\":\"https:\\\/\\\/i0.wp.com\\\/emprenderenfiestas.com\\\/wp-content\\\/uploads\\\/2024\\\/06\\\/portadas-web.zip-21.png?fit=1080%2C1080&ssl=1\",\"width\":1080,\"height\":1080},{\"@type\":\"BreadcrumbList\",\"@id\":\"https:\\\/\\\/emprenderenfiestas.com\\\/index.php\\\/product\\\/stickers-silhouette\\\/#breadcrumb\",\"itemListElement\":[{\"@type\":\"ListItem\",\"position\":1,\"name\":\"Inicio\",\"item\":\"https:\\\/\\\/emprenderenfiestas.com\\\/\"},{\"@type\":\"ListItem\",\"position\":2,\"name\":\"Shop\",\"item\":\"https:\\\/\\\/emprenderenfiestas.com\\\/index.php\\\/shop\\\/\"},{\"@type\":\"ListItem\",\"position\":3,\"name\":\"Masterclass Stickers Dise\u00f1o con Silhouette Studio\"}]},{\"@type\":\"WebSite\",\"@id\":\"https:\\\/\\\/emprenderenfiestas.com\\\/#website\",\"url\":\"https:\\\/\\\/emprenderenfiestas.com\\\/\",\"name\":\"Emprender en Fiestas\",\"description\":\"Cursos para emprender en eventos\",\"publisher\":{\"@id\":\"https:\\\/\\\/emprenderenfiestas.com\\\/#\\\/schema\\\/person\\\/7ae3f63e8e0d298333f421659b10fec6\"},\"potentialAction\":[{\"@type\":\"SearchAction\",\"target\":{\"@type\":\"EntryPoint\",\"urlTemplate\":\"https:\\\/\\\/emprenderenfiestas.com\\\/?s={search_term_string}\"},\"query-input\":{\"@type\":\"PropertyValueSpecification\",\"valueRequired\":true,\"valueName\":\"search_term_string\"}}],\"inLanguage\":\"es-AR\"},{\"@type\":[\"Person\",\"Organization\"],\"@id\":\"https:\\\/\\\/emprenderenfiestas.com\\\/#\\\/schema\\\/person\\\/7ae3f63e8e0d298333f421659b10fec6\",\"name\":\"Daniela Dana\",\"image\":{\"@type\":\"ImageObject\",\"inLanguage\":\"es-AR\",\"@id\":\"https:\\\/\\\/i0.wp.com\\\/emprenderenfiestas.com\\\/wp-content\\\/uploads\\\/2023\\\/06\\\/Mesa-de-trabajo-3%402x-e1742245783883.png?fit=2400%2C928&ssl=1\",\"url\":\"https:\\\/\\\/i0.wp.com\\\/emprenderenfiestas.com\\\/wp-content\\\/uploads\\\/2023\\\/06\\\/Mesa-de-trabajo-3%402x-e1742245783883.png?fit=2400%2C928&ssl=1\",\"contentUrl\":\"https:\\\/\\\/i0.wp.com\\\/emprenderenfiestas.com\\\/wp-content\\\/uploads\\\/2023\\\/06\\\/Mesa-de-trabajo-3%402x-e1742245783883.png?fit=2400%2C928&ssl=1\",\"width\":2400,\"height\":928,\"caption\":\"Daniela Dana\"},\"logo\":{\"@id\":\"https:\\\/\\\/i0.wp.com\\\/emprenderenfiestas.com\\\/wp-content\\\/uploads\\\/2023\\\/06\\\/Mesa-de-trabajo-3%402x-e1742245783883.png?fit=2400%2C928&ssl=1\"}}]}<\/script>\n<!-- \/ Yoast SEO plugin. -->","yoast_head_json":{"title":"Masterclass Stickers Dise\u00f1o con Silhouette Studio - emprenderenfiestas.com","robots":{"index":"index","follow":"follow","max-snippet":"max-snippet:-1","max-image-preview":"max-image-preview:large","max-video-preview":"max-video-preview:-1"},"canonical":"https:\/\/emprenderenfiestas.com\/index.php\/product\/stickers-silhouette\/","og_locale":"es_ES","og_type":"article","og_title":"Masterclass Stickers Dise\u00f1o con Silhouette Studio - emprenderenfiestas.com","og_description":"\u00bfQuer\u00e9s aprender a dise\u00f1ar stickers personalizados de forma profesional? En esta masterclass, vas a descubrir c\u00f3mo usar Silhouette Studio para crear stickers \u00fanicos y listos para cortar, adaptados a tus necesidades.  Esta clase est\u00e1 enfocada \u00fanicamente en el dise\u00f1o. Si ya ten\u00e9s un plotter de corte compatible como Cameo, Portrait o Curio, esta masterclass te permitir\u00e1 dominar el dise\u00f1o de stickers en Silhouette Studio, aunque no se ense\u00f1a el uso del plotter en el curso.","og_url":"https:\/\/emprenderenfiestas.com\/index.php\/product\/stickers-silhouette\/","og_site_name":"emprenderenfiestas.com","article_modified_time":"2025-11-04T17:05:07+00:00","og_image":[{"width":1080,"height":1080,"url":"https:\/\/emprenderenfiestas.com\/wp-content\/uploads\/2024\/06\/portadas-web.zip-21.png","type":"image\/png"}],"twitter_card":"summary_large_image","twitter_misc":{"Tiempo de lectura":"1 minuto"},"schema":{"@context":"https:\/\/schema.org","@graph":[{"@type":"WebPage","@id":"https:\/\/emprenderenfiestas.com\/index.php\/product\/stickers-silhouette\/","url":"https:\/\/emprenderenfiestas.com\/index.php\/product\/stickers-silhouette\/","name":"Masterclass Stickers Dise\u00f1o con Silhouette Studio - emprenderenfiestas.com","isPartOf":{"@id":"https:\/\/emprenderenfiestas.com\/#website"},"primaryImageOfPage":{"@id":"https:\/\/emprenderenfiestas.com\/index.php\/product\/stickers-silhouette\/#primaryimage"},"image":{"@id":"https:\/\/emprenderenfiestas.com\/index.php\/product\/stickers-silhouette\/#primaryimage"},"thumbnailUrl":"https:\/\/i0.wp.com\/emprenderenfiestas.com\/wp-content\/uploads\/2024\/06\/portadas-web.zip-21.png?fit=1080%2C1080&ssl=1","datePublished":"2024-06-26T18:41:36+00:00","dateModified":"2025-11-04T17:05:07+00:00","breadcrumb":{"@id":"https:\/\/emprenderenfiestas.com\/index.php\/product\/stickers-silhouette\/#breadcrumb"},"inLanguage":"es-AR","potentialAction":[{"@type":"ReadAction","target":["https:\/\/emprenderenfiestas.com\/index.php\/product\/stickers-silhouette\/"]}]},{"@type":"ImageObject","inLanguage":"es-AR","@id":"https:\/\/emprenderenfiestas.com\/index.php\/product\/stickers-silhouette\/#primaryimage","url":"https:\/\/i0.wp.com\/emprenderenfiestas.com\/wp-content\/uploads\/2024\/06\/portadas-web.zip-21.png?fit=1080%2C1080&ssl=1","contentUrl":"https:\/\/i0.wp.com\/emprenderenfiestas.com\/wp-content\/uploads\/2024\/06\/portadas-web.zip-21.png?fit=1080%2C1080&ssl=1","width":1080,"height":1080},{"@type":"BreadcrumbList","@id":"https:\/\/emprenderenfiestas.com\/index.php\/product\/stickers-silhouette\/#breadcrumb","itemListElement":[{"@type":"ListItem","position":1,"name":"Inicio","item":"https:\/\/emprenderenfiestas.com\/"},{"@type":"ListItem","position":2,"name":"Shop","item":"https:\/\/emprenderenfiestas.com\/index.php\/shop\/"},{"@type":"ListItem","position":3,"name":"Masterclass Stickers Dise\u00f1o con Silhouette Studio"}]},{"@type":"WebSite","@id":"https:\/\/emprenderenfiestas.com\/#website","url":"https:\/\/emprenderenfiestas.com\/","name":"Emprender en Fiestas","description":"Cursos para emprender en eventos","publisher":{"@id":"https:\/\/emprenderenfiestas.com\/#\/schema\/person\/7ae3f63e8e0d298333f421659b10fec6"},"potentialAction":[{"@type":"SearchAction","target":{"@type":"EntryPoint","urlTemplate":"https:\/\/emprenderenfiestas.com\/?s={search_term_string}"},"query-input":{"@type":"PropertyValueSpecification","valueRequired":true,"valueName":"search_term_string"}}],"inLanguage":"es-AR"},{"@type":["Person","Organization"],"@id":"https:\/\/emprenderenfiestas.com\/#\/schema\/person\/7ae3f63e8e0d298333f421659b10fec6","name":"Daniela Dana","image":{"@type":"ImageObject","inLanguage":"es-AR","@id":"https:\/\/i0.wp.com\/emprenderenfiestas.com\/wp-content\/uploads\/2023\/06\/Mesa-de-trabajo-3%402x-e1742245783883.png?fit=2400%2C928&ssl=1","url":"https:\/\/i0.wp.com\/emprenderenfiestas.com\/wp-content\/uploads\/2023\/06\/Mesa-de-trabajo-3%402x-e1742245783883.png?fit=2400%2C928&ssl=1","contentUrl":"https:\/\/i0.wp.com\/emprenderenfiestas.com\/wp-content\/uploads\/2023\/06\/Mesa-de-trabajo-3%402x-e1742245783883.png?fit=2400%2C928&ssl=1","width":2400,"height":928,"caption":"Daniela Dana"},"logo":{"@id":"https:\/\/i0.wp.com\/emprenderenfiestas.com\/wp-content\/uploads\/2023\/06\/Mesa-de-trabajo-3%402x-e1742245783883.png?fit=2400%2C928&ssl=1"}}]}},"jetpack_publicize_connections":[],"jetpack_sharing_enabled":true,"jetpack_likes_enabled":true,"jetpack-related-posts":[],"_links":{"self":[{"href":"https:\/\/emprenderenfiestas.com\/index.php\/wp-json\/wp\/v2\/product\/25946","targetHints":{"allow":["GET"]}}],"collection":[{"href":"https:\/\/emprenderenfiestas.com\/index.php\/wp-json\/wp\/v2\/product"}],"about":[{"href":"https:\/\/emprenderenfiestas.com\/index.php\/wp-json\/wp\/v2\/types\/product"}],"replies":[{"embeddable":true,"href":"https:\/\/emprenderenfiestas.com\/index.php\/wp-json\/wp\/v2\/comments?post=25946"}],"version-history":[{"count":5,"href":"https:\/\/emprenderenfiestas.com\/index.php\/wp-json\/wp\/v2\/product\/25946\/revisions"}],"predecessor-version":[{"id":29347,"href":"https:\/\/emprenderenfiestas.com\/index.php\/wp-json\/wp\/v2\/product\/25946\/revisions\/29347"}],"wp:featuredmedia":[{"embeddable":true,"href":"https:\/\/emprenderenfiestas.com\/index.php\/wp-json\/wp\/v2\/media\/29958"}],"wp:attachment":[{"href":"https:\/\/emprenderenfiestas.com\/index.php\/wp-json\/wp\/v2\/media?parent=25946"}],"wp:term":[{"taxonomy":"product_brand","embeddable":true,"href":"https:\/\/emprenderenfiestas.com\/index.php\/wp-json\/wp\/v2\/product_brand?post=25946"},{"taxonomy":"product_cat","embeddable":true,"href":"https:\/\/emprenderenfiestas.com\/index.php\/wp-json\/wp\/v2\/product_cat?post=25946"},{"taxonomy":"product_tag","embeddable":true,"href":"https:\/\/emprenderenfiestas.com\/index.php\/wp-json\/wp\/v2\/product_tag?post=25946"}],"curies":[{"name":"wp","href":"https:\/\/api.w.org\/{rel}","templated":true}]}}