{"id":25764,"date":"2024-06-07T22:24:29","date_gmt":"2024-06-08T01:24:29","guid":{"rendered":"https:\/\/emprenderenfiestas.com\/index.php\/product\/deco-con-globos-taller-presencial-12-7\/"},"modified":"2026-05-12T11:57:56","modified_gmt":"2026-05-12T14:57:56","slug":"pared-globos","status":"publish","type":"product","link":"https:\/\/emprenderenfiestas.com\/index.php\/product\/pared-globos\/","title":{"rendered":"Taller Presencial GLOBOLOG\u00cdA especial ARCO\u00cdRIS 14\/6"},"content":{"rendered":"<h3 data-start=\"350\" data-end=\"408\">Taller de Globolog\u00eda Presencial \u2014 edici\u00f3n ARCOIRIS<\/h3>\n<p data-start=\"409\" data-end=\"510\"><strong>Domingo<\/strong><strong data-start=\"409\" data-end=\"463\"> 14\/6 de 14 a 19 hs \u2013 LUGANO, CABA<\/strong><\/p>\n<p data-start=\"409\" data-end=\"510\"><strong>SE REQUIERE CONOCIMIENTO B\u00c1SICO DE GLOBOLOG\u00cdA.<\/strong><br \/>\n<em data-start=\"466\" data-end=\"510\">Cupo s\u00faper reducido \u2013 taller personalizado<\/em><\/p>\n<p data-start=\"512\" data-end=\"626\">Este taller est\u00e1 pensado para <strong data-start=\"646\" data-end=\"706\">acompa\u00f1arte paso a paso a perderle el miedo a los globos<\/strong>, sin presi\u00f3n, sin mirar de reojo lo que hace la de al lado, y con la libertad de hacer todas las preguntas que no te animar\u00edas a hacer en un sal\u00f3n lleno de gente.<\/p>\n<p data-start=\"871\" data-end=\"954\">Es un taller \u00edntimo, como una tarde de amigas, con mate, globos y aprendizaje real<\/p>\n<hr data-start=\"956\" data-end=\"959\">\n<p data-start=\"871\" data-end=\"954\"><span style=\"font-size: 1.5em;font-weight: bold\">Este taller es para vos si:<\/span><\/p>\n<ul data-start=\"994\" data-end=\"1462\">\n<li data-start=\"994\" data-end=\"1122\">Empezaste <strong data-start=\"1135\" data-end=\"1159\">de forma autodidacta<\/strong> pero no est\u00e1s conforme con los resultados que est\u00e1s obteniendo.<\/li>\n<li data-start=\"994\" data-end=\"1122\">Quer\u00e9s sumar <strong data-start=\"1239\" data-end=\"1271\">un nuevo producto o servicio<\/strong> a tu negocio y <strong data-start=\"1287\" data-end=\"1312\">aumentar tus ingresos<\/strong> ofreciendo ambientaciones con globos.<\/li>\n<li data-start=\"1224\" data-end=\"1350\">\n<p data-start=\"1226\" data-end=\"1350\">Necesit\u00e1s una instancia formativa donde te expliquen <strong data-start=\"1406\" data-end=\"1421\">paso a paso<\/strong>.<\/p>\n<\/li>\n<\/ul>\n<hr data-start=\"1464\" data-end=\"1467\">\n<h3 data-start=\"1973\" data-end=\"1990\">\u00bfQu\u00e9 incluye?<\/h3>\n<ul data-start=\"1992\" data-end=\"2219\">\n<li data-start=\"1992\" data-end=\"2039\">\n<p data-start=\"1994\" data-end=\"2039\">Todos los <strong data-start=\"2004\" data-end=\"2039\">materiales de trabajo incluidos<\/strong><\/p>\n<\/li>\n<li data-start=\"2040\" data-end=\"2104\">\n<p data-start=\"2042\" data-end=\"2104\"><strong data-start=\"2042\" data-end=\"2071\">Refrigerio<\/strong>&nbsp;para compartir durante el taller<\/p>\n<\/li>\n<li data-start=\"2105\" data-end=\"2139\">\n<p data-start=\"2107\" data-end=\"2139\"><strong data-start=\"2107\" data-end=\"2139\">Certificado de participaci\u00f3n<\/strong><\/p>\n<\/li>\n<li data-start=\"2140\" data-end=\"2219\">\n<p data-start=\"2142\" data-end=\"2219\">Un entorno de confianza donde cada alumna tiene su espacio, su ritmo y su voz<\/p>\n<\/li>\n<\/ul>\n<hr data-start=\"2221\" data-end=\"2224\">\n<h3 data-start=\"2226\" data-end=\"2240\">IMPORTANTE<\/h3>\n<p data-start=\"2242\" data-end=\"2517\">Este taller es <strong data-start=\"2257\" data-end=\"2301\">intensivo, pr\u00e1ctico y 100% personalizado<\/strong>.&nbsp;<br \/>\nEst\u00e1 pensado para <strong data-start=\"2323\" data-end=\"2349\">grupos s\u00faper reducidos<\/strong> porque mi prioridad es poder acompa\u00f1arte de cerca.<br \/>\nSi te intimidan los grandes eventos, <strong data-start=\"2440\" data-end=\"2516\">esta es tu oportunidad de capacitarte en confianza y con contenci\u00f3n real<\/strong>.<\/p>\n","protected":false},"excerpt":{"rendered":"<p>Taller pr\u00e1ctico de decoraci\u00f3n con globos para principiantes.<\/p>\n","protected":false},"featured_media":34219,"comment_status":"open","ping_status":"closed","template":"","meta":{"site-sidebar-layout":"default","site-content-layout":"","ast-site-content-layout":"default","site-content-style":"default","site-sidebar-style":"default","ast-global-header-display":"","ast-banner-title-visibility":"","ast-main-header-display":"","ast-hfb-above-header-display":"","ast-hfb-below-header-display":"","ast-hfb-mobile-header-display":"","site-post-title":"","ast-breadcrumbs-content":"","ast-featured-img":"","footer-sml-layout":"","ast-disable-related-posts":"","theme-transparent-header-meta":"default","adv-header-id-meta":"","stick-header-meta":"","header-above-stick-meta":"","header-main-stick-meta":"","header-below-stick-meta":"","astra-migrate-meta-layouts":"set","ast-page-background-enabled":"default","ast-page-background-meta":{"desktop":{"background-color":"var(--ast-global-color-4)","background-image":"","background-repeat":"repeat","background-position":"center center","background-size":"auto","background-attachment":"scroll","background-type":"","background-media":"","overlay-type":"","overlay-color":"","overlay-opacity":"","overlay-gradient":""},"tablet":{"background-color":"","background-image":"","background-repeat":"repeat","background-position":"center center","background-size":"auto","background-attachment":"scroll","background-type":"","background-media":"","overlay-type":"","overlay-color":"","overlay-opacity":"","overlay-gradient":""},"mobile":{"background-color":"","background-image":"","background-repeat":"repeat","background-position":"center center","background-size":"auto","background-attachment":"scroll","background-type":"","background-media":"","overlay-type":"","overlay-color":"","overlay-opacity":"","overlay-gradient":""}},"ast-content-background-meta":{"desktop":{"background-color":"var(--ast-global-color-5)","background-image":"","background-repeat":"repeat","background-position":"center center","background-size":"auto","background-attachment":"scroll","background-type":"","background-media":"","overlay-type":"","overlay-color":"","overlay-opacity":"","overlay-gradient":""},"tablet":{"background-color":"var(--ast-global-color-5)","background-image":"","background-repeat":"repeat","background-position":"center center","background-size":"auto","background-attachment":"scroll","background-type":"","background-media":"","overlay-type":"","overlay-color":"","overlay-opacity":"","overlay-gradient":""},"mobile":{"background-color":"var(--ast-global-color-5)","background-image":"","background-repeat":"repeat","background-position":"center center","background-size":"auto","background-attachment":"scroll","background-type":"","background-media":"","overlay-type":"","overlay-color":"","overlay-opacity":"","overlay-gradient":""}},"jetpack_publicize_message":"","jetpack_publicize_feature_enabled":true,"jetpack_social_post_already_shared":false,"jetpack_social_options":{"image_generator_settings":{"template":"highway","default_image_id":0,"font":"","enabled":false},"version":2}},"product_brand":[],"product_cat":[433,568,416,414,425,421,415],"product_tag":[381,389,402,168,572],"class_list":{"0":"post-25764","1":"product","2":"type-product","3":"status-publish","4":"has-post-thumbnail","6":"product_cat-decoracion","7":"product_cat-globos","8":"product_cat-modalidad","9":"product_cat-nivel","10":"product_cat-presencial","11":"product_cat-principiante","12":"product_cat-tematica","13":"product_tag-decoracion-con-globos","14":"product_tag-decoradoras","15":"product_tag-globologia","16":"product_tag-globos","17":"product_tag-taller-presencial","18":"desktop-align-center","19":"tablet-align-left","20":"mobile-align-left","22":"first","23":"instock","24":"sale","25":"virtual","26":"purchasable","27":"product-type-simple"},"yoast_head":"<!-- This site is optimized with the Yoast SEO plugin v27.6 - https:\/\/yoast.com\/product\/yoast-seo-wordpress\/ -->\n<title>Taller Presencial GLOBOLOG\u00cdA especial ARCO\u00cdRIS 14\/6 - emprenderenfiestas.com<\/title>\n<meta name=\"description\" content=\"Este taller es para vos si: Sent\u00eds que te dan miedo los globos, no sab\u00e9s por d\u00f3nde empezar o te falta confianza para incorporarlos a tus decoraciones.Empezaste de forma autodidacta pero no est\u00e1s conforme con los resultados que est\u00e1s obteniendo.Quer\u00e9s sumar un nuevo producto o servicio a tu negocio y aumentar tus ingresos ofreciendo ambientaciones con globos.Necesit\u00e1s una instancia formativa donde te expliquen paso a paso.\u00bfQu\u00e9 vas a aprender?El ABC de la globolog\u00eda para decoradores:tipos y tama\u00f1os de globos, infladores, cintas, bases y herramientas imprescindibles.C\u00f3mo armar desde cero:Una columna redonda profesional.Una columna org\u00e1nica, entendiendo la l\u00f3gica del org\u00e1nico y c\u00f3mo combinar colores y tama\u00f1os.Ideas para aplicar estas t\u00e9cnicas en:Eventos sociales y corporativosDecoraci\u00f3n de vidrieras y comerciosFiestas en casa o salones infantiles\" \/>\n<meta name=\"robots\" content=\"index, follow, max-snippet:-1, max-image-preview:large, max-video-preview:-1\" \/>\n<link rel=\"canonical\" href=\"https:\/\/emprenderenfiestas.com\/index.php\/product\/pared-globos\/\" \/>\n<meta property=\"og:locale\" content=\"es_ES\" \/>\n<meta property=\"og:type\" content=\"article\" \/>\n<meta property=\"og:title\" content=\"Taller Presencial GLOBOLOG\u00cdA especial ARCO\u00cdRIS 14\/6 - emprenderenfiestas.com\" \/>\n<meta property=\"og:description\" content=\"Este taller es para vos si: Sent\u00eds que te dan miedo los globos, no sab\u00e9s por d\u00f3nde empezar o te falta confianza para incorporarlos a tus decoraciones.Empezaste de forma autodidacta pero no est\u00e1s conforme con los resultados que est\u00e1s obteniendo.Quer\u00e9s sumar un nuevo producto o servicio a tu negocio y aumentar tus ingresos ofreciendo ambientaciones con globos.Necesit\u00e1s una instancia formativa donde te expliquen paso a paso.\u00bfQu\u00e9 vas a aprender?El ABC de la globolog\u00eda para decoradores:tipos y tama\u00f1os de globos, infladores, cintas, bases y herramientas imprescindibles.C\u00f3mo armar desde cero:Una columna redonda profesional.Una columna org\u00e1nica, entendiendo la l\u00f3gica del org\u00e1nico y c\u00f3mo combinar colores y tama\u00f1os.Ideas para aplicar estas t\u00e9cnicas en:Eventos sociales y corporativosDecoraci\u00f3n de vidrieras y comerciosFiestas en casa o salones infantiles\" \/>\n<meta property=\"og:url\" content=\"https:\/\/emprenderenfiestas.com\/index.php\/product\/pared-globos\/\" \/>\n<meta property=\"og:site_name\" content=\"emprenderenfiestas.com\" \/>\n<meta property=\"article:modified_time\" content=\"2026-05-12T14:57:56+00:00\" \/>\n<meta property=\"og:image\" content=\"https:\/\/i0.wp.com\/emprenderenfiestas.com\/wp-content\/uploads\/2024\/06\/IMG_6444-scaled.jpg?fit=2560%2C1920&ssl=1\" \/>\n\t<meta property=\"og:image:width\" content=\"2560\" \/>\n\t<meta property=\"og:image:height\" content=\"1920\" \/>\n\t<meta property=\"og:image:type\" content=\"image\/jpeg\" \/>\n<meta name=\"twitter:card\" content=\"summary_large_image\" \/>\n<meta name=\"twitter:label1\" content=\"Tiempo de lectura\" \/>\n\t<meta name=\"twitter:data1\" content=\"2 minutos\" \/>\n<script type=\"application\/ld+json\" class=\"yoast-schema-graph\">{\"@context\":\"https:\\\/\\\/schema.org\",\"@graph\":[{\"@type\":\"WebPage\",\"@id\":\"https:\\\/\\\/emprenderenfiestas.com\\\/index.php\\\/product\\\/pared-globos\\\/\",\"url\":\"https:\\\/\\\/emprenderenfiestas.com\\\/index.php\\\/product\\\/pared-globos\\\/\",\"name\":\"Taller Presencial GLOBOLOG\u00cdA especial ARCO\u00cdRIS 14\\\/6 - emprenderenfiestas.com\",\"isPartOf\":{\"@id\":\"https:\\\/\\\/emprenderenfiestas.com\\\/#website\"},\"primaryImageOfPage\":{\"@id\":\"https:\\\/\\\/emprenderenfiestas.com\\\/index.php\\\/product\\\/pared-globos\\\/#primaryimage\"},\"image\":{\"@id\":\"https:\\\/\\\/emprenderenfiestas.com\\\/index.php\\\/product\\\/pared-globos\\\/#primaryimage\"},\"thumbnailUrl\":\"https:\\\/\\\/i0.wp.com\\\/emprenderenfiestas.com\\\/wp-content\\\/uploads\\\/2024\\\/06\\\/804139e8-6afe-48cc-a133-12d9b19f2c40.png?fit=1095%2C1437&ssl=1\",\"datePublished\":\"2024-06-08T01:24:29+00:00\",\"dateModified\":\"2026-05-12T14:57:56+00:00\",\"description\":\"Este taller es para vos si: Sent\u00eds que te dan miedo los globos, no sab\u00e9s por d\u00f3nde empezar o te falta confianza para incorporarlos a tus decoraciones.Empezaste de forma autodidacta pero no est\u00e1s conforme con los resultados que est\u00e1s obteniendo.Quer\u00e9s sumar un nuevo producto o servicio a tu negocio y aumentar tus ingresos ofreciendo ambientaciones con globos.Necesit\u00e1s una instancia formativa donde te expliquen paso a paso.\u00bfQu\u00e9 vas a aprender?El ABC de la globolog\u00eda para decoradores:tipos y tama\u00f1os de globos, infladores, cintas, bases y herramientas imprescindibles.C\u00f3mo armar desde cero:Una columna redonda profesional.Una columna org\u00e1nica, entendiendo la l\u00f3gica del org\u00e1nico y c\u00f3mo combinar colores y tama\u00f1os.Ideas para aplicar estas t\u00e9cnicas en:Eventos sociales y corporativosDecoraci\u00f3n de vidrieras y comerciosFiestas en casa o salones infantiles\",\"breadcrumb\":{\"@id\":\"https:\\\/\\\/emprenderenfiestas.com\\\/index.php\\\/product\\\/pared-globos\\\/#breadcrumb\"},\"inLanguage\":\"es-AR\",\"potentialAction\":[{\"@type\":\"ReadAction\",\"target\":[\"https:\\\/\\\/emprenderenfiestas.com\\\/index.php\\\/product\\\/pared-globos\\\/\"]}]},{\"@type\":\"ImageObject\",\"inLanguage\":\"es-AR\",\"@id\":\"https:\\\/\\\/emprenderenfiestas.com\\\/index.php\\\/product\\\/pared-globos\\\/#primaryimage\",\"url\":\"https:\\\/\\\/i0.wp.com\\\/emprenderenfiestas.com\\\/wp-content\\\/uploads\\\/2024\\\/06\\\/804139e8-6afe-48cc-a133-12d9b19f2c40.png?fit=1095%2C1437&ssl=1\",\"contentUrl\":\"https:\\\/\\\/i0.wp.com\\\/emprenderenfiestas.com\\\/wp-content\\\/uploads\\\/2024\\\/06\\\/804139e8-6afe-48cc-a133-12d9b19f2c40.png?fit=1095%2C1437&ssl=1\",\"width\":1095,\"height\":1437},{\"@type\":\"BreadcrumbList\",\"@id\":\"https:\\\/\\\/emprenderenfiestas.com\\\/index.php\\\/product\\\/pared-globos\\\/#breadcrumb\",\"itemListElement\":[{\"@type\":\"ListItem\",\"position\":1,\"name\":\"Inicio\",\"item\":\"https:\\\/\\\/emprenderenfiestas.com\\\/\"},{\"@type\":\"ListItem\",\"position\":2,\"name\":\"Shop\",\"item\":\"https:\\\/\\\/emprenderenfiestas.com\\\/index.php\\\/shop\\\/\"},{\"@type\":\"ListItem\",\"position\":3,\"name\":\"Taller Presencial GLOBOLOG\u00cdA especial ARCO\u00cdRIS 14\\\/6\"}]},{\"@type\":\"WebSite\",\"@id\":\"https:\\\/\\\/emprenderenfiestas.com\\\/#website\",\"url\":\"https:\\\/\\\/emprenderenfiestas.com\\\/\",\"name\":\"Emprender en Fiestas\",\"description\":\"Cursos para emprender en eventos\",\"publisher\":{\"@id\":\"https:\\\/\\\/emprenderenfiestas.com\\\/#\\\/schema\\\/person\\\/7ae3f63e8e0d298333f421659b10fec6\"},\"potentialAction\":[{\"@type\":\"SearchAction\",\"target\":{\"@type\":\"EntryPoint\",\"urlTemplate\":\"https:\\\/\\\/emprenderenfiestas.com\\\/?s={search_term_string}\"},\"query-input\":{\"@type\":\"PropertyValueSpecification\",\"valueRequired\":true,\"valueName\":\"search_term_string\"}}],\"inLanguage\":\"es-AR\"},{\"@type\":[\"Person\",\"Organization\"],\"@id\":\"https:\\\/\\\/emprenderenfiestas.com\\\/#\\\/schema\\\/person\\\/7ae3f63e8e0d298333f421659b10fec6\",\"name\":\"Daniela Dana\",\"image\":{\"@type\":\"ImageObject\",\"inLanguage\":\"es-AR\",\"@id\":\"https:\\\/\\\/i0.wp.com\\\/emprenderenfiestas.com\\\/wp-content\\\/uploads\\\/2023\\\/06\\\/Mesa-de-trabajo-3%402x-e1742245783883.png?fit=2400%2C928&ssl=1\",\"url\":\"https:\\\/\\\/i0.wp.com\\\/emprenderenfiestas.com\\\/wp-content\\\/uploads\\\/2023\\\/06\\\/Mesa-de-trabajo-3%402x-e1742245783883.png?fit=2400%2C928&ssl=1\",\"contentUrl\":\"https:\\\/\\\/i0.wp.com\\\/emprenderenfiestas.com\\\/wp-content\\\/uploads\\\/2023\\\/06\\\/Mesa-de-trabajo-3%402x-e1742245783883.png?fit=2400%2C928&ssl=1\",\"width\":2400,\"height\":928,\"caption\":\"Daniela Dana\"},\"logo\":{\"@id\":\"https:\\\/\\\/i0.wp.com\\\/emprenderenfiestas.com\\\/wp-content\\\/uploads\\\/2023\\\/06\\\/Mesa-de-trabajo-3%402x-e1742245783883.png?fit=2400%2C928&ssl=1\"}}]}<\/script>\n<!-- \/ Yoast SEO plugin. -->","yoast_head_json":{"title":"Taller Presencial GLOBOLOG\u00cdA especial ARCO\u00cdRIS 14\/6 - emprenderenfiestas.com","description":"Este taller es para vos si: Sent\u00eds que te dan miedo los globos, no sab\u00e9s por d\u00f3nde empezar o te falta confianza para incorporarlos a tus decoraciones.Empezaste de forma autodidacta pero no est\u00e1s conforme con los resultados que est\u00e1s obteniendo.Quer\u00e9s sumar un nuevo producto o servicio a tu negocio y aumentar tus ingresos ofreciendo ambientaciones con globos.Necesit\u00e1s una instancia formativa donde te expliquen paso a paso.\u00bfQu\u00e9 vas a aprender?El ABC de la globolog\u00eda para decoradores:tipos y tama\u00f1os de globos, infladores, cintas, bases y herramientas imprescindibles.C\u00f3mo armar desde cero:Una columna redonda profesional.Una columna org\u00e1nica, entendiendo la l\u00f3gica del org\u00e1nico y c\u00f3mo combinar colores y tama\u00f1os.Ideas para aplicar estas t\u00e9cnicas en:Eventos sociales y corporativosDecoraci\u00f3n de vidrieras y comerciosFiestas en casa o salones infantiles","robots":{"index":"index","follow":"follow","max-snippet":"max-snippet:-1","max-image-preview":"max-image-preview:large","max-video-preview":"max-video-preview:-1"},"canonical":"https:\/\/emprenderenfiestas.com\/index.php\/product\/pared-globos\/","og_locale":"es_ES","og_type":"article","og_title":"Taller Presencial GLOBOLOG\u00cdA especial ARCO\u00cdRIS 14\/6 - emprenderenfiestas.com","og_description":"Este taller es para vos si: Sent\u00eds que te dan miedo los globos, no sab\u00e9s por d\u00f3nde empezar o te falta confianza para incorporarlos a tus decoraciones.Empezaste de forma autodidacta pero no est\u00e1s conforme con los resultados que est\u00e1s obteniendo.Quer\u00e9s sumar un nuevo producto o servicio a tu negocio y aumentar tus ingresos ofreciendo ambientaciones con globos.Necesit\u00e1s una instancia formativa donde te expliquen paso a paso.\u00bfQu\u00e9 vas a aprender?El ABC de la globolog\u00eda para decoradores:tipos y tama\u00f1os de globos, infladores, cintas, bases y herramientas imprescindibles.C\u00f3mo armar desde cero:Una columna redonda profesional.Una columna org\u00e1nica, entendiendo la l\u00f3gica del org\u00e1nico y c\u00f3mo combinar colores y tama\u00f1os.Ideas para aplicar estas t\u00e9cnicas en:Eventos sociales y corporativosDecoraci\u00f3n de vidrieras y comerciosFiestas en casa o salones infantiles","og_url":"https:\/\/emprenderenfiestas.com\/index.php\/product\/pared-globos\/","og_site_name":"emprenderenfiestas.com","article_modified_time":"2026-05-12T14:57:56+00:00","og_image":[{"width":2560,"height":1920,"url":"https:\/\/i0.wp.com\/emprenderenfiestas.com\/wp-content\/uploads\/2024\/06\/IMG_6444-scaled.jpg?fit=2560%2C1920&ssl=1","type":"image\/jpeg"}],"twitter_card":"summary_large_image","twitter_misc":{"Tiempo de lectura":"2 minutos"},"schema":{"@context":"https:\/\/schema.org","@graph":[{"@type":"WebPage","@id":"https:\/\/emprenderenfiestas.com\/index.php\/product\/pared-globos\/","url":"https:\/\/emprenderenfiestas.com\/index.php\/product\/pared-globos\/","name":"Taller Presencial GLOBOLOG\u00cdA especial ARCO\u00cdRIS 14\/6 - emprenderenfiestas.com","isPartOf":{"@id":"https:\/\/emprenderenfiestas.com\/#website"},"primaryImageOfPage":{"@id":"https:\/\/emprenderenfiestas.com\/index.php\/product\/pared-globos\/#primaryimage"},"image":{"@id":"https:\/\/emprenderenfiestas.com\/index.php\/product\/pared-globos\/#primaryimage"},"thumbnailUrl":"https:\/\/i0.wp.com\/emprenderenfiestas.com\/wp-content\/uploads\/2024\/06\/804139e8-6afe-48cc-a133-12d9b19f2c40.png?fit=1095%2C1437&ssl=1","datePublished":"2024-06-08T01:24:29+00:00","dateModified":"2026-05-12T14:57:56+00:00","description":"Este taller es para vos si: Sent\u00eds que te dan miedo los globos, no sab\u00e9s por d\u00f3nde empezar o te falta confianza para incorporarlos a tus decoraciones.Empezaste de forma autodidacta pero no est\u00e1s conforme con los resultados que est\u00e1s obteniendo.Quer\u00e9s sumar un nuevo producto o servicio a tu negocio y aumentar tus ingresos ofreciendo ambientaciones con globos.Necesit\u00e1s una instancia formativa donde te expliquen paso a paso.\u00bfQu\u00e9 vas a aprender?El ABC de la globolog\u00eda para decoradores:tipos y tama\u00f1os de globos, infladores, cintas, bases y herramientas imprescindibles.C\u00f3mo armar desde cero:Una columna redonda profesional.Una columna org\u00e1nica, entendiendo la l\u00f3gica del org\u00e1nico y c\u00f3mo combinar colores y tama\u00f1os.Ideas para aplicar estas t\u00e9cnicas en:Eventos sociales y corporativosDecoraci\u00f3n de vidrieras y comerciosFiestas en casa o salones infantiles","breadcrumb":{"@id":"https:\/\/emprenderenfiestas.com\/index.php\/product\/pared-globos\/#breadcrumb"},"inLanguage":"es-AR","potentialAction":[{"@type":"ReadAction","target":["https:\/\/emprenderenfiestas.com\/index.php\/product\/pared-globos\/"]}]},{"@type":"ImageObject","inLanguage":"es-AR","@id":"https:\/\/emprenderenfiestas.com\/index.php\/product\/pared-globos\/#primaryimage","url":"https:\/\/i0.wp.com\/emprenderenfiestas.com\/wp-content\/uploads\/2024\/06\/804139e8-6afe-48cc-a133-12d9b19f2c40.png?fit=1095%2C1437&ssl=1","contentUrl":"https:\/\/i0.wp.com\/emprenderenfiestas.com\/wp-content\/uploads\/2024\/06\/804139e8-6afe-48cc-a133-12d9b19f2c40.png?fit=1095%2C1437&ssl=1","width":1095,"height":1437},{"@type":"BreadcrumbList","@id":"https:\/\/emprenderenfiestas.com\/index.php\/product\/pared-globos\/#breadcrumb","itemListElement":[{"@type":"ListItem","position":1,"name":"Inicio","item":"https:\/\/emprenderenfiestas.com\/"},{"@type":"ListItem","position":2,"name":"Shop","item":"https:\/\/emprenderenfiestas.com\/index.php\/shop\/"},{"@type":"ListItem","position":3,"name":"Taller Presencial GLOBOLOG\u00cdA especial ARCO\u00cdRIS 14\/6"}]},{"@type":"WebSite","@id":"https:\/\/emprenderenfiestas.com\/#website","url":"https:\/\/emprenderenfiestas.com\/","name":"Emprender en Fiestas","description":"Cursos para emprender en eventos","publisher":{"@id":"https:\/\/emprenderenfiestas.com\/#\/schema\/person\/7ae3f63e8e0d298333f421659b10fec6"},"potentialAction":[{"@type":"SearchAction","target":{"@type":"EntryPoint","urlTemplate":"https:\/\/emprenderenfiestas.com\/?s={search_term_string}"},"query-input":{"@type":"PropertyValueSpecification","valueRequired":true,"valueName":"search_term_string"}}],"inLanguage":"es-AR"},{"@type":["Person","Organization"],"@id":"https:\/\/emprenderenfiestas.com\/#\/schema\/person\/7ae3f63e8e0d298333f421659b10fec6","name":"Daniela Dana","image":{"@type":"ImageObject","inLanguage":"es-AR","@id":"https:\/\/i0.wp.com\/emprenderenfiestas.com\/wp-content\/uploads\/2023\/06\/Mesa-de-trabajo-3%402x-e1742245783883.png?fit=2400%2C928&ssl=1","url":"https:\/\/i0.wp.com\/emprenderenfiestas.com\/wp-content\/uploads\/2023\/06\/Mesa-de-trabajo-3%402x-e1742245783883.png?fit=2400%2C928&ssl=1","contentUrl":"https:\/\/i0.wp.com\/emprenderenfiestas.com\/wp-content\/uploads\/2023\/06\/Mesa-de-trabajo-3%402x-e1742245783883.png?fit=2400%2C928&ssl=1","width":2400,"height":928,"caption":"Daniela Dana"},"logo":{"@id":"https:\/\/i0.wp.com\/emprenderenfiestas.com\/wp-content\/uploads\/2023\/06\/Mesa-de-trabajo-3%402x-e1742245783883.png?fit=2400%2C928&ssl=1"}}]}},"jetpack_publicize_connections":[],"jetpack_sharing_enabled":true,"jetpack_likes_enabled":true,"jetpack-related-posts":[],"_links":{"self":[{"href":"https:\/\/emprenderenfiestas.com\/index.php\/wp-json\/wp\/v2\/product\/25764","targetHints":{"allow":["GET"]}}],"collection":[{"href":"https:\/\/emprenderenfiestas.com\/index.php\/wp-json\/wp\/v2\/product"}],"about":[{"href":"https:\/\/emprenderenfiestas.com\/index.php\/wp-json\/wp\/v2\/types\/product"}],"replies":[{"embeddable":true,"href":"https:\/\/emprenderenfiestas.com\/index.php\/wp-json\/wp\/v2\/comments?post=25764"}],"version-history":[{"count":15,"href":"https:\/\/emprenderenfiestas.com\/index.php\/wp-json\/wp\/v2\/product\/25764\/revisions"}],"predecessor-version":[{"id":34215,"href":"https:\/\/emprenderenfiestas.com\/index.php\/wp-json\/wp\/v2\/product\/25764\/revisions\/34215"}],"wp:featuredmedia":[{"embeddable":true,"href":"https:\/\/emprenderenfiestas.com\/index.php\/wp-json\/wp\/v2\/media\/34219"}],"wp:attachment":[{"href":"https:\/\/emprenderenfiestas.com\/index.php\/wp-json\/wp\/v2\/media?parent=25764"}],"wp:term":[{"taxonomy":"product_brand","embeddable":true,"href":"https:\/\/emprenderenfiestas.com\/index.php\/wp-json\/wp\/v2\/product_brand?post=25764"},{"taxonomy":"product_cat","embeddable":true,"href":"https:\/\/emprenderenfiestas.com\/index.php\/wp-json\/wp\/v2\/product_cat?post=25764"},{"taxonomy":"product_tag","embeddable":true,"href":"https:\/\/emprenderenfiestas.com\/index.php\/wp-json\/wp\/v2\/product_tag?post=25764"}],"curies":[{"name":"wp","href":"https:\/\/api.w.org\/{rel}","templated":true}]}}