{"id":24013,"date":"2024-03-11T21:07:16","date_gmt":"2024-03-12T00:07:16","guid":{"rendered":"https:\/\/emprenderenfiestas.com\/?post_type=product&#038;p=24013"},"modified":"2025-09-26T15:05:42","modified_gmt":"2025-09-26T18:05:42","slug":"ebook-teoria-de-mesas-tematicas","status":"publish","type":"product","link":"https:\/\/emprenderenfiestas.com\/index.php\/product\/ebook-teoria-de-mesas-tematicas\/","title":{"rendered":"Ebook: La teor\u00eda detr\u00e1s de las Mesas Tem\u00e1ticas Impactantes"},"content":{"rendered":"<p style=\"text-align: left\">Aprend\u00e9 f\u00e1cil y r\u00e1pido, cu\u00e1les son los aspectos te\u00f3ricos que deb\u00e9s usar en tus mesas tem\u00e1ticas, para que luzcan profesionales y atractivas.<\/p>\n<p data-start=\"483\" data-end=\"715\">La decoraci\u00f3n de mesas tem\u00e1ticas no se trata solo de elegir colores o sumar objetos lindos. Detr\u00e1s de cada composici\u00f3n que impacta hay una teor\u00eda clara que gu\u00eda cada decisi\u00f3n.<\/p>\n<p data-start=\"717\" data-end=\"854\">En este e-book vas a aprender a aplicar los fundamentos que todo decorador necesita para dise\u00f1ar mesas con intenci\u00f3n y profesionalismo.<\/p>\n<p data-start=\"1268\" data-end=\"1413\">Exploramos la psicolog\u00eda del color, la regla de los impares, la inspiraci\u00f3n en la naturaleza y el minimalismo aplicado a la decoraci\u00f3n.<\/p>\n<p data-start=\"1415\" data-end=\"1567\">Este material es ideal para quienes desean ir m\u00e1s all\u00e1 de la intuici\u00f3n y empezar a crear mesas con bases s\u00f3lidas, capaces de emocionar y dejar huella.<\/p>\n<p data-start=\"1569\" data-end=\"1714\"><strong data-start=\"1569\" data-end=\"1581\">Incluye:<\/strong><br data-start=\"1581\" data-end=\"1584\" \/>\u2714\ufe0f E-book en formato PDF descargable.<br data-start=\"1621\" data-end=\"1624\" \/>\u2714\ufe0f Ejemplos visuales y explicaciones claras.<br data-start=\"1668\" data-end=\"1671\" \/>\u2714\ufe0f Acceso inmediato despu\u00e9s de la compra.<\/p>\n<p data-start=\"1716\" data-end=\"1908\"><strong data-start=\"1716\" data-end=\"1731\">Importante:<\/strong><br data-start=\"1731\" data-end=\"1734\" \/>\u274c No incluye materiales f\u00edsicos ni archivos editables.<br data-start=\"1788\" data-end=\"1791\" \/>\u274c Los videos no son descargables (se visualizan online dentro de la plataforma, en caso de cursos complementarios).<\/p>\n<p data-start=\"1910\" data-end=\"2065\"><strong data-start=\"1910\" data-end=\"1926\">Certificado:<\/strong><br data-start=\"1926\" data-end=\"1929\" \/>\u2705 Este e-book forma parte de la l\u00ednea de materiales educativos de Emprender en Fiestas. No incluye certificado, ya que no es un curso.<\/p>\n","protected":false},"excerpt":{"rendered":"<p style=\"text-align: left\">Un ebook cortito y concreto para llevar tus mesas de amateurs a pro, con tan solo unos minutos de lectura.<\/p>\n<p>Descubr\u00ed los principios de dise\u00f1o que transforman cualquier mesa en una propuesta visual arm\u00f3nica y memorable.<\/p>\n","protected":false},"featured_media":32531,"comment_status":"open","ping_status":"closed","template":"","meta":{"site-sidebar-layout":"default","site-content-layout":"","ast-site-content-layout":"default","site-content-style":"default","site-sidebar-style":"default","ast-global-header-display":"","ast-banner-title-visibility":"","ast-main-header-display":"","ast-hfb-above-header-display":"","ast-hfb-below-header-display":"","ast-hfb-mobile-header-display":"","site-post-title":"","ast-breadcrumbs-content":"","ast-featured-img":"","footer-sml-layout":"","ast-disable-related-posts":"","theme-transparent-header-meta":"default","adv-header-id-meta":"","stick-header-meta":"","header-above-stick-meta":"","header-main-stick-meta":"","header-below-stick-meta":"","astra-migrate-meta-layouts":"set","ast-page-background-enabled":"default","ast-page-background-meta":{"desktop":{"background-color":"var(--ast-global-color-4)","background-image":"","background-repeat":"repeat","background-position":"center center","background-size":"auto","background-attachment":"scroll","background-type":"","background-media":"","overlay-type":"","overlay-color":"","overlay-opacity":"","overlay-gradient":""},"tablet":{"background-color":"","background-image":"","background-repeat":"repeat","background-position":"center center","background-size":"auto","background-attachment":"scroll","background-type":"","background-media":"","overlay-type":"","overlay-color":"","overlay-opacity":"","overlay-gradient":""},"mobile":{"background-color":"","background-image":"","background-repeat":"repeat","background-position":"center center","background-size":"auto","background-attachment":"scroll","background-type":"","background-media":"","overlay-type":"","overlay-color":"","overlay-opacity":"","overlay-gradient":""}},"ast-content-background-meta":{"desktop":{"background-color":"var(--ast-global-color-5)","background-image":"","background-repeat":"repeat","background-position":"center center","background-size":"auto","background-attachment":"scroll","background-type":"","background-media":"","overlay-type":"","overlay-color":"","overlay-opacity":"","overlay-gradient":""},"tablet":{"background-color":"var(--ast-global-color-5)","background-image":"","background-repeat":"repeat","background-position":"center center","background-size":"auto","background-attachment":"scroll","background-type":"","background-media":"","overlay-type":"","overlay-color":"","overlay-opacity":"","overlay-gradient":""},"mobile":{"background-color":"var(--ast-global-color-5)","background-image":"","background-repeat":"repeat","background-position":"center center","background-size":"auto","background-attachment":"scroll","background-type":"","background-media":"","overlay-type":"","overlay-color":"","overlay-opacity":"","overlay-gradient":""}},"jetpack_post_was_ever_published":false,"jetpack_publicize_message":"","jetpack_publicize_feature_enabled":true,"jetpack_social_post_already_shared":false,"jetpack_social_options":{"image_generator_settings":{"template":"highway","default_image_id":0,"font":"","enabled":false},"version":2}},"product_brand":[],"product_cat":[433,22,416,434,414,417,415],"product_tag":[37,167],"class_list":{"0":"post-24013","1":"product","2":"type-product","3":"status-publish","4":"has-post-thumbnail","6":"product_cat-decoracion","7":"product_cat-e-books","8":"product_cat-modalidad","9":"product_cat-negocio","10":"product_cat-nivel","11":"product_cat-programa","12":"product_cat-tematica","13":"product_tag-candy-bar","14":"product_tag-mesas-tematicas","15":"desktop-align-center","16":"tablet-align-left","17":"mobile-align-left","19":"first","20":"instock","21":"sale","22":"downloadable","23":"sold-individually","24":"shipping-taxable","25":"purchasable","26":"product-type-simple"},"yoast_head":"<!-- This site is optimized with the Yoast SEO plugin v27.4 - https:\/\/yoast.com\/product\/yoast-seo-wordpress\/ -->\n<title>Ebook: La teor\u00eda detr\u00e1s de las Mesas Tem\u00e1ticas Impactantes - emprenderenfiestas.com<\/title>\n<meta name=\"description\" content=\"Tus mesas tem\u00e1ticas m\u00e1s profesionales aplicando teor\u00eda de dise\u00f1o\" \/>\n<meta name=\"robots\" content=\"index, follow, max-snippet:-1, max-image-preview:large, max-video-preview:-1\" \/>\n<link rel=\"canonical\" href=\"https:\/\/emprenderenfiestas.com\/index.php\/product\/ebook-teoria-de-mesas-tematicas\/\" \/>\n<meta property=\"og:locale\" content=\"es_ES\" \/>\n<meta property=\"og:type\" content=\"article\" \/>\n<meta property=\"og:title\" content=\"Ebook: La teor\u00eda detr\u00e1s de las Mesas Tem\u00e1ticas Impactantes - emprenderenfiestas.com\" \/>\n<meta property=\"og:description\" content=\"Tus mesas tem\u00e1ticas m\u00e1s profesionales aplicando teor\u00eda de dise\u00f1o\" \/>\n<meta property=\"og:url\" content=\"https:\/\/emprenderenfiestas.com\/index.php\/product\/ebook-teoria-de-mesas-tematicas\/\" \/>\n<meta property=\"og:site_name\" content=\"emprenderenfiestas.com\" \/>\n<meta property=\"article:modified_time\" content=\"2025-09-26T18:05:42+00:00\" \/>\n<meta property=\"og:image\" content=\"https:\/\/emprenderenfiestas.com\/wp-content\/uploads\/2024\/03\/se-vienen-cositas-1080-x-1080-px.png\" \/>\n\t<meta property=\"og:image:width\" content=\"1080\" \/>\n\t<meta property=\"og:image:height\" content=\"1080\" \/>\n\t<meta property=\"og:image:type\" content=\"image\/png\" \/>\n<meta name=\"twitter:card\" content=\"summary_large_image\" \/>\n<meta name=\"twitter:label1\" content=\"Tiempo de lectura\" \/>\n\t<meta name=\"twitter:data1\" content=\"2 minutos\" \/>\n<script type=\"application\/ld+json\" class=\"yoast-schema-graph\">{\"@context\":\"https:\\\/\\\/schema.org\",\"@graph\":[{\"@type\":\"WebPage\",\"@id\":\"https:\\\/\\\/emprenderenfiestas.com\\\/index.php\\\/product\\\/ebook-teoria-de-mesas-tematicas\\\/\",\"url\":\"https:\\\/\\\/emprenderenfiestas.com\\\/index.php\\\/product\\\/ebook-teoria-de-mesas-tematicas\\\/\",\"name\":\"Ebook: La teor\u00eda detr\u00e1s de las Mesas Tem\u00e1ticas Impactantes - emprenderenfiestas.com\",\"isPartOf\":{\"@id\":\"https:\\\/\\\/emprenderenfiestas.com\\\/#website\"},\"primaryImageOfPage\":{\"@id\":\"https:\\\/\\\/emprenderenfiestas.com\\\/index.php\\\/product\\\/ebook-teoria-de-mesas-tematicas\\\/#primaryimage\"},\"image\":{\"@id\":\"https:\\\/\\\/emprenderenfiestas.com\\\/index.php\\\/product\\\/ebook-teoria-de-mesas-tematicas\\\/#primaryimage\"},\"thumbnailUrl\":\"https:\\\/\\\/i0.wp.com\\\/emprenderenfiestas.com\\\/wp-content\\\/uploads\\\/2024\\\/03\\\/se-vienen-cositas-1080-x-1080-px.png?fit=1080%2C1080&ssl=1\",\"datePublished\":\"2024-03-12T00:07:16+00:00\",\"dateModified\":\"2025-09-26T18:05:42+00:00\",\"description\":\"Tus mesas tem\u00e1ticas m\u00e1s profesionales aplicando teor\u00eda de dise\u00f1o\",\"breadcrumb\":{\"@id\":\"https:\\\/\\\/emprenderenfiestas.com\\\/index.php\\\/product\\\/ebook-teoria-de-mesas-tematicas\\\/#breadcrumb\"},\"inLanguage\":\"es-AR\",\"potentialAction\":[{\"@type\":\"ReadAction\",\"target\":[\"https:\\\/\\\/emprenderenfiestas.com\\\/index.php\\\/product\\\/ebook-teoria-de-mesas-tematicas\\\/\"]}]},{\"@type\":\"ImageObject\",\"inLanguage\":\"es-AR\",\"@id\":\"https:\\\/\\\/emprenderenfiestas.com\\\/index.php\\\/product\\\/ebook-teoria-de-mesas-tematicas\\\/#primaryimage\",\"url\":\"https:\\\/\\\/i0.wp.com\\\/emprenderenfiestas.com\\\/wp-content\\\/uploads\\\/2024\\\/03\\\/se-vienen-cositas-1080-x-1080-px.png?fit=1080%2C1080&ssl=1\",\"contentUrl\":\"https:\\\/\\\/i0.wp.com\\\/emprenderenfiestas.com\\\/wp-content\\\/uploads\\\/2024\\\/03\\\/se-vienen-cositas-1080-x-1080-px.png?fit=1080%2C1080&ssl=1\",\"width\":1080,\"height\":1080},{\"@type\":\"BreadcrumbList\",\"@id\":\"https:\\\/\\\/emprenderenfiestas.com\\\/index.php\\\/product\\\/ebook-teoria-de-mesas-tematicas\\\/#breadcrumb\",\"itemListElement\":[{\"@type\":\"ListItem\",\"position\":1,\"name\":\"Inicio\",\"item\":\"https:\\\/\\\/emprenderenfiestas.com\\\/\"},{\"@type\":\"ListItem\",\"position\":2,\"name\":\"Shop\",\"item\":\"https:\\\/\\\/emprenderenfiestas.com\\\/index.php\\\/shop\\\/\"},{\"@type\":\"ListItem\",\"position\":3,\"name\":\"Ebook: La teor\u00eda detr\u00e1s de las Mesas Tem\u00e1ticas Impactantes\"}]},{\"@type\":\"WebSite\",\"@id\":\"https:\\\/\\\/emprenderenfiestas.com\\\/#website\",\"url\":\"https:\\\/\\\/emprenderenfiestas.com\\\/\",\"name\":\"Emprender en Fiestas\",\"description\":\"Cursos para emprender en eventos\",\"publisher\":{\"@id\":\"https:\\\/\\\/emprenderenfiestas.com\\\/#\\\/schema\\\/person\\\/7ae3f63e8e0d298333f421659b10fec6\"},\"potentialAction\":[{\"@type\":\"SearchAction\",\"target\":{\"@type\":\"EntryPoint\",\"urlTemplate\":\"https:\\\/\\\/emprenderenfiestas.com\\\/?s={search_term_string}\"},\"query-input\":{\"@type\":\"PropertyValueSpecification\",\"valueRequired\":true,\"valueName\":\"search_term_string\"}}],\"inLanguage\":\"es-AR\"},{\"@type\":[\"Person\",\"Organization\"],\"@id\":\"https:\\\/\\\/emprenderenfiestas.com\\\/#\\\/schema\\\/person\\\/7ae3f63e8e0d298333f421659b10fec6\",\"name\":\"Daniela Dana\",\"image\":{\"@type\":\"ImageObject\",\"inLanguage\":\"es-AR\",\"@id\":\"https:\\\/\\\/i0.wp.com\\\/emprenderenfiestas.com\\\/wp-content\\\/uploads\\\/2023\\\/06\\\/Mesa-de-trabajo-3%402x-e1742245783883.png?fit=2400%2C928&ssl=1\",\"url\":\"https:\\\/\\\/i0.wp.com\\\/emprenderenfiestas.com\\\/wp-content\\\/uploads\\\/2023\\\/06\\\/Mesa-de-trabajo-3%402x-e1742245783883.png?fit=2400%2C928&ssl=1\",\"contentUrl\":\"https:\\\/\\\/i0.wp.com\\\/emprenderenfiestas.com\\\/wp-content\\\/uploads\\\/2023\\\/06\\\/Mesa-de-trabajo-3%402x-e1742245783883.png?fit=2400%2C928&ssl=1\",\"width\":2400,\"height\":928,\"caption\":\"Daniela Dana\"},\"logo\":{\"@id\":\"https:\\\/\\\/i0.wp.com\\\/emprenderenfiestas.com\\\/wp-content\\\/uploads\\\/2023\\\/06\\\/Mesa-de-trabajo-3%402x-e1742245783883.png?fit=2400%2C928&ssl=1\"}}]}<\/script>\n<!-- \/ Yoast SEO plugin. -->","yoast_head_json":{"title":"Ebook: La teor\u00eda detr\u00e1s de las Mesas Tem\u00e1ticas Impactantes - emprenderenfiestas.com","description":"Tus mesas tem\u00e1ticas m\u00e1s profesionales aplicando teor\u00eda de dise\u00f1o","robots":{"index":"index","follow":"follow","max-snippet":"max-snippet:-1","max-image-preview":"max-image-preview:large","max-video-preview":"max-video-preview:-1"},"canonical":"https:\/\/emprenderenfiestas.com\/index.php\/product\/ebook-teoria-de-mesas-tematicas\/","og_locale":"es_ES","og_type":"article","og_title":"Ebook: La teor\u00eda detr\u00e1s de las Mesas Tem\u00e1ticas Impactantes - emprenderenfiestas.com","og_description":"Tus mesas tem\u00e1ticas m\u00e1s profesionales aplicando teor\u00eda de dise\u00f1o","og_url":"https:\/\/emprenderenfiestas.com\/index.php\/product\/ebook-teoria-de-mesas-tematicas\/","og_site_name":"emprenderenfiestas.com","article_modified_time":"2025-09-26T18:05:42+00:00","og_image":[{"width":1080,"height":1080,"url":"https:\/\/emprenderenfiestas.com\/wp-content\/uploads\/2024\/03\/se-vienen-cositas-1080-x-1080-px.png","type":"image\/png"}],"twitter_card":"summary_large_image","twitter_misc":{"Tiempo de lectura":"2 minutos"},"schema":{"@context":"https:\/\/schema.org","@graph":[{"@type":"WebPage","@id":"https:\/\/emprenderenfiestas.com\/index.php\/product\/ebook-teoria-de-mesas-tematicas\/","url":"https:\/\/emprenderenfiestas.com\/index.php\/product\/ebook-teoria-de-mesas-tematicas\/","name":"Ebook: La teor\u00eda detr\u00e1s de las Mesas Tem\u00e1ticas Impactantes - emprenderenfiestas.com","isPartOf":{"@id":"https:\/\/emprenderenfiestas.com\/#website"},"primaryImageOfPage":{"@id":"https:\/\/emprenderenfiestas.com\/index.php\/product\/ebook-teoria-de-mesas-tematicas\/#primaryimage"},"image":{"@id":"https:\/\/emprenderenfiestas.com\/index.php\/product\/ebook-teoria-de-mesas-tematicas\/#primaryimage"},"thumbnailUrl":"https:\/\/i0.wp.com\/emprenderenfiestas.com\/wp-content\/uploads\/2024\/03\/se-vienen-cositas-1080-x-1080-px.png?fit=1080%2C1080&ssl=1","datePublished":"2024-03-12T00:07:16+00:00","dateModified":"2025-09-26T18:05:42+00:00","description":"Tus mesas tem\u00e1ticas m\u00e1s profesionales aplicando teor\u00eda de dise\u00f1o","breadcrumb":{"@id":"https:\/\/emprenderenfiestas.com\/index.php\/product\/ebook-teoria-de-mesas-tematicas\/#breadcrumb"},"inLanguage":"es-AR","potentialAction":[{"@type":"ReadAction","target":["https:\/\/emprenderenfiestas.com\/index.php\/product\/ebook-teoria-de-mesas-tematicas\/"]}]},{"@type":"ImageObject","inLanguage":"es-AR","@id":"https:\/\/emprenderenfiestas.com\/index.php\/product\/ebook-teoria-de-mesas-tematicas\/#primaryimage","url":"https:\/\/i0.wp.com\/emprenderenfiestas.com\/wp-content\/uploads\/2024\/03\/se-vienen-cositas-1080-x-1080-px.png?fit=1080%2C1080&ssl=1","contentUrl":"https:\/\/i0.wp.com\/emprenderenfiestas.com\/wp-content\/uploads\/2024\/03\/se-vienen-cositas-1080-x-1080-px.png?fit=1080%2C1080&ssl=1","width":1080,"height":1080},{"@type":"BreadcrumbList","@id":"https:\/\/emprenderenfiestas.com\/index.php\/product\/ebook-teoria-de-mesas-tematicas\/#breadcrumb","itemListElement":[{"@type":"ListItem","position":1,"name":"Inicio","item":"https:\/\/emprenderenfiestas.com\/"},{"@type":"ListItem","position":2,"name":"Shop","item":"https:\/\/emprenderenfiestas.com\/index.php\/shop\/"},{"@type":"ListItem","position":3,"name":"Ebook: La teor\u00eda detr\u00e1s de las Mesas Tem\u00e1ticas Impactantes"}]},{"@type":"WebSite","@id":"https:\/\/emprenderenfiestas.com\/#website","url":"https:\/\/emprenderenfiestas.com\/","name":"Emprender en Fiestas","description":"Cursos para emprender en eventos","publisher":{"@id":"https:\/\/emprenderenfiestas.com\/#\/schema\/person\/7ae3f63e8e0d298333f421659b10fec6"},"potentialAction":[{"@type":"SearchAction","target":{"@type":"EntryPoint","urlTemplate":"https:\/\/emprenderenfiestas.com\/?s={search_term_string}"},"query-input":{"@type":"PropertyValueSpecification","valueRequired":true,"valueName":"search_term_string"}}],"inLanguage":"es-AR"},{"@type":["Person","Organization"],"@id":"https:\/\/emprenderenfiestas.com\/#\/schema\/person\/7ae3f63e8e0d298333f421659b10fec6","name":"Daniela Dana","image":{"@type":"ImageObject","inLanguage":"es-AR","@id":"https:\/\/i0.wp.com\/emprenderenfiestas.com\/wp-content\/uploads\/2023\/06\/Mesa-de-trabajo-3%402x-e1742245783883.png?fit=2400%2C928&ssl=1","url":"https:\/\/i0.wp.com\/emprenderenfiestas.com\/wp-content\/uploads\/2023\/06\/Mesa-de-trabajo-3%402x-e1742245783883.png?fit=2400%2C928&ssl=1","contentUrl":"https:\/\/i0.wp.com\/emprenderenfiestas.com\/wp-content\/uploads\/2023\/06\/Mesa-de-trabajo-3%402x-e1742245783883.png?fit=2400%2C928&ssl=1","width":2400,"height":928,"caption":"Daniela Dana"},"logo":{"@id":"https:\/\/i0.wp.com\/emprenderenfiestas.com\/wp-content\/uploads\/2023\/06\/Mesa-de-trabajo-3%402x-e1742245783883.png?fit=2400%2C928&ssl=1"}}]}},"jetpack_publicize_connections":[],"jetpack_sharing_enabled":true,"jetpack_likes_enabled":true,"jetpack-related-posts":[],"_links":{"self":[{"href":"https:\/\/emprenderenfiestas.com\/index.php\/wp-json\/wp\/v2\/product\/24013","targetHints":{"allow":["GET"]}}],"collection":[{"href":"https:\/\/emprenderenfiestas.com\/index.php\/wp-json\/wp\/v2\/product"}],"about":[{"href":"https:\/\/emprenderenfiestas.com\/index.php\/wp-json\/wp\/v2\/types\/product"}],"replies":[{"embeddable":true,"href":"https:\/\/emprenderenfiestas.com\/index.php\/wp-json\/wp\/v2\/comments?post=24013"}],"version-history":[{"count":7,"href":"https:\/\/emprenderenfiestas.com\/index.php\/wp-json\/wp\/v2\/product\/24013\/revisions"}],"predecessor-version":[{"id":32632,"href":"https:\/\/emprenderenfiestas.com\/index.php\/wp-json\/wp\/v2\/product\/24013\/revisions\/32632"}],"wp:featuredmedia":[{"embeddable":true,"href":"https:\/\/emprenderenfiestas.com\/index.php\/wp-json\/wp\/v2\/media\/32531"}],"wp:attachment":[{"href":"https:\/\/emprenderenfiestas.com\/index.php\/wp-json\/wp\/v2\/media?parent=24013"}],"wp:term":[{"taxonomy":"product_brand","embeddable":true,"href":"https:\/\/emprenderenfiestas.com\/index.php\/wp-json\/wp\/v2\/product_brand?post=24013"},{"taxonomy":"product_cat","embeddable":true,"href":"https:\/\/emprenderenfiestas.com\/index.php\/wp-json\/wp\/v2\/product_cat?post=24013"},{"taxonomy":"product_tag","embeddable":true,"href":"https:\/\/emprenderenfiestas.com\/index.php\/wp-json\/wp\/v2\/product_tag?post=24013"}],"curies":[{"name":"wp","href":"https:\/\/api.w.org\/{rel}","templated":true}]}}