{"id":23648,"date":"2024-02-29T15:30:43","date_gmt":"2024-02-29T18:30:43","guid":{"rendered":"https:\/\/emprenderenfiestas.com\/?post_type=product&#038;p=23648"},"modified":"2026-02-02T11:32:05","modified_gmt":"2026-02-02T14:32:05","slug":"mi-primer-cliente","status":"publish","type":"product","link":"https:\/\/emprenderenfiestas.com\/index.php\/product\/mi-primer-cliente\/","title":{"rendered":"Masterclass Mis primeros clientes"},"content":{"rendered":"<p><strong>\ud83c\udfaf Objetivos de la masterclass<\/strong><\/p>\n<ul>\n<li>Aprender a dar los primeros pasos en tu negocio con estrategias accesibles y efectivas.<\/li>\n<li>Incorporar t\u00e9cnicas de promoci\u00f3n para generar un flujo constante de clientes.<\/li>\n<li>Brindar una experiencia profesional desde el inicio para fidelizar y obtener recomendaciones.<\/li>\n<li>Inspirarte a convertir tu hobby en una <strong>profesi\u00f3n rentable y exitosa<\/strong>.<\/li>\n<\/ul>\n<hr \/>\n<p><strong>\ud83d\udcd8 Temario de la masterclass<\/strong><\/p>\n<p><strong>\ud83d\udd39 C\u00f3mo empezar tu negocio. <\/strong><strong style=\"font-size: 16px\">Acciones estrat\u00e9gicas para crecer desde el inicio.<\/strong><\/p>\n<ul>\n<li>Estrategias para comenzar con una inversi\u00f3n m\u00ednima.<\/li>\n<li>Captura de fotos y momentos clave en los eventos.<\/li>\n<li>Solicitar testimonios para usar como material promocional.<\/li>\n<li>Promoci\u00f3n boca a boca: c\u00f3mo convertir una experiencia en nuevas oportunidades.<\/li>\n<\/ul>\n<hr \/>\n<p><strong>\ud83d\udc65 \u00bfA qui\u00e9n est\u00e1 dirigida?<\/strong><br \/>\nEsta masterclass est\u00e1 dise\u00f1ada para:<\/p>\n<ul>\n<li><strong>Decoradoras amateur y principiantes<\/strong> que desean dar su primer paso hacia un negocio rentable.<\/li>\n<li><strong>Personas que buscan convertir su pasi\u00f3n por los eventos en una profesi\u00f3n<\/strong>.<\/li>\n<li><strong>Creadoras de papeler\u00eda y decoraci\u00f3n personalizada<\/strong> que desean captar sus primeros clientes y empezar a trabajar de manera profesional.<\/li>\n<\/ul>\n<hr \/>\n<p><strong>\ud83d\udcda Formato y duraci\u00f3n<\/strong><\/p>\n<ul>\n<li><strong>Modalidad:<\/strong> Clase grabada, 100% online.<\/li>\n<li><strong>Acceso:<\/strong> Permanente, sin l\u00edmite de visualizaciones.<\/li>\n<li><strong>Duraci\u00f3n:<\/strong> \ud83d\udd52 1 hora.<\/li>\n<\/ul>\n<hr \/>\n<p><strong>\ud83c\udf81 Material incluido<\/strong><\/p>\n<ul>\n<li>Este curso <strong>NO incluye materiales f\u00edsicos, ni archivos digitales<\/strong> adicionales.<\/li>\n<li>Los videos <strong>NO son descargables<\/strong>, se ven dentro de la web.<\/li>\n<\/ul>\n<hr \/>\n<p><strong>\ud83d\udce2 Importante<\/strong><\/p>\n<ul>\n<li><strong>No incluye soporte posterior a la visualizaci\u00f3n<\/strong>.<\/li>\n<li><strong>No incluye certificado de asistencia<\/strong>.<\/li>\n<li><strong>No incluye archivos ni productos f\u00edsicos<\/strong>.<\/li>\n<li>Los participantes podr\u00e1n ver la masterclass cuantas veces quieran.<\/li>\n<\/ul>\n<hr \/>\n<p><strong>\ud83d\udca1 No esperes m\u00e1s para dar el salto<\/strong><br \/>\nTransform\u00e1 tu pasi\u00f3n en una carrera rentable con estrategias claras y efectivas. <strong>&#8220;Mis Primeros Clientes&#8221;<\/strong> te brindar\u00e1 todas las herramientas que necesit\u00e1s para comenzar a construir el negocio de tus sue\u00f1os.<\/p>\n","protected":false},"excerpt":{"rendered":"<p>\u00bfSos una decoradora amateur apasionada por transformar espacios y crear momentos inolvidables? Si so\u00f1\u00e1s con convertir tu pasi\u00f3n en una carrera rentable, pero no sab\u00e9s por d\u00f3nde empezar, <strong>&#8220;Mis Primeros Clientes&#8221;<\/strong> es la oportunidad que estabas esperando.<\/p>\n<p>En esta masterclass, aprender\u00e1s las claves para conseguir tu <strong>primer cliente<\/strong> y dejarlo tan impresionado que no solo volver\u00e1 a contratarte, sino que tambi\u00e9n te recomendar\u00e1. Adem\u00e1s, te brindaremos estrategias pr\u00e1cticas para promocionarte y construir un flujo constante de clientes que valoren tus servicios.<\/p>\n","protected":false},"featured_media":29907,"comment_status":"open","ping_status":"closed","template":"","meta":{"site-sidebar-layout":"default","site-content-layout":"","ast-site-content-layout":"default","site-content-style":"default","site-sidebar-style":"default","ast-global-header-display":"","ast-banner-title-visibility":"","ast-main-header-display":"","ast-hfb-above-header-display":"","ast-hfb-below-header-display":"","ast-hfb-mobile-header-display":"","site-post-title":"","ast-breadcrumbs-content":"","ast-featured-img":"","footer-sml-layout":"","ast-disable-related-posts":"","theme-transparent-header-meta":"default","adv-header-id-meta":"","stick-header-meta":"","header-above-stick-meta":"","header-main-stick-meta":"","header-below-stick-meta":"","astra-migrate-meta-layouts":"set","ast-page-background-enabled":"default","ast-page-background-meta":{"desktop":{"background-color":"var(--ast-global-color-4)","background-image":"","background-repeat":"repeat","background-position":"center center","background-size":"auto","background-attachment":"scroll","background-type":"","background-media":"","overlay-type":"","overlay-color":"","overlay-opacity":"","overlay-gradient":""},"tablet":{"background-color":"","background-image":"","background-repeat":"repeat","background-position":"center center","background-size":"auto","background-attachment":"scroll","background-type":"","background-media":"","overlay-type":"","overlay-color":"","overlay-opacity":"","overlay-gradient":""},"mobile":{"background-color":"","background-image":"","background-repeat":"repeat","background-position":"center center","background-size":"auto","background-attachment":"scroll","background-type":"","background-media":"","overlay-type":"","overlay-color":"","overlay-opacity":"","overlay-gradient":""}},"ast-content-background-meta":{"desktop":{"background-color":"var(--ast-global-color-5)","background-image":"","background-repeat":"repeat","background-position":"center center","background-size":"auto","background-attachment":"scroll","background-type":"","background-media":"","overlay-type":"","overlay-color":"","overlay-opacity":"","overlay-gradient":""},"tablet":{"background-color":"var(--ast-global-color-5)","background-image":"","background-repeat":"repeat","background-position":"center center","background-size":"auto","background-attachment":"scroll","background-type":"","background-media":"","overlay-type":"","overlay-color":"","overlay-opacity":"","overlay-gradient":""},"mobile":{"background-color":"var(--ast-global-color-5)","background-image":"","background-repeat":"repeat","background-position":"center center","background-size":"auto","background-attachment":"scroll","background-type":"","background-media":"","overlay-type":"","overlay-color":"","overlay-opacity":"","overlay-gradient":""}},"jetpack_post_was_ever_published":false,"jetpack_publicize_message":"","jetpack_publicize_feature_enabled":true,"jetpack_social_post_already_shared":false,"jetpack_social_options":{"image_generator_settings":{"template":"highway","default_image_id":0,"font":"","enabled":false},"version":2}},"product_brand":[],"product_cat":[433,567,428,416,434,414,424,431,421,417,415],"product_tag":[20,448,378,377],"class_list":{"0":"post-23648","1":"product","2":"type-product","3":"status-publish","4":"has-post-thumbnail","6":"product_cat-decoracion","7":"product_cat-marketing","8":"product_cat-masterclass","9":"product_cat-modalidad","10":"product_cat-negocio","11":"product_cat-nivel","12":"product_cat-online","13":"product_cat-papeleria","14":"product_cat-principiante","15":"product_cat-programa","16":"product_cat-tematica","17":"product_tag-emprender","18":"product_tag-emprender-en-decoracion","19":"product_tag-emprender-en-fiestas","20":"product_tag-emprender-en-papeleria","21":"desktop-align-center","22":"tablet-align-left","23":"mobile-align-left","25":"first","26":"outofstock","27":"sale","28":"virtual","29":"sold-individually","30":"purchasable","31":"product-type-simple"},"yoast_head":"<!-- This site is optimized with the Yoast SEO plugin v27.4 - https:\/\/yoast.com\/product\/yoast-seo-wordpress\/ -->\n<title>Masterclass Mis primeros clientes - emprenderenfiestas.com<\/title>\n<meta name=\"robots\" content=\"index, follow, max-snippet:-1, max-image-preview:large, max-video-preview:-1\" \/>\n<link rel=\"canonical\" href=\"https:\/\/emprenderenfiestas.com\/index.php\/product\/mi-primer-cliente\/\" \/>\n<meta property=\"og:locale\" content=\"es_ES\" \/>\n<meta property=\"og:type\" content=\"article\" \/>\n<meta property=\"og:title\" content=\"Masterclass Mis primeros clientes - emprenderenfiestas.com\" \/>\n<meta property=\"og:description\" content=\"\u00bfSos una decoradora amateur apasionada por transformar espacios y crear momentos inolvidables? Si so\u00f1\u00e1s con convertir tu pasi\u00f3n en una carrera rentable, pero no sab\u00e9s por d\u00f3nde empezar, &quot;Mis Primeros Clientes&quot; es la oportunidad que estabas esperando.  En esta masterclass, aprender\u00e1s las claves para conseguir tu primer cliente y dejarlo tan impresionado que no solo volver\u00e1 a contratarte, sino que tambi\u00e9n te recomendar\u00e1. Adem\u00e1s, te brindaremos estrategias pr\u00e1cticas para promocionarte y construir un flujo constante de clientes que valoren tus servicios.\" \/>\n<meta property=\"og:url\" content=\"https:\/\/emprenderenfiestas.com\/index.php\/product\/mi-primer-cliente\/\" \/>\n<meta property=\"og:site_name\" content=\"emprenderenfiestas.com\" \/>\n<meta property=\"article:modified_time\" content=\"2026-02-02T14:32:05+00:00\" \/>\n<meta property=\"og:image\" content=\"https:\/\/emprenderenfiestas.com\/wp-content\/uploads\/2024\/02\/portadas-web-23.png\" \/>\n\t<meta property=\"og:image:width\" content=\"1080\" \/>\n\t<meta property=\"og:image:height\" content=\"1080\" \/>\n\t<meta property=\"og:image:type\" content=\"image\/png\" \/>\n<meta name=\"twitter:card\" content=\"summary_large_image\" \/>\n<meta name=\"twitter:label1\" content=\"Tiempo de lectura\" \/>\n\t<meta name=\"twitter:data1\" content=\"2 minutos\" \/>\n<script type=\"application\/ld+json\" class=\"yoast-schema-graph\">{\"@context\":\"https:\\\/\\\/schema.org\",\"@graph\":[{\"@type\":\"WebPage\",\"@id\":\"https:\\\/\\\/emprenderenfiestas.com\\\/index.php\\\/product\\\/mi-primer-cliente\\\/\",\"url\":\"https:\\\/\\\/emprenderenfiestas.com\\\/index.php\\\/product\\\/mi-primer-cliente\\\/\",\"name\":\"Masterclass Mis primeros clientes - emprenderenfiestas.com\",\"isPartOf\":{\"@id\":\"https:\\\/\\\/emprenderenfiestas.com\\\/#website\"},\"primaryImageOfPage\":{\"@id\":\"https:\\\/\\\/emprenderenfiestas.com\\\/index.php\\\/product\\\/mi-primer-cliente\\\/#primaryimage\"},\"image\":{\"@id\":\"https:\\\/\\\/emprenderenfiestas.com\\\/index.php\\\/product\\\/mi-primer-cliente\\\/#primaryimage\"},\"thumbnailUrl\":\"https:\\\/\\\/i0.wp.com\\\/emprenderenfiestas.com\\\/wp-content\\\/uploads\\\/2024\\\/02\\\/portadas-web-23.png?fit=1080%2C1080&ssl=1\",\"datePublished\":\"2024-02-29T18:30:43+00:00\",\"dateModified\":\"2026-02-02T14:32:05+00:00\",\"breadcrumb\":{\"@id\":\"https:\\\/\\\/emprenderenfiestas.com\\\/index.php\\\/product\\\/mi-primer-cliente\\\/#breadcrumb\"},\"inLanguage\":\"es-AR\",\"potentialAction\":[{\"@type\":\"ReadAction\",\"target\":[\"https:\\\/\\\/emprenderenfiestas.com\\\/index.php\\\/product\\\/mi-primer-cliente\\\/\"]}]},{\"@type\":\"ImageObject\",\"inLanguage\":\"es-AR\",\"@id\":\"https:\\\/\\\/emprenderenfiestas.com\\\/index.php\\\/product\\\/mi-primer-cliente\\\/#primaryimage\",\"url\":\"https:\\\/\\\/i0.wp.com\\\/emprenderenfiestas.com\\\/wp-content\\\/uploads\\\/2024\\\/02\\\/portadas-web-23.png?fit=1080%2C1080&ssl=1\",\"contentUrl\":\"https:\\\/\\\/i0.wp.com\\\/emprenderenfiestas.com\\\/wp-content\\\/uploads\\\/2024\\\/02\\\/portadas-web-23.png?fit=1080%2C1080&ssl=1\",\"width\":1080,\"height\":1080},{\"@type\":\"BreadcrumbList\",\"@id\":\"https:\\\/\\\/emprenderenfiestas.com\\\/index.php\\\/product\\\/mi-primer-cliente\\\/#breadcrumb\",\"itemListElement\":[{\"@type\":\"ListItem\",\"position\":1,\"name\":\"Inicio\",\"item\":\"https:\\\/\\\/emprenderenfiestas.com\\\/\"},{\"@type\":\"ListItem\",\"position\":2,\"name\":\"Shop\",\"item\":\"https:\\\/\\\/emprenderenfiestas.com\\\/index.php\\\/shop\\\/\"},{\"@type\":\"ListItem\",\"position\":3,\"name\":\"Masterclass Mis primeros clientes\"}]},{\"@type\":\"WebSite\",\"@id\":\"https:\\\/\\\/emprenderenfiestas.com\\\/#website\",\"url\":\"https:\\\/\\\/emprenderenfiestas.com\\\/\",\"name\":\"Emprender en Fiestas\",\"description\":\"Cursos para emprender en eventos\",\"publisher\":{\"@id\":\"https:\\\/\\\/emprenderenfiestas.com\\\/#\\\/schema\\\/person\\\/7ae3f63e8e0d298333f421659b10fec6\"},\"potentialAction\":[{\"@type\":\"SearchAction\",\"target\":{\"@type\":\"EntryPoint\",\"urlTemplate\":\"https:\\\/\\\/emprenderenfiestas.com\\\/?s={search_term_string}\"},\"query-input\":{\"@type\":\"PropertyValueSpecification\",\"valueRequired\":true,\"valueName\":\"search_term_string\"}}],\"inLanguage\":\"es-AR\"},{\"@type\":[\"Person\",\"Organization\"],\"@id\":\"https:\\\/\\\/emprenderenfiestas.com\\\/#\\\/schema\\\/person\\\/7ae3f63e8e0d298333f421659b10fec6\",\"name\":\"Daniela Dana\",\"image\":{\"@type\":\"ImageObject\",\"inLanguage\":\"es-AR\",\"@id\":\"https:\\\/\\\/i0.wp.com\\\/emprenderenfiestas.com\\\/wp-content\\\/uploads\\\/2023\\\/06\\\/Mesa-de-trabajo-3%402x-e1742245783883.png?fit=2400%2C928&ssl=1\",\"url\":\"https:\\\/\\\/i0.wp.com\\\/emprenderenfiestas.com\\\/wp-content\\\/uploads\\\/2023\\\/06\\\/Mesa-de-trabajo-3%402x-e1742245783883.png?fit=2400%2C928&ssl=1\",\"contentUrl\":\"https:\\\/\\\/i0.wp.com\\\/emprenderenfiestas.com\\\/wp-content\\\/uploads\\\/2023\\\/06\\\/Mesa-de-trabajo-3%402x-e1742245783883.png?fit=2400%2C928&ssl=1\",\"width\":2400,\"height\":928,\"caption\":\"Daniela Dana\"},\"logo\":{\"@id\":\"https:\\\/\\\/i0.wp.com\\\/emprenderenfiestas.com\\\/wp-content\\\/uploads\\\/2023\\\/06\\\/Mesa-de-trabajo-3%402x-e1742245783883.png?fit=2400%2C928&ssl=1\"}}]}<\/script>\n<!-- \/ Yoast SEO plugin. -->","yoast_head_json":{"title":"Masterclass Mis primeros clientes - emprenderenfiestas.com","robots":{"index":"index","follow":"follow","max-snippet":"max-snippet:-1","max-image-preview":"max-image-preview:large","max-video-preview":"max-video-preview:-1"},"canonical":"https:\/\/emprenderenfiestas.com\/index.php\/product\/mi-primer-cliente\/","og_locale":"es_ES","og_type":"article","og_title":"Masterclass Mis primeros clientes - emprenderenfiestas.com","og_description":"\u00bfSos una decoradora amateur apasionada por transformar espacios y crear momentos inolvidables? Si so\u00f1\u00e1s con convertir tu pasi\u00f3n en una carrera rentable, pero no sab\u00e9s por d\u00f3nde empezar, \"Mis Primeros Clientes\" es la oportunidad que estabas esperando.  En esta masterclass, aprender\u00e1s las claves para conseguir tu primer cliente y dejarlo tan impresionado que no solo volver\u00e1 a contratarte, sino que tambi\u00e9n te recomendar\u00e1. Adem\u00e1s, te brindaremos estrategias pr\u00e1cticas para promocionarte y construir un flujo constante de clientes que valoren tus servicios.","og_url":"https:\/\/emprenderenfiestas.com\/index.php\/product\/mi-primer-cliente\/","og_site_name":"emprenderenfiestas.com","article_modified_time":"2026-02-02T14:32:05+00:00","og_image":[{"width":1080,"height":1080,"url":"https:\/\/emprenderenfiestas.com\/wp-content\/uploads\/2024\/02\/portadas-web-23.png","type":"image\/png"}],"twitter_card":"summary_large_image","twitter_misc":{"Tiempo de lectura":"2 minutos"},"schema":{"@context":"https:\/\/schema.org","@graph":[{"@type":"WebPage","@id":"https:\/\/emprenderenfiestas.com\/index.php\/product\/mi-primer-cliente\/","url":"https:\/\/emprenderenfiestas.com\/index.php\/product\/mi-primer-cliente\/","name":"Masterclass Mis primeros clientes - emprenderenfiestas.com","isPartOf":{"@id":"https:\/\/emprenderenfiestas.com\/#website"},"primaryImageOfPage":{"@id":"https:\/\/emprenderenfiestas.com\/index.php\/product\/mi-primer-cliente\/#primaryimage"},"image":{"@id":"https:\/\/emprenderenfiestas.com\/index.php\/product\/mi-primer-cliente\/#primaryimage"},"thumbnailUrl":"https:\/\/i0.wp.com\/emprenderenfiestas.com\/wp-content\/uploads\/2024\/02\/portadas-web-23.png?fit=1080%2C1080&ssl=1","datePublished":"2024-02-29T18:30:43+00:00","dateModified":"2026-02-02T14:32:05+00:00","breadcrumb":{"@id":"https:\/\/emprenderenfiestas.com\/index.php\/product\/mi-primer-cliente\/#breadcrumb"},"inLanguage":"es-AR","potentialAction":[{"@type":"ReadAction","target":["https:\/\/emprenderenfiestas.com\/index.php\/product\/mi-primer-cliente\/"]}]},{"@type":"ImageObject","inLanguage":"es-AR","@id":"https:\/\/emprenderenfiestas.com\/index.php\/product\/mi-primer-cliente\/#primaryimage","url":"https:\/\/i0.wp.com\/emprenderenfiestas.com\/wp-content\/uploads\/2024\/02\/portadas-web-23.png?fit=1080%2C1080&ssl=1","contentUrl":"https:\/\/i0.wp.com\/emprenderenfiestas.com\/wp-content\/uploads\/2024\/02\/portadas-web-23.png?fit=1080%2C1080&ssl=1","width":1080,"height":1080},{"@type":"BreadcrumbList","@id":"https:\/\/emprenderenfiestas.com\/index.php\/product\/mi-primer-cliente\/#breadcrumb","itemListElement":[{"@type":"ListItem","position":1,"name":"Inicio","item":"https:\/\/emprenderenfiestas.com\/"},{"@type":"ListItem","position":2,"name":"Shop","item":"https:\/\/emprenderenfiestas.com\/index.php\/shop\/"},{"@type":"ListItem","position":3,"name":"Masterclass Mis primeros clientes"}]},{"@type":"WebSite","@id":"https:\/\/emprenderenfiestas.com\/#website","url":"https:\/\/emprenderenfiestas.com\/","name":"Emprender en Fiestas","description":"Cursos para emprender en eventos","publisher":{"@id":"https:\/\/emprenderenfiestas.com\/#\/schema\/person\/7ae3f63e8e0d298333f421659b10fec6"},"potentialAction":[{"@type":"SearchAction","target":{"@type":"EntryPoint","urlTemplate":"https:\/\/emprenderenfiestas.com\/?s={search_term_string}"},"query-input":{"@type":"PropertyValueSpecification","valueRequired":true,"valueName":"search_term_string"}}],"inLanguage":"es-AR"},{"@type":["Person","Organization"],"@id":"https:\/\/emprenderenfiestas.com\/#\/schema\/person\/7ae3f63e8e0d298333f421659b10fec6","name":"Daniela Dana","image":{"@type":"ImageObject","inLanguage":"es-AR","@id":"https:\/\/i0.wp.com\/emprenderenfiestas.com\/wp-content\/uploads\/2023\/06\/Mesa-de-trabajo-3%402x-e1742245783883.png?fit=2400%2C928&ssl=1","url":"https:\/\/i0.wp.com\/emprenderenfiestas.com\/wp-content\/uploads\/2023\/06\/Mesa-de-trabajo-3%402x-e1742245783883.png?fit=2400%2C928&ssl=1","contentUrl":"https:\/\/i0.wp.com\/emprenderenfiestas.com\/wp-content\/uploads\/2023\/06\/Mesa-de-trabajo-3%402x-e1742245783883.png?fit=2400%2C928&ssl=1","width":2400,"height":928,"caption":"Daniela Dana"},"logo":{"@id":"https:\/\/i0.wp.com\/emprenderenfiestas.com\/wp-content\/uploads\/2023\/06\/Mesa-de-trabajo-3%402x-e1742245783883.png?fit=2400%2C928&ssl=1"}}]}},"jetpack_publicize_connections":[],"jetpack_sharing_enabled":true,"jetpack_likes_enabled":true,"jetpack-related-posts":[],"_links":{"self":[{"href":"https:\/\/emprenderenfiestas.com\/index.php\/wp-json\/wp\/v2\/product\/23648","targetHints":{"allow":["GET"]}}],"collection":[{"href":"https:\/\/emprenderenfiestas.com\/index.php\/wp-json\/wp\/v2\/product"}],"about":[{"href":"https:\/\/emprenderenfiestas.com\/index.php\/wp-json\/wp\/v2\/types\/product"}],"replies":[{"embeddable":true,"href":"https:\/\/emprenderenfiestas.com\/index.php\/wp-json\/wp\/v2\/comments?post=23648"}],"version-history":[{"count":9,"href":"https:\/\/emprenderenfiestas.com\/index.php\/wp-json\/wp\/v2\/product\/23648\/revisions"}],"predecessor-version":[{"id":29908,"href":"https:\/\/emprenderenfiestas.com\/index.php\/wp-json\/wp\/v2\/product\/23648\/revisions\/29908"}],"wp:featuredmedia":[{"embeddable":true,"href":"https:\/\/emprenderenfiestas.com\/index.php\/wp-json\/wp\/v2\/media\/29907"}],"wp:attachment":[{"href":"https:\/\/emprenderenfiestas.com\/index.php\/wp-json\/wp\/v2\/media?parent=23648"}],"wp:term":[{"taxonomy":"product_brand","embeddable":true,"href":"https:\/\/emprenderenfiestas.com\/index.php\/wp-json\/wp\/v2\/product_brand?post=23648"},{"taxonomy":"product_cat","embeddable":true,"href":"https:\/\/emprenderenfiestas.com\/index.php\/wp-json\/wp\/v2\/product_cat?post=23648"},{"taxonomy":"product_tag","embeddable":true,"href":"https:\/\/emprenderenfiestas.com\/index.php\/wp-json\/wp\/v2\/product_tag?post=23648"}],"curies":[{"name":"wp","href":"https:\/\/api.w.org\/{rel}","templated":true}]}}