{"id":1794,"date":"2021-02-17T20:40:33","date_gmt":"2021-02-17T23:40:33","guid":{"rendered":"https:\/\/emprenderenfiestas.com.ar\/?post_type=product&#038;p=1794"},"modified":"2025-08-21T13:09:49","modified_gmt":"2025-08-21T16:09:49","slug":"curso-letras-y-numeros-3d-paso-a-paso-como-disenar-imprimir-y-decorar-letras-3d-incluye-moldes","status":"publish","type":"product","link":"https:\/\/emprenderenfiestas.com\/index.php\/product\/curso-letras-y-numeros-3d-paso-a-paso-como-disenar-imprimir-y-decorar-letras-3d-incluye-moldes\/","title":{"rendered":"Curso Letras y N\u00fameros 3D &#8211; Paso a paso c\u00f3mo dise\u00f1ar, imprimir y decorar letras 3D &#8211; incluye moldes"},"content":{"rendered":"\t\t<div data-elementor-type=\"product-post\" data-elementor-id=\"1794\" class=\"elementor elementor-1794\" data-elementor-post-type=\"product\">\n\t\t\t\t\t\t<section class=\"elementor-section elementor-top-section elementor-element elementor-element-570676ec elementor-section-boxed elementor-section-height-default elementor-section-height-default\" data-id=\"570676ec\" data-element_type=\"section\" data-e-type=\"section\">\n\t\t\t\t\t\t<div class=\"elementor-container elementor-column-gap-default\">\n\t\t\t\t\t<div class=\"elementor-column elementor-col-100 elementor-top-column elementor-element elementor-element-3b59b878\" data-id=\"3b59b878\" data-element_type=\"column\" data-e-type=\"column\">\n\t\t\t<div class=\"elementor-widget-wrap elementor-element-populated\">\n\t\t\t\t\t\t<div class=\"elementor-element elementor-element-6a6d8052 elementor-widget elementor-widget-text-editor\" data-id=\"6a6d8052\" data-element_type=\"widget\" data-e-type=\"widget\" data-widget_type=\"text-editor.default\">\n\t\t\t\t<div class=\"elementor-widget-container\">\n\t\t\t\t\t\t\t\t\t<h2>C\u00f3mo decorar letras 3d paso a paso.<\/h2><p>Aprend\u00e9 a usar moldes de letras y n\u00fameros 3d para decorar en tu casa, imprimir y sobresalir con tus mesas tem\u00e1ticas.<\/p><p>Algunos de los moldes m\u00e1s buscados, est\u00e1n ac\u00e1.<\/p><p>Vas a poder elegir entre diferentes formatos y tipos de letras.<\/p><p>Dise\u00f1ar desde muchos programas diferentes, porque los moldes est\u00e1n en pdf, svg, tif, studio y fcm.<\/p><p>\u00a0<\/p>\t\t\t\t\t\t\t\t<\/div>\n\t\t\t\t<\/div>\n\t\t\t\t<section class=\"elementor-section elementor-inner-section elementor-element elementor-element-e7f5fcd elementor-section-boxed elementor-section-height-default elementor-section-height-default\" data-id=\"e7f5fcd\" data-element_type=\"section\" data-e-type=\"section\">\n\t\t\t\t\t\t<div class=\"elementor-container elementor-column-gap-default\">\n\t\t\t\t\t<div class=\"elementor-column elementor-col-50 elementor-inner-column elementor-element elementor-element-bb3acde\" data-id=\"bb3acde\" data-element_type=\"column\" data-e-type=\"column\" data-settings=\"{&quot;background_background&quot;:&quot;classic&quot;}\">\n\t\t\t<div class=\"elementor-widget-wrap elementor-element-populated\">\n\t\t\t\t\t\t<div class=\"elementor-element elementor-element-db9ffc0 elementor-widget elementor-widget-text-editor\" data-id=\"db9ffc0\" data-element_type=\"widget\" data-e-type=\"widget\" data-widget_type=\"text-editor.default\">\n\t\t\t\t<div class=\"elementor-widget-container\">\n\t\t\t\t\t\t\t\t\t<h4><span style=\"font-weight: 400;\">CON ESTE CURSO VAS A PODER<\/span><\/h4><p><span style=\"font-weight: 400;\">\ud83d\udc49 Mirar el material cuando quieras.<\/span><\/p><p><span style=\"font-weight: 400;\">\ud83d\udc49 Acceso ilimitado.<\/span><\/p><p><span style=\"font-weight: 400;\">\ud83d\udc49 Vas a poder dise\u00f1ar, imprimir y cortar con moldes muy variados.<\/span><\/p><p><span style=\"font-weight: 400;\">\ud83d\udc49 Cortar con tijera, cutter o bistur\u00ed.<\/span><\/p><p><span style=\"font-weight: 400;\">\ud83d\udc49 Cortar con Plotter de corte.<\/span><\/p>\t\t\t\t\t\t\t\t<\/div>\n\t\t\t\t<\/div>\n\t\t\t\t\t<\/div>\n\t\t<\/div>\n\t\t\t\t<div class=\"elementor-column elementor-col-50 elementor-inner-column elementor-element elementor-element-ab4c282\" data-id=\"ab4c282\" data-element_type=\"column\" data-e-type=\"column\" data-settings=\"{&quot;background_background&quot;:&quot;classic&quot;}\">\n\t\t\t<div class=\"elementor-widget-wrap elementor-element-populated\">\n\t\t\t\t\t\t<div class=\"elementor-element elementor-element-3d287cb elementor-widget elementor-widget-text-editor\" data-id=\"3d287cb\" data-element_type=\"widget\" data-e-type=\"widget\" data-widget_type=\"text-editor.default\">\n\t\t\t\t<div class=\"elementor-widget-container\">\n\t\t\t\t\t\t\t\t\t<h4><span style=\"font-weight: 400;\">CON ESTE CURSO VAS A RECIBIR<\/span><\/h4><p><span style=\"font-weight: 400;\">\ud83d\udc49 Moldes de letras en may\u00fasculas cuadradas y redondeadas.<\/span><\/p><p><span style=\"font-weight: 400;\">\ud83d\udc49 Moldes de letras min\u00fasculas, algo que pr\u00e1cticamente nadie tiene.<\/span><\/p><p><span style=\"font-weight: 400;\">\ud83d\udc49 Moldes de letras CAJA. Sirven de packaging o de pi\u00f1ata.<\/span><\/p><p><span style=\"font-weight: 400;\">\ud83d\udc49 Moldes de N\u00fameros y s\u00edmbolos # &amp;.<\/span><\/p>\t\t\t\t\t\t\t\t<\/div>\n\t\t\t\t<\/div>\n\t\t\t\t\t<\/div>\n\t\t<\/div>\n\t\t\t\t\t<\/div>\n\t\t<\/section>\n\t\t\t\t\t<\/div>\n\t\t<\/div>\n\t\t\t\t\t<\/div>\n\t\t<\/section>\n\t\t\t\t<\/div>\n\t\t","protected":false},"excerpt":{"rendered":"<p>&nbsp;<\/p>\n<p>C\u00f3mo decorar letras 3D paso a paso. Curso con video tutoriales y moldes de letras may\u00fasculas, min\u00fasculas, n\u00fameros y letras box para rellenar.<\/p>\n<p>&nbsp;<\/p>\n","protected":false},"featured_media":19666,"comment_status":"open","ping_status":"closed","template":"","meta":{"site-sidebar-layout":"no-sidebar","site-content-layout":"plain-container","ast-site-content-layout":"normal-width-container","site-content-style":"unboxed","site-sidebar-style":"unboxed","ast-global-header-display":"","ast-banner-title-visibility":"","ast-main-header-display":"","ast-hfb-above-header-display":"","ast-hfb-below-header-display":"","ast-hfb-mobile-header-display":"","site-post-title":"","ast-breadcrumbs-content":"","ast-featured-img":"","footer-sml-layout":"","ast-disable-related-posts":"","theme-transparent-header-meta":"default","adv-header-id-meta":"","stick-header-meta":"","header-above-stick-meta":"","header-main-stick-meta":"","header-below-stick-meta":"","astra-migrate-meta-layouts":"set","ast-page-background-enabled":"default","ast-page-background-meta":{"desktop":{"background-color":"var(--ast-global-color-4)","background-image":"","background-repeat":"repeat","background-position":"center center","background-size":"auto","background-attachment":"scroll","background-type":"","background-media":"","overlay-type":"","overlay-color":"","overlay-opacity":"","overlay-gradient":""},"tablet":{"background-color":"","background-image":"","background-repeat":"repeat","background-position":"center center","background-size":"auto","background-attachment":"scroll","background-type":"","background-media":"","overlay-type":"","overlay-color":"","overlay-opacity":"","overlay-gradient":""},"mobile":{"background-color":"","background-image":"","background-repeat":"repeat","background-position":"center center","background-size":"auto","background-attachment":"scroll","background-type":"","background-media":"","overlay-type":"","overlay-color":"","overlay-opacity":"","overlay-gradient":""}},"ast-content-background-meta":{"desktop":{"background-color":"var(--ast-global-color-5)","background-image":"","background-repeat":"repeat","background-position":"center center","background-size":"auto","background-attachment":"scroll","background-type":"","background-media":"","overlay-type":"","overlay-color":"","overlay-opacity":"","overlay-gradient":""},"tablet":{"background-color":"var(--ast-global-color-5)","background-image":"","background-repeat":"repeat","background-position":"center center","background-size":"auto","background-attachment":"scroll","background-type":"","background-media":"","overlay-type":"","overlay-color":"","overlay-opacity":"","overlay-gradient":""},"mobile":{"background-color":"var(--ast-global-color-5)","background-image":"","background-repeat":"repeat","background-position":"center center","background-size":"auto","background-attachment":"scroll","background-type":"","background-media":"","overlay-type":"","overlay-color":"","overlay-opacity":"","overlay-gradient":""}},"jetpack_post_was_ever_published":false,"jetpack_publicize_message":"","jetpack_publicize_feature_enabled":true,"jetpack_social_post_already_shared":false,"jetpack_social_options":{"image_generator_settings":{"template":"highway","default_image_id":0,"font":"","enabled":false},"version":2}},"product_brand":[],"product_cat":[416,28,414,417,15,415],"product_tag":[36,37,32,27,38,31,33,39],"class_list":{"0":"post-1794","1":"product","2":"type-product","3":"status-publish","4":"has-post-thumbnail","6":"product_cat-modalidad","7":"product_cat-moldes-candy-letras3d","8":"product_cat-nivel","9":"product_cat-programa","10":"product_cat-uncategorized","11":"product_cat-tematica","12":"product_tag-brother","13":"product_tag-candy-bar","14":"product_tag-diseno-con-illustrator","15":"product_tag-letras-3d","16":"product_tag-moldes","17":"product_tag-numeros-3d","18":"product_tag-plotter-de-corte","19":"product_tag-scannncut","20":"desktop-align-center","21":"tablet-align-left","22":"mobile-align-left","24":"first","25":"outofstock","26":"downloadable","27":"virtual","28":"purchasable","29":"product-type-simple"},"yoast_head":"<!-- This site is optimized with the Yoast SEO plugin v27.5 - https:\/\/yoast.com\/product\/yoast-seo-wordpress\/ -->\n<title>Curso Letras y N\u00fameros 3D - Paso a paso c\u00f3mo dise\u00f1ar, imprimir y decorar letras 3D - incluye moldes - emprenderenfiestas.com<\/title>\n<meta name=\"description\" content=\"C\u00f3mo decorar letras 3D paso a paso. Curso con video tutoriales y moldes de letras may\u00fasculas, min\u00fasculas, n\u00fameros y letras box para rellenar.\" \/>\n<meta name=\"robots\" content=\"index, follow, max-snippet:-1, max-image-preview:large, max-video-preview:-1\" \/>\n<link rel=\"canonical\" href=\"https:\/\/emprenderenfiestas.com\/index.php\/product\/curso-letras-y-numeros-3d-paso-a-paso-como-disenar-imprimir-y-decorar-letras-3d-incluye-moldes\/\" \/>\n<meta property=\"og:locale\" content=\"es_ES\" \/>\n<meta property=\"og:type\" content=\"article\" \/>\n<meta property=\"og:title\" content=\"Curso Letras y N\u00fameros 3D - Paso a paso c\u00f3mo dise\u00f1ar, imprimir y decorar letras 3D - incluye moldes - emprenderenfiestas.com\" \/>\n<meta property=\"og:description\" content=\"C\u00f3mo decorar letras 3D paso a paso. Curso con video tutoriales y moldes de letras may\u00fasculas, min\u00fasculas, n\u00fameros y letras box para rellenar.\" \/>\n<meta property=\"og:url\" content=\"https:\/\/emprenderenfiestas.com\/index.php\/product\/curso-letras-y-numeros-3d-paso-a-paso-como-disenar-imprimir-y-decorar-letras-3d-incluye-moldes\/\" \/>\n<meta property=\"og:site_name\" content=\"emprenderenfiestas.com\" \/>\n<meta property=\"article:modified_time\" content=\"2025-08-21T16:09:49+00:00\" \/>\n<meta property=\"og:image\" content=\"https:\/\/emprenderenfiestas.com\/wp-content\/uploads\/2021\/02\/Adobe_Express_20230713_1346400_1.png\" \/>\n\t<meta property=\"og:image:width\" content=\"1080\" \/>\n\t<meta property=\"og:image:height\" content=\"1080\" \/>\n\t<meta property=\"og:image:type\" content=\"image\/png\" \/>\n<meta name=\"twitter:card\" content=\"summary_large_image\" \/>\n<meta name=\"twitter:label1\" content=\"Tiempo de lectura\" \/>\n\t<meta name=\"twitter:data1\" content=\"1 minuto\" \/>\n<script type=\"application\/ld+json\" class=\"yoast-schema-graph\">{\"@context\":\"https:\\\/\\\/schema.org\",\"@graph\":[{\"@type\":\"WebPage\",\"@id\":\"https:\\\/\\\/emprenderenfiestas.com\\\/index.php\\\/product\\\/curso-letras-y-numeros-3d-paso-a-paso-como-disenar-imprimir-y-decorar-letras-3d-incluye-moldes\\\/\",\"url\":\"https:\\\/\\\/emprenderenfiestas.com\\\/index.php\\\/product\\\/curso-letras-y-numeros-3d-paso-a-paso-como-disenar-imprimir-y-decorar-letras-3d-incluye-moldes\\\/\",\"name\":\"Curso Letras y N\u00fameros 3D - Paso a paso c\u00f3mo dise\u00f1ar, imprimir y decorar letras 3D - incluye moldes - emprenderenfiestas.com\",\"isPartOf\":{\"@id\":\"https:\\\/\\\/emprenderenfiestas.com\\\/#website\"},\"primaryImageOfPage\":{\"@id\":\"https:\\\/\\\/emprenderenfiestas.com\\\/index.php\\\/product\\\/curso-letras-y-numeros-3d-paso-a-paso-como-disenar-imprimir-y-decorar-letras-3d-incluye-moldes\\\/#primaryimage\"},\"image\":{\"@id\":\"https:\\\/\\\/emprenderenfiestas.com\\\/index.php\\\/product\\\/curso-letras-y-numeros-3d-paso-a-paso-como-disenar-imprimir-y-decorar-letras-3d-incluye-moldes\\\/#primaryimage\"},\"thumbnailUrl\":\"https:\\\/\\\/i0.wp.com\\\/emprenderenfiestas.com\\\/wp-content\\\/uploads\\\/2021\\\/02\\\/Adobe_Express_20230713_1346400_1.png?fit=1080%2C1080&ssl=1\",\"datePublished\":\"2021-02-17T23:40:33+00:00\",\"dateModified\":\"2025-08-21T16:09:49+00:00\",\"description\":\"C\u00f3mo decorar letras 3D paso a paso. Curso con video tutoriales y moldes de letras may\u00fasculas, min\u00fasculas, n\u00fameros y letras box para rellenar.\",\"breadcrumb\":{\"@id\":\"https:\\\/\\\/emprenderenfiestas.com\\\/index.php\\\/product\\\/curso-letras-y-numeros-3d-paso-a-paso-como-disenar-imprimir-y-decorar-letras-3d-incluye-moldes\\\/#breadcrumb\"},\"inLanguage\":\"es-AR\",\"potentialAction\":[{\"@type\":\"ReadAction\",\"target\":[\"https:\\\/\\\/emprenderenfiestas.com\\\/index.php\\\/product\\\/curso-letras-y-numeros-3d-paso-a-paso-como-disenar-imprimir-y-decorar-letras-3d-incluye-moldes\\\/\"]}]},{\"@type\":\"ImageObject\",\"inLanguage\":\"es-AR\",\"@id\":\"https:\\\/\\\/emprenderenfiestas.com\\\/index.php\\\/product\\\/curso-letras-y-numeros-3d-paso-a-paso-como-disenar-imprimir-y-decorar-letras-3d-incluye-moldes\\\/#primaryimage\",\"url\":\"https:\\\/\\\/i0.wp.com\\\/emprenderenfiestas.com\\\/wp-content\\\/uploads\\\/2021\\\/02\\\/Adobe_Express_20230713_1346400_1.png?fit=1080%2C1080&ssl=1\",\"contentUrl\":\"https:\\\/\\\/i0.wp.com\\\/emprenderenfiestas.com\\\/wp-content\\\/uploads\\\/2021\\\/02\\\/Adobe_Express_20230713_1346400_1.png?fit=1080%2C1080&ssl=1\",\"width\":1080,\"height\":1080},{\"@type\":\"BreadcrumbList\",\"@id\":\"https:\\\/\\\/emprenderenfiestas.com\\\/index.php\\\/product\\\/curso-letras-y-numeros-3d-paso-a-paso-como-disenar-imprimir-y-decorar-letras-3d-incluye-moldes\\\/#breadcrumb\",\"itemListElement\":[{\"@type\":\"ListItem\",\"position\":1,\"name\":\"Inicio\",\"item\":\"https:\\\/\\\/emprenderenfiestas.com\\\/\"},{\"@type\":\"ListItem\",\"position\":2,\"name\":\"Shop\",\"item\":\"https:\\\/\\\/emprenderenfiestas.com\\\/index.php\\\/shop\\\/\"},{\"@type\":\"ListItem\",\"position\":3,\"name\":\"Curso Letras y N\u00fameros 3D &#8211; Paso a paso c\u00f3mo dise\u00f1ar, imprimir y decorar letras 3D &#8211; incluye moldes\"}]},{\"@type\":\"WebSite\",\"@id\":\"https:\\\/\\\/emprenderenfiestas.com\\\/#website\",\"url\":\"https:\\\/\\\/emprenderenfiestas.com\\\/\",\"name\":\"Emprender en Fiestas\",\"description\":\"Cursos para emprender en eventos\",\"publisher\":{\"@id\":\"https:\\\/\\\/emprenderenfiestas.com\\\/#\\\/schema\\\/person\\\/7ae3f63e8e0d298333f421659b10fec6\"},\"potentialAction\":[{\"@type\":\"SearchAction\",\"target\":{\"@type\":\"EntryPoint\",\"urlTemplate\":\"https:\\\/\\\/emprenderenfiestas.com\\\/?s={search_term_string}\"},\"query-input\":{\"@type\":\"PropertyValueSpecification\",\"valueRequired\":true,\"valueName\":\"search_term_string\"}}],\"inLanguage\":\"es-AR\"},{\"@type\":[\"Person\",\"Organization\"],\"@id\":\"https:\\\/\\\/emprenderenfiestas.com\\\/#\\\/schema\\\/person\\\/7ae3f63e8e0d298333f421659b10fec6\",\"name\":\"Daniela Dana\",\"image\":{\"@type\":\"ImageObject\",\"inLanguage\":\"es-AR\",\"@id\":\"https:\\\/\\\/i0.wp.com\\\/emprenderenfiestas.com\\\/wp-content\\\/uploads\\\/2023\\\/06\\\/Mesa-de-trabajo-3%402x-e1742245783883.png?fit=2400%2C928&ssl=1\",\"url\":\"https:\\\/\\\/i0.wp.com\\\/emprenderenfiestas.com\\\/wp-content\\\/uploads\\\/2023\\\/06\\\/Mesa-de-trabajo-3%402x-e1742245783883.png?fit=2400%2C928&ssl=1\",\"contentUrl\":\"https:\\\/\\\/i0.wp.com\\\/emprenderenfiestas.com\\\/wp-content\\\/uploads\\\/2023\\\/06\\\/Mesa-de-trabajo-3%402x-e1742245783883.png?fit=2400%2C928&ssl=1\",\"width\":2400,\"height\":928,\"caption\":\"Daniela Dana\"},\"logo\":{\"@id\":\"https:\\\/\\\/i0.wp.com\\\/emprenderenfiestas.com\\\/wp-content\\\/uploads\\\/2023\\\/06\\\/Mesa-de-trabajo-3%402x-e1742245783883.png?fit=2400%2C928&ssl=1\"}}]}<\/script>\n<!-- \/ Yoast SEO plugin. -->","yoast_head_json":{"title":"Curso Letras y N\u00fameros 3D - Paso a paso c\u00f3mo dise\u00f1ar, imprimir y decorar letras 3D - incluye moldes - emprenderenfiestas.com","description":"C\u00f3mo decorar letras 3D paso a paso. Curso con video tutoriales y moldes de letras may\u00fasculas, min\u00fasculas, n\u00fameros y letras box para rellenar.","robots":{"index":"index","follow":"follow","max-snippet":"max-snippet:-1","max-image-preview":"max-image-preview:large","max-video-preview":"max-video-preview:-1"},"canonical":"https:\/\/emprenderenfiestas.com\/index.php\/product\/curso-letras-y-numeros-3d-paso-a-paso-como-disenar-imprimir-y-decorar-letras-3d-incluye-moldes\/","og_locale":"es_ES","og_type":"article","og_title":"Curso Letras y N\u00fameros 3D - Paso a paso c\u00f3mo dise\u00f1ar, imprimir y decorar letras 3D - incluye moldes - emprenderenfiestas.com","og_description":"C\u00f3mo decorar letras 3D paso a paso. Curso con video tutoriales y moldes de letras may\u00fasculas, min\u00fasculas, n\u00fameros y letras box para rellenar.","og_url":"https:\/\/emprenderenfiestas.com\/index.php\/product\/curso-letras-y-numeros-3d-paso-a-paso-como-disenar-imprimir-y-decorar-letras-3d-incluye-moldes\/","og_site_name":"emprenderenfiestas.com","article_modified_time":"2025-08-21T16:09:49+00:00","og_image":[{"width":1080,"height":1080,"url":"https:\/\/emprenderenfiestas.com\/wp-content\/uploads\/2021\/02\/Adobe_Express_20230713_1346400_1.png","type":"image\/png"}],"twitter_card":"summary_large_image","twitter_misc":{"Tiempo de lectura":"1 minuto"},"schema":{"@context":"https:\/\/schema.org","@graph":[{"@type":"WebPage","@id":"https:\/\/emprenderenfiestas.com\/index.php\/product\/curso-letras-y-numeros-3d-paso-a-paso-como-disenar-imprimir-y-decorar-letras-3d-incluye-moldes\/","url":"https:\/\/emprenderenfiestas.com\/index.php\/product\/curso-letras-y-numeros-3d-paso-a-paso-como-disenar-imprimir-y-decorar-letras-3d-incluye-moldes\/","name":"Curso Letras y N\u00fameros 3D - Paso a paso c\u00f3mo dise\u00f1ar, imprimir y decorar letras 3D - incluye moldes - emprenderenfiestas.com","isPartOf":{"@id":"https:\/\/emprenderenfiestas.com\/#website"},"primaryImageOfPage":{"@id":"https:\/\/emprenderenfiestas.com\/index.php\/product\/curso-letras-y-numeros-3d-paso-a-paso-como-disenar-imprimir-y-decorar-letras-3d-incluye-moldes\/#primaryimage"},"image":{"@id":"https:\/\/emprenderenfiestas.com\/index.php\/product\/curso-letras-y-numeros-3d-paso-a-paso-como-disenar-imprimir-y-decorar-letras-3d-incluye-moldes\/#primaryimage"},"thumbnailUrl":"https:\/\/i0.wp.com\/emprenderenfiestas.com\/wp-content\/uploads\/2021\/02\/Adobe_Express_20230713_1346400_1.png?fit=1080%2C1080&ssl=1","datePublished":"2021-02-17T23:40:33+00:00","dateModified":"2025-08-21T16:09:49+00:00","description":"C\u00f3mo decorar letras 3D paso a paso. Curso con video tutoriales y moldes de letras may\u00fasculas, min\u00fasculas, n\u00fameros y letras box para rellenar.","breadcrumb":{"@id":"https:\/\/emprenderenfiestas.com\/index.php\/product\/curso-letras-y-numeros-3d-paso-a-paso-como-disenar-imprimir-y-decorar-letras-3d-incluye-moldes\/#breadcrumb"},"inLanguage":"es-AR","potentialAction":[{"@type":"ReadAction","target":["https:\/\/emprenderenfiestas.com\/index.php\/product\/curso-letras-y-numeros-3d-paso-a-paso-como-disenar-imprimir-y-decorar-letras-3d-incluye-moldes\/"]}]},{"@type":"ImageObject","inLanguage":"es-AR","@id":"https:\/\/emprenderenfiestas.com\/index.php\/product\/curso-letras-y-numeros-3d-paso-a-paso-como-disenar-imprimir-y-decorar-letras-3d-incluye-moldes\/#primaryimage","url":"https:\/\/i0.wp.com\/emprenderenfiestas.com\/wp-content\/uploads\/2021\/02\/Adobe_Express_20230713_1346400_1.png?fit=1080%2C1080&ssl=1","contentUrl":"https:\/\/i0.wp.com\/emprenderenfiestas.com\/wp-content\/uploads\/2021\/02\/Adobe_Express_20230713_1346400_1.png?fit=1080%2C1080&ssl=1","width":1080,"height":1080},{"@type":"BreadcrumbList","@id":"https:\/\/emprenderenfiestas.com\/index.php\/product\/curso-letras-y-numeros-3d-paso-a-paso-como-disenar-imprimir-y-decorar-letras-3d-incluye-moldes\/#breadcrumb","itemListElement":[{"@type":"ListItem","position":1,"name":"Inicio","item":"https:\/\/emprenderenfiestas.com\/"},{"@type":"ListItem","position":2,"name":"Shop","item":"https:\/\/emprenderenfiestas.com\/index.php\/shop\/"},{"@type":"ListItem","position":3,"name":"Curso Letras y N\u00fameros 3D &#8211; Paso a paso c\u00f3mo dise\u00f1ar, imprimir y decorar letras 3D &#8211; incluye moldes"}]},{"@type":"WebSite","@id":"https:\/\/emprenderenfiestas.com\/#website","url":"https:\/\/emprenderenfiestas.com\/","name":"Emprender en Fiestas","description":"Cursos para emprender en eventos","publisher":{"@id":"https:\/\/emprenderenfiestas.com\/#\/schema\/person\/7ae3f63e8e0d298333f421659b10fec6"},"potentialAction":[{"@type":"SearchAction","target":{"@type":"EntryPoint","urlTemplate":"https:\/\/emprenderenfiestas.com\/?s={search_term_string}"},"query-input":{"@type":"PropertyValueSpecification","valueRequired":true,"valueName":"search_term_string"}}],"inLanguage":"es-AR"},{"@type":["Person","Organization"],"@id":"https:\/\/emprenderenfiestas.com\/#\/schema\/person\/7ae3f63e8e0d298333f421659b10fec6","name":"Daniela Dana","image":{"@type":"ImageObject","inLanguage":"es-AR","@id":"https:\/\/i0.wp.com\/emprenderenfiestas.com\/wp-content\/uploads\/2023\/06\/Mesa-de-trabajo-3%402x-e1742245783883.png?fit=2400%2C928&ssl=1","url":"https:\/\/i0.wp.com\/emprenderenfiestas.com\/wp-content\/uploads\/2023\/06\/Mesa-de-trabajo-3%402x-e1742245783883.png?fit=2400%2C928&ssl=1","contentUrl":"https:\/\/i0.wp.com\/emprenderenfiestas.com\/wp-content\/uploads\/2023\/06\/Mesa-de-trabajo-3%402x-e1742245783883.png?fit=2400%2C928&ssl=1","width":2400,"height":928,"caption":"Daniela Dana"},"logo":{"@id":"https:\/\/i0.wp.com\/emprenderenfiestas.com\/wp-content\/uploads\/2023\/06\/Mesa-de-trabajo-3%402x-e1742245783883.png?fit=2400%2C928&ssl=1"}}]}},"jetpack_publicize_connections":[],"jetpack_sharing_enabled":true,"jetpack_likes_enabled":true,"jetpack-related-posts":[],"_links":{"self":[{"href":"https:\/\/emprenderenfiestas.com\/index.php\/wp-json\/wp\/v2\/product\/1794","targetHints":{"allow":["GET"]}}],"collection":[{"href":"https:\/\/emprenderenfiestas.com\/index.php\/wp-json\/wp\/v2\/product"}],"about":[{"href":"https:\/\/emprenderenfiestas.com\/index.php\/wp-json\/wp\/v2\/types\/product"}],"replies":[{"embeddable":true,"href":"https:\/\/emprenderenfiestas.com\/index.php\/wp-json\/wp\/v2\/comments?post=1794"}],"version-history":[{"count":1,"href":"https:\/\/emprenderenfiestas.com\/index.php\/wp-json\/wp\/v2\/product\/1794\/revisions"}],"predecessor-version":[{"id":20509,"href":"https:\/\/emprenderenfiestas.com\/index.php\/wp-json\/wp\/v2\/product\/1794\/revisions\/20509"}],"wp:featuredmedia":[{"embeddable":true,"href":"https:\/\/emprenderenfiestas.com\/index.php\/wp-json\/wp\/v2\/media\/19666"}],"wp:attachment":[{"href":"https:\/\/emprenderenfiestas.com\/index.php\/wp-json\/wp\/v2\/media?parent=1794"}],"wp:term":[{"taxonomy":"product_brand","embeddable":true,"href":"https:\/\/emprenderenfiestas.com\/index.php\/wp-json\/wp\/v2\/product_brand?post=1794"},{"taxonomy":"product_cat","embeddable":true,"href":"https:\/\/emprenderenfiestas.com\/index.php\/wp-json\/wp\/v2\/product_cat?post=1794"},{"taxonomy":"product_tag","embeddable":true,"href":"https:\/\/emprenderenfiestas.com\/index.php\/wp-json\/wp\/v2\/product_tag?post=1794"}],"curies":[{"name":"wp","href":"https:\/\/api.w.org\/{rel}","templated":true}]}}