{"id":1773,"date":"2021-02-17T17:16:33","date_gmt":"2021-02-17T20:16:33","guid":{"rendered":"https:\/\/emprenderenfiestas.com.ar\/?post_type=product&#038;p=1773"},"modified":"2025-08-25T15:26:28","modified_gmt":"2025-08-25T18:26:28","slug":"combo-full-3d-abecedario-completo-mayusculas-minusculas-diferentes-formatos-numeros-letras-cajas-rellenables","status":"publish","type":"product","link":"https:\/\/emprenderenfiestas.com\/index.php\/product\/combo-full-3d-abecedario-completo-mayusculas-minusculas-diferentes-formatos-numeros-letras-cajas-rellenables\/","title":{"rendered":"Combo FULL 3D &#8211; Abecedario completo may\u00fasculas, min\u00fasculas, diferentes formatos + n\u00fameros + letras cajas rellenables"},"content":{"rendered":"<p>Comprando todos los moldes juntos, te ahorr\u00e1s un mont\u00f3n!<\/p>\n<p>Letras May\u00fasculas, Min\u00fasculas, N\u00fameros y Cajas de regalo.<\/p>\n<p>&nbsp;<\/p>\n<p><strong>NO INCLUYE CURSO Y NO POSEE SOPORTE.<\/strong> Si no sab\u00e9s como editar y decorar, te aconsejo accedas al CURSO COMPLETO, que tambi\u00e9n incluye los moldes.<\/p>\n<p>&nbsp;<\/p>\n","protected":false},"excerpt":{"rendered":"<p>&nbsp;<\/p>\n<p>Para editar e imprimir con cualquier programa.<\/p>\n<ul>\n<li>FCM<\/li>\n<li>PDF<\/li>\n<li>SVG<\/li>\n<li>TIF<\/li>\n<li>STUDIO<\/li>\n<li>PNG<\/li>\n<\/ul>\n<p>&nbsp;<\/p>\n<p>Si no encontr\u00e1s el formato que necesit\u00e1s para el programa de dise\u00f1o que utiliz\u00e1s, se pueden convertir de manera online, con algunos sitios web especializados. Cualquier duda que tengas, mandame un mail (hola@emprendenderenfiestas.com.ar) y te ayudo con la conversi\u00f3n.<\/p>\n","protected":false},"featured_media":20231,"comment_status":"open","ping_status":"closed","template":"","meta":{"site-sidebar-layout":"no-sidebar","site-content-layout":"default","ast-site-content-layout":"default","site-content-style":"default","site-sidebar-style":"default","ast-global-header-display":"","ast-banner-title-visibility":"","ast-main-header-display":"","ast-hfb-above-header-display":"","ast-hfb-below-header-display":"","ast-hfb-mobile-header-display":"","site-post-title":"","ast-breadcrumbs-content":"disabled","ast-featured-img":"","footer-sml-layout":"","ast-disable-related-posts":"","theme-transparent-header-meta":"default","adv-header-id-meta":"","stick-header-meta":"","header-above-stick-meta":"","header-main-stick-meta":"","header-below-stick-meta":"","astra-migrate-meta-layouts":"default","ast-page-background-enabled":"default","ast-page-background-meta":{"desktop":{"background-color":"var(--ast-global-color-4)","background-image":"","background-repeat":"repeat","background-position":"center center","background-size":"auto","background-attachment":"scroll","background-type":"","background-media":"","overlay-type":"","overlay-color":"","overlay-opacity":"","overlay-gradient":""},"tablet":{"background-color":"","background-image":"","background-repeat":"repeat","background-position":"center center","background-size":"auto","background-attachment":"scroll","background-type":"","background-media":"","overlay-type":"","overlay-color":"","overlay-opacity":"","overlay-gradient":""},"mobile":{"background-color":"","background-image":"","background-repeat":"repeat","background-position":"center center","background-size":"auto","background-attachment":"scroll","background-type":"","background-media":"","overlay-type":"","overlay-color":"","overlay-opacity":"","overlay-gradient":""}},"ast-content-background-meta":{"desktop":{"background-color":"var(--ast-global-color-5)","background-image":"","background-repeat":"repeat","background-position":"center center","background-size":"auto","background-attachment":"scroll","background-type":"","background-media":"","overlay-type":"","overlay-color":"","overlay-opacity":"","overlay-gradient":""},"tablet":{"background-color":"var(--ast-global-color-5)","background-image":"","background-repeat":"repeat","background-position":"center center","background-size":"auto","background-attachment":"scroll","background-type":"","background-media":"","overlay-type":"","overlay-color":"","overlay-opacity":"","overlay-gradient":""},"mobile":{"background-color":"var(--ast-global-color-5)","background-image":"","background-repeat":"repeat","background-position":"center center","background-size":"auto","background-attachment":"scroll","background-type":"","background-media":"","overlay-type":"","overlay-color":"","overlay-opacity":"","overlay-gradient":""}},"jetpack_post_was_ever_published":false,"jetpack_publicize_message":"","jetpack_publicize_feature_enabled":true,"jetpack_social_post_already_shared":false,"jetpack_social_options":{"image_generator_settings":{"template":"highway","default_image_id":0,"font":"","enabled":false},"version":2}},"product_brand":[],"product_cat":[426,429,422,416,28,414,431,421,417,432,415],"product_tag":[32,27,29,30,31,33,34],"class_list":{"0":"post-1773","1":"product","2":"type-product","3":"status-publish","4":"has-post-thumbnail","6":"product_cat-brother","7":"product_cat-illustrator","8":"product_cat-intermedio","9":"product_cat-modalidad","10":"product_cat-moldes-candy-letras3d","11":"product_cat-nivel","12":"product_cat-papeleria","13":"product_cat-principiante","14":"product_cat-programa","15":"product_cat-scanncut-brother","16":"product_cat-tematica","17":"product_tag-diseno-con-illustrator","18":"product_tag-letras-3d","19":"product_tag-moldes-candy-bar","20":"product_tag-moldes-letras-3d","21":"product_tag-numeros-3d","22":"product_tag-plotter-de-corte","23":"product_tag-scanncut","24":"desktop-align-center","25":"tablet-align-left","26":"mobile-align-left","28":"first","29":"instock","30":"downloadable","31":"virtual","32":"purchasable","33":"product-type-simple"},"yoast_head":"<!-- This site is optimized with the Yoast SEO plugin v27.5 - https:\/\/yoast.com\/product\/yoast-seo-wordpress\/ -->\n<title>Combo FULL 3D - Abecedario completo may\u00fasculas, min\u00fasculas, diferentes formatos + n\u00fameros + letras cajas rellenables - emprenderenfiestas.com<\/title>\n<meta name=\"description\" content=\"Moldes de Letras 3D para editar e imprimir en tu propia casa. 50 % off llevando Letras May\u00fasculas, Min\u00fasculas, N\u00fameros y Cajas. Para editar e imprimir con cualquier programa.\" \/>\n<meta name=\"robots\" content=\"index, follow, max-snippet:-1, max-video-preview:-1, noimageindex\" \/>\n<link rel=\"canonical\" href=\"https:\/\/emprenderenfiestas.com.ar\/wp-content\/uploads\/2021\/02\/combo-full-3D.png\" \/>\n<meta property=\"og:locale\" content=\"es_ES\" \/>\n<meta property=\"og:type\" content=\"article\" \/>\n<meta property=\"og:title\" content=\"Combo FULL 3D - Abecedario completo may\u00fasculas, min\u00fasculas, diferentes formatos + n\u00fameros + letras cajas rellenables\" \/>\n<meta property=\"og:description\" content=\"Moldes de Letras 3D para editar e imprimir en tu propia casa. 50 % off llevando Letras May\u00fasculas, Min\u00fasculas, N\u00fameros y Cajas. Para editar e imprimir con cualquier programa.\" \/>\n<meta property=\"og:url\" content=\"https:\/\/emprenderenfiestas.com.ar\/wp-content\/uploads\/2021\/02\/combo-full-3D.png\" \/>\n<meta property=\"og:site_name\" content=\"emprenderenfiestas.com\" \/>\n<meta property=\"article:modified_time\" content=\"2025-08-25T18:26:28+00:00\" \/>\n<meta name=\"twitter:card\" content=\"summary_large_image\" \/>\n<meta name=\"twitter:title\" content=\"Combo FULL 3D - Abecedario completo may\u00fasculas, min\u00fasculas, diferentes formatos + n\u00fameros + letras cajas rellenables\" \/>\n<meta name=\"twitter:description\" content=\"Combo FULL 3D - Abecedario completo may\u00fasculas, min\u00fasculas, diferentes formatos + n\u00fameros + letras cajas rellenables -\" \/>\n<meta name=\"twitter:label1\" content=\"Tiempo de lectura\" \/>\n\t<meta name=\"twitter:data1\" content=\"1 minuto\" \/>\n<script type=\"application\/ld+json\" class=\"yoast-schema-graph\">{\"@context\":\"https:\\\/\\\/schema.org\",\"@graph\":[{\"@type\":\"WebPage\",\"@id\":\"https:\\\/\\\/emprenderenfiestas.com\\\/index.php\\\/product\\\/combo-full-3d-abecedario-completo-mayusculas-minusculas-diferentes-formatos-numeros-letras-cajas-rellenables\\\/\",\"url\":\"https:\\\/\\\/emprenderenfiestas.com.ar\\\/wp-content\\\/uploads\\\/2021\\\/02\\\/combo-full-3D.png\",\"name\":\"Combo FULL 3D - Abecedario completo may\u00fasculas, min\u00fasculas, diferentes formatos + n\u00fameros + letras cajas rellenables - emprenderenfiestas.com\",\"isPartOf\":{\"@id\":\"https:\\\/\\\/emprenderenfiestas.com\\\/#website\"},\"primaryImageOfPage\":{\"@id\":\"https:\\\/\\\/emprenderenfiestas.com.ar\\\/wp-content\\\/uploads\\\/2021\\\/02\\\/combo-full-3D.png#primaryimage\"},\"image\":{\"@id\":\"https:\\\/\\\/emprenderenfiestas.com.ar\\\/wp-content\\\/uploads\\\/2021\\\/02\\\/combo-full-3D.png#primaryimage\"},\"thumbnailUrl\":\"https:\\\/\\\/i0.wp.com\\\/emprenderenfiestas.com\\\/wp-content\\\/uploads\\\/2022\\\/07\\\/IMG_20210217_160409738-01.jpeg?fit=2340%2C2340&ssl=1\",\"datePublished\":\"2021-02-17T20:16:33+00:00\",\"dateModified\":\"2025-08-25T18:26:28+00:00\",\"description\":\"Moldes de Letras 3D para editar e imprimir en tu propia casa. 50 % off llevando Letras May\u00fasculas, Min\u00fasculas, N\u00fameros y Cajas. Para editar e imprimir con cualquier programa.\",\"breadcrumb\":{\"@id\":\"https:\\\/\\\/emprenderenfiestas.com.ar\\\/wp-content\\\/uploads\\\/2021\\\/02\\\/combo-full-3D.png#breadcrumb\"},\"inLanguage\":\"es-AR\",\"potentialAction\":[{\"@type\":\"ReadAction\",\"target\":[\"https:\\\/\\\/emprenderenfiestas.com.ar\\\/wp-content\\\/uploads\\\/2021\\\/02\\\/combo-full-3D.png\"]}]},{\"@type\":\"ImageObject\",\"inLanguage\":\"es-AR\",\"@id\":\"https:\\\/\\\/emprenderenfiestas.com.ar\\\/wp-content\\\/uploads\\\/2021\\\/02\\\/combo-full-3D.png#primaryimage\",\"url\":\"https:\\\/\\\/i0.wp.com\\\/emprenderenfiestas.com\\\/wp-content\\\/uploads\\\/2022\\\/07\\\/IMG_20210217_160409738-01.jpeg?fit=2340%2C2340&ssl=1\",\"contentUrl\":\"https:\\\/\\\/i0.wp.com\\\/emprenderenfiestas.com\\\/wp-content\\\/uploads\\\/2022\\\/07\\\/IMG_20210217_160409738-01.jpeg?fit=2340%2C2340&ssl=1\",\"width\":2340,\"height\":2340,\"caption\":\"Curso Dise\u00f1o de LETRAS 3D con Illustrator LINK + SCANNCUT\"},{\"@type\":\"BreadcrumbList\",\"@id\":\"https:\\\/\\\/emprenderenfiestas.com.ar\\\/wp-content\\\/uploads\\\/2021\\\/02\\\/combo-full-3D.png#breadcrumb\",\"itemListElement\":[{\"@type\":\"ListItem\",\"position\":1,\"name\":\"Inicio\",\"item\":\"https:\\\/\\\/emprenderenfiestas.com\\\/\"},{\"@type\":\"ListItem\",\"position\":2,\"name\":\"Shop\",\"item\":\"https:\\\/\\\/emprenderenfiestas.com\\\/index.php\\\/shop\\\/\"},{\"@type\":\"ListItem\",\"position\":3,\"name\":\"Combo FULL 3D &#8211; Abecedario completo may\u00fasculas, min\u00fasculas, diferentes formatos + n\u00fameros + letras cajas rellenables\"}]},{\"@type\":\"WebSite\",\"@id\":\"https:\\\/\\\/emprenderenfiestas.com\\\/#website\",\"url\":\"https:\\\/\\\/emprenderenfiestas.com\\\/\",\"name\":\"Emprender en Fiestas\",\"description\":\"Cursos para emprender en eventos\",\"publisher\":{\"@id\":\"https:\\\/\\\/emprenderenfiestas.com\\\/#\\\/schema\\\/person\\\/7ae3f63e8e0d298333f421659b10fec6\"},\"potentialAction\":[{\"@type\":\"SearchAction\",\"target\":{\"@type\":\"EntryPoint\",\"urlTemplate\":\"https:\\\/\\\/emprenderenfiestas.com\\\/?s={search_term_string}\"},\"query-input\":{\"@type\":\"PropertyValueSpecification\",\"valueRequired\":true,\"valueName\":\"search_term_string\"}}],\"inLanguage\":\"es-AR\"},{\"@type\":[\"Person\",\"Organization\"],\"@id\":\"https:\\\/\\\/emprenderenfiestas.com\\\/#\\\/schema\\\/person\\\/7ae3f63e8e0d298333f421659b10fec6\",\"name\":\"Daniela Dana\",\"image\":{\"@type\":\"ImageObject\",\"inLanguage\":\"es-AR\",\"@id\":\"https:\\\/\\\/i0.wp.com\\\/emprenderenfiestas.com\\\/wp-content\\\/uploads\\\/2023\\\/06\\\/Mesa-de-trabajo-3%402x-e1742245783883.png?fit=2400%2C928&ssl=1\",\"url\":\"https:\\\/\\\/i0.wp.com\\\/emprenderenfiestas.com\\\/wp-content\\\/uploads\\\/2023\\\/06\\\/Mesa-de-trabajo-3%402x-e1742245783883.png?fit=2400%2C928&ssl=1\",\"contentUrl\":\"https:\\\/\\\/i0.wp.com\\\/emprenderenfiestas.com\\\/wp-content\\\/uploads\\\/2023\\\/06\\\/Mesa-de-trabajo-3%402x-e1742245783883.png?fit=2400%2C928&ssl=1\",\"width\":2400,\"height\":928,\"caption\":\"Daniela Dana\"},\"logo\":{\"@id\":\"https:\\\/\\\/i0.wp.com\\\/emprenderenfiestas.com\\\/wp-content\\\/uploads\\\/2023\\\/06\\\/Mesa-de-trabajo-3%402x-e1742245783883.png?fit=2400%2C928&ssl=1\"}}]}<\/script>\n<!-- \/ Yoast SEO plugin. -->","yoast_head_json":{"title":"Combo FULL 3D - Abecedario completo may\u00fasculas, min\u00fasculas, diferentes formatos + n\u00fameros + letras cajas rellenables - emprenderenfiestas.com","description":"Moldes de Letras 3D para editar e imprimir en tu propia casa. 50 % off llevando Letras May\u00fasculas, Min\u00fasculas, N\u00fameros y Cajas. Para editar e imprimir con cualquier programa.","robots":{"index":"index","follow":"follow","max-snippet":"max-snippet:-1","max-video-preview":"max-video-preview:-1","imageindex":"noimageindex"},"canonical":"https:\/\/emprenderenfiestas.com.ar\/wp-content\/uploads\/2021\/02\/combo-full-3D.png","og_locale":"es_ES","og_type":"article","og_title":"Combo FULL 3D - Abecedario completo may\u00fasculas, min\u00fasculas, diferentes formatos + n\u00fameros + letras cajas rellenables","og_description":"Moldes de Letras 3D para editar e imprimir en tu propia casa. 50 % off llevando Letras May\u00fasculas, Min\u00fasculas, N\u00fameros y Cajas. Para editar e imprimir con cualquier programa.","og_url":"https:\/\/emprenderenfiestas.com.ar\/wp-content\/uploads\/2021\/02\/combo-full-3D.png","og_site_name":"emprenderenfiestas.com","article_modified_time":"2025-08-25T18:26:28+00:00","twitter_card":"summary_large_image","twitter_title":"Combo FULL 3D - Abecedario completo may\u00fasculas, min\u00fasculas, diferentes formatos + n\u00fameros + letras cajas rellenables","twitter_description":"Combo FULL 3D - Abecedario completo may\u00fasculas, min\u00fasculas, diferentes formatos + n\u00fameros + letras cajas rellenables -","twitter_misc":{"Tiempo de lectura":"1 minuto"},"schema":{"@context":"https:\/\/schema.org","@graph":[{"@type":"WebPage","@id":"https:\/\/emprenderenfiestas.com\/index.php\/product\/combo-full-3d-abecedario-completo-mayusculas-minusculas-diferentes-formatos-numeros-letras-cajas-rellenables\/","url":"https:\/\/emprenderenfiestas.com.ar\/wp-content\/uploads\/2021\/02\/combo-full-3D.png","name":"Combo FULL 3D - Abecedario completo may\u00fasculas, min\u00fasculas, diferentes formatos + n\u00fameros + letras cajas rellenables - emprenderenfiestas.com","isPartOf":{"@id":"https:\/\/emprenderenfiestas.com\/#website"},"primaryImageOfPage":{"@id":"https:\/\/emprenderenfiestas.com.ar\/wp-content\/uploads\/2021\/02\/combo-full-3D.png#primaryimage"},"image":{"@id":"https:\/\/emprenderenfiestas.com.ar\/wp-content\/uploads\/2021\/02\/combo-full-3D.png#primaryimage"},"thumbnailUrl":"https:\/\/i0.wp.com\/emprenderenfiestas.com\/wp-content\/uploads\/2022\/07\/IMG_20210217_160409738-01.jpeg?fit=2340%2C2340&ssl=1","datePublished":"2021-02-17T20:16:33+00:00","dateModified":"2025-08-25T18:26:28+00:00","description":"Moldes de Letras 3D para editar e imprimir en tu propia casa. 50 % off llevando Letras May\u00fasculas, Min\u00fasculas, N\u00fameros y Cajas. Para editar e imprimir con cualquier programa.","breadcrumb":{"@id":"https:\/\/emprenderenfiestas.com.ar\/wp-content\/uploads\/2021\/02\/combo-full-3D.png#breadcrumb"},"inLanguage":"es-AR","potentialAction":[{"@type":"ReadAction","target":["https:\/\/emprenderenfiestas.com.ar\/wp-content\/uploads\/2021\/02\/combo-full-3D.png"]}]},{"@type":"ImageObject","inLanguage":"es-AR","@id":"https:\/\/emprenderenfiestas.com.ar\/wp-content\/uploads\/2021\/02\/combo-full-3D.png#primaryimage","url":"https:\/\/i0.wp.com\/emprenderenfiestas.com\/wp-content\/uploads\/2022\/07\/IMG_20210217_160409738-01.jpeg?fit=2340%2C2340&ssl=1","contentUrl":"https:\/\/i0.wp.com\/emprenderenfiestas.com\/wp-content\/uploads\/2022\/07\/IMG_20210217_160409738-01.jpeg?fit=2340%2C2340&ssl=1","width":2340,"height":2340,"caption":"Curso Dise\u00f1o de LETRAS 3D con Illustrator LINK + SCANNCUT"},{"@type":"BreadcrumbList","@id":"https:\/\/emprenderenfiestas.com.ar\/wp-content\/uploads\/2021\/02\/combo-full-3D.png#breadcrumb","itemListElement":[{"@type":"ListItem","position":1,"name":"Inicio","item":"https:\/\/emprenderenfiestas.com\/"},{"@type":"ListItem","position":2,"name":"Shop","item":"https:\/\/emprenderenfiestas.com\/index.php\/shop\/"},{"@type":"ListItem","position":3,"name":"Combo FULL 3D &#8211; Abecedario completo may\u00fasculas, min\u00fasculas, diferentes formatos + n\u00fameros + letras cajas rellenables"}]},{"@type":"WebSite","@id":"https:\/\/emprenderenfiestas.com\/#website","url":"https:\/\/emprenderenfiestas.com\/","name":"Emprender en Fiestas","description":"Cursos para emprender en eventos","publisher":{"@id":"https:\/\/emprenderenfiestas.com\/#\/schema\/person\/7ae3f63e8e0d298333f421659b10fec6"},"potentialAction":[{"@type":"SearchAction","target":{"@type":"EntryPoint","urlTemplate":"https:\/\/emprenderenfiestas.com\/?s={search_term_string}"},"query-input":{"@type":"PropertyValueSpecification","valueRequired":true,"valueName":"search_term_string"}}],"inLanguage":"es-AR"},{"@type":["Person","Organization"],"@id":"https:\/\/emprenderenfiestas.com\/#\/schema\/person\/7ae3f63e8e0d298333f421659b10fec6","name":"Daniela Dana","image":{"@type":"ImageObject","inLanguage":"es-AR","@id":"https:\/\/i0.wp.com\/emprenderenfiestas.com\/wp-content\/uploads\/2023\/06\/Mesa-de-trabajo-3%402x-e1742245783883.png?fit=2400%2C928&ssl=1","url":"https:\/\/i0.wp.com\/emprenderenfiestas.com\/wp-content\/uploads\/2023\/06\/Mesa-de-trabajo-3%402x-e1742245783883.png?fit=2400%2C928&ssl=1","contentUrl":"https:\/\/i0.wp.com\/emprenderenfiestas.com\/wp-content\/uploads\/2023\/06\/Mesa-de-trabajo-3%402x-e1742245783883.png?fit=2400%2C928&ssl=1","width":2400,"height":928,"caption":"Daniela Dana"},"logo":{"@id":"https:\/\/i0.wp.com\/emprenderenfiestas.com\/wp-content\/uploads\/2023\/06\/Mesa-de-trabajo-3%402x-e1742245783883.png?fit=2400%2C928&ssl=1"}}]}},"jetpack_publicize_connections":[],"jetpack_sharing_enabled":true,"jetpack_likes_enabled":true,"jetpack-related-posts":[],"_links":{"self":[{"href":"https:\/\/emprenderenfiestas.com\/index.php\/wp-json\/wp\/v2\/product\/1773","targetHints":{"allow":["GET"]}}],"collection":[{"href":"https:\/\/emprenderenfiestas.com\/index.php\/wp-json\/wp\/v2\/product"}],"about":[{"href":"https:\/\/emprenderenfiestas.com\/index.php\/wp-json\/wp\/v2\/types\/product"}],"replies":[{"embeddable":true,"href":"https:\/\/emprenderenfiestas.com\/index.php\/wp-json\/wp\/v2\/comments?post=1773"}],"version-history":[{"count":3,"href":"https:\/\/emprenderenfiestas.com\/index.php\/wp-json\/wp\/v2\/product\/1773\/revisions"}],"predecessor-version":[{"id":31069,"href":"https:\/\/emprenderenfiestas.com\/index.php\/wp-json\/wp\/v2\/product\/1773\/revisions\/31069"}],"wp:featuredmedia":[{"embeddable":true,"href":"https:\/\/emprenderenfiestas.com\/index.php\/wp-json\/wp\/v2\/media\/20231"}],"wp:attachment":[{"href":"https:\/\/emprenderenfiestas.com\/index.php\/wp-json\/wp\/v2\/media?parent=1773"}],"wp:term":[{"taxonomy":"product_brand","embeddable":true,"href":"https:\/\/emprenderenfiestas.com\/index.php\/wp-json\/wp\/v2\/product_brand?post=1773"},{"taxonomy":"product_cat","embeddable":true,"href":"https:\/\/emprenderenfiestas.com\/index.php\/wp-json\/wp\/v2\/product_cat?post=1773"},{"taxonomy":"product_tag","embeddable":true,"href":"https:\/\/emprenderenfiestas.com\/index.php\/wp-json\/wp\/v2\/product_tag?post=1773"}],"curies":[{"name":"wp","href":"https:\/\/api.w.org\/{rel}","templated":true}]}}