{"id":1759,"date":"2021-02-17T16:39:49","date_gmt":"2021-02-17T19:39:49","guid":{"rendered":"https:\/\/emprenderenfiestas.com.ar\/?post_type=product&#038;p=1759"},"modified":"2025-12-15T12:12:09","modified_gmt":"2025-12-15T15:12:09","slug":"moldes-letras-3d-minusculas-descargables-y-editables-formatos-pdf-svg-y-studio3","status":"publish","type":"product","link":"https:\/\/emprenderenfiestas.com\/index.php\/product\/moldes-letras-3d-minusculas-descargables-y-editables-formatos-pdf-svg-y-studio3\/","title":{"rendered":"Moldes Letras 3D Min\u00fasculas &#8211; Descargables y editables &#8211; Formatos PDF, SVG y Studio3"},"content":{"rendered":"","protected":false},"excerpt":{"rendered":"<p>Letras 3D para imprimir en tu propia casa.<\/p>\n<p>Descarg\u00e1 los moldes de las letras 3D, editalas y decoralas con cualquier programa.<\/p>\n<p>Ten\u00e9s formatos pdf, svg y silhouette studio3.<\/p>\n<p>Pod\u00e9s cortarlas a mano con tijera y cuter o usar tu plotter de corte Brother o Silhouette.<\/p>\n<p>Abecedario completo en MIN\u00daSCULAS.<\/p>\n<p>Aprovech\u00e1 y busc\u00e1 los n\u00fameros y MAY\u00daSCULAS, para armar tu pack full y llevarte todo, por mucho menos.<\/p>\n<p><strong>NO INCLUYE CURSO Y NO POSEE SOPORTE<\/strong><\/p>\n","protected":false},"featured_media":20231,"comment_status":"open","ping_status":"closed","template":"","meta":{"site-sidebar-layout":"no-sidebar","site-content-layout":"plain-container","ast-site-content-layout":"default","site-content-style":"default","site-sidebar-style":"default","ast-global-header-display":"","ast-banner-title-visibility":"","ast-main-header-display":"","ast-hfb-above-header-display":"","ast-hfb-below-header-display":"","ast-hfb-mobile-header-display":"","site-post-title":"disabled","ast-breadcrumbs-content":"","ast-featured-img":"disabled","footer-sml-layout":"","ast-disable-related-posts":"","theme-transparent-header-meta":"default","adv-header-id-meta":"","stick-header-meta":"","header-above-stick-meta":"","header-main-stick-meta":"","header-below-stick-meta":"","astra-migrate-meta-layouts":"default","ast-page-background-enabled":"default","ast-page-background-meta":{"desktop":{"background-color":"var(--ast-global-color-4)","background-image":"","background-repeat":"repeat","background-position":"center center","background-size":"auto","background-attachment":"scroll","background-type":"","background-media":"","overlay-type":"","overlay-color":"","overlay-opacity":"","overlay-gradient":""},"tablet":{"background-color":"","background-image":"","background-repeat":"repeat","background-position":"center center","background-size":"auto","background-attachment":"scroll","background-type":"","background-media":"","overlay-type":"","overlay-color":"","overlay-opacity":"","overlay-gradient":""},"mobile":{"background-color":"","background-image":"","background-repeat":"repeat","background-position":"center center","background-size":"auto","background-attachment":"scroll","background-type":"","background-media":"","overlay-type":"","overlay-color":"","overlay-opacity":"","overlay-gradient":""}},"ast-content-background-meta":{"desktop":{"background-color":"var(--ast-global-color-5)","background-image":"","background-repeat":"repeat","background-position":"center center","background-size":"auto","background-attachment":"scroll","background-type":"","background-media":"","overlay-type":"","overlay-color":"","overlay-opacity":"","overlay-gradient":""},"tablet":{"background-color":"var(--ast-global-color-5)","background-image":"","background-repeat":"repeat","background-position":"center center","background-size":"auto","background-attachment":"scroll","background-type":"","background-media":"","overlay-type":"","overlay-color":"","overlay-opacity":"","overlay-gradient":""},"mobile":{"background-color":"var(--ast-global-color-5)","background-image":"","background-repeat":"repeat","background-position":"center center","background-size":"auto","background-attachment":"scroll","background-type":"","background-media":"","overlay-type":"","overlay-color":"","overlay-opacity":"","overlay-gradient":""}},"jetpack_post_was_ever_published":false,"jetpack_publicize_message":"","jetpack_publicize_feature_enabled":true,"jetpack_social_post_already_shared":false,"jetpack_social_options":{"image_generator_settings":{"template":"highway","default_image_id":0,"font":"","enabled":false},"version":2}},"product_brand":[],"product_cat":[426,430,429,149,422,416,28,414,431,421,417,432,415],"product_tag":[23,24,25,26,27,29,30],"class_list":{"0":"post-1759","1":"product","2":"type-product","3":"status-publish","4":"has-post-thumbnail","6":"product_cat-brother","7":"product_cat-canva","8":"product_cat-illustrator","9":"product_cat-imprimibles","10":"product_cat-intermedio","11":"product_cat-modalidad","12":"product_cat-moldes-candy-letras3d","13":"product_cat-nivel","14":"product_cat-papeleria","15":"product_cat-principiante","16":"product_cat-programa","17":"product_cat-scanncut-brother","18":"product_cat-tematica","19":"product_tag-decoracion-de-eventos","20":"product_tag-decoracion-en-papel","21":"product_tag-golosinas-personaliadas","22":"product_tag-kits-imprimibles","23":"product_tag-letras-3d","24":"product_tag-moldes-candy-bar","25":"product_tag-moldes-letras-3d","26":"desktop-align-center","27":"tablet-align-left","28":"mobile-align-left","30":"first","31":"instock","32":"downloadable","33":"virtual","34":"purchasable","35":"product-type-simple"},"yoast_head":"<!-- This site is optimized with the Yoast SEO plugin v27.4 - https:\/\/yoast.com\/product\/yoast-seo-wordpress\/ -->\n<title>Moldes Letras 3D Min\u00fasculas - Descargables y editables - Formatos PDF, SVG y Studio3 - emprenderenfiestas.com<\/title>\n<meta name=\"description\" content=\"Letras 3D en formato MINUSCULAS, para imprimir en tu propia casa. Descarg\u00e1 los moldes, editalas y decoralas con cualquier programa. Cort\u00e1 con tijera y cuter o usar tu plotter de corte Brother o Silhouette.\u00a0\" \/>\n<meta name=\"robots\" content=\"index, follow, max-snippet:-1, max-image-preview:large, max-video-preview:-1\" \/>\n<link rel=\"canonical\" href=\"https:\/\/emprenderenfiestas.com\/index.php\/product\/moldes-letras-3d-minusculas-descargables-y-editables-formatos-pdf-svg-y-studio3\/\" \/>\n<meta property=\"og:locale\" content=\"es_ES\" \/>\n<meta property=\"og:type\" content=\"article\" \/>\n<meta property=\"og:title\" content=\"Moldes Letras 3D Min\u00fasculas - Descargables y editables - Formatos PDF, SVG y Studio3 - emprenderenfiestas.com\" \/>\n<meta property=\"og:description\" content=\"Letras 3D en formato MINUSCULAS, para imprimir en tu propia casa. Descarg\u00e1 los moldes, editalas y decoralas con cualquier programa. Cort\u00e1 con tijera y cuter o usar tu plotter de corte Brother o Silhouette.\u00a0\" \/>\n<meta property=\"og:url\" content=\"https:\/\/emprenderenfiestas.com\/index.php\/product\/moldes-letras-3d-minusculas-descargables-y-editables-formatos-pdf-svg-y-studio3\/\" \/>\n<meta property=\"og:site_name\" content=\"emprenderenfiestas.com\" \/>\n<meta property=\"article:modified_time\" content=\"2025-12-15T15:12:09+00:00\" \/>\n<meta property=\"og:image\" content=\"https:\/\/emprenderenfiestas.com\/wp-content\/uploads\/2022\/07\/IMG_20210217_160409738-01.jpeg\" \/>\n\t<meta property=\"og:image:width\" content=\"2340\" \/>\n\t<meta property=\"og:image:height\" content=\"2340\" \/>\n\t<meta property=\"og:image:type\" content=\"image\/jpeg\" \/>\n<meta name=\"twitter:card\" content=\"summary_large_image\" \/>\n<script type=\"application\/ld+json\" class=\"yoast-schema-graph\">{\"@context\":\"https:\\\/\\\/schema.org\",\"@graph\":[{\"@type\":\"WebPage\",\"@id\":\"https:\\\/\\\/emprenderenfiestas.com\\\/index.php\\\/product\\\/moldes-letras-3d-minusculas-descargables-y-editables-formatos-pdf-svg-y-studio3\\\/\",\"url\":\"https:\\\/\\\/emprenderenfiestas.com\\\/index.php\\\/product\\\/moldes-letras-3d-minusculas-descargables-y-editables-formatos-pdf-svg-y-studio3\\\/\",\"name\":\"Moldes Letras 3D Min\u00fasculas - Descargables y editables - Formatos PDF, SVG y Studio3 - emprenderenfiestas.com\",\"isPartOf\":{\"@id\":\"https:\\\/\\\/emprenderenfiestas.com\\\/#website\"},\"primaryImageOfPage\":{\"@id\":\"https:\\\/\\\/emprenderenfiestas.com\\\/index.php\\\/product\\\/moldes-letras-3d-minusculas-descargables-y-editables-formatos-pdf-svg-y-studio3\\\/#primaryimage\"},\"image\":{\"@id\":\"https:\\\/\\\/emprenderenfiestas.com\\\/index.php\\\/product\\\/moldes-letras-3d-minusculas-descargables-y-editables-formatos-pdf-svg-y-studio3\\\/#primaryimage\"},\"thumbnailUrl\":\"https:\\\/\\\/i0.wp.com\\\/emprenderenfiestas.com\\\/wp-content\\\/uploads\\\/2022\\\/07\\\/IMG_20210217_160409738-01.jpeg?fit=2340%2C2340&ssl=1\",\"datePublished\":\"2021-02-17T19:39:49+00:00\",\"dateModified\":\"2025-12-15T15:12:09+00:00\",\"description\":\"Letras 3D en formato MINUSCULAS, para imprimir en tu propia casa. Descarg\u00e1 los moldes, editalas y decoralas con cualquier programa. Cort\u00e1 con tijera y cuter o usar tu plotter de corte Brother o Silhouette.\u00a0\",\"breadcrumb\":{\"@id\":\"https:\\\/\\\/emprenderenfiestas.com\\\/index.php\\\/product\\\/moldes-letras-3d-minusculas-descargables-y-editables-formatos-pdf-svg-y-studio3\\\/#breadcrumb\"},\"inLanguage\":\"es-AR\",\"potentialAction\":[{\"@type\":\"ReadAction\",\"target\":[\"https:\\\/\\\/emprenderenfiestas.com\\\/index.php\\\/product\\\/moldes-letras-3d-minusculas-descargables-y-editables-formatos-pdf-svg-y-studio3\\\/\"]}]},{\"@type\":\"ImageObject\",\"inLanguage\":\"es-AR\",\"@id\":\"https:\\\/\\\/emprenderenfiestas.com\\\/index.php\\\/product\\\/moldes-letras-3d-minusculas-descargables-y-editables-formatos-pdf-svg-y-studio3\\\/#primaryimage\",\"url\":\"https:\\\/\\\/i0.wp.com\\\/emprenderenfiestas.com\\\/wp-content\\\/uploads\\\/2022\\\/07\\\/IMG_20210217_160409738-01.jpeg?fit=2340%2C2340&ssl=1\",\"contentUrl\":\"https:\\\/\\\/i0.wp.com\\\/emprenderenfiestas.com\\\/wp-content\\\/uploads\\\/2022\\\/07\\\/IMG_20210217_160409738-01.jpeg?fit=2340%2C2340&ssl=1\",\"width\":2340,\"height\":2340,\"caption\":\"Curso Dise\u00f1o de LETRAS 3D con Illustrator LINK + SCANNCUT\"},{\"@type\":\"BreadcrumbList\",\"@id\":\"https:\\\/\\\/emprenderenfiestas.com\\\/index.php\\\/product\\\/moldes-letras-3d-minusculas-descargables-y-editables-formatos-pdf-svg-y-studio3\\\/#breadcrumb\",\"itemListElement\":[{\"@type\":\"ListItem\",\"position\":1,\"name\":\"Inicio\",\"item\":\"https:\\\/\\\/emprenderenfiestas.com\\\/\"},{\"@type\":\"ListItem\",\"position\":2,\"name\":\"Shop\",\"item\":\"https:\\\/\\\/emprenderenfiestas.com\\\/index.php\\\/shop\\\/\"},{\"@type\":\"ListItem\",\"position\":3,\"name\":\"Moldes Letras 3D Min\u00fasculas &#8211; Descargables y editables &#8211; Formatos PDF, SVG y Studio3\"}]},{\"@type\":\"WebSite\",\"@id\":\"https:\\\/\\\/emprenderenfiestas.com\\\/#website\",\"url\":\"https:\\\/\\\/emprenderenfiestas.com\\\/\",\"name\":\"Emprender en Fiestas\",\"description\":\"Cursos para emprender en eventos\",\"publisher\":{\"@id\":\"https:\\\/\\\/emprenderenfiestas.com\\\/#\\\/schema\\\/person\\\/7ae3f63e8e0d298333f421659b10fec6\"},\"potentialAction\":[{\"@type\":\"SearchAction\",\"target\":{\"@type\":\"EntryPoint\",\"urlTemplate\":\"https:\\\/\\\/emprenderenfiestas.com\\\/?s={search_term_string}\"},\"query-input\":{\"@type\":\"PropertyValueSpecification\",\"valueRequired\":true,\"valueName\":\"search_term_string\"}}],\"inLanguage\":\"es-AR\"},{\"@type\":[\"Person\",\"Organization\"],\"@id\":\"https:\\\/\\\/emprenderenfiestas.com\\\/#\\\/schema\\\/person\\\/7ae3f63e8e0d298333f421659b10fec6\",\"name\":\"Daniela Dana\",\"image\":{\"@type\":\"ImageObject\",\"inLanguage\":\"es-AR\",\"@id\":\"https:\\\/\\\/i0.wp.com\\\/emprenderenfiestas.com\\\/wp-content\\\/uploads\\\/2023\\\/06\\\/Mesa-de-trabajo-3%402x-e1742245783883.png?fit=2400%2C928&ssl=1\",\"url\":\"https:\\\/\\\/i0.wp.com\\\/emprenderenfiestas.com\\\/wp-content\\\/uploads\\\/2023\\\/06\\\/Mesa-de-trabajo-3%402x-e1742245783883.png?fit=2400%2C928&ssl=1\",\"contentUrl\":\"https:\\\/\\\/i0.wp.com\\\/emprenderenfiestas.com\\\/wp-content\\\/uploads\\\/2023\\\/06\\\/Mesa-de-trabajo-3%402x-e1742245783883.png?fit=2400%2C928&ssl=1\",\"width\":2400,\"height\":928,\"caption\":\"Daniela Dana\"},\"logo\":{\"@id\":\"https:\\\/\\\/i0.wp.com\\\/emprenderenfiestas.com\\\/wp-content\\\/uploads\\\/2023\\\/06\\\/Mesa-de-trabajo-3%402x-e1742245783883.png?fit=2400%2C928&ssl=1\"}}]}<\/script>\n<!-- \/ Yoast SEO plugin. -->","yoast_head_json":{"title":"Moldes Letras 3D Min\u00fasculas - Descargables y editables - Formatos PDF, SVG y Studio3 - emprenderenfiestas.com","description":"Letras 3D en formato MINUSCULAS, para imprimir en tu propia casa. Descarg\u00e1 los moldes, editalas y decoralas con cualquier programa. Cort\u00e1 con tijera y cuter o usar tu plotter de corte Brother o Silhouette.\u00a0","robots":{"index":"index","follow":"follow","max-snippet":"max-snippet:-1","max-image-preview":"max-image-preview:large","max-video-preview":"max-video-preview:-1"},"canonical":"https:\/\/emprenderenfiestas.com\/index.php\/product\/moldes-letras-3d-minusculas-descargables-y-editables-formatos-pdf-svg-y-studio3\/","og_locale":"es_ES","og_type":"article","og_title":"Moldes Letras 3D Min\u00fasculas - Descargables y editables - Formatos PDF, SVG y Studio3 - emprenderenfiestas.com","og_description":"Letras 3D en formato MINUSCULAS, para imprimir en tu propia casa. Descarg\u00e1 los moldes, editalas y decoralas con cualquier programa. Cort\u00e1 con tijera y cuter o usar tu plotter de corte Brother o Silhouette.\u00a0","og_url":"https:\/\/emprenderenfiestas.com\/index.php\/product\/moldes-letras-3d-minusculas-descargables-y-editables-formatos-pdf-svg-y-studio3\/","og_site_name":"emprenderenfiestas.com","article_modified_time":"2025-12-15T15:12:09+00:00","og_image":[{"width":2340,"height":2340,"url":"https:\/\/emprenderenfiestas.com\/wp-content\/uploads\/2022\/07\/IMG_20210217_160409738-01.jpeg","type":"image\/jpeg"}],"twitter_card":"summary_large_image","schema":{"@context":"https:\/\/schema.org","@graph":[{"@type":"WebPage","@id":"https:\/\/emprenderenfiestas.com\/index.php\/product\/moldes-letras-3d-minusculas-descargables-y-editables-formatos-pdf-svg-y-studio3\/","url":"https:\/\/emprenderenfiestas.com\/index.php\/product\/moldes-letras-3d-minusculas-descargables-y-editables-formatos-pdf-svg-y-studio3\/","name":"Moldes Letras 3D Min\u00fasculas - Descargables y editables - Formatos PDF, SVG y Studio3 - emprenderenfiestas.com","isPartOf":{"@id":"https:\/\/emprenderenfiestas.com\/#website"},"primaryImageOfPage":{"@id":"https:\/\/emprenderenfiestas.com\/index.php\/product\/moldes-letras-3d-minusculas-descargables-y-editables-formatos-pdf-svg-y-studio3\/#primaryimage"},"image":{"@id":"https:\/\/emprenderenfiestas.com\/index.php\/product\/moldes-letras-3d-minusculas-descargables-y-editables-formatos-pdf-svg-y-studio3\/#primaryimage"},"thumbnailUrl":"https:\/\/i0.wp.com\/emprenderenfiestas.com\/wp-content\/uploads\/2022\/07\/IMG_20210217_160409738-01.jpeg?fit=2340%2C2340&ssl=1","datePublished":"2021-02-17T19:39:49+00:00","dateModified":"2025-12-15T15:12:09+00:00","description":"Letras 3D en formato MINUSCULAS, para imprimir en tu propia casa. Descarg\u00e1 los moldes, editalas y decoralas con cualquier programa. Cort\u00e1 con tijera y cuter o usar tu plotter de corte Brother o Silhouette.\u00a0","breadcrumb":{"@id":"https:\/\/emprenderenfiestas.com\/index.php\/product\/moldes-letras-3d-minusculas-descargables-y-editables-formatos-pdf-svg-y-studio3\/#breadcrumb"},"inLanguage":"es-AR","potentialAction":[{"@type":"ReadAction","target":["https:\/\/emprenderenfiestas.com\/index.php\/product\/moldes-letras-3d-minusculas-descargables-y-editables-formatos-pdf-svg-y-studio3\/"]}]},{"@type":"ImageObject","inLanguage":"es-AR","@id":"https:\/\/emprenderenfiestas.com\/index.php\/product\/moldes-letras-3d-minusculas-descargables-y-editables-formatos-pdf-svg-y-studio3\/#primaryimage","url":"https:\/\/i0.wp.com\/emprenderenfiestas.com\/wp-content\/uploads\/2022\/07\/IMG_20210217_160409738-01.jpeg?fit=2340%2C2340&ssl=1","contentUrl":"https:\/\/i0.wp.com\/emprenderenfiestas.com\/wp-content\/uploads\/2022\/07\/IMG_20210217_160409738-01.jpeg?fit=2340%2C2340&ssl=1","width":2340,"height":2340,"caption":"Curso Dise\u00f1o de LETRAS 3D con Illustrator LINK + SCANNCUT"},{"@type":"BreadcrumbList","@id":"https:\/\/emprenderenfiestas.com\/index.php\/product\/moldes-letras-3d-minusculas-descargables-y-editables-formatos-pdf-svg-y-studio3\/#breadcrumb","itemListElement":[{"@type":"ListItem","position":1,"name":"Inicio","item":"https:\/\/emprenderenfiestas.com\/"},{"@type":"ListItem","position":2,"name":"Shop","item":"https:\/\/emprenderenfiestas.com\/index.php\/shop\/"},{"@type":"ListItem","position":3,"name":"Moldes Letras 3D Min\u00fasculas &#8211; Descargables y editables &#8211; Formatos PDF, SVG y Studio3"}]},{"@type":"WebSite","@id":"https:\/\/emprenderenfiestas.com\/#website","url":"https:\/\/emprenderenfiestas.com\/","name":"Emprender en Fiestas","description":"Cursos para emprender en eventos","publisher":{"@id":"https:\/\/emprenderenfiestas.com\/#\/schema\/person\/7ae3f63e8e0d298333f421659b10fec6"},"potentialAction":[{"@type":"SearchAction","target":{"@type":"EntryPoint","urlTemplate":"https:\/\/emprenderenfiestas.com\/?s={search_term_string}"},"query-input":{"@type":"PropertyValueSpecification","valueRequired":true,"valueName":"search_term_string"}}],"inLanguage":"es-AR"},{"@type":["Person","Organization"],"@id":"https:\/\/emprenderenfiestas.com\/#\/schema\/person\/7ae3f63e8e0d298333f421659b10fec6","name":"Daniela Dana","image":{"@type":"ImageObject","inLanguage":"es-AR","@id":"https:\/\/i0.wp.com\/emprenderenfiestas.com\/wp-content\/uploads\/2023\/06\/Mesa-de-trabajo-3%402x-e1742245783883.png?fit=2400%2C928&ssl=1","url":"https:\/\/i0.wp.com\/emprenderenfiestas.com\/wp-content\/uploads\/2023\/06\/Mesa-de-trabajo-3%402x-e1742245783883.png?fit=2400%2C928&ssl=1","contentUrl":"https:\/\/i0.wp.com\/emprenderenfiestas.com\/wp-content\/uploads\/2023\/06\/Mesa-de-trabajo-3%402x-e1742245783883.png?fit=2400%2C928&ssl=1","width":2400,"height":928,"caption":"Daniela Dana"},"logo":{"@id":"https:\/\/i0.wp.com\/emprenderenfiestas.com\/wp-content\/uploads\/2023\/06\/Mesa-de-trabajo-3%402x-e1742245783883.png?fit=2400%2C928&ssl=1"}}]}},"jetpack_publicize_connections":[],"jetpack_sharing_enabled":true,"jetpack_likes_enabled":true,"jetpack-related-posts":[],"_links":{"self":[{"href":"https:\/\/emprenderenfiestas.com\/index.php\/wp-json\/wp\/v2\/product\/1759","targetHints":{"allow":["GET"]}}],"collection":[{"href":"https:\/\/emprenderenfiestas.com\/index.php\/wp-json\/wp\/v2\/product"}],"about":[{"href":"https:\/\/emprenderenfiestas.com\/index.php\/wp-json\/wp\/v2\/types\/product"}],"replies":[{"embeddable":true,"href":"https:\/\/emprenderenfiestas.com\/index.php\/wp-json\/wp\/v2\/comments?post=1759"}],"version-history":[{"count":1,"href":"https:\/\/emprenderenfiestas.com\/index.php\/wp-json\/wp\/v2\/product\/1759\/revisions"}],"predecessor-version":[{"id":21998,"href":"https:\/\/emprenderenfiestas.com\/index.php\/wp-json\/wp\/v2\/product\/1759\/revisions\/21998"}],"wp:featuredmedia":[{"embeddable":true,"href":"https:\/\/emprenderenfiestas.com\/index.php\/wp-json\/wp\/v2\/media\/20231"}],"wp:attachment":[{"href":"https:\/\/emprenderenfiestas.com\/index.php\/wp-json\/wp\/v2\/media?parent=1759"}],"wp:term":[{"taxonomy":"product_brand","embeddable":true,"href":"https:\/\/emprenderenfiestas.com\/index.php\/wp-json\/wp\/v2\/product_brand?post=1759"},{"taxonomy":"product_cat","embeddable":true,"href":"https:\/\/emprenderenfiestas.com\/index.php\/wp-json\/wp\/v2\/product_cat?post=1759"},{"taxonomy":"product_tag","embeddable":true,"href":"https:\/\/emprenderenfiestas.com\/index.php\/wp-json\/wp\/v2\/product_tag?post=1759"}],"curies":[{"name":"wp","href":"https:\/\/api.w.org\/{rel}","templated":true}]}}