{"id":16871,"date":"2023-03-30T15:05:04","date_gmt":"2023-03-30T18:05:04","guid":{"rendered":"https:\/\/emprenderenfiestas.com.ar\/?post_type=product&#038;p=16871"},"modified":"2026-01-23T11:59:38","modified_gmt":"2026-01-23T14:59:38","slug":"decoracion-con-globos","status":"publish","type":"product","link":"https:\/\/emprenderenfiestas.com\/index.php\/product\/decoracion-con-globos\/","title":{"rendered":"Curso online de Decoraci\u00f3n con Globos para Principiantes"},"content":{"rendered":"\t\t<div data-elementor-type=\"wp-post\" data-elementor-id=\"16871\" class=\"elementor elementor-16871\" data-elementor-post-type=\"product\">\n\t\t\t\t\t\t<section class=\"elementor-section elementor-top-section elementor-element elementor-element-118ccc4 elementor-section-boxed elementor-section-height-default elementor-section-height-default\" data-id=\"118ccc4\" data-element_type=\"section\" data-e-type=\"section\">\n\t\t\t\t\t\t<div class=\"elementor-container elementor-column-gap-default\">\n\t\t\t\t\t<div class=\"elementor-column elementor-col-100 elementor-top-column elementor-element elementor-element-50884267\" data-id=\"50884267\" data-element_type=\"column\" data-e-type=\"column\">\n\t\t\t<div class=\"elementor-widget-wrap elementor-element-populated\">\n\t\t\t\t\t\t<div class=\"elementor-element elementor-element-7b812162 elementor-widget elementor-widget-text-editor\" data-id=\"7b812162\" data-element_type=\"widget\" data-e-type=\"widget\" data-widget_type=\"text-editor.default\">\n\t\t\t\t<div class=\"elementor-widget-container\">\n\t\t\t\t\t\t\t\t\t<p><strong>\ud83c\udfaf Objetivos del curso<\/strong><\/p><ul><li>Aprender el <strong>ABC de la decoraci\u00f3n con globos<\/strong> para dominar t\u00e9cnicas esenciales.<\/li><li>Conocer los tama\u00f1os, calibraci\u00f3n y formatos de globos m\u00e1s utilizados.<\/li><li>Aplicar m\u00e9todos de amarre y t\u00e9cnicas de sujeci\u00f3n de globos.<\/li><li>Descubrir c\u00f3mo aprovechar los recursos con t\u00e9cnicas de <strong>reciclado de globos<\/strong>.<\/li><li>Usar de forma correcta infladores y accesorios para optimizar la producci\u00f3n.<\/li><li>Crear proyectos reales y pr\u00e1cticos de decoraciones con globos.<\/li><\/ul><h5><a href=\"https:\/\/i0.wp.com\/emprenderenfiestas.com\/wp-content\/uploads\/2023\/03\/286cc47d-fce8-4d70-80c4-bf70bdc82fc7.jpg?ssl=1\"><img decoding=\"async\" data-attachment-id=\"32388\" data-permalink=\"https:\/\/emprenderenfiestas.com\/?attachment_id=32388\" data-orig-file=\"https:\/\/i0.wp.com\/emprenderenfiestas.com\/wp-content\/uploads\/2023\/03\/286cc47d-fce8-4d70-80c4-bf70bdc82fc7.jpg?fit=1600%2C1600&amp;ssl=1\" data-orig-size=\"1600,1600\" data-comments-opened=\"1\" data-image-meta=\"{&quot;aperture&quot;:&quot;0&quot;,&quot;credit&quot;:&quot;&quot;,&quot;camera&quot;:&quot;&quot;,&quot;caption&quot;:&quot;&quot;,&quot;created_timestamp&quot;:&quot;0&quot;,&quot;copyright&quot;:&quot;&quot;,&quot;focal_length&quot;:&quot;0&quot;,&quot;iso&quot;:&quot;0&quot;,&quot;shutter_speed&quot;:&quot;0&quot;,&quot;title&quot;:&quot;&quot;,&quot;orientation&quot;:&quot;0&quot;}\" data-image-title=\"curso online de globologia aqb\" data-image-description=\"\" data-image-caption=\"\" data-large-file=\"https:\/\/i0.wp.com\/emprenderenfiestas.com\/wp-content\/uploads\/2023\/03\/286cc47d-fce8-4d70-80c4-bf70bdc82fc7.jpg?fit=1024%2C1024&amp;ssl=1\" data-recalc-dims=\"1\" class=\" wp-image-32388 alignleft\" src=\"https:\/\/i0.wp.com\/emprenderenfiestas.com\/wp-content\/uploads\/2023\/03\/286cc47d-fce8-4d70-80c4-bf70bdc82fc7.jpg?resize=143%2C143&#038;ssl=1\" alt=\"\" width=\"143\" height=\"143\" srcset=\"https:\/\/i0.wp.com\/emprenderenfiestas.com\/wp-content\/uploads\/2023\/03\/286cc47d-fce8-4d70-80c4-bf70bdc82fc7.jpg?w=1600&amp;ssl=1 1600w, https:\/\/i0.wp.com\/emprenderenfiestas.com\/wp-content\/uploads\/2023\/03\/286cc47d-fce8-4d70-80c4-bf70bdc82fc7.jpg?resize=300%2C300&amp;ssl=1 300w, https:\/\/i0.wp.com\/emprenderenfiestas.com\/wp-content\/uploads\/2023\/03\/286cc47d-fce8-4d70-80c4-bf70bdc82fc7.jpg?resize=1024%2C1024&amp;ssl=1 1024w, https:\/\/i0.wp.com\/emprenderenfiestas.com\/wp-content\/uploads\/2023\/03\/286cc47d-fce8-4d70-80c4-bf70bdc82fc7.jpg?resize=150%2C150&amp;ssl=1 150w, https:\/\/i0.wp.com\/emprenderenfiestas.com\/wp-content\/uploads\/2023\/03\/286cc47d-fce8-4d70-80c4-bf70bdc82fc7.jpg?resize=768%2C768&amp;ssl=1 768w, https:\/\/i0.wp.com\/emprenderenfiestas.com\/wp-content\/uploads\/2023\/03\/286cc47d-fce8-4d70-80c4-bf70bdc82fc7.jpg?resize=1536%2C1536&amp;ssl=1 1536w, https:\/\/i0.wp.com\/emprenderenfiestas.com\/wp-content\/uploads\/2023\/03\/286cc47d-fce8-4d70-80c4-bf70bdc82fc7.jpg?resize=600%2C600&amp;ssl=1 600w, https:\/\/i0.wp.com\/emprenderenfiestas.com\/wp-content\/uploads\/2023\/03\/286cc47d-fce8-4d70-80c4-bf70bdc82fc7.jpg?resize=100%2C100&amp;ssl=1 100w\" sizes=\"(max-width: 143px) 100vw, 143px\" \/><\/a>Este curso es impartido por una <strong>Decoradora Certificada AQB (Artista Calificada en Globos)<\/strong>, asegurando que las t\u00e9cnicas y los conocimientos transmitidos est\u00e1n alineados con los m\u00e1s altos est\u00e1ndares del sector de la globolog\u00eda.<\/h5><p>\u00a0<\/p><p>\u00a0<\/p><hr \/><p><strong>\ud83d\udcd8 Temario del curso<\/strong><\/p><p><strong>\ud83d\udd39 Conceptos b\u00e1sicos para empezar con globos<\/strong><\/p><ul><li>El <strong>ABC de la decoraci\u00f3n con globos<\/strong>: todo lo que necesit\u00e1s saber para comenzar.<\/li><li>Tama\u00f1os y calibrado de globos para diferentes tipos de decoraciones.<\/li><li>Tipos de globos y sus formatos m\u00e1s utilizados.<\/li><li>T\u00e9cnicas de amarre y sujeci\u00f3n de globos.<\/li><li>Uso correcto de infladores y accesorios para mayor eficiencia.<\/li><li><strong>T\u00e9cnicas de reciclado de globos<\/strong> para aprovechar los materiales y optimizar costos.<\/li><\/ul><p><strong>\ud83d\udd39 Proyectos pr\u00e1cticos dentro del curso<\/strong><\/p><ul><li><strong>Bouquet de globos b\u00e1sico<\/strong>: aprend\u00e9 a armar el cl\u00e1sico bouquet de globos que todos aman.<\/li><li><strong>Columna de globos redonda<\/strong>: t\u00e9cnica sencilla para crear columnas decorativas.<\/li><li><strong>Columna de globos cuadrada<\/strong>: aprend\u00e9 la t\u00e9cnica para darle forma cuadrada a tus columnas.<\/li><li><strong>Columna de globos org\u00e1nica<\/strong>: t\u00e9cnica de moda para crear una columna con un aspecto natural y fluido.<\/li><\/ul><hr \/><p><strong>\ud83d\udc65 \u00bfA qui\u00e9n est\u00e1 dirigido?<\/strong><br \/>Este curso est\u00e1 dise\u00f1ado para:<\/p><ul><li><strong>Personas sin experiencia previa<\/strong> que desean iniciarse en el mundo de la decoraci\u00f3n con globos.<\/li><li><strong>Autodidactas<\/strong> que ya han intentado trabajar con globos pero buscan t\u00e9cnicas m\u00e1s efectivas.<\/li><li><strong>Decoradoras de mesas tem\u00e1ticas<\/strong> que quieren ampliar su cat\u00e1logo de servicios y dejar de tercerizar la decoraci\u00f3n con globos.<\/li><li><strong>Emprendedoras de eventos<\/strong> que buscan incorporar una nueva l\u00ednea de negocio rentable.<\/li><\/ul><hr \/><p><strong>\ud83d\udcda Formato y duraci\u00f3n<\/strong><\/p><ul><li><strong>Modalidad:<\/strong> Curso grabado, 100% online.<\/li><li><strong>Acceso:<\/strong> Permanente, sin l\u00edmite de visualizaciones.<\/li><li><strong>Duraci\u00f3n:<\/strong> \ud83d\udd52 2 horas.<\/li><\/ul><hr \/><p><strong>\ud83c\udf81 Material incluido<\/strong><\/p><ul><li>Este curso <strong>NO incluye materiales f\u00edsicos, ni archivos digitales<\/strong> adicionales.<\/li><li>Los videos <strong>NO son descargables<\/strong>, se ven dentro de la web.<\/li><\/ul><hr \/><p><strong>\ud83d\udc8e Beneficios adicionales<\/strong><\/p><ul><li>Soporte t\u00e9cnico para resolver dudas durante el proceso de aprendizaje.<\/li><li>Acceso de por vida al contenido grabado para ver las veces que desees.<\/li><li>Certificado de finalizaci\u00f3n al completar el curso.<\/li><\/ul>\t\t\t\t\t\t\t\t<\/div>\n\t\t\t\t<\/div>\n\t\t\t\t\t<\/div>\n\t\t<\/div>\n\t\t\t\t\t<\/div>\n\t\t<\/section>\n\t\t\t\t<\/div>\n\t\t","protected":false},"excerpt":{"rendered":"<p>ESTE CURSO ONLINE GRABADO es para vos s\u00ed:<\/p>\n<ul>\n<li>Te dan miedo los globos y no te animas a usarlos en tus decoraciones, por falta de confianza y conocimientos.<\/li>\n<li>Empezaste a usar globos de manera autodidacta y no te gusta el resultado que est\u00e1s obteniendo.<\/li>\n<li>Quer\u00e9s incorporar un nuevo producto\/servicio a tu negocio, para aumentar tus ingresos.<\/li>\n<\/ul>\n<p>Qu\u00e9 vas a poder decorar con este curso online:<\/p>\n<p>Desde comercios, hasta eventos sociales y corporativos.<\/p>\n","protected":false},"featured_media":32387,"comment_status":"open","ping_status":"closed","template":"","meta":{"site-sidebar-layout":"default","site-content-layout":"default","ast-site-content-layout":"default","site-content-style":"default","site-sidebar-style":"default","ast-global-header-display":"","ast-banner-title-visibility":"","ast-main-header-display":"","ast-hfb-above-header-display":"","ast-hfb-below-header-display":"","ast-hfb-mobile-header-display":"","site-post-title":"","ast-breadcrumbs-content":"","ast-featured-img":"","footer-sml-layout":"","ast-disable-related-posts":"","theme-transparent-header-meta":"default","adv-header-id-meta":"","stick-header-meta":"","header-above-stick-meta":"","header-main-stick-meta":"","header-below-stick-meta":"","astra-migrate-meta-layouts":"set","ast-page-background-enabled":"default","ast-page-background-meta":{"desktop":{"background-color":"var(--ast-global-color-4)","background-image":"","background-repeat":"repeat","background-position":"center center","background-size":"auto","background-attachment":"scroll","background-type":"","background-media":"","overlay-type":"","overlay-color":"","overlay-opacity":"","overlay-gradient":""},"tablet":{"background-color":"","background-image":"","background-repeat":"repeat","background-position":"center center","background-size":"auto","background-attachment":"scroll","background-type":"","background-media":"","overlay-type":"","overlay-color":"","overlay-opacity":"","overlay-gradient":""},"mobile":{"background-color":"","background-image":"","background-repeat":"repeat","background-position":"center center","background-size":"auto","background-attachment":"scroll","background-type":"","background-media":"","overlay-type":"","overlay-color":"","overlay-opacity":"","overlay-gradient":""}},"ast-content-background-meta":{"desktop":{"background-color":"var(--ast-global-color-5)","background-image":"","background-repeat":"repeat","background-position":"center center","background-size":"auto","background-attachment":"scroll","background-type":"","background-media":"","overlay-type":"","overlay-color":"","overlay-opacity":"","overlay-gradient":""},"tablet":{"background-color":"var(--ast-global-color-5)","background-image":"","background-repeat":"repeat","background-position":"center center","background-size":"auto","background-attachment":"scroll","background-type":"","background-media":"","overlay-type":"","overlay-color":"","overlay-opacity":"","overlay-gradient":""},"mobile":{"background-color":"var(--ast-global-color-5)","background-image":"","background-repeat":"repeat","background-position":"center center","background-size":"auto","background-attachment":"scroll","background-type":"","background-media":"","overlay-type":"","overlay-color":"","overlay-opacity":"","overlay-gradient":""}},"jetpack_post_was_ever_published":false,"jetpack_publicize_message":"","jetpack_publicize_feature_enabled":true,"jetpack_social_post_already_shared":true,"jetpack_social_options":{"image_generator_settings":{"template":"highway","default_image_id":0,"font":"","enabled":false},"version":2}},"product_brand":[],"product_cat":[427,433,568,422,416,414,424,421,417,415],"product_tag":[397,454,455,381,403,402,168],"class_list":{"0":"post-16871","1":"product","2":"type-product","3":"status-publish","4":"has-post-thumbnail","6":"product_cat-curso","7":"product_cat-decoracion","8":"product_cat-globos","9":"product_cat-intermedio","10":"product_cat-modalidad","11":"product_cat-nivel","12":"product_cat-online","13":"product_cat-principiante","14":"product_cat-programa","15":"product_cat-tematica","16":"product_tag-arco-de-globos","17":"product_tag-arco-organico-de-globos","18":"product_tag-curso-de-globos","19":"product_tag-decoracion-con-globos","20":"product_tag-globoflexia","21":"product_tag-globologia","22":"product_tag-globos","23":"desktop-align-center","24":"tablet-align-left","25":"mobile-align-left","27":"first","28":"instock","29":"virtual","30":"sold-individually","31":"purchasable","32":"product-type-simple"},"yoast_head":"<!-- This site is optimized with the Yoast SEO plugin v27.4 - https:\/\/yoast.com\/product\/yoast-seo-wordpress\/ -->\n<title>Decoraci\u00f3n con globos | Principiantes | Emprender en Fiestas<\/title>\n<meta name=\"description\" content=\"Aprend\u00e9 decoraci\u00f3n con globos y empez\u00e1 un negocio de eventos r\u00e1pido, f\u00e1cil y con m\u00ednima inversi\u00f3n inicial.\" \/>\n<meta name=\"robots\" content=\"index, follow, max-snippet:-1, max-image-preview:large, max-video-preview:-1\" \/>\n<link rel=\"canonical\" href=\"https:\/\/emprenderenfiestas.com\/index.php\/product\/decoracion-con-globos\/\" \/>\n<meta property=\"og:locale\" content=\"es_ES\" \/>\n<meta property=\"og:type\" content=\"article\" \/>\n<meta property=\"og:title\" content=\"Decoraci\u00f3n con globos | Principiantes | Emprender en Fiestas\" \/>\n<meta property=\"og:description\" content=\"Aprend\u00e9 decoraci\u00f3n con globos y empez\u00e1 un negocio de eventos r\u00e1pido, f\u00e1cil y con m\u00ednima inversi\u00f3n inicial.\" \/>\n<meta property=\"og:url\" content=\"https:\/\/emprenderenfiestas.com\/index.php\/product\/decoracion-con-globos\/\" \/>\n<meta property=\"og:site_name\" content=\"emprenderenfiestas.com\" \/>\n<meta property=\"article:modified_time\" content=\"2026-01-23T14:59:38+00:00\" \/>\n<meta property=\"og:image\" content=\"https:\/\/emprenderenfiestas.com\/wp-content\/uploads\/2023\/03\/ABC-DE-LA-GLOBOLOGIA-AQB.png\" \/>\n\t<meta property=\"og:image:width\" content=\"1080\" \/>\n\t<meta property=\"og:image:height\" content=\"1080\" \/>\n\t<meta property=\"og:image:type\" content=\"image\/png\" \/>\n<meta name=\"twitter:card\" content=\"summary_large_image\" \/>\n<meta name=\"twitter:label1\" content=\"Tiempo de lectura\" \/>\n\t<meta name=\"twitter:data1\" content=\"4 minutos\" \/>\n<script type=\"application\/ld+json\" class=\"yoast-schema-graph\">{\"@context\":\"https:\\\/\\\/schema.org\",\"@graph\":[{\"@type\":\"WebPage\",\"@id\":\"https:\\\/\\\/emprenderenfiestas.com\\\/index.php\\\/product\\\/decoracion-con-globos\\\/\",\"url\":\"https:\\\/\\\/emprenderenfiestas.com\\\/index.php\\\/product\\\/decoracion-con-globos\\\/\",\"name\":\"Decoraci\u00f3n con globos | Principiantes | Emprender en Fiestas\",\"isPartOf\":{\"@id\":\"https:\\\/\\\/emprenderenfiestas.com\\\/#website\"},\"primaryImageOfPage\":{\"@id\":\"https:\\\/\\\/emprenderenfiestas.com\\\/index.php\\\/product\\\/decoracion-con-globos\\\/#primaryimage\"},\"image\":{\"@id\":\"https:\\\/\\\/emprenderenfiestas.com\\\/index.php\\\/product\\\/decoracion-con-globos\\\/#primaryimage\"},\"thumbnailUrl\":\"https:\\\/\\\/i0.wp.com\\\/emprenderenfiestas.com\\\/wp-content\\\/uploads\\\/2023\\\/03\\\/ABC-DE-LA-GLOBOLOGIA-AQB.png?fit=1080%2C1080&ssl=1\",\"datePublished\":\"2023-03-30T18:05:04+00:00\",\"dateModified\":\"2026-01-23T14:59:38+00:00\",\"description\":\"Aprend\u00e9 decoraci\u00f3n con globos y empez\u00e1 un negocio de eventos r\u00e1pido, f\u00e1cil y con m\u00ednima inversi\u00f3n inicial.\",\"breadcrumb\":{\"@id\":\"https:\\\/\\\/emprenderenfiestas.com\\\/index.php\\\/product\\\/decoracion-con-globos\\\/#breadcrumb\"},\"inLanguage\":\"es-AR\",\"potentialAction\":[{\"@type\":\"ReadAction\",\"target\":[\"https:\\\/\\\/emprenderenfiestas.com\\\/index.php\\\/product\\\/decoracion-con-globos\\\/\"]}]},{\"@type\":\"ImageObject\",\"inLanguage\":\"es-AR\",\"@id\":\"https:\\\/\\\/emprenderenfiestas.com\\\/index.php\\\/product\\\/decoracion-con-globos\\\/#primaryimage\",\"url\":\"https:\\\/\\\/i0.wp.com\\\/emprenderenfiestas.com\\\/wp-content\\\/uploads\\\/2023\\\/03\\\/ABC-DE-LA-GLOBOLOGIA-AQB.png?fit=1080%2C1080&ssl=1\",\"contentUrl\":\"https:\\\/\\\/i0.wp.com\\\/emprenderenfiestas.com\\\/wp-content\\\/uploads\\\/2023\\\/03\\\/ABC-DE-LA-GLOBOLOGIA-AQB.png?fit=1080%2C1080&ssl=1\",\"width\":1080,\"height\":1080,\"caption\":\"COMO DECORAR CON GLOBOS COMO HACER UNA GUIRNALDA DE GLOBOS ORGANICA\"},{\"@type\":\"BreadcrumbList\",\"@id\":\"https:\\\/\\\/emprenderenfiestas.com\\\/index.php\\\/product\\\/decoracion-con-globos\\\/#breadcrumb\",\"itemListElement\":[{\"@type\":\"ListItem\",\"position\":1,\"name\":\"Inicio\",\"item\":\"https:\\\/\\\/emprenderenfiestas.com\\\/\"},{\"@type\":\"ListItem\",\"position\":2,\"name\":\"Shop\",\"item\":\"https:\\\/\\\/emprenderenfiestas.com\\\/index.php\\\/shop\\\/\"},{\"@type\":\"ListItem\",\"position\":3,\"name\":\"Curso online de Decoraci\u00f3n con Globos para Principiantes\"}]},{\"@type\":\"WebSite\",\"@id\":\"https:\\\/\\\/emprenderenfiestas.com\\\/#website\",\"url\":\"https:\\\/\\\/emprenderenfiestas.com\\\/\",\"name\":\"Emprender en Fiestas\",\"description\":\"Cursos para emprender en eventos\",\"publisher\":{\"@id\":\"https:\\\/\\\/emprenderenfiestas.com\\\/#\\\/schema\\\/person\\\/7ae3f63e8e0d298333f421659b10fec6\"},\"potentialAction\":[{\"@type\":\"SearchAction\",\"target\":{\"@type\":\"EntryPoint\",\"urlTemplate\":\"https:\\\/\\\/emprenderenfiestas.com\\\/?s={search_term_string}\"},\"query-input\":{\"@type\":\"PropertyValueSpecification\",\"valueRequired\":true,\"valueName\":\"search_term_string\"}}],\"inLanguage\":\"es-AR\"},{\"@type\":[\"Person\",\"Organization\"],\"@id\":\"https:\\\/\\\/emprenderenfiestas.com\\\/#\\\/schema\\\/person\\\/7ae3f63e8e0d298333f421659b10fec6\",\"name\":\"Daniela Dana\",\"image\":{\"@type\":\"ImageObject\",\"inLanguage\":\"es-AR\",\"@id\":\"https:\\\/\\\/i0.wp.com\\\/emprenderenfiestas.com\\\/wp-content\\\/uploads\\\/2023\\\/06\\\/Mesa-de-trabajo-3%402x-e1742245783883.png?fit=2400%2C928&ssl=1\",\"url\":\"https:\\\/\\\/i0.wp.com\\\/emprenderenfiestas.com\\\/wp-content\\\/uploads\\\/2023\\\/06\\\/Mesa-de-trabajo-3%402x-e1742245783883.png?fit=2400%2C928&ssl=1\",\"contentUrl\":\"https:\\\/\\\/i0.wp.com\\\/emprenderenfiestas.com\\\/wp-content\\\/uploads\\\/2023\\\/06\\\/Mesa-de-trabajo-3%402x-e1742245783883.png?fit=2400%2C928&ssl=1\",\"width\":2400,\"height\":928,\"caption\":\"Daniela Dana\"},\"logo\":{\"@id\":\"https:\\\/\\\/i0.wp.com\\\/emprenderenfiestas.com\\\/wp-content\\\/uploads\\\/2023\\\/06\\\/Mesa-de-trabajo-3%402x-e1742245783883.png?fit=2400%2C928&ssl=1\"}}]}<\/script>\n<!-- \/ Yoast SEO plugin. -->","yoast_head_json":{"title":"Decoraci\u00f3n con globos | Principiantes | Emprender en Fiestas","description":"Aprend\u00e9 decoraci\u00f3n con globos y empez\u00e1 un negocio de eventos r\u00e1pido, f\u00e1cil y con m\u00ednima inversi\u00f3n inicial.","robots":{"index":"index","follow":"follow","max-snippet":"max-snippet:-1","max-image-preview":"max-image-preview:large","max-video-preview":"max-video-preview:-1"},"canonical":"https:\/\/emprenderenfiestas.com\/index.php\/product\/decoracion-con-globos\/","og_locale":"es_ES","og_type":"article","og_title":"Decoraci\u00f3n con globos | Principiantes | Emprender en Fiestas","og_description":"Aprend\u00e9 decoraci\u00f3n con globos y empez\u00e1 un negocio de eventos r\u00e1pido, f\u00e1cil y con m\u00ednima inversi\u00f3n inicial.","og_url":"https:\/\/emprenderenfiestas.com\/index.php\/product\/decoracion-con-globos\/","og_site_name":"emprenderenfiestas.com","article_modified_time":"2026-01-23T14:59:38+00:00","og_image":[{"width":1080,"height":1080,"url":"https:\/\/emprenderenfiestas.com\/wp-content\/uploads\/2023\/03\/ABC-DE-LA-GLOBOLOGIA-AQB.png","type":"image\/png"}],"twitter_card":"summary_large_image","twitter_misc":{"Tiempo de lectura":"4 minutos"},"schema":{"@context":"https:\/\/schema.org","@graph":[{"@type":"WebPage","@id":"https:\/\/emprenderenfiestas.com\/index.php\/product\/decoracion-con-globos\/","url":"https:\/\/emprenderenfiestas.com\/index.php\/product\/decoracion-con-globos\/","name":"Decoraci\u00f3n con globos | Principiantes | Emprender en Fiestas","isPartOf":{"@id":"https:\/\/emprenderenfiestas.com\/#website"},"primaryImageOfPage":{"@id":"https:\/\/emprenderenfiestas.com\/index.php\/product\/decoracion-con-globos\/#primaryimage"},"image":{"@id":"https:\/\/emprenderenfiestas.com\/index.php\/product\/decoracion-con-globos\/#primaryimage"},"thumbnailUrl":"https:\/\/i0.wp.com\/emprenderenfiestas.com\/wp-content\/uploads\/2023\/03\/ABC-DE-LA-GLOBOLOGIA-AQB.png?fit=1080%2C1080&ssl=1","datePublished":"2023-03-30T18:05:04+00:00","dateModified":"2026-01-23T14:59:38+00:00","description":"Aprend\u00e9 decoraci\u00f3n con globos y empez\u00e1 un negocio de eventos r\u00e1pido, f\u00e1cil y con m\u00ednima inversi\u00f3n inicial.","breadcrumb":{"@id":"https:\/\/emprenderenfiestas.com\/index.php\/product\/decoracion-con-globos\/#breadcrumb"},"inLanguage":"es-AR","potentialAction":[{"@type":"ReadAction","target":["https:\/\/emprenderenfiestas.com\/index.php\/product\/decoracion-con-globos\/"]}]},{"@type":"ImageObject","inLanguage":"es-AR","@id":"https:\/\/emprenderenfiestas.com\/index.php\/product\/decoracion-con-globos\/#primaryimage","url":"https:\/\/i0.wp.com\/emprenderenfiestas.com\/wp-content\/uploads\/2023\/03\/ABC-DE-LA-GLOBOLOGIA-AQB.png?fit=1080%2C1080&ssl=1","contentUrl":"https:\/\/i0.wp.com\/emprenderenfiestas.com\/wp-content\/uploads\/2023\/03\/ABC-DE-LA-GLOBOLOGIA-AQB.png?fit=1080%2C1080&ssl=1","width":1080,"height":1080,"caption":"COMO DECORAR CON GLOBOS COMO HACER UNA GUIRNALDA DE GLOBOS ORGANICA"},{"@type":"BreadcrumbList","@id":"https:\/\/emprenderenfiestas.com\/index.php\/product\/decoracion-con-globos\/#breadcrumb","itemListElement":[{"@type":"ListItem","position":1,"name":"Inicio","item":"https:\/\/emprenderenfiestas.com\/"},{"@type":"ListItem","position":2,"name":"Shop","item":"https:\/\/emprenderenfiestas.com\/index.php\/shop\/"},{"@type":"ListItem","position":3,"name":"Curso online de Decoraci\u00f3n con Globos para Principiantes"}]},{"@type":"WebSite","@id":"https:\/\/emprenderenfiestas.com\/#website","url":"https:\/\/emprenderenfiestas.com\/","name":"Emprender en Fiestas","description":"Cursos para emprender en eventos","publisher":{"@id":"https:\/\/emprenderenfiestas.com\/#\/schema\/person\/7ae3f63e8e0d298333f421659b10fec6"},"potentialAction":[{"@type":"SearchAction","target":{"@type":"EntryPoint","urlTemplate":"https:\/\/emprenderenfiestas.com\/?s={search_term_string}"},"query-input":{"@type":"PropertyValueSpecification","valueRequired":true,"valueName":"search_term_string"}}],"inLanguage":"es-AR"},{"@type":["Person","Organization"],"@id":"https:\/\/emprenderenfiestas.com\/#\/schema\/person\/7ae3f63e8e0d298333f421659b10fec6","name":"Daniela Dana","image":{"@type":"ImageObject","inLanguage":"es-AR","@id":"https:\/\/i0.wp.com\/emprenderenfiestas.com\/wp-content\/uploads\/2023\/06\/Mesa-de-trabajo-3%402x-e1742245783883.png?fit=2400%2C928&ssl=1","url":"https:\/\/i0.wp.com\/emprenderenfiestas.com\/wp-content\/uploads\/2023\/06\/Mesa-de-trabajo-3%402x-e1742245783883.png?fit=2400%2C928&ssl=1","contentUrl":"https:\/\/i0.wp.com\/emprenderenfiestas.com\/wp-content\/uploads\/2023\/06\/Mesa-de-trabajo-3%402x-e1742245783883.png?fit=2400%2C928&ssl=1","width":2400,"height":928,"caption":"Daniela Dana"},"logo":{"@id":"https:\/\/i0.wp.com\/emprenderenfiestas.com\/wp-content\/uploads\/2023\/06\/Mesa-de-trabajo-3%402x-e1742245783883.png?fit=2400%2C928&ssl=1"}}]}},"jetpack_publicize_connections":[],"jetpack_sharing_enabled":true,"jetpack_likes_enabled":true,"jetpack-related-posts":[],"_links":{"self":[{"href":"https:\/\/emprenderenfiestas.com\/index.php\/wp-json\/wp\/v2\/product\/16871","targetHints":{"allow":["GET"]}}],"collection":[{"href":"https:\/\/emprenderenfiestas.com\/index.php\/wp-json\/wp\/v2\/product"}],"about":[{"href":"https:\/\/emprenderenfiestas.com\/index.php\/wp-json\/wp\/v2\/types\/product"}],"replies":[{"embeddable":true,"href":"https:\/\/emprenderenfiestas.com\/index.php\/wp-json\/wp\/v2\/comments?post=16871"}],"version-history":[{"count":20,"href":"https:\/\/emprenderenfiestas.com\/index.php\/wp-json\/wp\/v2\/product\/16871\/revisions"}],"predecessor-version":[{"id":32422,"href":"https:\/\/emprenderenfiestas.com\/index.php\/wp-json\/wp\/v2\/product\/16871\/revisions\/32422"}],"wp:featuredmedia":[{"embeddable":true,"href":"https:\/\/emprenderenfiestas.com\/index.php\/wp-json\/wp\/v2\/media\/32387"}],"wp:attachment":[{"href":"https:\/\/emprenderenfiestas.com\/index.php\/wp-json\/wp\/v2\/media?parent=16871"}],"wp:term":[{"taxonomy":"product_brand","embeddable":true,"href":"https:\/\/emprenderenfiestas.com\/index.php\/wp-json\/wp\/v2\/product_brand?post=16871"},{"taxonomy":"product_cat","embeddable":true,"href":"https:\/\/emprenderenfiestas.com\/index.php\/wp-json\/wp\/v2\/product_cat?post=16871"},{"taxonomy":"product_tag","embeddable":true,"href":"https:\/\/emprenderenfiestas.com\/index.php\/wp-json\/wp\/v2\/product_tag?post=16871"}],"curies":[{"name":"wp","href":"https:\/\/api.w.org\/{rel}","templated":true}]}}