{"id":14577,"date":"2022-12-06T13:53:44","date_gmt":"2022-12-06T16:53:44","guid":{"rendered":"https:\/\/emprenderenfiestas.com.ar\/?post_type=product&#038;p=14577"},"modified":"2026-02-03T16:09:03","modified_gmt":"2026-02-03T19:09:03","slug":"mini-curso-de-organizacion-para-emprendedoras-metodo-tetris","status":"publish","type":"product","link":"https:\/\/emprenderenfiestas.com\/index.php\/product\/mini-curso-de-organizacion-para-emprendedoras-metodo-tetris\/","title":{"rendered":"Curso de Organizaci\u00f3n Emprendedora: Transform\u00e1 tu caos en claridad"},"content":{"rendered":"\t\t<div data-elementor-type=\"wp-post\" data-elementor-id=\"14577\" class=\"elementor elementor-14577\" data-elementor-post-type=\"product\">\n\t\t\t\t\t\t<section class=\"elementor-section elementor-top-section elementor-element elementor-element-3f71a89 elementor-section-boxed elementor-section-height-default elementor-section-height-default\" data-id=\"3f71a89\" data-element_type=\"section\" data-e-type=\"section\">\n\t\t\t\t\t\t<div class=\"elementor-container elementor-column-gap-default\">\n\t\t\t\t\t<div class=\"elementor-column elementor-col-100 elementor-top-column elementor-element elementor-element-8081279\" data-id=\"8081279\" data-element_type=\"column\" data-e-type=\"column\">\n\t\t\t<div class=\"elementor-widget-wrap elementor-element-populated\">\n\t\t\t\t\t\t<div class=\"elementor-element elementor-element-eb9c219 elementor-widget elementor-widget-text-editor\" data-id=\"eb9c219\" data-element_type=\"widget\" data-e-type=\"widget\" data-widget_type=\"text-editor.default\">\n\t\t\t\t<div class=\"elementor-widget-container\">\n\t\t\t\t\t\t\t\t\t<h6>ESTE ES EL CURSO QUE TE VA A AYUDAR A TERMINAR TODOS LOS CURSOS, QUE ALGUNA VEZ COMPRASTE Y NO PUDISTE HACER POR FALTA DE TIEMPO.<\/h6><h3 data-start=\"938\" data-end=\"966\">Yo tambi\u00e9n estuve ah\u00ed<\/h3><p data-start=\"968\" data-end=\"1123\">Soy emprendedora, mam\u00e1, mujer, decoradora, esposa\u2026<br data-start=\"1018\" data-end=\"1021\" \/>Todo convive en el mismo cuerpo y en las mismas 24 horas.<br data-start=\"1078\" data-end=\"1081\" \/>Por mucho tiempo, viv\u00ed apagando incendios.<\/p><p data-start=\"1125\" data-end=\"1204\">Hasta que un d\u00eda decid\u00ed que si mi vida era un caos\u2026 necesitaba jugar al Tetris.<\/p><p data-start=\"1206\" data-end=\"1334\">As\u00ed naci\u00f3 mi propio m\u00e9todo:<br data-start=\"1233\" data-end=\"1236\" \/><strong data-start=\"1236\" data-end=\"1334\">encastrar mis tareas como fichas, respetando mi energ\u00eda, mis prioridades y mis tiempos reales.<\/strong><\/p><p>\u00a0<\/p><p data-start=\"1336\" data-end=\"1489\">\ud83d\udea8Desde que lo aplico:<\/p><ul><li data-start=\"1336\" data-end=\"1489\">No volv\u00ed a trabajar de noche.<\/li><li data-start=\"1336\" data-end=\"1489\">No toco la compu un domingo.<\/li><li data-start=\"1336\" data-end=\"1489\">Y hasta me di el lujo de empezar pat\u00edn art\u00edstico a la vejez.\u00a0<\/li><\/ul><h4>\u00a0<strong style=\"font-size: 16px; font-style: inherit; background-color: var(--ast-global-color-5); color: var(--ast-global-color-3);\">\u00a0\ud83e\udd47Lo que aprender\u00e1s en este curso<\/strong><\/h4><ul><li><strong>Dej\u00e1 atr\u00e1s la frustraci\u00f3n<\/strong>: Aprend\u00e9 a planificar tu d\u00eda, semana, mes y a\u00f1o de manera efectiva, logrando tus objetivos sin sentirte abrumada.<\/li><li><strong>Equilibr\u00e1 tus roles<\/strong>: Madre, emprendedora, trabajadora, pareja\u2026 entend\u00e9 c\u00f3mo gestionar cada uno de ellos sin descuidar lo que m\u00e1s importa: vos misma.<\/li><li><strong>Decile adi\u00f3s al caos<\/strong>: Implement\u00e1 un m\u00e9todo claro para priorizar tareas, organizar actividades y hacer que el tiempo alcance para todo lo importante.<\/li><li><strong>Maximiz\u00e1 tu tiempo con herramientas tecnol\u00f3gicas<\/strong>: Descubr\u00ed c\u00f3mo Google Calendar y Trello pueden convertirse en tus mejores aliados para estructurar tu vida personal y profesional.<\/li><li><strong>Plane\u00e1 estrat\u00e9gicamente tu negocio<\/strong>: Incorpor\u00e1 t\u00e9cnicas de calendarizaci\u00f3n y planeamiento para hacer crecer tu emprendimiento sin descuidar tus otras responsabilidades.<\/li><\/ul><hr \/><p><strong>\u00a0\u00bfC\u00f3mo te vas a sentir al terminar este curso?<\/strong><\/p><ul><li>Libre de la <strong>frustraci\u00f3n de no llegar a todo<\/strong>.<\/li><li>Empoderada con un plan claro para avanzar en tu vida personal y profesional.<\/li><li>Tranquila sabiendo que cada d\u00eda est\u00e1s priorizando lo que realmente importa.<\/li><li>Inspirada a seguir creciendo sin sacrificarte en el proceso.<\/li><\/ul><hr \/><p><strong>\u00a0Este curso es para vos si:<\/strong><\/p><ul><li>Te sent\u00eds abrumada por la cantidad de roles que ten\u00e9s que cumplir y quer\u00e9s lograr un equilibrio real.<\/li><li>Lleg\u00e1s al final del d\u00eda agotada y con la sensaci\u00f3n de que no lograste nada importante.<\/li><li>Te cuesta organizar tus actividades personales y de negocio, y sent\u00eds que siempre est\u00e1s corriendo detr\u00e1s del reloj.<\/li><li>Quer\u00e9s dejar de postergar tus metas y empezar a tomar el control de tu tiempo.<\/li><li>Quer\u00e9s renunciar a un trabajo en relaci\u00f3n de dependencia pero sos el cuello de botella para tu negocio.<\/li><\/ul><hr \/><p><strong>\u00a0Detalles del curso<\/strong><\/p><ul><li><strong>Modalidad:<\/strong> Curso grabado, 100% online.<\/li><li><strong>Duraci\u00f3n:<\/strong> \u00a03 horas.<\/li><li><strong>Acceso:<\/strong> Permanente, sin l\u00edmite de visualizaciones.<\/li><\/ul><hr \/><p><strong>\u00a0Incluye:<\/strong><\/p><ul><li>Paso a paso c\u00f3mo adaptar mi m\u00e9todo a tu realidad y necesidades.<\/li><li>Videotutoriales paso a paso para usar herramientas como Google Calendar y Trello.<\/li><\/ul><hr \/><p><strong>\u00a0Importante<\/strong><\/p><ul><li><strong>Incluye certificado de finalizaci\u00f3n<\/strong>.<\/li><li>Este curso <strong>NO incluye materiales f\u00edsicos, ni archivos digitales adicionales<\/strong>.<\/li><li>Los videos <strong>NO son descargables<\/strong>, se ven dentro de la web.<\/li><li><strong>Incluye soporte posterior a la visualizaci\u00f3n<\/strong>, en grupo de Whats App.<\/li><\/ul><hr \/><p><strong>\u00a0No m\u00e1s excusas, no m\u00e1s caos.<\/strong><br \/>Es hora de tomar el control de tu tiempo, organizar tus d\u00edas y priorizarte sin culpa. Este curso te llevar\u00e1 de la frustraci\u00f3n a la claridad, ayud\u00e1ndote a construir una vida equilibrada y sin estr\u00e9s.<\/p>\t\t\t\t\t\t\t\t<\/div>\n\t\t\t\t<\/div>\n\t\t\t\t\t<\/div>\n\t\t<\/div>\n\t\t\t\t\t<\/div>\n\t\t<\/section>\n\t\t\t\t<section class=\"elementor-section elementor-top-section elementor-element elementor-element-aaaee38 elementor-section-boxed elementor-section-height-default elementor-section-height-default\" data-id=\"aaaee38\" data-element_type=\"section\" data-e-type=\"section\">\n\t\t\t\t\t\t<div class=\"elementor-container elementor-column-gap-default\">\n\t\t\t\t\t<div class=\"elementor-column elementor-col-100 elementor-top-column elementor-element elementor-element-93da22f\" data-id=\"93da22f\" data-element_type=\"column\" data-e-type=\"column\">\n\t\t\t<div class=\"elementor-widget-wrap elementor-element-populated\">\n\t\t\t\t\t\t<div class=\"elementor-element elementor-element-7aeb52a elementor-widget-divider--view-line elementor-widget elementor-widget-divider\" data-id=\"7aeb52a\" data-element_type=\"widget\" data-e-type=\"widget\" data-widget_type=\"divider.default\">\n\t\t\t\t<div class=\"elementor-widget-container\">\n\t\t\t\t\t\t\t<div class=\"elementor-divider\">\n\t\t\t<span class=\"elementor-divider-separator\">\n\t\t\t\t\t\t<\/span>\n\t\t<\/div>\n\t\t\t\t\t\t<\/div>\n\t\t\t\t<\/div>\n\t\t\t\t\t<\/div>\n\t\t<\/div>\n\t\t\t\t\t<\/div>\n\t\t<\/section>\n\t\t<div class=\"elementor-element elementor-element-95cb574 e-flex e-con-boxed e-con e-parent\" data-id=\"95cb574\" data-element_type=\"container\" data-e-type=\"container\">\n\t\t\t\t\t<div class=\"e-con-inner\">\n\t\t\t\t<div class=\"elementor-element elementor-element-0816cb1 elementor-widget elementor-widget-heading\" data-id=\"0816cb1\" data-element_type=\"widget\" data-e-type=\"widget\" data-widget_type=\"heading.default\">\n\t\t\t\t<div class=\"elementor-widget-container\">\n\t\t\t\t\t<h2 class=\"elementor-heading-title elementor-size-default\">\u00bfCu\u00e1nto vale para vos, una vida m\u00e1s tranquila, disfrutable y encaminada hacia tus objetivos?<\/h2>\t\t\t\t<\/div>\n\t\t\t\t<\/div>\n\t\t\t\t\t<\/div>\n\t\t\t\t<\/div>\n\t\t\t\t<\/div>\n\t\t","protected":false},"excerpt":{"rendered":"<p data-start=\"422\" data-end=\"525\"><strong data-start=\"422\" data-end=\"525\">El curso que te ayuda a organizar tu vida y tu negocio con un m\u00e9todo realista, flexible y motivador<\/strong><\/p>\n<h3 data-start=\"532\" data-end=\"579\">\ud83c\udf2a\ufe0f \u00bfSent\u00eds que viv\u00eds en piloto autom\u00e1tico?<\/h3>\n<p data-start=\"581\" data-end=\"807\">Termin\u00e1s el d\u00eda exhausta, con mil cosas pendientes y la sensaci\u00f3n de que no hiciste nada para vos.<br data-start=\"679\" data-end=\"682\" \/>Corr\u00e9s entre tareas, roles, exigencias, cursos empezados, ideas por la mitad y listas de cosas que \u201cdeber\u00edas estar haciendo\u201d.<\/p>\n<p data-start=\"809\" data-end=\"931\">No te falta capacidad.<br data-start=\"831\" data-end=\"834\" \/>Te falta estructura.<br data-start=\"854\" data-end=\"857\" \/>Y, sobre todo, un sistema que respete tu realidad sin exigencias irreales.<\/p>\n<p>Segu\u00ed leyendo \ud83d\udc47<\/p>\n","protected":false},"featured_media":32226,"comment_status":"open","ping_status":"closed","template":"","meta":{"site-sidebar-layout":"no-sidebar","site-content-layout":"page-builder","ast-site-content-layout":"full-width-container","site-content-style":"unboxed","site-sidebar-style":"unboxed","ast-global-header-display":"","ast-banner-title-visibility":"","ast-main-header-display":"","ast-hfb-above-header-display":"","ast-hfb-below-header-display":"","ast-hfb-mobile-header-display":"","site-post-title":"disabled","ast-breadcrumbs-content":"","ast-featured-img":"disabled","footer-sml-layout":"","ast-disable-related-posts":"","theme-transparent-header-meta":"default","adv-header-id-meta":"","stick-header-meta":"","header-above-stick-meta":"","header-main-stick-meta":"","header-below-stick-meta":"","astra-migrate-meta-layouts":"set","ast-page-background-enabled":"default","ast-page-background-meta":{"desktop":{"background-color":"var(--ast-global-color-4)","background-image":"","background-repeat":"repeat","background-position":"center center","background-size":"auto","background-attachment":"scroll","background-type":"","background-media":"","overlay-type":"","overlay-color":"","overlay-opacity":"","overlay-gradient":""},"tablet":{"background-color":"","background-image":"","background-repeat":"repeat","background-position":"center center","background-size":"auto","background-attachment":"scroll","background-type":"","background-media":"","overlay-type":"","overlay-color":"","overlay-opacity":"","overlay-gradient":""},"mobile":{"background-color":"","background-image":"","background-repeat":"repeat","background-position":"center center","background-size":"auto","background-attachment":"scroll","background-type":"","background-media":"","overlay-type":"","overlay-color":"","overlay-opacity":"","overlay-gradient":""}},"ast-content-background-meta":{"desktop":{"background-color":"var(--ast-global-color-5)","background-image":"","background-repeat":"repeat","background-position":"center center","background-size":"auto","background-attachment":"scroll","background-type":"","background-media":"","overlay-type":"","overlay-color":"","overlay-opacity":"","overlay-gradient":""},"tablet":{"background-color":"var(--ast-global-color-5)","background-image":"","background-repeat":"repeat","background-position":"center center","background-size":"auto","background-attachment":"scroll","background-type":"","background-media":"","overlay-type":"","overlay-color":"","overlay-opacity":"","overlay-gradient":""},"mobile":{"background-color":"var(--ast-global-color-5)","background-image":"","background-repeat":"repeat","background-position":"center center","background-size":"auto","background-attachment":"scroll","background-type":"","background-media":"","overlay-type":"","overlay-color":"","overlay-opacity":"","overlay-gradient":""}},"jetpack_post_was_ever_published":false,"jetpack_publicize_message":"","jetpack_publicize_feature_enabled":true,"jetpack_social_post_already_shared":true,"jetpack_social_options":{"image_generator_settings":{"template":"highway","default_image_id":0,"font":"","enabled":false},"version":2}},"product_brand":[],"product_cat":[423,427,422,416,434,414,424,421,417,415],"product_tag":[392,390,461,50,453],"class_list":{"0":"post-14577","1":"product","2":"type-product","3":"status-publish","4":"has-post-thumbnail","6":"product_cat-avanzado","7":"product_cat-curso","8":"product_cat-intermedio","9":"product_cat-modalidad","10":"product_cat-negocio","11":"product_cat-nivel","12":"product_cat-online","13":"product_cat-principiante","14":"product_cat-programa","15":"product_cat-tematica","16":"product_tag-emprendedores","17":"product_tag-negocios","18":"product_tag-organizacion","19":"product_tag-planificacion","20":"product_tag-planner","21":"desktop-align-center","22":"tablet-align-left","23":"mobile-align-left","25":"first","26":"instock","27":"sale","28":"featured","29":"virtual","30":"purchasable","31":"product-type-simple"},"yoast_head":"<!-- This site is optimized with the Yoast SEO plugin v27.5 - https:\/\/yoast.com\/product\/yoast-seo-wordpress\/ -->\n<title>Curso de Organizaci\u00f3n Emprendedora: Transform\u00e1 tu caos en claridad - emprenderenfiestas.com<\/title>\n<meta name=\"description\" content=\"Un d\u00eda entend\u00ed que tengo ROLES que conviven en el mismo cuerpo y tienen las mismas horas por d\u00eda.Entonces? C\u00f3mo hago para que los roles convivan y sobrevivan?\" \/>\n<meta name=\"robots\" content=\"index, follow, max-snippet:-1, max-image-preview:large, max-video-preview:-1\" \/>\n<link rel=\"canonical\" href=\"https:\/\/emprenderenfiestas.com\/index.php\/product\/mini-curso-de-organizacion-para-emprendedoras-metodo-tetris\/\" \/>\n<meta property=\"og:locale\" content=\"es_ES\" \/>\n<meta property=\"og:type\" content=\"article\" \/>\n<meta property=\"og:title\" content=\"Curso de Organizaci\u00f3n Emprendedora: Transform\u00e1 tu caos en claridad - emprenderenfiestas.com\" \/>\n<meta property=\"og:description\" content=\"Un d\u00eda entend\u00ed que tengo ROLES que conviven en el mismo cuerpo y tienen las mismas horas por d\u00eda.Entonces? C\u00f3mo hago para que los roles convivan y sobrevivan?\" \/>\n<meta property=\"og:url\" content=\"https:\/\/emprenderenfiestas.com\/index.php\/product\/mini-curso-de-organizacion-para-emprendedoras-metodo-tetris\/\" \/>\n<meta property=\"og:site_name\" content=\"emprenderenfiestas.com\" \/>\n<meta property=\"article:modified_time\" content=\"2026-02-03T19:09:03+00:00\" \/>\n<meta property=\"og:image\" content=\"https:\/\/emprenderenfiestas.com\/wp-content\/uploads\/2023\/08\/Copia-de-PORTADAS-DE-PRODUCTOS.jpg\" \/>\n\t<meta property=\"og:image:width\" content=\"1080\" \/>\n\t<meta property=\"og:image:height\" content=\"1080\" \/>\n\t<meta property=\"og:image:type\" content=\"image\/jpeg\" \/>\n<meta name=\"twitter:card\" content=\"summary_large_image\" \/>\n<meta name=\"twitter:label1\" content=\"Tiempo de lectura\" \/>\n\t<meta name=\"twitter:data1\" content=\"3 minutos\" \/>\n<script type=\"application\/ld+json\" class=\"yoast-schema-graph\">{\"@context\":\"https:\\\/\\\/schema.org\",\"@graph\":[{\"@type\":\"WebPage\",\"@id\":\"https:\\\/\\\/emprenderenfiestas.com\\\/index.php\\\/product\\\/mini-curso-de-organizacion-para-emprendedoras-metodo-tetris\\\/\",\"url\":\"https:\\\/\\\/emprenderenfiestas.com\\\/index.php\\\/product\\\/mini-curso-de-organizacion-para-emprendedoras-metodo-tetris\\\/\",\"name\":\"Curso de Organizaci\u00f3n Emprendedora: Transform\u00e1 tu caos en claridad - emprenderenfiestas.com\",\"isPartOf\":{\"@id\":\"https:\\\/\\\/emprenderenfiestas.com\\\/#website\"},\"primaryImageOfPage\":{\"@id\":\"https:\\\/\\\/emprenderenfiestas.com\\\/index.php\\\/product\\\/mini-curso-de-organizacion-para-emprendedoras-metodo-tetris\\\/#primaryimage\"},\"image\":{\"@id\":\"https:\\\/\\\/emprenderenfiestas.com\\\/index.php\\\/product\\\/mini-curso-de-organizacion-para-emprendedoras-metodo-tetris\\\/#primaryimage\"},\"thumbnailUrl\":\"https:\\\/\\\/i0.wp.com\\\/emprenderenfiestas.com\\\/wp-content\\\/uploads\\\/2023\\\/08\\\/Copia-de-PORTADAS-DE-PRODUCTOS.jpg?fit=1080%2C1080&ssl=1\",\"datePublished\":\"2022-12-06T16:53:44+00:00\",\"dateModified\":\"2026-02-03T19:09:03+00:00\",\"description\":\"Un d\u00eda entend\u00ed que tengo ROLES que conviven en el mismo cuerpo y tienen las mismas horas por d\u00eda.Entonces? C\u00f3mo hago para que los roles convivan y sobrevivan?\",\"breadcrumb\":{\"@id\":\"https:\\\/\\\/emprenderenfiestas.com\\\/index.php\\\/product\\\/mini-curso-de-organizacion-para-emprendedoras-metodo-tetris\\\/#breadcrumb\"},\"inLanguage\":\"es-AR\",\"potentialAction\":[{\"@type\":\"ReadAction\",\"target\":[\"https:\\\/\\\/emprenderenfiestas.com\\\/index.php\\\/product\\\/mini-curso-de-organizacion-para-emprendedoras-metodo-tetris\\\/\"]}]},{\"@type\":\"ImageObject\",\"inLanguage\":\"es-AR\",\"@id\":\"https:\\\/\\\/emprenderenfiestas.com\\\/index.php\\\/product\\\/mini-curso-de-organizacion-para-emprendedoras-metodo-tetris\\\/#primaryimage\",\"url\":\"https:\\\/\\\/i0.wp.com\\\/emprenderenfiestas.com\\\/wp-content\\\/uploads\\\/2023\\\/08\\\/Copia-de-PORTADAS-DE-PRODUCTOS.jpg?fit=1080%2C1080&ssl=1\",\"contentUrl\":\"https:\\\/\\\/i0.wp.com\\\/emprenderenfiestas.com\\\/wp-content\\\/uploads\\\/2023\\\/08\\\/Copia-de-PORTADAS-DE-PRODUCTOS.jpg?fit=1080%2C1080&ssl=1\",\"width\":1080,\"height\":1080},{\"@type\":\"BreadcrumbList\",\"@id\":\"https:\\\/\\\/emprenderenfiestas.com\\\/index.php\\\/product\\\/mini-curso-de-organizacion-para-emprendedoras-metodo-tetris\\\/#breadcrumb\",\"itemListElement\":[{\"@type\":\"ListItem\",\"position\":1,\"name\":\"Inicio\",\"item\":\"https:\\\/\\\/emprenderenfiestas.com\\\/\"},{\"@type\":\"ListItem\",\"position\":2,\"name\":\"Shop\",\"item\":\"https:\\\/\\\/emprenderenfiestas.com\\\/index.php\\\/shop\\\/\"},{\"@type\":\"ListItem\",\"position\":3,\"name\":\"Curso de Organizaci\u00f3n Emprendedora: Transform\u00e1 tu caos en claridad\"}]},{\"@type\":\"WebSite\",\"@id\":\"https:\\\/\\\/emprenderenfiestas.com\\\/#website\",\"url\":\"https:\\\/\\\/emprenderenfiestas.com\\\/\",\"name\":\"Emprender en Fiestas\",\"description\":\"Cursos para emprender en eventos\",\"publisher\":{\"@id\":\"https:\\\/\\\/emprenderenfiestas.com\\\/#\\\/schema\\\/person\\\/7ae3f63e8e0d298333f421659b10fec6\"},\"potentialAction\":[{\"@type\":\"SearchAction\",\"target\":{\"@type\":\"EntryPoint\",\"urlTemplate\":\"https:\\\/\\\/emprenderenfiestas.com\\\/?s={search_term_string}\"},\"query-input\":{\"@type\":\"PropertyValueSpecification\",\"valueRequired\":true,\"valueName\":\"search_term_string\"}}],\"inLanguage\":\"es-AR\"},{\"@type\":[\"Person\",\"Organization\"],\"@id\":\"https:\\\/\\\/emprenderenfiestas.com\\\/#\\\/schema\\\/person\\\/7ae3f63e8e0d298333f421659b10fec6\",\"name\":\"Daniela Dana\",\"image\":{\"@type\":\"ImageObject\",\"inLanguage\":\"es-AR\",\"@id\":\"https:\\\/\\\/i0.wp.com\\\/emprenderenfiestas.com\\\/wp-content\\\/uploads\\\/2023\\\/06\\\/Mesa-de-trabajo-3%402x-e1742245783883.png?fit=2400%2C928&ssl=1\",\"url\":\"https:\\\/\\\/i0.wp.com\\\/emprenderenfiestas.com\\\/wp-content\\\/uploads\\\/2023\\\/06\\\/Mesa-de-trabajo-3%402x-e1742245783883.png?fit=2400%2C928&ssl=1\",\"contentUrl\":\"https:\\\/\\\/i0.wp.com\\\/emprenderenfiestas.com\\\/wp-content\\\/uploads\\\/2023\\\/06\\\/Mesa-de-trabajo-3%402x-e1742245783883.png?fit=2400%2C928&ssl=1\",\"width\":2400,\"height\":928,\"caption\":\"Daniela Dana\"},\"logo\":{\"@id\":\"https:\\\/\\\/i0.wp.com\\\/emprenderenfiestas.com\\\/wp-content\\\/uploads\\\/2023\\\/06\\\/Mesa-de-trabajo-3%402x-e1742245783883.png?fit=2400%2C928&ssl=1\"}}]}<\/script>\n<!-- \/ Yoast SEO plugin. -->","yoast_head_json":{"title":"Curso de Organizaci\u00f3n Emprendedora: Transform\u00e1 tu caos en claridad - emprenderenfiestas.com","description":"Un d\u00eda entend\u00ed que tengo ROLES que conviven en el mismo cuerpo y tienen las mismas horas por d\u00eda.Entonces? C\u00f3mo hago para que los roles convivan y sobrevivan?","robots":{"index":"index","follow":"follow","max-snippet":"max-snippet:-1","max-image-preview":"max-image-preview:large","max-video-preview":"max-video-preview:-1"},"canonical":"https:\/\/emprenderenfiestas.com\/index.php\/product\/mini-curso-de-organizacion-para-emprendedoras-metodo-tetris\/","og_locale":"es_ES","og_type":"article","og_title":"Curso de Organizaci\u00f3n Emprendedora: Transform\u00e1 tu caos en claridad - emprenderenfiestas.com","og_description":"Un d\u00eda entend\u00ed que tengo ROLES que conviven en el mismo cuerpo y tienen las mismas horas por d\u00eda.Entonces? C\u00f3mo hago para que los roles convivan y sobrevivan?","og_url":"https:\/\/emprenderenfiestas.com\/index.php\/product\/mini-curso-de-organizacion-para-emprendedoras-metodo-tetris\/","og_site_name":"emprenderenfiestas.com","article_modified_time":"2026-02-03T19:09:03+00:00","og_image":[{"width":1080,"height":1080,"url":"https:\/\/emprenderenfiestas.com\/wp-content\/uploads\/2023\/08\/Copia-de-PORTADAS-DE-PRODUCTOS.jpg","type":"image\/jpeg"}],"twitter_card":"summary_large_image","twitter_misc":{"Tiempo de lectura":"3 minutos"},"schema":{"@context":"https:\/\/schema.org","@graph":[{"@type":"WebPage","@id":"https:\/\/emprenderenfiestas.com\/index.php\/product\/mini-curso-de-organizacion-para-emprendedoras-metodo-tetris\/","url":"https:\/\/emprenderenfiestas.com\/index.php\/product\/mini-curso-de-organizacion-para-emprendedoras-metodo-tetris\/","name":"Curso de Organizaci\u00f3n Emprendedora: Transform\u00e1 tu caos en claridad - emprenderenfiestas.com","isPartOf":{"@id":"https:\/\/emprenderenfiestas.com\/#website"},"primaryImageOfPage":{"@id":"https:\/\/emprenderenfiestas.com\/index.php\/product\/mini-curso-de-organizacion-para-emprendedoras-metodo-tetris\/#primaryimage"},"image":{"@id":"https:\/\/emprenderenfiestas.com\/index.php\/product\/mini-curso-de-organizacion-para-emprendedoras-metodo-tetris\/#primaryimage"},"thumbnailUrl":"https:\/\/i0.wp.com\/emprenderenfiestas.com\/wp-content\/uploads\/2023\/08\/Copia-de-PORTADAS-DE-PRODUCTOS.jpg?fit=1080%2C1080&ssl=1","datePublished":"2022-12-06T16:53:44+00:00","dateModified":"2026-02-03T19:09:03+00:00","description":"Un d\u00eda entend\u00ed que tengo ROLES que conviven en el mismo cuerpo y tienen las mismas horas por d\u00eda.Entonces? C\u00f3mo hago para que los roles convivan y sobrevivan?","breadcrumb":{"@id":"https:\/\/emprenderenfiestas.com\/index.php\/product\/mini-curso-de-organizacion-para-emprendedoras-metodo-tetris\/#breadcrumb"},"inLanguage":"es-AR","potentialAction":[{"@type":"ReadAction","target":["https:\/\/emprenderenfiestas.com\/index.php\/product\/mini-curso-de-organizacion-para-emprendedoras-metodo-tetris\/"]}]},{"@type":"ImageObject","inLanguage":"es-AR","@id":"https:\/\/emprenderenfiestas.com\/index.php\/product\/mini-curso-de-organizacion-para-emprendedoras-metodo-tetris\/#primaryimage","url":"https:\/\/i0.wp.com\/emprenderenfiestas.com\/wp-content\/uploads\/2023\/08\/Copia-de-PORTADAS-DE-PRODUCTOS.jpg?fit=1080%2C1080&ssl=1","contentUrl":"https:\/\/i0.wp.com\/emprenderenfiestas.com\/wp-content\/uploads\/2023\/08\/Copia-de-PORTADAS-DE-PRODUCTOS.jpg?fit=1080%2C1080&ssl=1","width":1080,"height":1080},{"@type":"BreadcrumbList","@id":"https:\/\/emprenderenfiestas.com\/index.php\/product\/mini-curso-de-organizacion-para-emprendedoras-metodo-tetris\/#breadcrumb","itemListElement":[{"@type":"ListItem","position":1,"name":"Inicio","item":"https:\/\/emprenderenfiestas.com\/"},{"@type":"ListItem","position":2,"name":"Shop","item":"https:\/\/emprenderenfiestas.com\/index.php\/shop\/"},{"@type":"ListItem","position":3,"name":"Curso de Organizaci\u00f3n Emprendedora: Transform\u00e1 tu caos en claridad"}]},{"@type":"WebSite","@id":"https:\/\/emprenderenfiestas.com\/#website","url":"https:\/\/emprenderenfiestas.com\/","name":"Emprender en Fiestas","description":"Cursos para emprender en eventos","publisher":{"@id":"https:\/\/emprenderenfiestas.com\/#\/schema\/person\/7ae3f63e8e0d298333f421659b10fec6"},"potentialAction":[{"@type":"SearchAction","target":{"@type":"EntryPoint","urlTemplate":"https:\/\/emprenderenfiestas.com\/?s={search_term_string}"},"query-input":{"@type":"PropertyValueSpecification","valueRequired":true,"valueName":"search_term_string"}}],"inLanguage":"es-AR"},{"@type":["Person","Organization"],"@id":"https:\/\/emprenderenfiestas.com\/#\/schema\/person\/7ae3f63e8e0d298333f421659b10fec6","name":"Daniela Dana","image":{"@type":"ImageObject","inLanguage":"es-AR","@id":"https:\/\/i0.wp.com\/emprenderenfiestas.com\/wp-content\/uploads\/2023\/06\/Mesa-de-trabajo-3%402x-e1742245783883.png?fit=2400%2C928&ssl=1","url":"https:\/\/i0.wp.com\/emprenderenfiestas.com\/wp-content\/uploads\/2023\/06\/Mesa-de-trabajo-3%402x-e1742245783883.png?fit=2400%2C928&ssl=1","contentUrl":"https:\/\/i0.wp.com\/emprenderenfiestas.com\/wp-content\/uploads\/2023\/06\/Mesa-de-trabajo-3%402x-e1742245783883.png?fit=2400%2C928&ssl=1","width":2400,"height":928,"caption":"Daniela Dana"},"logo":{"@id":"https:\/\/i0.wp.com\/emprenderenfiestas.com\/wp-content\/uploads\/2023\/06\/Mesa-de-trabajo-3%402x-e1742245783883.png?fit=2400%2C928&ssl=1"}}]}},"jetpack_publicize_connections":[],"jetpack_sharing_enabled":true,"jetpack_likes_enabled":true,"jetpack-related-posts":[],"_links":{"self":[{"href":"https:\/\/emprenderenfiestas.com\/index.php\/wp-json\/wp\/v2\/product\/14577","targetHints":{"allow":["GET"]}}],"collection":[{"href":"https:\/\/emprenderenfiestas.com\/index.php\/wp-json\/wp\/v2\/product"}],"about":[{"href":"https:\/\/emprenderenfiestas.com\/index.php\/wp-json\/wp\/v2\/types\/product"}],"replies":[{"embeddable":true,"href":"https:\/\/emprenderenfiestas.com\/index.php\/wp-json\/wp\/v2\/comments?post=14577"}],"version-history":[{"count":26,"href":"https:\/\/emprenderenfiestas.com\/index.php\/wp-json\/wp\/v2\/product\/14577\/revisions"}],"predecessor-version":[{"id":32639,"href":"https:\/\/emprenderenfiestas.com\/index.php\/wp-json\/wp\/v2\/product\/14577\/revisions\/32639"}],"wp:featuredmedia":[{"embeddable":true,"href":"https:\/\/emprenderenfiestas.com\/index.php\/wp-json\/wp\/v2\/media\/32226"}],"wp:attachment":[{"href":"https:\/\/emprenderenfiestas.com\/index.php\/wp-json\/wp\/v2\/media?parent=14577"}],"wp:term":[{"taxonomy":"product_brand","embeddable":true,"href":"https:\/\/emprenderenfiestas.com\/index.php\/wp-json\/wp\/v2\/product_brand?post=14577"},{"taxonomy":"product_cat","embeddable":true,"href":"https:\/\/emprenderenfiestas.com\/index.php\/wp-json\/wp\/v2\/product_cat?post=14577"},{"taxonomy":"product_tag","embeddable":true,"href":"https:\/\/emprenderenfiestas.com\/index.php\/wp-json\/wp\/v2\/product_tag?post=14577"}],"curies":[{"name":"wp","href":"https:\/\/api.w.org\/{rel}","templated":true}]}}