{"id":1093,"date":"2021-01-06T01:32:09","date_gmt":"2021-01-06T04:32:09","guid":{"rendered":"https:\/\/emprenderenfiestas.com.ar\/?post_type=product&#038;p=1093"},"modified":"2025-10-28T16:50:49","modified_gmt":"2025-10-28T19:50:49","slug":"e-book-planificacion-estrategica-de-contenido-5-pasos-para-potenciar-tu-marca","status":"publish","type":"product","link":"https:\/\/emprenderenfiestas.com\/index.php\/product\/e-book-planificacion-estrategica-de-contenido-5-pasos-para-potenciar-tu-marca\/","title":{"rendered":"E Book &#8211; Planificaci\u00f3n Estrat\u00e9gica de contenido &#8211; 5 pasos para potenciar tu marca"},"content":{"rendered":"\t\t<div data-elementor-type=\"product-post\" data-elementor-id=\"1093\" class=\"elementor elementor-1093\" data-elementor-post-type=\"product\">\n\t\t\t\t\t\t<section class=\"elementor-section elementor-top-section elementor-element elementor-element-1d9eedc elementor-section-boxed elementor-section-height-default elementor-section-height-default\" data-id=\"1d9eedc\" data-element_type=\"section\" data-e-type=\"section\">\n\t\t\t\t\t\t<div class=\"elementor-container elementor-column-gap-default\">\n\t\t\t\t\t<div class=\"elementor-column elementor-col-100 elementor-top-column elementor-element elementor-element-18ee1c7\" data-id=\"18ee1c7\" data-element_type=\"column\" data-e-type=\"column\" data-settings=\"{&quot;background_background&quot;:&quot;classic&quot;}\">\n\t\t\t<div class=\"elementor-widget-wrap elementor-element-populated\">\n\t\t\t\t\t\t<section class=\"elementor-section elementor-inner-section elementor-element elementor-element-3c6ac27 elementor-section-boxed elementor-section-height-default elementor-section-height-default\" data-id=\"3c6ac27\" data-element_type=\"section\" data-e-type=\"section\">\n\t\t\t\t\t\t<div class=\"elementor-container elementor-column-gap-default\">\n\t\t\t\t\t<div class=\"elementor-column elementor-col-50 elementor-inner-column elementor-element elementor-element-b359ab2\" data-id=\"b359ab2\" data-element_type=\"column\" data-e-type=\"column\" data-settings=\"{&quot;background_background&quot;:&quot;classic&quot;}\">\n\t\t\t<div class=\"elementor-widget-wrap elementor-element-populated\">\n\t\t\t\t\t\t<div class=\"elementor-element elementor-element-28cc298 elementor-widget elementor-widget-text-editor\" data-id=\"28cc298\" data-element_type=\"widget\" data-e-type=\"widget\" data-widget_type=\"text-editor.default\">\n\t\t\t\t<div class=\"elementor-widget-container\">\n\t\t\t\t\t\t\t\t\t<h4><span id=\"Que_es_un_plan_estrategico_de_contenidos_y_su_importancia\">\u00bfQu\u00e9 es un plan estrat\u00e9gico de contenidos?<strong>\u00a0<\/strong><\/span><\/h4><p>Es un plan de actuaci\u00f3n que define claramente los objetivos que queremos perseguir y conseguir en las redes sociales, y las acciones que vamos a emplear (el paso a paso) para llegar a cumplirlos.<\/p><p>Diferente ser\u00e1 el camino, de acuerdo a los objetivos.<\/p><ul><li><strong>El incremento de notoriedad:<\/strong>\u00a0 que nuestra marca cada vez sea m\u00e1s conocida en las redes sociales.<\/li><li><strong>Fidelizaci\u00f3n de la marca:<\/strong> Generar confianza en la audiencia.<\/li><li><strong>La construcci\u00f3n de una comunidad:<\/strong> Ideal para quienes en el futuro desean ense\u00f1ar lo que saben.<\/li><li><strong>El crecimiento del engagement:<\/strong>\u00a0participaci\u00f3n del p\u00fablico con los contenidos que publicamos.<\/li><li><strong>La captaci\u00f3n de clientes potenciales: <\/strong>un poco lo que todas buscamos.<\/li><li><strong>El aumento del tr\u00e1fico a la web.<\/strong><\/li><li><strong>Alimentaci\u00f3n y crecimiento<\/strong> de la base de datos de mails.<\/li><\/ul><p>Una vez establecidos los objetivos, se proceder\u00e1 a la\u00a0<strong>creaci\u00f3n del calendario editorial<\/strong>. A trav\u00e9s de \u00e9l, tendremos claro qu\u00e9 es lo que se tiene que publicar, cu\u00e1ndo, en que formato y dem\u00e1s.<\/p>\t\t\t\t\t\t\t\t<\/div>\n\t\t\t\t<\/div>\n\t\t\t\t\t<\/div>\n\t\t<\/div>\n\t\t\t\t<div class=\"elementor-column elementor-col-50 elementor-inner-column elementor-element elementor-element-5f36b7a\" data-id=\"5f36b7a\" data-element_type=\"column\" data-e-type=\"column\" data-settings=\"{&quot;background_background&quot;:&quot;classic&quot;}\">\n\t\t\t<div class=\"elementor-widget-wrap elementor-element-populated\">\n\t\t\t\t\t\t<div class=\"elementor-element elementor-element-f2d74d0 elementor-widget elementor-widget-text-editor\" data-id=\"f2d74d0\" data-element_type=\"widget\" data-e-type=\"widget\" data-widget_type=\"text-editor.default\">\n\t\t\t\t<div class=\"elementor-widget-container\">\n\t\t\t\t\t\t\t\t\t<h2>Este Ebook es para vos si:<\/h2><ul><li>Te levant\u00e1s y publicas lo primero que se te ocurre.<\/li><li>Si est\u00e1s todo el d\u00eda para hacer un post porque no ten\u00e9s claro lo que necesitas transmitir.<\/li><li>Nunca te plateaste cuales son los objetivos de tus publcaciones.<\/li><li>No sab\u00e9s que hay diferentes tipos de contenidos que pueden atraer clientes potenciales, sin necesidad de que sea contenido de venta.<\/li><\/ul><h2>Si tu cuenta de instagram es un catalogo, este ebook es definitivamente para vos.<\/h2><p>Vas a recorrer todo el camino, desde conocer tu marca, determinar que necesita, categorizar, priorizar y planificar el contenido para tus publicaciones.<\/p><p>C\u00f3mo generar contenido aprovechando tu proceso productivo.\u00a0<\/p><h2>Elimin\u00e1 la ansiedad que te provoca el &#8220;no se que subir hoy&#8221;.<\/h2>\t\t\t\t\t\t\t\t<\/div>\n\t\t\t\t<\/div>\n\t\t\t\t\t<\/div>\n\t\t<\/div>\n\t\t\t\t\t<\/div>\n\t\t<\/section>\n\t\t\t\t\t<\/div>\n\t\t<\/div>\n\t\t\t\t\t<\/div>\n\t\t<\/section>\n\t\t\t\t<\/div>\n\t\t","protected":false},"excerpt":{"rendered":"<p>Aprend\u00e9 a planificar tu propia estrategia de comunicaci\u00f3n para redes sociales, sin depender de planners prearmados que despu\u00e9s no pod\u00e9s sostener en el tiempo.<\/p>\n","protected":false},"featured_media":33283,"comment_status":"open","ping_status":"closed","template":"","meta":{"site-sidebar-layout":"no-sidebar","site-content-layout":"plain-container","ast-site-content-layout":"normal-width-container","site-content-style":"unboxed","site-sidebar-style":"unboxed","ast-global-header-display":"","ast-banner-title-visibility":"","ast-main-header-display":"","ast-hfb-above-header-display":"","ast-hfb-below-header-display":"","ast-hfb-mobile-header-display":"","site-post-title":"disabled","ast-breadcrumbs-content":"","ast-featured-img":"disabled","footer-sml-layout":"","ast-disable-related-posts":"","theme-transparent-header-meta":"default","adv-header-id-meta":"","stick-header-meta":"","header-above-stick-meta":"","header-main-stick-meta":"","header-below-stick-meta":"","astra-migrate-meta-layouts":"set","ast-page-background-enabled":"default","ast-page-background-meta":{"desktop":{"background-color":"var(--ast-global-color-4)","background-image":"","background-repeat":"repeat","background-position":"center center","background-size":"auto","background-attachment":"scroll","background-type":"","background-media":"","overlay-type":"","overlay-color":"","overlay-opacity":"","overlay-gradient":""},"tablet":{"background-color":"","background-image":"","background-repeat":"repeat","background-position":"center center","background-size":"auto","background-attachment":"scroll","background-type":"","background-media":"","overlay-type":"","overlay-color":"","overlay-opacity":"","overlay-gradient":""},"mobile":{"background-color":"","background-image":"","background-repeat":"repeat","background-position":"center center","background-size":"auto","background-attachment":"scroll","background-type":"","background-media":"","overlay-type":"","overlay-color":"","overlay-opacity":"","overlay-gradient":""}},"ast-content-background-meta":{"desktop":{"background-color":"var(--ast-global-color-5)","background-image":"","background-repeat":"repeat","background-position":"center center","background-size":"auto","background-attachment":"scroll","background-type":"","background-media":"","overlay-type":"","overlay-color":"","overlay-opacity":"","overlay-gradient":""},"tablet":{"background-color":"var(--ast-global-color-5)","background-image":"","background-repeat":"repeat","background-position":"center center","background-size":"auto","background-attachment":"scroll","background-type":"","background-media":"","overlay-type":"","overlay-color":"","overlay-opacity":"","overlay-gradient":""},"mobile":{"background-color":"var(--ast-global-color-5)","background-image":"","background-repeat":"repeat","background-position":"center center","background-size":"auto","background-attachment":"scroll","background-type":"","background-media":"","overlay-type":"","overlay-color":"","overlay-opacity":"","overlay-gradient":""}},"jetpack_post_was_ever_published":false,"jetpack_publicize_message":"","jetpack_publicize_feature_enabled":true,"jetpack_social_post_already_shared":false,"jetpack_social_options":{"image_generator_settings":{"template":"highway","default_image_id":0,"font":"","enabled":false},"version":2}},"product_brand":[],"product_cat":[22,567,416,434,414,421,417,415],"product_tag":[496,332,378,377,495,497,50],"class_list":{"0":"post-1093","1":"product","2":"type-product","3":"status-publish","4":"has-post-thumbnail","6":"product_cat-e-books","7":"product_cat-marketing","8":"product_cat-modalidad","9":"product_cat-negocio","10":"product_cat-nivel","11":"product_cat-principiante","12":"product_cat-programa","13":"product_cat-tematica","14":"product_tag-contenido","15":"product_tag-emprender-en-eventos","16":"product_tag-emprender-en-fiestas","17":"product_tag-emprender-en-papeleria","18":"product_tag-estrategias","19":"product_tag-marca-personal","20":"product_tag-planificacion","21":"desktop-align-center","22":"tablet-align-left","23":"mobile-align-left","25":"first","26":"instock","27":"sale","28":"downloadable","29":"virtual","30":"purchasable","31":"product-type-simple"},"yoast_head":"<!-- This site is optimized with the Yoast SEO plugin v27.4 - https:\/\/yoast.com\/product\/yoast-seo-wordpress\/ -->\n<title>E Book - Planificaci\u00f3n Estrat\u00e9gica de contenido - 5 pasos para potenciar tu marca - emprenderenfiestas.com<\/title>\n<meta name=\"robots\" content=\"index, follow, max-snippet:-1, max-image-preview:large, max-video-preview:-1\" \/>\n<link rel=\"canonical\" href=\"https:\/\/emprenderenfiestas.com\/index.php\/product\/e-book-planificacion-estrategica-de-contenido-5-pasos-para-potenciar-tu-marca\/\" \/>\n<meta property=\"og:locale\" content=\"es_ES\" \/>\n<meta property=\"og:type\" content=\"article\" \/>\n<meta property=\"og:title\" content=\"E Book - Planificaci\u00f3n Estrat\u00e9gica de contenido - 5 pasos para potenciar tu marca - emprenderenfiestas.com\" \/>\n<meta property=\"og:description\" content=\"Aprend\u00e9 a planificar tu propia estrategia de comunicaci\u00f3n para redes sociales, sin depender de planners prearmados que despu\u00e9s no pod\u00e9s sostener en el tiempo.\" \/>\n<meta property=\"og:url\" content=\"https:\/\/emprenderenfiestas.com\/index.php\/product\/e-book-planificacion-estrategica-de-contenido-5-pasos-para-potenciar-tu-marca\/\" \/>\n<meta property=\"og:site_name\" content=\"emprenderenfiestas.com\" \/>\n<meta property=\"article:modified_time\" content=\"2025-10-28T19:50:49+00:00\" \/>\n<meta property=\"og:image\" content=\"https:\/\/emprenderenfiestas.com\/wp-content\/uploads\/2025\/10\/2.png\" \/>\n\t<meta property=\"og:image:width\" content=\"1080\" \/>\n\t<meta property=\"og:image:height\" content=\"1080\" \/>\n\t<meta property=\"og:image:type\" content=\"image\/png\" \/>\n<meta name=\"twitter:card\" content=\"summary_large_image\" \/>\n<meta name=\"twitter:label1\" content=\"Tiempo de lectura\" \/>\n\t<meta name=\"twitter:data1\" content=\"2 minutos\" \/>\n<script type=\"application\/ld+json\" class=\"yoast-schema-graph\">{\"@context\":\"https:\\\/\\\/schema.org\",\"@graph\":[{\"@type\":\"WebPage\",\"@id\":\"https:\\\/\\\/emprenderenfiestas.com\\\/index.php\\\/product\\\/e-book-planificacion-estrategica-de-contenido-5-pasos-para-potenciar-tu-marca\\\/\",\"url\":\"https:\\\/\\\/emprenderenfiestas.com\\\/index.php\\\/product\\\/e-book-planificacion-estrategica-de-contenido-5-pasos-para-potenciar-tu-marca\\\/\",\"name\":\"E Book - Planificaci\u00f3n Estrat\u00e9gica de contenido - 5 pasos para potenciar tu marca - emprenderenfiestas.com\",\"isPartOf\":{\"@id\":\"https:\\\/\\\/emprenderenfiestas.com\\\/#website\"},\"primaryImageOfPage\":{\"@id\":\"https:\\\/\\\/emprenderenfiestas.com\\\/index.php\\\/product\\\/e-book-planificacion-estrategica-de-contenido-5-pasos-para-potenciar-tu-marca\\\/#primaryimage\"},\"image\":{\"@id\":\"https:\\\/\\\/emprenderenfiestas.com\\\/index.php\\\/product\\\/e-book-planificacion-estrategica-de-contenido-5-pasos-para-potenciar-tu-marca\\\/#primaryimage\"},\"thumbnailUrl\":\"https:\\\/\\\/i0.wp.com\\\/emprenderenfiestas.com\\\/wp-content\\\/uploads\\\/2025\\\/10\\\/2.png?fit=1080%2C1080&ssl=1\",\"datePublished\":\"2021-01-06T04:32:09+00:00\",\"dateModified\":\"2025-10-28T19:50:49+00:00\",\"breadcrumb\":{\"@id\":\"https:\\\/\\\/emprenderenfiestas.com\\\/index.php\\\/product\\\/e-book-planificacion-estrategica-de-contenido-5-pasos-para-potenciar-tu-marca\\\/#breadcrumb\"},\"inLanguage\":\"es-AR\",\"potentialAction\":[{\"@type\":\"ReadAction\",\"target\":[\"https:\\\/\\\/emprenderenfiestas.com\\\/index.php\\\/product\\\/e-book-planificacion-estrategica-de-contenido-5-pasos-para-potenciar-tu-marca\\\/\"]}]},{\"@type\":\"ImageObject\",\"inLanguage\":\"es-AR\",\"@id\":\"https:\\\/\\\/emprenderenfiestas.com\\\/index.php\\\/product\\\/e-book-planificacion-estrategica-de-contenido-5-pasos-para-potenciar-tu-marca\\\/#primaryimage\",\"url\":\"https:\\\/\\\/i0.wp.com\\\/emprenderenfiestas.com\\\/wp-content\\\/uploads\\\/2025\\\/10\\\/2.png?fit=1080%2C1080&ssl=1\",\"contentUrl\":\"https:\\\/\\\/i0.wp.com\\\/emprenderenfiestas.com\\\/wp-content\\\/uploads\\\/2025\\\/10\\\/2.png?fit=1080%2C1080&ssl=1\",\"width\":1080,\"height\":1080},{\"@type\":\"BreadcrumbList\",\"@id\":\"https:\\\/\\\/emprenderenfiestas.com\\\/index.php\\\/product\\\/e-book-planificacion-estrategica-de-contenido-5-pasos-para-potenciar-tu-marca\\\/#breadcrumb\",\"itemListElement\":[{\"@type\":\"ListItem\",\"position\":1,\"name\":\"Inicio\",\"item\":\"https:\\\/\\\/emprenderenfiestas.com\\\/\"},{\"@type\":\"ListItem\",\"position\":2,\"name\":\"Shop\",\"item\":\"https:\\\/\\\/emprenderenfiestas.com\\\/index.php\\\/shop\\\/\"},{\"@type\":\"ListItem\",\"position\":3,\"name\":\"E Book &#8211; Planificaci\u00f3n Estrat\u00e9gica de contenido &#8211; 5 pasos para potenciar tu marca\"}]},{\"@type\":\"WebSite\",\"@id\":\"https:\\\/\\\/emprenderenfiestas.com\\\/#website\",\"url\":\"https:\\\/\\\/emprenderenfiestas.com\\\/\",\"name\":\"Emprender en Fiestas\",\"description\":\"Cursos para emprender en eventos\",\"publisher\":{\"@id\":\"https:\\\/\\\/emprenderenfiestas.com\\\/#\\\/schema\\\/person\\\/7ae3f63e8e0d298333f421659b10fec6\"},\"potentialAction\":[{\"@type\":\"SearchAction\",\"target\":{\"@type\":\"EntryPoint\",\"urlTemplate\":\"https:\\\/\\\/emprenderenfiestas.com\\\/?s={search_term_string}\"},\"query-input\":{\"@type\":\"PropertyValueSpecification\",\"valueRequired\":true,\"valueName\":\"search_term_string\"}}],\"inLanguage\":\"es-AR\"},{\"@type\":[\"Person\",\"Organization\"],\"@id\":\"https:\\\/\\\/emprenderenfiestas.com\\\/#\\\/schema\\\/person\\\/7ae3f63e8e0d298333f421659b10fec6\",\"name\":\"Daniela Dana\",\"image\":{\"@type\":\"ImageObject\",\"inLanguage\":\"es-AR\",\"@id\":\"https:\\\/\\\/i0.wp.com\\\/emprenderenfiestas.com\\\/wp-content\\\/uploads\\\/2023\\\/06\\\/Mesa-de-trabajo-3%402x-e1742245783883.png?fit=2400%2C928&ssl=1\",\"url\":\"https:\\\/\\\/i0.wp.com\\\/emprenderenfiestas.com\\\/wp-content\\\/uploads\\\/2023\\\/06\\\/Mesa-de-trabajo-3%402x-e1742245783883.png?fit=2400%2C928&ssl=1\",\"contentUrl\":\"https:\\\/\\\/i0.wp.com\\\/emprenderenfiestas.com\\\/wp-content\\\/uploads\\\/2023\\\/06\\\/Mesa-de-trabajo-3%402x-e1742245783883.png?fit=2400%2C928&ssl=1\",\"width\":2400,\"height\":928,\"caption\":\"Daniela Dana\"},\"logo\":{\"@id\":\"https:\\\/\\\/i0.wp.com\\\/emprenderenfiestas.com\\\/wp-content\\\/uploads\\\/2023\\\/06\\\/Mesa-de-trabajo-3%402x-e1742245783883.png?fit=2400%2C928&ssl=1\"}}]}<\/script>\n<!-- \/ Yoast SEO plugin. -->","yoast_head_json":{"title":"E Book - Planificaci\u00f3n Estrat\u00e9gica de contenido - 5 pasos para potenciar tu marca - emprenderenfiestas.com","robots":{"index":"index","follow":"follow","max-snippet":"max-snippet:-1","max-image-preview":"max-image-preview:large","max-video-preview":"max-video-preview:-1"},"canonical":"https:\/\/emprenderenfiestas.com\/index.php\/product\/e-book-planificacion-estrategica-de-contenido-5-pasos-para-potenciar-tu-marca\/","og_locale":"es_ES","og_type":"article","og_title":"E Book - Planificaci\u00f3n Estrat\u00e9gica de contenido - 5 pasos para potenciar tu marca - emprenderenfiestas.com","og_description":"Aprend\u00e9 a planificar tu propia estrategia de comunicaci\u00f3n para redes sociales, sin depender de planners prearmados que despu\u00e9s no pod\u00e9s sostener en el tiempo.","og_url":"https:\/\/emprenderenfiestas.com\/index.php\/product\/e-book-planificacion-estrategica-de-contenido-5-pasos-para-potenciar-tu-marca\/","og_site_name":"emprenderenfiestas.com","article_modified_time":"2025-10-28T19:50:49+00:00","og_image":[{"width":1080,"height":1080,"url":"https:\/\/emprenderenfiestas.com\/wp-content\/uploads\/2025\/10\/2.png","type":"image\/png"}],"twitter_card":"summary_large_image","twitter_misc":{"Tiempo de lectura":"2 minutos"},"schema":{"@context":"https:\/\/schema.org","@graph":[{"@type":"WebPage","@id":"https:\/\/emprenderenfiestas.com\/index.php\/product\/e-book-planificacion-estrategica-de-contenido-5-pasos-para-potenciar-tu-marca\/","url":"https:\/\/emprenderenfiestas.com\/index.php\/product\/e-book-planificacion-estrategica-de-contenido-5-pasos-para-potenciar-tu-marca\/","name":"E Book - Planificaci\u00f3n Estrat\u00e9gica de contenido - 5 pasos para potenciar tu marca - emprenderenfiestas.com","isPartOf":{"@id":"https:\/\/emprenderenfiestas.com\/#website"},"primaryImageOfPage":{"@id":"https:\/\/emprenderenfiestas.com\/index.php\/product\/e-book-planificacion-estrategica-de-contenido-5-pasos-para-potenciar-tu-marca\/#primaryimage"},"image":{"@id":"https:\/\/emprenderenfiestas.com\/index.php\/product\/e-book-planificacion-estrategica-de-contenido-5-pasos-para-potenciar-tu-marca\/#primaryimage"},"thumbnailUrl":"https:\/\/i0.wp.com\/emprenderenfiestas.com\/wp-content\/uploads\/2025\/10\/2.png?fit=1080%2C1080&ssl=1","datePublished":"2021-01-06T04:32:09+00:00","dateModified":"2025-10-28T19:50:49+00:00","breadcrumb":{"@id":"https:\/\/emprenderenfiestas.com\/index.php\/product\/e-book-planificacion-estrategica-de-contenido-5-pasos-para-potenciar-tu-marca\/#breadcrumb"},"inLanguage":"es-AR","potentialAction":[{"@type":"ReadAction","target":["https:\/\/emprenderenfiestas.com\/index.php\/product\/e-book-planificacion-estrategica-de-contenido-5-pasos-para-potenciar-tu-marca\/"]}]},{"@type":"ImageObject","inLanguage":"es-AR","@id":"https:\/\/emprenderenfiestas.com\/index.php\/product\/e-book-planificacion-estrategica-de-contenido-5-pasos-para-potenciar-tu-marca\/#primaryimage","url":"https:\/\/i0.wp.com\/emprenderenfiestas.com\/wp-content\/uploads\/2025\/10\/2.png?fit=1080%2C1080&ssl=1","contentUrl":"https:\/\/i0.wp.com\/emprenderenfiestas.com\/wp-content\/uploads\/2025\/10\/2.png?fit=1080%2C1080&ssl=1","width":1080,"height":1080},{"@type":"BreadcrumbList","@id":"https:\/\/emprenderenfiestas.com\/index.php\/product\/e-book-planificacion-estrategica-de-contenido-5-pasos-para-potenciar-tu-marca\/#breadcrumb","itemListElement":[{"@type":"ListItem","position":1,"name":"Inicio","item":"https:\/\/emprenderenfiestas.com\/"},{"@type":"ListItem","position":2,"name":"Shop","item":"https:\/\/emprenderenfiestas.com\/index.php\/shop\/"},{"@type":"ListItem","position":3,"name":"E Book &#8211; Planificaci\u00f3n Estrat\u00e9gica de contenido &#8211; 5 pasos para potenciar tu marca"}]},{"@type":"WebSite","@id":"https:\/\/emprenderenfiestas.com\/#website","url":"https:\/\/emprenderenfiestas.com\/","name":"Emprender en Fiestas","description":"Cursos para emprender en eventos","publisher":{"@id":"https:\/\/emprenderenfiestas.com\/#\/schema\/person\/7ae3f63e8e0d298333f421659b10fec6"},"potentialAction":[{"@type":"SearchAction","target":{"@type":"EntryPoint","urlTemplate":"https:\/\/emprenderenfiestas.com\/?s={search_term_string}"},"query-input":{"@type":"PropertyValueSpecification","valueRequired":true,"valueName":"search_term_string"}}],"inLanguage":"es-AR"},{"@type":["Person","Organization"],"@id":"https:\/\/emprenderenfiestas.com\/#\/schema\/person\/7ae3f63e8e0d298333f421659b10fec6","name":"Daniela Dana","image":{"@type":"ImageObject","inLanguage":"es-AR","@id":"https:\/\/i0.wp.com\/emprenderenfiestas.com\/wp-content\/uploads\/2023\/06\/Mesa-de-trabajo-3%402x-e1742245783883.png?fit=2400%2C928&ssl=1","url":"https:\/\/i0.wp.com\/emprenderenfiestas.com\/wp-content\/uploads\/2023\/06\/Mesa-de-trabajo-3%402x-e1742245783883.png?fit=2400%2C928&ssl=1","contentUrl":"https:\/\/i0.wp.com\/emprenderenfiestas.com\/wp-content\/uploads\/2023\/06\/Mesa-de-trabajo-3%402x-e1742245783883.png?fit=2400%2C928&ssl=1","width":2400,"height":928,"caption":"Daniela Dana"},"logo":{"@id":"https:\/\/i0.wp.com\/emprenderenfiestas.com\/wp-content\/uploads\/2023\/06\/Mesa-de-trabajo-3%402x-e1742245783883.png?fit=2400%2C928&ssl=1"}}]}},"jetpack_publicize_connections":[],"jetpack_sharing_enabled":true,"jetpack_likes_enabled":true,"jetpack-related-posts":[],"_links":{"self":[{"href":"https:\/\/emprenderenfiestas.com\/index.php\/wp-json\/wp\/v2\/product\/1093","targetHints":{"allow":["GET"]}}],"collection":[{"href":"https:\/\/emprenderenfiestas.com\/index.php\/wp-json\/wp\/v2\/product"}],"about":[{"href":"https:\/\/emprenderenfiestas.com\/index.php\/wp-json\/wp\/v2\/types\/product"}],"replies":[{"embeddable":true,"href":"https:\/\/emprenderenfiestas.com\/index.php\/wp-json\/wp\/v2\/comments?post=1093"}],"version-history":[{"count":1,"href":"https:\/\/emprenderenfiestas.com\/index.php\/wp-json\/wp\/v2\/product\/1093\/revisions"}],"predecessor-version":[{"id":21952,"href":"https:\/\/emprenderenfiestas.com\/index.php\/wp-json\/wp\/v2\/product\/1093\/revisions\/21952"}],"wp:featuredmedia":[{"embeddable":true,"href":"https:\/\/emprenderenfiestas.com\/index.php\/wp-json\/wp\/v2\/media\/33283"}],"wp:attachment":[{"href":"https:\/\/emprenderenfiestas.com\/index.php\/wp-json\/wp\/v2\/media?parent=1093"}],"wp:term":[{"taxonomy":"product_brand","embeddable":true,"href":"https:\/\/emprenderenfiestas.com\/index.php\/wp-json\/wp\/v2\/product_brand?post=1093"},{"taxonomy":"product_cat","embeddable":true,"href":"https:\/\/emprenderenfiestas.com\/index.php\/wp-json\/wp\/v2\/product_cat?post=1093"},{"taxonomy":"product_tag","embeddable":true,"href":"https:\/\/emprenderenfiestas.com\/index.php\/wp-json\/wp\/v2\/product_tag?post=1093"}],"curies":[{"name":"wp","href":"https:\/\/api.w.org\/{rel}","templated":true}]}}