{"id":1091,"date":"2021-01-06T01:29:46","date_gmt":"2021-01-06T04:29:46","guid":{"rendered":"https:\/\/emprenderenfiestas.com.ar\/?post_type=product&#038;p=1091"},"modified":"2025-10-28T16:48:16","modified_gmt":"2025-10-28T19:48:16","slug":"e-book-branding","status":"publish","type":"product","link":"https:\/\/emprenderenfiestas.com\/index.php\/product\/e-book-branding\/","title":{"rendered":"E Book &#8211; Branding &#8211; Cre\u00e1 tu Imagen de Marca y aplicala en redes sociales"},"content":{"rendered":"\t\t<div data-elementor-type=\"product-post\" data-elementor-id=\"1091\" class=\"elementor elementor-1091\" data-elementor-post-type=\"product\">\n\t\t\t\t\t\t<section class=\"elementor-section elementor-top-section elementor-element elementor-element-d33614b elementor-section-boxed elementor-section-height-default elementor-section-height-default\" data-id=\"d33614b\" data-element_type=\"section\" data-e-type=\"section\">\n\t\t\t\t\t\t<div class=\"elementor-container elementor-column-gap-default\">\n\t\t\t\t\t<div class=\"elementor-column elementor-col-100 elementor-top-column elementor-element elementor-element-9f57bf6\" data-id=\"9f57bf6\" data-element_type=\"column\" data-e-type=\"column\">\n\t\t\t<div class=\"elementor-widget-wrap elementor-element-populated\">\n\t\t\t\t\t\t<section class=\"elementor-section elementor-inner-section elementor-element elementor-element-3b7558e elementor-section-boxed elementor-section-height-default elementor-section-height-default\" data-id=\"3b7558e\" data-element_type=\"section\" data-e-type=\"section\">\n\t\t\t\t\t\t<div class=\"elementor-container elementor-column-gap-default\">\n\t\t\t\t\t<div class=\"elementor-column elementor-col-50 elementor-inner-column elementor-element elementor-element-f8d326b\" data-id=\"f8d326b\" data-element_type=\"column\" data-e-type=\"column\" data-settings=\"{&quot;background_background&quot;:&quot;classic&quot;}\">\n\t\t\t<div class=\"elementor-widget-wrap elementor-element-populated\">\n\t\t\t\t\t\t<div class=\"elementor-element elementor-element-7cba9d4 elementor-widget elementor-widget-text-editor\" data-id=\"7cba9d4\" data-element_type=\"widget\" data-e-type=\"widget\" data-widget_type=\"text-editor.default\">\n\t\t\t\t<div class=\"elementor-widget-container\">\n\t\t\t\t\t\t\t\t\t<h2>\u00bfQu\u00e9 es el Branding?<\/h2><p class=\"_04xlpA direction-ltr align-center para-style-body\"><span class=\"JsGRdQ\">El Branding\u00a0<\/span><span class=\"JsGRdQ\">es el proceso mediante el cual\u00a0<\/span><span class=\"JsGRdQ\">se <strong>construye una marca<\/strong>, comprendiendo a \u00e9ste, como el desarrollo y mantenimiento\u00a0<\/span><span class=\"JsGRdQ\">de un conjunto de atributos y valores que identifican a la marca y por la que \u00e9sta\u00a0<\/span><span class=\"JsGRdQ\">ser\u00e1 identificada\u00a0<\/span><span class=\"JsGRdQ\">por su p\u00fablico.<\/span><\/p><p class=\"_04xlpA direction-ltr align-start para-style-body\"><span class=\"JsGRdQ\">Mientras la <\/span><strong><span class=\"JsGRdQ\">Identidad de Marca<\/span><\/strong><span class=\"JsGRdQ\"> es algo as\u00ed como la <\/span><span class=\"JsGRdQ\">personalidad de la marca<\/span><span class=\"JsGRdQ\">, c\u00f3mo quiere ser percibida por los de afuera, determina el funcionamiento general, estrategias y valores&#8230;<\/span><\/p><p class=\"_04xlpA direction-ltr align-start para-style-body\"><strong><span class=\"JsGRdQ\">La <\/span><span class=\"JsGRdQ\">Identidad Visual<\/span><\/strong><span class=\"JsGRdQ\">, es la que se ocupa de mostrar todo esto \u00faltimo, de manera <\/span><span class=\"JsGRdQ\">tangible<\/span><span class=\"JsGRdQ\">.<\/span><\/p><p class=\"_04xlpA direction-ltr align-start para-style-body\"><strong><span class=\"JsGRdQ\">Es la encargada de proyectar <\/span><span class=\"JsGRdQ\">coherencia, consistencia y diferenciaci\u00f3n.<\/span><\/strong><\/p>\t\t\t\t\t\t\t\t<\/div>\n\t\t\t\t<\/div>\n\t\t\t\t\t<\/div>\n\t\t<\/div>\n\t\t\t\t<div class=\"elementor-column elementor-col-50 elementor-inner-column elementor-element elementor-element-2fd1d3d\" data-id=\"2fd1d3d\" data-element_type=\"column\" data-e-type=\"column\" data-settings=\"{&quot;background_background&quot;:&quot;classic&quot;}\">\n\t\t\t<div class=\"elementor-widget-wrap elementor-element-populated\">\n\t\t\t\t\t\t<div class=\"elementor-element elementor-element-4fcaf4b elementor-widget elementor-widget-text-editor\" data-id=\"4fcaf4b\" data-element_type=\"widget\" data-e-type=\"widget\" data-widget_type=\"text-editor.default\">\n\t\t\t\t<div class=\"elementor-widget-container\">\n\t\t\t\t\t\t\t\t\t<h2>Este ebook es para vos si:<\/h2><p>\u00bfTe preguntan siempre lo mismo pero no concretan la compra?<br \/>\u00bfTu trabajo es hermoso pero te cuesta darte a conocer?<br \/>Necesit\u00e1s que tu p\u00fablico te tome en serio. Y la \u00fanica forma de lograrlo es con una imagen profesional.<br \/>Una imagen que te represente a vos, tus valores y te destaque. Transmitirle a las personas c\u00f3mo se van a sentir con tu producto o servicio. Por que en realidad no vendemos cosas materiales, sino sentimientos.<\/p><p>\u00a0<\/p><h2>Este ebook pertenece al <a href=\"https:\/\/emprenderenfiestas.com.ar\/producto\/curso-de-branding-para-emprender-en-fiestas\/\">Curso de Branding<\/a>.<\/h2>\t\t\t\t\t\t\t\t<\/div>\n\t\t\t\t<\/div>\n\t\t\t\t\t<\/div>\n\t\t<\/div>\n\t\t\t\t\t<\/div>\n\t\t<\/section>\n\t\t\t\t\t<\/div>\n\t\t<\/div>\n\t\t\t\t\t<\/div>\n\t\t<\/section>\n\t\t\t\t<\/div>\n\t\t","protected":false},"excerpt":{"rendered":"<p>&nbsp;<\/p>\n<p>Diferenciate de tu competencia. Aprend\u00e9 a crear tu propia imagen de marca, para no seguir siendo una m\u00e1s del mont\u00f3n.<\/p>\n","protected":false},"featured_media":33280,"comment_status":"open","ping_status":"closed","template":"","meta":{"site-sidebar-layout":"no-sidebar","site-content-layout":"plain-container","ast-site-content-layout":"normal-width-container","site-content-style":"unboxed","site-sidebar-style":"unboxed","ast-global-header-display":"","ast-banner-title-visibility":"","ast-main-header-display":"","ast-hfb-above-header-display":"","ast-hfb-below-header-display":"","ast-hfb-mobile-header-display":"","site-post-title":"disabled","ast-breadcrumbs-content":"","ast-featured-img":"disabled","footer-sml-layout":"","ast-disable-related-posts":"","theme-transparent-header-meta":"default","adv-header-id-meta":"","stick-header-meta":"","header-above-stick-meta":"","header-main-stick-meta":"","header-below-stick-meta":"","astra-migrate-meta-layouts":"set","ast-page-background-enabled":"default","ast-page-background-meta":{"desktop":{"background-color":"var(--ast-global-color-4)","background-image":"","background-repeat":"repeat","background-position":"center center","background-size":"auto","background-attachment":"scroll","background-type":"","background-media":"","overlay-type":"","overlay-color":"","overlay-opacity":"","overlay-gradient":""},"tablet":{"background-color":"","background-image":"","background-repeat":"repeat","background-position":"center center","background-size":"auto","background-attachment":"scroll","background-type":"","background-media":"","overlay-type":"","overlay-color":"","overlay-opacity":"","overlay-gradient":""},"mobile":{"background-color":"","background-image":"","background-repeat":"repeat","background-position":"center center","background-size":"auto","background-attachment":"scroll","background-type":"","background-media":"","overlay-type":"","overlay-color":"","overlay-opacity":"","overlay-gradient":""}},"ast-content-background-meta":{"desktop":{"background-color":"var(--ast-global-color-5)","background-image":"","background-repeat":"repeat","background-position":"center center","background-size":"auto","background-attachment":"scroll","background-type":"","background-media":"","overlay-type":"","overlay-color":"","overlay-opacity":"","overlay-gradient":""},"tablet":{"background-color":"var(--ast-global-color-5)","background-image":"","background-repeat":"repeat","background-position":"center center","background-size":"auto","background-attachment":"scroll","background-type":"","background-media":"","overlay-type":"","overlay-color":"","overlay-opacity":"","overlay-gradient":""},"mobile":{"background-color":"var(--ast-global-color-5)","background-image":"","background-repeat":"repeat","background-position":"center center","background-size":"auto","background-attachment":"scroll","background-type":"","background-media":"","overlay-type":"","overlay-color":"","overlay-opacity":"","overlay-gradient":""}},"jetpack_post_was_ever_published":false,"jetpack_publicize_message":"","jetpack_publicize_feature_enabled":true,"jetpack_social_post_already_shared":false,"jetpack_social_options":{"image_generator_settings":{"template":"highway","default_image_id":0,"font":"","enabled":false},"version":2}},"product_brand":[],"product_cat":[22,567,416,434,414,421,417,415],"product_tag":[499,332,378,498],"class_list":{"0":"post-1091","1":"product","2":"type-product","3":"status-publish","4":"has-post-thumbnail","6":"product_cat-e-books","7":"product_cat-marketing","8":"product_cat-modalidad","9":"product_cat-negocio","10":"product_cat-nivel","11":"product_cat-principiante","12":"product_cat-programa","13":"product_cat-tematica","14":"product_tag-branding","15":"product_tag-emprender-en-eventos","16":"product_tag-emprender-en-fiestas","17":"product_tag-imagen-de-marca","18":"desktop-align-center","19":"tablet-align-left","20":"mobile-align-left","22":"first","23":"instock","24":"sale","25":"downloadable","26":"virtual","27":"purchasable","28":"product-type-simple"},"yoast_head":"<!-- This site is optimized with the Yoast SEO plugin v27.4 - https:\/\/yoast.com\/product\/yoast-seo-wordpress\/ -->\n<title>E Book - Branding - Cre\u00e1 tu Imagen de Marca y aplicala en redes sociales - emprenderenfiestas.com<\/title>\n<meta name=\"robots\" content=\"index, follow, max-snippet:-1, max-image-preview:large, max-video-preview:-1\" \/>\n<link rel=\"canonical\" href=\"https:\/\/emprenderenfiestas.com\/index.php\/product\/e-book-branding\/\" \/>\n<meta property=\"og:locale\" content=\"es_ES\" \/>\n<meta property=\"og:type\" content=\"article\" \/>\n<meta property=\"og:title\" content=\"E Book - Branding - Cre\u00e1 tu Imagen de Marca y aplicala en redes sociales - emprenderenfiestas.com\" \/>\n<meta property=\"og:description\" content=\"&nbsp;  Diferenciate de tu competencia. Aprend\u00e9 a crear tu propia imagen de marca, para no seguir siendo una m\u00e1s del mont\u00f3n.\" \/>\n<meta property=\"og:url\" content=\"https:\/\/emprenderenfiestas.com\/index.php\/product\/e-book-branding\/\" \/>\n<meta property=\"og:site_name\" content=\"emprenderenfiestas.com\" \/>\n<meta property=\"article:modified_time\" content=\"2025-10-28T19:48:16+00:00\" \/>\n<meta property=\"og:image\" content=\"https:\/\/emprenderenfiestas.com\/wp-content\/uploads\/2025\/10\/3.png\" \/>\n\t<meta property=\"og:image:width\" content=\"1080\" \/>\n\t<meta property=\"og:image:height\" content=\"1080\" \/>\n\t<meta property=\"og:image:type\" content=\"image\/png\" \/>\n<meta name=\"twitter:card\" content=\"summary_large_image\" \/>\n<meta name=\"twitter:label1\" content=\"Tiempo de lectura\" \/>\n\t<meta name=\"twitter:data1\" content=\"2 minutos\" \/>\n<script type=\"application\/ld+json\" class=\"yoast-schema-graph\">{\"@context\":\"https:\\\/\\\/schema.org\",\"@graph\":[{\"@type\":\"WebPage\",\"@id\":\"https:\\\/\\\/emprenderenfiestas.com\\\/index.php\\\/product\\\/e-book-branding\\\/\",\"url\":\"https:\\\/\\\/emprenderenfiestas.com\\\/index.php\\\/product\\\/e-book-branding\\\/\",\"name\":\"E Book - Branding - Cre\u00e1 tu Imagen de Marca y aplicala en redes sociales - emprenderenfiestas.com\",\"isPartOf\":{\"@id\":\"https:\\\/\\\/emprenderenfiestas.com\\\/#website\"},\"primaryImageOfPage\":{\"@id\":\"https:\\\/\\\/emprenderenfiestas.com\\\/index.php\\\/product\\\/e-book-branding\\\/#primaryimage\"},\"image\":{\"@id\":\"https:\\\/\\\/emprenderenfiestas.com\\\/index.php\\\/product\\\/e-book-branding\\\/#primaryimage\"},\"thumbnailUrl\":\"https:\\\/\\\/i0.wp.com\\\/emprenderenfiestas.com\\\/wp-content\\\/uploads\\\/2025\\\/10\\\/3.png?fit=1080%2C1080&ssl=1\",\"datePublished\":\"2021-01-06T04:29:46+00:00\",\"dateModified\":\"2025-10-28T19:48:16+00:00\",\"breadcrumb\":{\"@id\":\"https:\\\/\\\/emprenderenfiestas.com\\\/index.php\\\/product\\\/e-book-branding\\\/#breadcrumb\"},\"inLanguage\":\"es-AR\",\"potentialAction\":[{\"@type\":\"ReadAction\",\"target\":[\"https:\\\/\\\/emprenderenfiestas.com\\\/index.php\\\/product\\\/e-book-branding\\\/\"]}]},{\"@type\":\"ImageObject\",\"inLanguage\":\"es-AR\",\"@id\":\"https:\\\/\\\/emprenderenfiestas.com\\\/index.php\\\/product\\\/e-book-branding\\\/#primaryimage\",\"url\":\"https:\\\/\\\/i0.wp.com\\\/emprenderenfiestas.com\\\/wp-content\\\/uploads\\\/2025\\\/10\\\/3.png?fit=1080%2C1080&ssl=1\",\"contentUrl\":\"https:\\\/\\\/i0.wp.com\\\/emprenderenfiestas.com\\\/wp-content\\\/uploads\\\/2025\\\/10\\\/3.png?fit=1080%2C1080&ssl=1\",\"width\":1080,\"height\":1080},{\"@type\":\"BreadcrumbList\",\"@id\":\"https:\\\/\\\/emprenderenfiestas.com\\\/index.php\\\/product\\\/e-book-branding\\\/#breadcrumb\",\"itemListElement\":[{\"@type\":\"ListItem\",\"position\":1,\"name\":\"Inicio\",\"item\":\"https:\\\/\\\/emprenderenfiestas.com\\\/\"},{\"@type\":\"ListItem\",\"position\":2,\"name\":\"Shop\",\"item\":\"https:\\\/\\\/emprenderenfiestas.com\\\/index.php\\\/shop\\\/\"},{\"@type\":\"ListItem\",\"position\":3,\"name\":\"E Book &#8211; Branding &#8211; Cre\u00e1 tu Imagen de Marca y aplicala en redes sociales\"}]},{\"@type\":\"WebSite\",\"@id\":\"https:\\\/\\\/emprenderenfiestas.com\\\/#website\",\"url\":\"https:\\\/\\\/emprenderenfiestas.com\\\/\",\"name\":\"Emprender en Fiestas\",\"description\":\"Cursos para emprender en eventos\",\"publisher\":{\"@id\":\"https:\\\/\\\/emprenderenfiestas.com\\\/#\\\/schema\\\/person\\\/7ae3f63e8e0d298333f421659b10fec6\"},\"potentialAction\":[{\"@type\":\"SearchAction\",\"target\":{\"@type\":\"EntryPoint\",\"urlTemplate\":\"https:\\\/\\\/emprenderenfiestas.com\\\/?s={search_term_string}\"},\"query-input\":{\"@type\":\"PropertyValueSpecification\",\"valueRequired\":true,\"valueName\":\"search_term_string\"}}],\"inLanguage\":\"es-AR\"},{\"@type\":[\"Person\",\"Organization\"],\"@id\":\"https:\\\/\\\/emprenderenfiestas.com\\\/#\\\/schema\\\/person\\\/7ae3f63e8e0d298333f421659b10fec6\",\"name\":\"Daniela Dana\",\"image\":{\"@type\":\"ImageObject\",\"inLanguage\":\"es-AR\",\"@id\":\"https:\\\/\\\/i0.wp.com\\\/emprenderenfiestas.com\\\/wp-content\\\/uploads\\\/2023\\\/06\\\/Mesa-de-trabajo-3%402x-e1742245783883.png?fit=2400%2C928&ssl=1\",\"url\":\"https:\\\/\\\/i0.wp.com\\\/emprenderenfiestas.com\\\/wp-content\\\/uploads\\\/2023\\\/06\\\/Mesa-de-trabajo-3%402x-e1742245783883.png?fit=2400%2C928&ssl=1\",\"contentUrl\":\"https:\\\/\\\/i0.wp.com\\\/emprenderenfiestas.com\\\/wp-content\\\/uploads\\\/2023\\\/06\\\/Mesa-de-trabajo-3%402x-e1742245783883.png?fit=2400%2C928&ssl=1\",\"width\":2400,\"height\":928,\"caption\":\"Daniela Dana\"},\"logo\":{\"@id\":\"https:\\\/\\\/i0.wp.com\\\/emprenderenfiestas.com\\\/wp-content\\\/uploads\\\/2023\\\/06\\\/Mesa-de-trabajo-3%402x-e1742245783883.png?fit=2400%2C928&ssl=1\"}}]}<\/script>\n<!-- \/ Yoast SEO plugin. -->","yoast_head_json":{"title":"E Book - Branding - Cre\u00e1 tu Imagen de Marca y aplicala en redes sociales - emprenderenfiestas.com","robots":{"index":"index","follow":"follow","max-snippet":"max-snippet:-1","max-image-preview":"max-image-preview:large","max-video-preview":"max-video-preview:-1"},"canonical":"https:\/\/emprenderenfiestas.com\/index.php\/product\/e-book-branding\/","og_locale":"es_ES","og_type":"article","og_title":"E Book - Branding - Cre\u00e1 tu Imagen de Marca y aplicala en redes sociales - emprenderenfiestas.com","og_description":"&nbsp;  Diferenciate de tu competencia. Aprend\u00e9 a crear tu propia imagen de marca, para no seguir siendo una m\u00e1s del mont\u00f3n.","og_url":"https:\/\/emprenderenfiestas.com\/index.php\/product\/e-book-branding\/","og_site_name":"emprenderenfiestas.com","article_modified_time":"2025-10-28T19:48:16+00:00","og_image":[{"width":1080,"height":1080,"url":"https:\/\/emprenderenfiestas.com\/wp-content\/uploads\/2025\/10\/3.png","type":"image\/png"}],"twitter_card":"summary_large_image","twitter_misc":{"Tiempo de lectura":"2 minutos"},"schema":{"@context":"https:\/\/schema.org","@graph":[{"@type":"WebPage","@id":"https:\/\/emprenderenfiestas.com\/index.php\/product\/e-book-branding\/","url":"https:\/\/emprenderenfiestas.com\/index.php\/product\/e-book-branding\/","name":"E Book - Branding - Cre\u00e1 tu Imagen de Marca y aplicala en redes sociales - emprenderenfiestas.com","isPartOf":{"@id":"https:\/\/emprenderenfiestas.com\/#website"},"primaryImageOfPage":{"@id":"https:\/\/emprenderenfiestas.com\/index.php\/product\/e-book-branding\/#primaryimage"},"image":{"@id":"https:\/\/emprenderenfiestas.com\/index.php\/product\/e-book-branding\/#primaryimage"},"thumbnailUrl":"https:\/\/i0.wp.com\/emprenderenfiestas.com\/wp-content\/uploads\/2025\/10\/3.png?fit=1080%2C1080&ssl=1","datePublished":"2021-01-06T04:29:46+00:00","dateModified":"2025-10-28T19:48:16+00:00","breadcrumb":{"@id":"https:\/\/emprenderenfiestas.com\/index.php\/product\/e-book-branding\/#breadcrumb"},"inLanguage":"es-AR","potentialAction":[{"@type":"ReadAction","target":["https:\/\/emprenderenfiestas.com\/index.php\/product\/e-book-branding\/"]}]},{"@type":"ImageObject","inLanguage":"es-AR","@id":"https:\/\/emprenderenfiestas.com\/index.php\/product\/e-book-branding\/#primaryimage","url":"https:\/\/i0.wp.com\/emprenderenfiestas.com\/wp-content\/uploads\/2025\/10\/3.png?fit=1080%2C1080&ssl=1","contentUrl":"https:\/\/i0.wp.com\/emprenderenfiestas.com\/wp-content\/uploads\/2025\/10\/3.png?fit=1080%2C1080&ssl=1","width":1080,"height":1080},{"@type":"BreadcrumbList","@id":"https:\/\/emprenderenfiestas.com\/index.php\/product\/e-book-branding\/#breadcrumb","itemListElement":[{"@type":"ListItem","position":1,"name":"Inicio","item":"https:\/\/emprenderenfiestas.com\/"},{"@type":"ListItem","position":2,"name":"Shop","item":"https:\/\/emprenderenfiestas.com\/index.php\/shop\/"},{"@type":"ListItem","position":3,"name":"E Book &#8211; Branding &#8211; Cre\u00e1 tu Imagen de Marca y aplicala en redes sociales"}]},{"@type":"WebSite","@id":"https:\/\/emprenderenfiestas.com\/#website","url":"https:\/\/emprenderenfiestas.com\/","name":"Emprender en Fiestas","description":"Cursos para emprender en eventos","publisher":{"@id":"https:\/\/emprenderenfiestas.com\/#\/schema\/person\/7ae3f63e8e0d298333f421659b10fec6"},"potentialAction":[{"@type":"SearchAction","target":{"@type":"EntryPoint","urlTemplate":"https:\/\/emprenderenfiestas.com\/?s={search_term_string}"},"query-input":{"@type":"PropertyValueSpecification","valueRequired":true,"valueName":"search_term_string"}}],"inLanguage":"es-AR"},{"@type":["Person","Organization"],"@id":"https:\/\/emprenderenfiestas.com\/#\/schema\/person\/7ae3f63e8e0d298333f421659b10fec6","name":"Daniela Dana","image":{"@type":"ImageObject","inLanguage":"es-AR","@id":"https:\/\/i0.wp.com\/emprenderenfiestas.com\/wp-content\/uploads\/2023\/06\/Mesa-de-trabajo-3%402x-e1742245783883.png?fit=2400%2C928&ssl=1","url":"https:\/\/i0.wp.com\/emprenderenfiestas.com\/wp-content\/uploads\/2023\/06\/Mesa-de-trabajo-3%402x-e1742245783883.png?fit=2400%2C928&ssl=1","contentUrl":"https:\/\/i0.wp.com\/emprenderenfiestas.com\/wp-content\/uploads\/2023\/06\/Mesa-de-trabajo-3%402x-e1742245783883.png?fit=2400%2C928&ssl=1","width":2400,"height":928,"caption":"Daniela Dana"},"logo":{"@id":"https:\/\/i0.wp.com\/emprenderenfiestas.com\/wp-content\/uploads\/2023\/06\/Mesa-de-trabajo-3%402x-e1742245783883.png?fit=2400%2C928&ssl=1"}}]}},"jetpack_publicize_connections":[],"jetpack_sharing_enabled":true,"jetpack_likes_enabled":true,"jetpack-related-posts":[],"_links":{"self":[{"href":"https:\/\/emprenderenfiestas.com\/index.php\/wp-json\/wp\/v2\/product\/1091","targetHints":{"allow":["GET"]}}],"collection":[{"href":"https:\/\/emprenderenfiestas.com\/index.php\/wp-json\/wp\/v2\/product"}],"about":[{"href":"https:\/\/emprenderenfiestas.com\/index.php\/wp-json\/wp\/v2\/types\/product"}],"replies":[{"embeddable":true,"href":"https:\/\/emprenderenfiestas.com\/index.php\/wp-json\/wp\/v2\/comments?post=1091"}],"version-history":[{"count":1,"href":"https:\/\/emprenderenfiestas.com\/index.php\/wp-json\/wp\/v2\/product\/1091\/revisions"}],"predecessor-version":[{"id":21953,"href":"https:\/\/emprenderenfiestas.com\/index.php\/wp-json\/wp\/v2\/product\/1091\/revisions\/21953"}],"wp:featuredmedia":[{"embeddable":true,"href":"https:\/\/emprenderenfiestas.com\/index.php\/wp-json\/wp\/v2\/media\/33280"}],"wp:attachment":[{"href":"https:\/\/emprenderenfiestas.com\/index.php\/wp-json\/wp\/v2\/media?parent=1091"}],"wp:term":[{"taxonomy":"product_brand","embeddable":true,"href":"https:\/\/emprenderenfiestas.com\/index.php\/wp-json\/wp\/v2\/product_brand?post=1091"},{"taxonomy":"product_cat","embeddable":true,"href":"https:\/\/emprenderenfiestas.com\/index.php\/wp-json\/wp\/v2\/product_cat?post=1091"},{"taxonomy":"product_tag","embeddable":true,"href":"https:\/\/emprenderenfiestas.com\/index.php\/wp-json\/wp\/v2\/product_tag?post=1091"}],"curies":[{"name":"wp","href":"https:\/\/api.w.org\/{rel}","templated":true}]}}